{"id":8006,"date":"2026-02-16T17:41:44","date_gmt":"2026-02-16T16:41:44","guid":{"rendered":"https:\/\/francemurder.com\/?post_type=product&#038;p=8006"},"modified":"2026-02-16T18:17:31","modified_gmt":"2026-02-16T17:17:31","slug":"le-samourai-vert","status":"publish","type":"product","link":"https:\/\/francemurder.com\/?product=le-samourai-vert","title":{"rendered":"Le Samoura\u00ef Vert"},"content":{"rendered":"<p>Murder Party pour 6-8 personnes (+1 Maitre du jeu)<\/p>\n<p><strong>Niveau<\/strong> : Initiation<\/p>\n<p><strong>Th\u00e8me<\/strong> : Meurtre \u00e0 Tokyo pendant un concours de Karaok\u00e9<\/p>\n<p class=\"cvGsUA direction-ltr align-center para-style-body\"><span class=\"a_GcMg font-feature-liga-off font-feature-clig-off font-feature-calt-off text-decoration-none text-strikethrough-none\">L\u2019action se passe \u00e0 Kabukicho, le quartier de la vie nocturne \u00e0 Tokyo.<br \/>\n<\/span><span class=\"a_GcMg font-feature-liga-off font-feature-clig-off font-feature-calt-off text-decoration-none text-strikethrough-none\">Un concours de chant dot\u00e9 d\u2019une prime de 10 Millions de Yens est sur le point de se d\u00e9rouler.<br \/>\n<\/span><span class=\"a_GcMg font-feature-liga-off font-feature-clig-off font-feature-calt-off text-decoration-none text-strikethrough-none\">Quelques spectateurs sont d\u00e9j\u00e0 r\u00e9unis dans la salle o\u00f9 va se d\u00e9rouler l\u2019\u00e9preuve,<br \/>\n<\/span><span class=\"a_GcMg font-feature-liga-off font-feature-clig-off font-feature-calt-off text-decoration-none text-strikethrough-none\">mais Kendo, le responsable des lieux, vient leur annoncer une mauvaise nouvelle :<br \/>\n<\/span><span class=\"a_GcMg font-feature-liga-off font-feature-clig-off font-feature-calt-off text-decoration-none text-strikethrough-none\">Une alerte cyclonique vient d\u2019\u00eatre d\u00e9clench\u00e9e et le spectacle n\u2019aura peut-\u00eatre pas lieu !<br \/>\n<\/span><span class=\"a_GcMg font-feature-liga-off font-feature-clig-off font-feature-calt-off text-decoration-none text-strikethrough-none\">Les finalistes et les membres du jury sont totalement d\u00e9sempar\u00e9s.<br \/>\n<\/span><span class=\"a_GcMg font-feature-liga-off font-feature-clig-off font-feature-calt-off text-decoration-none text-strikethrough-none\">Les portes de la salle sont verrouill\u00e9es par s\u00e9curit\u00e9 alors qu\u2019\u00e0 l\u2019ext\u00e9rieur le vent se d\u00e9cha\u00eene !<br \/>\n<\/span><span class=\"a_GcMg font-feature-liga-off font-feature-clig-off font-feature-calt-off text-decoration-none text-strikethrough-none\">Kendo, alias \u00ab Le Samoura\u00ef Vert \u00bb, se retire dans son bureau pour trouver une solution acceptable.<br \/>\n<\/span><span class=\"a_GcMg font-feature-liga-off font-feature-clig-off font-feature-calt-off text-decoration-none text-strikethrough-none\">Tout le monde esp\u00e8re qu\u2019il va revenir avec un plan B int\u00e9ressant,<br \/>\n<\/span><span class=\"a_GcMg font-feature-liga-off font-feature-clig-off font-feature-calt-off text-decoration-none text-strikethrough-none\">mais au lieu de \u00e7a \u2026<\/span><\/p>\n<p><span style=\"color: #ff0000;\"><strong>Version num\u00e9ris\u00e9e de 80 pages en couleur<\/strong><\/span><\/p>\n<p>Contenu de la box :<br \/>\n&#8211; Manuel de l&#8217;organisateur<br \/>\n&#8211; Livrets de personnage + badges<br \/>\n&#8211; Indices et affichages divers<\/p>\n<p><a href=\"https:\/\/francemurder.com\/?page_id=7931\">(voir la fiche compl\u00e8te du jeu)<\/a><\/p>\n","protected":false},"excerpt":{"rendered":"<p>Pour 6-8 personnes (+1 Maitre du jeu)<\/p>\n<p>Murder Party sp\u00e9cial \u00ab Initiation \u00bb<\/p>\n<p><span style=\"color: #ff0000;\"><strong>Version num\u00e9ris\u00e9e de 80 pages en couleur<\/strong><\/span><\/p>\n<p>Contenu de la box :<br \/>\n&#8211; Manuel de l&#8217;organisateur<br \/>\n&#8211; Livrets de personnage + badges<br \/>\n&#8211; Indices et affichages divers<\/p>\n<p>Age minimum recommand\u00e9 16 ans<\/p>\n<p>IMPORTANT : respectez la r\u00e9partition des joueurs<\/p>\n<p><img loading=\"lazy\" decoding=\"async\" class=\"wp-image-8009 alignnone\" src=\"https:\/\/francemurder.com\/wp-content\/uploads\/2026\/02\/LSV-Repartition-HF-1024x273.jpg\" alt=\"\" width=\"405\" height=\"108\" srcset=\"https:\/\/francemurder.com\/wp-content\/uploads\/2026\/02\/LSV-Repartition-HF-1024x273.jpg 1024w, https:\/\/francemurder.com\/wp-content\/uploads\/2026\/02\/LSV-Repartition-HF-300x80.jpg 300w, https:\/\/francemurder.com\/wp-content\/uploads\/2026\/02\/LSV-Repartition-HF-768x205.jpg 768w, https:\/\/francemurder.com\/wp-content\/uploads\/2026\/02\/LSV-Repartition-HF-600x160.jpg 600w, https:\/\/francemurder.com\/wp-content\/uploads\/2026\/02\/LSV-Repartition-HF.jpg 1060w\" sizes=\"auto, (max-width: 405px) 100vw, 405px\" \/><\/p>\n<p>&nbsp;<\/p>\n","protected":false},"featured_media":8007,"template":"","meta":{"_glsr_average":0,"_glsr_ranking":0,"_glsr_reviews":0},"product_brand":[],"product_cat":[32],"product_tag":[],"class_list":{"0":"post-8006","1":"product","2":"type-product","3":"status-publish","4":"has-post-thumbnail","6":"product_cat-special","8":"first","9":"instock","10":"downloadable","11":"virtual","12":"sold-individually","13":"purchasable","14":"product-type-simple"},"_links":{"self":[{"href":"https:\/\/francemurder.com\/index.php?rest_route=\/wp\/v2\/product\/8006","targetHints":{"allow":["GET"]}}],"collection":[{"href":"https:\/\/francemurder.com\/index.php?rest_route=\/wp\/v2\/product"}],"about":[{"href":"https:\/\/francemurder.com\/index.php?rest_route=\/wp\/v2\/types\/product"}],"wp:featuredmedia":[{"embeddable":true,"href":"https:\/\/francemurder.com\/index.php?rest_route=\/wp\/v2\/media\/8007"}],"wp:attachment":[{"href":"https:\/\/francemurder.com\/index.php?rest_route=%2Fwp%2Fv2%2Fmedia&parent=8006"}],"wp:term":[{"taxonomy":"product_brand","embeddable":true,"href":"https:\/\/francemurder.com\/index.php?rest_route=%2Fwp%2Fv2%2Fproduct_brand&post=8006"},{"taxonomy":"product_cat","embeddable":true,"href":"https:\/\/francemurder.com\/index.php?rest_route=%2Fwp%2Fv2%2Fproduct_cat&post=8006"},{"taxonomy":"product_tag","embeddable":true,"href":"https:\/\/francemurder.com\/index.php?rest_route=%2Fwp%2Fv2%2Fproduct_tag&post=8006"}],"curies":[{"name":"wp","href":"https:\/\/api.w.org\/{rel}","templated":true}]}}