{"id":8002,"date":"2026-02-16T15:21:06","date_gmt":"2026-02-16T14:21:06","guid":{"rendered":"https:\/\/francemurder.com\/?post_type=product&#038;p=8002"},"modified":"2026-03-29T12:05:54","modified_gmt":"2026-03-29T10:05:54","slug":"les-dieux-de-lolympe","status":"publish","type":"product","link":"https:\/\/francemurder.com\/?product=les-dieux-de-lolympe","title":{"rendered":"Les Dieux de l&#8217;Olympe"},"content":{"rendered":"<p>Murder Party pour 9-19 personnes (+1 ou 2 Maitre du jeu)<\/p>\n<p><strong>Th\u00e8me<\/strong> : Meurtre lors d&#8217;un banquet \u00e0 l&#8217;Olympe<\/p>\n<p class=\"western\" align=\"justify\"><span style=\"font-family: Trebuchet MS, sans-serif;\"><span style=\"font-size: medium;\">Nous sommes \u00e0 l\u2019aube d\u2019une \u00e8re nouvelle sur le Mont Olympe.<\/span><\/span><\/p>\n<p class=\"western\" align=\"justify\"><span style=\"font-family: Trebuchet MS, sans-serif;\"><span style=\"font-size: medium;\">Le Panth\u00e9on s\u2019est d\u00e9plac\u00e9 en nombre pour assister au banquet de c\u00e9l\u00e9bration des 12 Travaux d\u2019H\u00e9racl\u00e8s. Le puissant Zeus pr\u00e9side la table en compagnie de son \u00e9pouse H\u00e9ra. Souverain incontest\u00e9 des Cieux, il vient de d\u00e9frayer la chronique divine en annon\u00e7ant une r\u00e9forme brutale visant \u00e0 promouvoir son fils H\u00e9racl\u00e8s au rang de Dieu Majeur. Cette mesure s&#8217;accompagne d&#8217;une menace d&#8217;\u00e9viction imm\u00e9diate pour tout membre actuel du Conseil jug\u00e9 indigne ou s\u00e9ditieux au sortir des derniers si\u00e8cles de r\u00e8gne&#8230;<\/span><\/span><\/p>\n<p class=\"western\" align=\"justify\"><span style=\"font-family: Trebuchet MS, sans-serif;\"><span style=\"font-size: medium;\">Alors que les convives esp\u00e9raient s&#8217;enivrer de Nectar, cette d\u00e9claration, coupl\u00e9e aux ambitions de Pos\u00e9idon, aux tractations t\u00e9n\u00e9breuses d\u2019Had\u00e8s et aux intrigues amoureuses d&#8217;Aphrodite, a jet\u00e9 un grand froid. <\/span><\/span><\/p>\n<p class=\"western\" align=\"justify\"><span style=\"font-family: Trebuchet MS, sans-serif;\"><span style=\"font-size: medium;\">Pour noircir encore le tableau, un \u00e9v\u00e9nement inattendu a sem\u00e9 l\u2019effroi g\u00e9n\u00e9ral&#8230;<\/span><\/span><\/p>\n<p class=\"western\" align=\"justify\"><span style=\"font-family: Trebuchet MS, sans-serif;\"><span style=\"font-size: medium;\">H\u00e9racl\u00e8s vient de s\u2019effondrer apr\u00e8s avoir aval\u00e9 sa premi\u00e8re bouch\u00e9e d&#8217;Ambroisie\u00a0!<\/span><\/span><\/p>\n<p><strong>Objectif<\/strong> :<\/p>\n<p class=\"western\" align=\"justify\"><span style=\"font-family: Trebuchet MS, sans-serif;\"><span style=\"font-size: medium;\">A l\u2019aide d\u2019un livret de personnage, chaque joueur va interpr\u00e9ter le r\u00f4le d\u2019un des dieux de l\u2019Olympe.<\/span><\/span><\/p>\n<p class=\"western\" align=\"justify\"><span style=\"font-family: Trebuchet MS, sans-serif;\"><span style=\"font-size: medium;\">Chacun devra \u00eatre attentif pour retrouver la trace du meurtrier, mais devra aussi faire preuve de ruse et de diplomatie pour mener \u00e0 bien les autres missions qui lui seront confi\u00e9es. Alliances et trahisons seront sans doute au programme, de m\u00eame que l\u2019utilisation d\u2019objets habilement subtilis\u00e9s et de pouvoir sp\u00e9ciaux savamment calcul\u00e9s.<\/span><\/span><\/p>\n<p class=\"western\" align=\"justify\"><span style=\"font-family: Trebuchet MS, sans-serif;\"><span style=\"font-size: medium;\"><span style=\"color: #000000;\">La recherche de l\u2019assassin gardera toujours son importance mais <\/span><span style=\"color: #000000;\">chacun <\/span><span style=\"color: #000000;\">essayera aussi de r\u00e9soudre quelques <\/span><span style=\"color: #000000;\">probl\u00e9matiques<\/span><span style=\"color: #000000;\"> annexes<\/span><span style=\"color: #000000;\">\u00a0: <\/span><\/span><\/span><\/p>\n<p class=\"western\" align=\"left\"><span style=\"color: #000000;\"> <span style=\"font-family: Trebuchet MS, sans-serif;\"><span style=\"font-size: medium;\">&#8211; <\/span>Qui sera digne d\u2019une promotion divine\u00a0?<br \/>\n&#8211; R\u00e9soudrez-vous les 12 \u00e9nigmes relatives aux Travaux d\u2019H\u00e9racl\u00e8s\u00a0?<br \/>\n&#8211; Trouverez-vous un conjoint compatible avec votre Destin\u00e9e\u00a0?<br \/>\n&#8211; Et serez-vous capable de procr\u00e9er une nouvelle divinit\u00e9 avec lui\/elle\u00a0?<\/span><\/span><\/p>\n<p class=\"western\" align=\"left\"><span style=\"font-family: Trebuchet MS, sans-serif;\"><span style=\"font-size: medium;\">D\u00e9couvrez tout cela en jouant \u00e0 <u><b>Les <\/b><\/u><u><b>Dieux de l\u2019Olympe<\/b><\/u>\u00a0!<\/span><\/span><\/p>\n<p><strong>Dur\u00e9e<\/strong> :<\/p>\n<ul>\n<li>Briefing : 15-20 minutes<\/li>\n<li>Jeu pur : 1h15 \u00e0 1h45<\/li>\n<li>Conclusion : 15-20 minutes<\/li>\n<\/ul>\n<p><strong>Contexte<\/strong> :<\/p>\n<p>le jeu s&#8217;accompagne particuli\u00e8rement bien d&#8217;une d\u00e9gustation de vin ou d&#8217;un ap\u00e9ritif dinatoire<\/p>\n<p><strong>Dress-code<\/strong> :<\/p>\n<p>Ce jeu se d\u00e9roulant \u00e0 une \u00e9poque antique, un dress-code bas\u00e9 sur des toges et des tuniques serait appropri\u00e9 (mais facultatif)<\/p>\n<p><strong>Plus d&#8217;infos<\/strong> : <a href=\"https:\/\/francemurder.com\/?page_id=7996\">https:\/\/francemurder.com\/?page_id=7996<\/a><\/p>\n","protected":false},"excerpt":{"rendered":"<p>Pour 9-19 personnes (+1 ou 2 Maitre du jeu)<br \/>\n<strong>Niveau<\/strong> : Joueurs d\u00e9butants adultes<br \/>\n<strong>Version num\u00e9rique<\/strong> : pr\u00e9voir l&#8217;impression d&#8217;une centaine de pages<br \/>\n<strong>Taille du fichier : <\/strong>env 35 Mo<br \/>\n<strong>Age minimum recommand\u00e9 : <\/strong>16 ans<br \/>\n<strong>Configuration : <\/strong>R\u00e9partition hommes\/femmes<\/p>\n<p><img loading=\"lazy\" decoding=\"async\" class=\" wp-image-8004 alignleft\" src=\"https:\/\/francemurder.com\/wp-content\/uploads\/2026\/02\/LDO-Repartition-HF-1024x196.jpg\" alt=\"\" width=\"455\" height=\"87\" srcset=\"https:\/\/francemurder.com\/wp-content\/uploads\/2026\/02\/LDO-Repartition-HF-1024x196.jpg 1024w, https:\/\/francemurder.com\/wp-content\/uploads\/2026\/02\/LDO-Repartition-HF-300x57.jpg 300w, https:\/\/francemurder.com\/wp-content\/uploads\/2026\/02\/LDO-Repartition-HF-768x147.jpg 768w, https:\/\/francemurder.com\/wp-content\/uploads\/2026\/02\/LDO-Repartition-HF-600x115.jpg 600w, https:\/\/francemurder.com\/wp-content\/uploads\/2026\/02\/LDO-Repartition-HF.jpg 1128w\" sizes=\"auto, (max-width: 455px) 100vw, 455px\" \/><\/p>\n<p>&nbsp;<\/p>\n","protected":false},"featured_media":8005,"template":"","meta":{"_glsr_average":0,"_glsr_ranking":0,"_glsr_reviews":0},"product_brand":[],"product_cat":[26],"product_tag":[],"class_list":{"0":"post-8002","1":"product","2":"type-product","3":"status-publish","4":"has-post-thumbnail","6":"product_cat-niv-debutant","8":"first","9":"instock","10":"sale","11":"downloadable","12":"virtual","13":"sold-individually","14":"purchasable","15":"product-type-simple"},"_links":{"self":[{"href":"https:\/\/francemurder.com\/index.php?rest_route=\/wp\/v2\/product\/8002","targetHints":{"allow":["GET"]}}],"collection":[{"href":"https:\/\/francemurder.com\/index.php?rest_route=\/wp\/v2\/product"}],"about":[{"href":"https:\/\/francemurder.com\/index.php?rest_route=\/wp\/v2\/types\/product"}],"wp:featuredmedia":[{"embeddable":true,"href":"https:\/\/francemurder.com\/index.php?rest_route=\/wp\/v2\/media\/8005"}],"wp:attachment":[{"href":"https:\/\/francemurder.com\/index.php?rest_route=%2Fwp%2Fv2%2Fmedia&parent=8002"}],"wp:term":[{"taxonomy":"product_brand","embeddable":true,"href":"https:\/\/francemurder.com\/index.php?rest_route=%2Fwp%2Fv2%2Fproduct_brand&post=8002"},{"taxonomy":"product_cat","embeddable":true,"href":"https:\/\/francemurder.com\/index.php?rest_route=%2Fwp%2Fv2%2Fproduct_cat&post=8002"},{"taxonomy":"product_tag","embeddable":true,"href":"https:\/\/francemurder.com\/index.php?rest_route=%2Fwp%2Fv2%2Fproduct_tag&post=8002"}],"curies":[{"name":"wp","href":"https:\/\/api.w.org\/{rel}","templated":true}]}}