{"id":7465,"date":"2025-12-19T12:30:59","date_gmt":"2025-12-19T11:30:59","guid":{"rendered":"https:\/\/francemurder.com\/?post_type=product&#038;p=7465"},"modified":"2025-12-21T15:56:45","modified_gmt":"2025-12-21T14:56:45","slug":"tragedie-sur-broadway","status":"publish","type":"product","link":"https:\/\/francemurder.com\/?product=tragedie-sur-broadway","title":{"rendered":"Trag\u00e9die sur Broadway"},"content":{"rendered":"<p>Murder Party pour 10-14 personnes (+1 ou 2 Maitre du jeu)<\/p>\n<p><strong>Th\u00e8me<\/strong> : Pi\u00e8ce de th\u00e9\u00e2tre en 1947<\/p>\n<p class=\"western\" align=\"justify\"><span style=\"font-family: Trebuchet MS, serif;\"><span style=\"font-size: medium;\"><span lang=\"fr-FR\">Nous sommes <\/span><\/span><\/span><span style=\"font-family: Trebuchet MS, serif;\"><span style=\"font-size: medium;\"><span lang=\"fr-FR\">en<\/span><\/span><\/span><span style=\"font-family: Trebuchet MS, serif;\"><span style=\"font-size: medium;\"><span lang=\"fr-FR\"> 1947. <\/span><\/span><\/span><span style=\"font-family: Trebuchet MS, serif;\"><span style=\"font-size: medium;\"><span lang=\"fr-FR\">V<\/span><\/span><\/span><span style=\"font-family: Trebuchet MS, serif;\"><span style=\"font-size: medium;\"><span lang=\"fr-FR\">ous vous trouvez <\/span><\/span><\/span><span style=\"font-family: Trebuchet MS, serif;\"><span style=\"font-size: medium;\"><span lang=\"fr-FR\">au <\/span><\/span><\/span><span style=\"font-family: Trebuchet MS, serif;\"><span style=\"font-size: medium;\"><span lang=\"fr-FR\"><i>Arlington Theater<\/i><\/span><\/span><\/span><span style=\"font-family: Trebuchet MS, serif;\"><span style=\"font-size: medium;\"><span lang=\"fr-FR\">, une des nombreuses salles de spectacle de Broadway. Le \u00ab\u00a0Tout New-York\u00a0\u00bb<\/span><\/span><\/span> <span style=\"font-family: Trebuchet MS, serif;\"><span style=\"font-size: medium;\"><span lang=\"fr-FR\">s\u2019est d\u00e9plac\u00e9 pour assister \u00e0 la grande premi\u00e8re de la com\u00e9die musicale \u00ab\u00a0Les Dieux de l\u2019Olympe\u00a0\u00bb.<\/span><\/span><\/span><\/p>\n<p class=\"western\" align=\"justify\"><span style=\"font-family: Trebuchet MS, serif;\"><span style=\"font-size: medium;\">Le Mayor La Garner, pr\u00e9side la soir\u00e9e en compagnie de son \u00e9pouse. R\u00e9cemment \u00e9lu maire de la ville phare de la C\u00f4te Est des \u00c9tats-Unis, il a d\u00e9fray\u00e9 la chronique en prenant de nombreuses mesures contre la Mafia qui gangr\u00e8ne le pays au sortir de la Deuxi\u00e8me Guerre Mondiale. Celles-ci sont \u00e9galement assorties de repr\u00e9sailles contre tous ses concitoyens tent\u00e9s par le Communisme&#8230;<\/span><\/span><\/p>\n<p class=\"western\" align=\"justify\"><span style=\"font-family: Trebuchet MS, serif;\"><span style=\"font-size: medium;\">Alors que tout le public est venu pour se divertir dans un contexte pesant o\u00f9 un terroriste se faisant appeler le \u00ab\u00a0Theater Bomber\u00a0\u00bb a d\u00e9j\u00e0 fait exploser plusieurs engins destructeurs dans des salles voisines, un \u00e9v\u00e8nement inattendu vient semer l\u2019inqui\u00e9tude g\u00e9n\u00e9rale.<\/span><\/span><\/p>\n<p class=\"western\" align=\"justify\"><span style=\"font-family: Trebuchet MS, serif;\"><span style=\"font-size: medium;\">Le rideau rouge vient brutalement de s\u2019abaisser au beau milieu de la premi\u00e8re sc\u00e8ne\u00a0!<\/span><\/span><\/p>\n<p><a href=\"https:\/\/francemurder.com\/?page_id=7302\" target=\"_blank\" rel=\"noopener\">(voir la fiche compl\u00e8te du jeu)<\/a><\/p>\n","protected":false},"excerpt":{"rendered":"<p>Pour 10-14 personnes (+1 ou 2 Maitre du jeu)<br \/>\n<strong>Niveau<\/strong> : Joueurs d\u00e9butants adultes<br \/>\n<strong>Version num\u00e9rique<\/strong> : pr\u00e9voir l&#8217;impression de 130 pages<br \/>\n<strong>Taille du fichier : <\/strong>env 40 Mo<br \/>\n<strong>Age minimum recommand\u00e9 : <\/strong>16 ans<br \/>\n<strong>Configuration H\/F<\/strong> :<\/p>\n<p><img loading=\"lazy\" decoding=\"async\" class=\"wp-image-7467 alignnone\" src=\"https:\/\/francemurder.com\/wp-content\/uploads\/2025\/12\/LDO-Repartition-HF.jpg\" alt=\"\" width=\"291\" height=\"109\" srcset=\"https:\/\/francemurder.com\/wp-content\/uploads\/2025\/12\/LDO-Repartition-HF.jpg 751w, https:\/\/francemurder.com\/wp-content\/uploads\/2025\/12\/LDO-Repartition-HF-300x112.jpg 300w, https:\/\/francemurder.com\/wp-content\/uploads\/2025\/12\/LDO-Repartition-HF-600x225.jpg 600w\" sizes=\"auto, (max-width: 291px) 100vw, 291px\" \/><\/p>\n<p><a href=\"https:\/\/francemurder.com\/?page_id=2607\" target=\"_blank\" rel=\"noopener\">Infos pour obtenir une version pr\u00e9-imprim\u00e9e<\/a><\/p>\n<p>&nbsp;<\/p>\n","protected":false},"featured_media":7644,"template":"","meta":{"_glsr_average":0,"_glsr_ranking":0,"_glsr_reviews":0},"product_brand":[],"product_cat":[26],"product_tag":[],"class_list":{"0":"post-7465","1":"product","2":"type-product","3":"status-publish","4":"has-post-thumbnail","6":"product_cat-niv-debutant","8":"first","9":"instock","10":"downloadable","11":"virtual","12":"sold-individually","13":"purchasable","14":"product-type-simple"},"_links":{"self":[{"href":"https:\/\/francemurder.com\/index.php?rest_route=\/wp\/v2\/product\/7465","targetHints":{"allow":["GET"]}}],"collection":[{"href":"https:\/\/francemurder.com\/index.php?rest_route=\/wp\/v2\/product"}],"about":[{"href":"https:\/\/francemurder.com\/index.php?rest_route=\/wp\/v2\/types\/product"}],"wp:featuredmedia":[{"embeddable":true,"href":"https:\/\/francemurder.com\/index.php?rest_route=\/wp\/v2\/media\/7644"}],"wp:attachment":[{"href":"https:\/\/francemurder.com\/index.php?rest_route=%2Fwp%2Fv2%2Fmedia&parent=7465"}],"wp:term":[{"taxonomy":"product_brand","embeddable":true,"href":"https:\/\/francemurder.com\/index.php?rest_route=%2Fwp%2Fv2%2Fproduct_brand&post=7465"},{"taxonomy":"product_cat","embeddable":true,"href":"https:\/\/francemurder.com\/index.php?rest_route=%2Fwp%2Fv2%2Fproduct_cat&post=7465"},{"taxonomy":"product_tag","embeddable":true,"href":"https:\/\/francemurder.com\/index.php?rest_route=%2Fwp%2Fv2%2Fproduct_tag&post=7465"}],"curies":[{"name":"wp","href":"https:\/\/api.w.org\/{rel}","templated":true}]}}