{"id":6957,"date":"2025-10-04T20:37:09","date_gmt":"2025-10-04T18:37:09","guid":{"rendered":"https:\/\/francemurder.com\/?post_type=product&#038;p=6957"},"modified":"2026-03-02T13:59:05","modified_gmt":"2026-03-02T12:59:05","slug":"le-vol-du-calice-sacre","status":"publish","type":"product","link":"https:\/\/francemurder.com\/?product=le-vol-du-calice-sacre","title":{"rendered":"Le vol du calice sacr\u00e9"},"content":{"rendered":"<p>Jeu d&#8217;Enqu\u00eate pour 24-96 personnes (+2 \u00e0 4 Maitres du jeu)<\/p>\n<p><strong>Th\u00e8me<\/strong> : Meurtres dans la Terre du Milieu<\/p>\n<p class=\"western\" align=\"justify\"><strong><span lang=\"fr-FR\">Le vol du calice sacr\u00e9<\/span><\/strong><span lang=\"fr-FR\"> se d\u00e9roule dans le Palais des Equilibres au centre de Zendrill, la nouvelle capitale de la Terre du Milieu depuis la paix retrouv\u00e9e entre les huit peuples majeurs (Orques, Elfes, Hobbits, Humains, Gobelins, Trolls, Gnomes et Nains)<\/span><\/p>\n<p><strong>Objectif<\/strong> : En participant \u00e0 des mini-jeux sous la direction de un ou plusieurs Game-Masters les participants r\u00e9unis en \u00e9quipes de 3 \u00e0 12 joueurs collecteront divers types d&#8217;indices leur permettant de progresser dans la recherche des principaux fauteurs de trouble afin de les neutraliser<\/p>\n<p><strong>Mode de jeu<\/strong> : Les diverses phases de la partie seront<\/p>\n<ul>\n<li>Le triple r\u00e9bus<\/li>\n<li>Le message cod\u00e9 de Vigenere<\/li>\n<li>Le championnat de PCP<\/li>\n<li>La recherche du calice<\/li>\n<li>La r\u00e9organisation de la Terre du Milieu<\/li>\n<li>Etc &#8230;<\/li>\n<\/ul>\n<p><strong>Dur\u00e9e<\/strong> :<\/p>\n<ul>\n<li>Briefing : 5 minutes<\/li>\n<li>Jeu pur : 1h00 \u00e0 1h15<\/li>\n<li>Conclusion : 10 minutes<\/li>\n<\/ul>\n<p><strong>Remarque<\/strong> :<\/p>\n<p>Ce jeu ne comporte aucune interpr\u00e9tation de personnage, en cela il ne peut pas \u00eatre consid\u00e9r\u00e9 comme une Murder Party. Il s&#8217;apparente plus \u00e0 un jeu de r\u00e9flexion mix\u00e9 avec quelques \u00e9preuves dynamiques pour la r\u00e9cup\u00e9ration des indices<\/p>\n<p><strong>Age des participants<\/strong> :<\/p>\n<p>Ce jeu a \u00e9t\u00e9 con\u00e7u pour des participants Adultes mais il sera sans doute accessible pour les ados &gt; 14 ans.<\/p>\n<p><strong>Plus d&#8217;infos<\/strong> :<\/p>\n<p><a href=\"https:\/\/francemurder.com\/?page_id=6826\" target=\"_blank\" rel=\"noopener\">https:\/\/francemurder.com\/?page_id=6826<\/a><\/p>\n","protected":false},"excerpt":{"rendered":"<p>Pour 24-96 personnes (+2 \u00e0 4 Maitres du jeu)<br \/>\n<strong>Niveau<\/strong> : Joueurs d\u00e9butants adultes ou *ados (*sous la responsabilit\u00e9 d&#8217;adultes)<br \/>\n<strong>Version num\u00e9rique<\/strong> : pr\u00e9voir l&#8217;impression de 100 pages<br \/>\n<strong>Taille des fichiers : <\/strong>env 140 Mo<br \/>\n<strong>Age minimum recommand\u00e9 : <\/strong>14 ans<br \/>\n<strong>Version sp\u00e9ciale<\/strong> : <span style=\"color: #ff0000;\"><strong>Groupes<br \/>\n<\/strong><\/span><\/p>\n<p>Dans ce sc\u00e9nario, tous les participants sont des d\u00e9tectives<\/p>\n","protected":false},"featured_media":7724,"template":"","meta":{"_glsr_average":0,"_glsr_ranking":0,"_glsr_reviews":0},"product_brand":[],"product_cat":[32],"product_tag":[],"class_list":{"0":"post-6957","1":"product","2":"type-product","3":"status-publish","4":"has-post-thumbnail","6":"product_cat-special","8":"first","9":"instock","10":"downloadable","11":"virtual","12":"sold-individually","13":"purchasable","14":"product-type-simple"},"_links":{"self":[{"href":"https:\/\/francemurder.com\/index.php?rest_route=\/wp\/v2\/product\/6957","targetHints":{"allow":["GET"]}}],"collection":[{"href":"https:\/\/francemurder.com\/index.php?rest_route=\/wp\/v2\/product"}],"about":[{"href":"https:\/\/francemurder.com\/index.php?rest_route=\/wp\/v2\/types\/product"}],"wp:featuredmedia":[{"embeddable":true,"href":"https:\/\/francemurder.com\/index.php?rest_route=\/wp\/v2\/media\/7724"}],"wp:attachment":[{"href":"https:\/\/francemurder.com\/index.php?rest_route=%2Fwp%2Fv2%2Fmedia&parent=6957"}],"wp:term":[{"taxonomy":"product_brand","embeddable":true,"href":"https:\/\/francemurder.com\/index.php?rest_route=%2Fwp%2Fv2%2Fproduct_brand&post=6957"},{"taxonomy":"product_cat","embeddable":true,"href":"https:\/\/francemurder.com\/index.php?rest_route=%2Fwp%2Fv2%2Fproduct_cat&post=6957"},{"taxonomy":"product_tag","embeddable":true,"href":"https:\/\/francemurder.com\/index.php?rest_route=%2Fwp%2Fv2%2Fproduct_tag&post=6957"}],"curies":[{"name":"wp","href":"https:\/\/api.w.org\/{rel}","templated":true}]}}