{"id":6734,"date":"2025-08-18T18:49:30","date_gmt":"2025-08-18T16:49:30","guid":{"rendered":"https:\/\/francemurder.com\/?post_type=product&#038;p=6734"},"modified":"2025-08-20T11:28:49","modified_gmt":"2025-08-20T09:28:49","slug":"crazy-hawai-13-18","status":"publish","type":"product","link":"https:\/\/francemurder.com\/?product=crazy-hawai-13-18","title":{"rendered":"Crazy Hawa\u00ef (13-18)"},"content":{"rendered":"<p>Murder-Party pour 13-18 personnes (+2 Maitres du jeu)<\/p>\n<p><strong>Th\u00e8me<\/strong> : Soir\u00e9e plage \u00e0 Waikiki Beach<\/p>\n<p class=\"cvGsUA direction-ltr align-center para-style-body\"><span class=\"a_GcMg font-feature-liga-off font-feature-clig-off font-feature-calt-off text-decoration-none text-strikethrough-none\">Vous venez de faire un trajet de pr\u00e8s de 2 heures avec un bus de la compagnie Aloha Express. Ce voyage devait vous emmener du Honolulu Palace, un des plus beaux h\u00f4tels de l\u2019\u00eele d\u2019Hawa\u00ef jusqu\u2019\u00e0 la plage paradisiaque de Waikiki Beach pour y passer un journ\u00e9e compl\u00e8te de d\u00e9tente dans un cadre idyllique.<\/span><\/p>\n<p class=\"cvGsUA direction-ltr align-center para-style-body\"><span class=\"a_GcMg font-feature-liga-off font-feature-clig-off font-feature-calt-off text-decoration-none text-strikethrough-none\">H\u00e9las, votre v\u00e9hicule est tomb\u00e9 en panne \u00e0 1km de l\u2019arriv\u00e9e et vous avez d\u00fb finir le trajet \u00e0 pied !<\/span><\/p>\n<p class=\"cvGsUA direction-ltr align-center para-style-body\"><span class=\"a_GcMg font-feature-liga-off font-feature-clig-off font-feature-calt-off text-decoration-none text-strikethrough-none\">K\u00e9oni, votre Gentil Organisateur a pris les affaires en main et a trouv\u00e9 une solution au probl\u00e8me : puisqu\u2019aucun t\u00e9l\u00e9phone ne passe dans cette zone tr\u00e8s recul\u00e9e, le chauffeur marchera jusqu\u2019\u00e0 la ville la plus proche d\u2019o\u00f9 il appellera les r\u00e9parateurs, alors que, pendant ce temps, vous profiterez des transats sur la plage de sable fin. Selon le programme initial, Polomo pr\u00e9parera la grillade traditionnelle et Annato r\u00e9glera les d\u00e9tails du \u00ab Luau \u00bb le spectacle avec danse folklorique et cracheur de feu.<\/span><\/p>\n<p class=\"cvGsUA direction-ltr align-center para-style-body\"><span class=\"a_GcMg font-feature-liga-off font-feature-clig-off font-feature-calt-off text-decoration-none text-strikethrough-none\">A priori, hormis la balade p\u00e9destre tout devrait se d\u00e9rouler comme pr\u00e9vu au d\u00e9part.<\/span><\/p>\n<p class=\"cvGsUA direction-ltr align-center para-style-body\"><span class=\"a_GcMg font-feature-liga-off font-feature-clig-off font-feature-calt-off text-decoration-none text-strikethrough-none\">A PRIORI \u2026 !<\/span><\/p>\n<p><a href=\"https:\/\/francemurder.com\/?page_id=6654\" target=\"_blank\" rel=\"noopener\">(voir la fiche compl\u00e8te du jeu)<\/a><\/p>\n","protected":false},"excerpt":{"rendered":"<p>Pour 13-18 personnes (+2 Maitres du jeu)<br \/>\n<strong>Niveau<\/strong> : Joueurs confirm\u00e9s<br \/>\n<strong>Version num\u00e9rique<\/strong> : pr\u00e9voir l&#8217;impression de 100 pages<br \/>\n<strong>Taille du fichier : <\/strong>env 45 Mo<br \/>\n<strong>Age minimum recommand\u00e9 : <\/strong>16 ans<br \/>\n<strong>R\u00e9partition hommes\/femmes \u00e0 respecter<\/strong><\/p>\n<p data-wp-editing=\"1\"><img loading=\"lazy\" decoding=\"async\" class=\"wp-image-6735 alignleft\" src=\"https:\/\/francemurder.com\/wp-content\/uploads\/2025\/08\/CZH-13-18-Casting-1024x433.png\" alt=\"\" width=\"355\" height=\"150\" srcset=\"https:\/\/francemurder.com\/wp-content\/uploads\/2025\/08\/CZH-13-18-Casting-1024x433.png 1024w, https:\/\/francemurder.com\/wp-content\/uploads\/2025\/08\/CZH-13-18-Casting-300x127.png 300w, https:\/\/francemurder.com\/wp-content\/uploads\/2025\/08\/CZH-13-18-Casting-768x325.png 768w, https:\/\/francemurder.com\/wp-content\/uploads\/2025\/08\/CZH-13-18-Casting-600x254.png 600w, https:\/\/francemurder.com\/wp-content\/uploads\/2025\/08\/CZH-13-18-Casting.png 1177w\" sizes=\"auto, (max-width: 355px) 100vw, 355px\" \/><\/p>\n<p><a href=\"https:\/\/francemurder.com\/?page_id=2607\" target=\"_blank\" rel=\"noopener\">Infos pour obtenir une version pr\u00e9-imprim\u00e9e<\/a><\/p>\n<p><a href=\"https:\/\/francemurder.com\/?product=crazy-hawai-9-12\">Cliquez ici pour une version pour 9-12 Joueurs de niveau d\u00e9butants<\/a><\/p>\n<p><a href=\"https:\/\/francemurder.com\/?product=crazy-hawai-double\">Cliquez ici pour commander les deux versions du jeu (9-12 et 13-18) \u00e0 tarif r\u00e9duit (40\u20ac au lieu de 52\u20ac)<\/a><\/p>\n<p>&nbsp;<\/p>\n","protected":false},"featured_media":6736,"template":"","meta":{"_glsr_average":0,"_glsr_ranking":0,"_glsr_reviews":0},"product_brand":[],"product_cat":[27],"product_tag":[],"class_list":{"0":"post-6734","1":"product","2":"type-product","3":"status-publish","4":"has-post-thumbnail","6":"product_cat-niv-confirme","8":"first","9":"instock","10":"downloadable","11":"virtual","12":"sold-individually","13":"purchasable","14":"product-type-simple"},"_links":{"self":[{"href":"https:\/\/francemurder.com\/index.php?rest_route=\/wp\/v2\/product\/6734","targetHints":{"allow":["GET"]}}],"collection":[{"href":"https:\/\/francemurder.com\/index.php?rest_route=\/wp\/v2\/product"}],"about":[{"href":"https:\/\/francemurder.com\/index.php?rest_route=\/wp\/v2\/types\/product"}],"wp:featuredmedia":[{"embeddable":true,"href":"https:\/\/francemurder.com\/index.php?rest_route=\/wp\/v2\/media\/6736"}],"wp:attachment":[{"href":"https:\/\/francemurder.com\/index.php?rest_route=%2Fwp%2Fv2%2Fmedia&parent=6734"}],"wp:term":[{"taxonomy":"product_brand","embeddable":true,"href":"https:\/\/francemurder.com\/index.php?rest_route=%2Fwp%2Fv2%2Fproduct_brand&post=6734"},{"taxonomy":"product_cat","embeddable":true,"href":"https:\/\/francemurder.com\/index.php?rest_route=%2Fwp%2Fv2%2Fproduct_cat&post=6734"},{"taxonomy":"product_tag","embeddable":true,"href":"https:\/\/francemurder.com\/index.php?rest_route=%2Fwp%2Fv2%2Fproduct_tag&post=6734"}],"curies":[{"name":"wp","href":"https:\/\/api.w.org\/{rel}","templated":true}]}}