{"id":6262,"date":"2025-04-03T19:25:17","date_gmt":"2025-04-03T17:25:17","guid":{"rendered":"https:\/\/francemurder.com\/?post_type=product&#038;p=6262"},"modified":"2026-02-25T12:42:18","modified_gmt":"2026-02-25T11:42:18","slug":"sur-le-fleuve-senegal","status":"publish","type":"product","link":"https:\/\/francemurder.com\/?product=sur-le-fleuve-senegal","title":{"rendered":"Sur le Fleuve S\u00e9n\u00e9gal"},"content":{"rendered":"<p>Jeu de n\u00e9gociation pour 8-14 personnes (+1 ou 2 Maitre du jeu)<\/p>\n<p><strong>Th\u00e8me<\/strong> : Espionnage en 1939<\/p>\n<p align=\"justify\">Nous sommes au printemps 1939. Partout en Europe, les pays se pr\u00e9parent \u00e0 la guerre.<br \/>\nPendant ce temps, un drame de moindre ampleur est sur le point de se d\u00e9rouler dans la lointaine colonie d\u2019Afrique Occidentale Fran\u00e7aise alors que le navire \u00ab\u00a0Le Christabel\u00a0\u00bb entame un voyage de routine amenant des passagers depuis Bamako (au Mali) jusqu\u2019\u00e0 St Louis en descendant le cours du fleuve S\u00e9n\u00e9gal.<br \/>\nL&#8217;air est chaud et humide, les moustiques pullulent et les crocodiles se pr\u00e9lassent sur les berges du fleuve.<br \/>\nLe voyage va durer deux jours, durant lesquels les passagers seront coup\u00e9s du monde ext\u00e9rieur, hormis un arr\u00eat \u00e0 mi-chemin pour une br\u00e8ve escale technique. Beaucoup de choses pourraient se passer !<br \/>\nParmi les utilisateurs de ce transport fluvial vous pourrez interpr\u00e9ter un chasseur de gros gibier,<br \/>\nun journaliste, un arch\u00e9ologue, un d\u00e9tective, une artiste peintre, un missionnaire<br \/>\net quelques autres personnes au comportement plut\u00f4t \u00e9trange.<br \/>\nDe nombreux myst\u00e8res vous attendent au retour de cette zone d\u2019Afrique r\u00e9put\u00e9e pour la qualit\u00e9 de ses safaris.<\/p>\n<p><a href=\"https:\/\/francemurder.com\/?page_id=6172\" target=\"_blank\" rel=\"noopener\">(voir la fiche compl\u00e8te du jeu)<\/a><\/p>\n","protected":false},"excerpt":{"rendered":"<p>Pour 8-14 personnes (+1 ou 2 Maitre du jeu)<br \/>\n<strong>Niveau<\/strong> : Joueurs adultes<br \/>\n<strong>Version num\u00e9rique<\/strong> : pr\u00e9voir l&#8217;impression de 130 pages<br \/>\n<strong>Taille du fichier : <\/strong>env 51 Mo<br \/>\n<strong>Age minimum recommand\u00e9 : <\/strong>16 ans<br \/>\n<strong>R\u00e9partition hommes\/femmes \u00e0 respecter<\/strong><\/p>\n<p data-wp-editing=\"1\"><img loading=\"lazy\" decoding=\"async\" class=\" wp-image-6277 alignnone\" src=\"https:\/\/francemurder.com\/wp-content\/uploads\/2025\/04\/SFS-Repartition-Hommes-Femmes.jpg\" alt=\"\" width=\"359\" height=\"173\" srcset=\"https:\/\/francemurder.com\/wp-content\/uploads\/2025\/04\/SFS-Repartition-Hommes-Femmes.jpg 752w, https:\/\/francemurder.com\/wp-content\/uploads\/2025\/04\/SFS-Repartition-Hommes-Femmes-300x144.jpg 300w, https:\/\/francemurder.com\/wp-content\/uploads\/2025\/04\/SFS-Repartition-Hommes-Femmes-600x289.jpg 600w\" sizes=\"auto, (max-width: 359px) 100vw, 359px\" \/><\/p>\n<p><a href=\"https:\/\/francemurder.com\/?page_id=2607\" target=\"_blank\" rel=\"noopener\">Infos pour obtenir une version pr\u00e9-imprim\u00e9e<\/a><\/p>\n<p>&nbsp;<\/p>\n","protected":false},"featured_media":6272,"template":"","meta":{"_glsr_average":0,"_glsr_ranking":0,"_glsr_reviews":0},"product_brand":[],"product_cat":[27],"product_tag":[],"class_list":{"0":"post-6262","1":"product","2":"type-product","3":"status-publish","4":"has-post-thumbnail","6":"product_cat-niv-confirme","8":"first","9":"instock","10":"downloadable","11":"virtual","12":"sold-individually","13":"purchasable","14":"product-type-simple"},"_links":{"self":[{"href":"https:\/\/francemurder.com\/index.php?rest_route=\/wp\/v2\/product\/6262","targetHints":{"allow":["GET"]}}],"collection":[{"href":"https:\/\/francemurder.com\/index.php?rest_route=\/wp\/v2\/product"}],"about":[{"href":"https:\/\/francemurder.com\/index.php?rest_route=\/wp\/v2\/types\/product"}],"wp:featuredmedia":[{"embeddable":true,"href":"https:\/\/francemurder.com\/index.php?rest_route=\/wp\/v2\/media\/6272"}],"wp:attachment":[{"href":"https:\/\/francemurder.com\/index.php?rest_route=%2Fwp%2Fv2%2Fmedia&parent=6262"}],"wp:term":[{"taxonomy":"product_brand","embeddable":true,"href":"https:\/\/francemurder.com\/index.php?rest_route=%2Fwp%2Fv2%2Fproduct_brand&post=6262"},{"taxonomy":"product_cat","embeddable":true,"href":"https:\/\/francemurder.com\/index.php?rest_route=%2Fwp%2Fv2%2Fproduct_cat&post=6262"},{"taxonomy":"product_tag","embeddable":true,"href":"https:\/\/francemurder.com\/index.php?rest_route=%2Fwp%2Fv2%2Fproduct_tag&post=6262"}],"curies":[{"name":"wp","href":"https:\/\/api.w.org\/{rel}","templated":true}]}}