{"id":4729,"date":"2024-05-26T10:54:52","date_gmt":"2024-05-26T08:54:52","guid":{"rendered":"https:\/\/francemurder.com\/?post_type=product&#038;p=4729"},"modified":"2026-02-18T12:24:33","modified_gmt":"2026-02-18T11:24:33","slug":"crime-et-chatiment","status":"publish","type":"product","link":"https:\/\/francemurder.com\/?product=crime-et-chatiment","title":{"rendered":"Crime et Chatiment"},"content":{"rendered":"<p>Murder Party pour 10-13 personnes (+1 ou 2 Maitre du jeu)<\/p>\n<p><strong>Th\u00e8me<\/strong> : Concours de beaut\u00e9 f\u00e9line<\/p>\n<p align=\"justify\"><span style=\"font-family: Trebuchet MS, sans-serif;\"><span style=\"font-size: small;\">L\u2019action se d\u00e9roule au Catford Palace Center lors de la finale d\u2019un concours de beaut\u00e9 f\u00e9line dot\u00e9 d&#8217;un prix de 1 million de dollars\u00a0! Les chats, leurs propri\u00e9taires et les juges sont arriv\u00e9s sur les lieux hier matin et ont proc\u00e9d\u00e9 aux \u00e9preuves qualificatives pour la grande finale. Malheureusement, Lady Percival, la tr\u00e8s riche propri\u00e9taire du favori de la comp\u00e9tition, Baba Ganoush III, a \u00e9t\u00e9 retrouv\u00e9e morte dans sa chambre d&#8217;h\u00f4tel plus t\u00f4t ce matin. Les juges et les concurrents ont \u00e9t\u00e9 confin\u00e9s dans le b\u00e2timent dans l&#8217;attente d&#8217;une enqu\u00eate pour assassinat et la Police a bloqu\u00e9 l\u2019acc\u00e8s au public, mais pour les organisateurs il faut que le spectacle continue. Ils ont maintenu le concours qui se d\u00e9roulera \u00e0 huis clos ! Les concurrents et les juges sont r\u00e9unis dans une salle sp\u00e9ciale pour couronner le summum de la beaut\u00e9 f\u00e9line et, peut-\u00eatre, trouver l&#8217;assassin de Lady Perceval. Mais ne vous y trompez pas, derri\u00e8re la gr\u00e2ce des f\u00e9lins et leurs tenues chatoyantes, les enjeux sont extr\u00eames et la volupt\u00e9 laisse rapidement la place \u00e0 un monde dangereux en proie \u00e0 la corruption, au vol, au chantage et \u00e0 toutes sortes de traitrises, y compris les meurtres !<\/span><\/span><\/p>\n<p><a href=\"https:\/\/francemurder.com\/?page_id=4542\" target=\"_blank\" rel=\"noopener\">(voir la fiche compl\u00e8te du jeu)<\/a><\/p>\n","protected":false},"excerpt":{"rendered":"<p>Pour 10-13 personnes (+1 ou 2 Maitre du jeu)<br \/>\n<strong>Niveau<\/strong> : Joueurs d\u00e9butants adultes<br \/>\n<strong>Version num\u00e9rique<\/strong> : pr\u00e9voir l&#8217;impression de 85 pages<br \/>\n<strong>Taille du fichier : <\/strong>env 30 Mo<br \/>\n<strong>Age minimum recommand\u00e9 : <\/strong>16 ans<\/p>\n<p><a href=\"https:\/\/francemurder.com\/?page_id=2607\" target=\"_blank\" rel=\"noopener\">Infos pour obtenir une version pr\u00e9-imprim\u00e9e<\/a><\/p>\n<p>&nbsp;<\/p>\n","protected":false},"featured_media":4546,"template":"","meta":{"_glsr_average":0,"_glsr_ranking":0,"_glsr_reviews":0},"product_brand":[],"product_cat":[26],"product_tag":[],"class_list":{"0":"post-4729","1":"product","2":"type-product","3":"status-publish","4":"has-post-thumbnail","6":"product_cat-niv-debutant","8":"first","9":"instock","10":"downloadable","11":"virtual","12":"sold-individually","13":"purchasable","14":"product-type-simple"},"_links":{"self":[{"href":"https:\/\/francemurder.com\/index.php?rest_route=\/wp\/v2\/product\/4729","targetHints":{"allow":["GET"]}}],"collection":[{"href":"https:\/\/francemurder.com\/index.php?rest_route=\/wp\/v2\/product"}],"about":[{"href":"https:\/\/francemurder.com\/index.php?rest_route=\/wp\/v2\/types\/product"}],"wp:featuredmedia":[{"embeddable":true,"href":"https:\/\/francemurder.com\/index.php?rest_route=\/wp\/v2\/media\/4546"}],"wp:attachment":[{"href":"https:\/\/francemurder.com\/index.php?rest_route=%2Fwp%2Fv2%2Fmedia&parent=4729"}],"wp:term":[{"taxonomy":"product_brand","embeddable":true,"href":"https:\/\/francemurder.com\/index.php?rest_route=%2Fwp%2Fv2%2Fproduct_brand&post=4729"},{"taxonomy":"product_cat","embeddable":true,"href":"https:\/\/francemurder.com\/index.php?rest_route=%2Fwp%2Fv2%2Fproduct_cat&post=4729"},{"taxonomy":"product_tag","embeddable":true,"href":"https:\/\/francemurder.com\/index.php?rest_route=%2Fwp%2Fv2%2Fproduct_tag&post=4729"}],"curies":[{"name":"wp","href":"https:\/\/api.w.org\/{rel}","templated":true}]}}