{"id":4115,"date":"2024-01-11T16:22:08","date_gmt":"2024-01-11T15:22:08","guid":{"rendered":"https:\/\/francemurder.com\/?post_type=product&#038;p=4115"},"modified":"2025-01-25T12:52:08","modified_gmt":"2025-01-25T11:52:08","slug":"le-pharaon-maudit","status":"publish","type":"product","link":"https:\/\/francemurder.com\/?product=le-pharaon-maudit","title":{"rendered":"Le Pharaon Maudit"},"content":{"rendered":"<p>Murder Party pour 7-19 personnes (+1 ou 2 Maitre du jeu)<\/p>\n<p><strong>Th\u00e8me<\/strong> : Arch\u00e9ologie en 1890<\/p>\n<p class=\"western\" align=\"justify\"><strong><span lang=\"fr-FR\">Le Pharaon Maudit<\/span><\/strong><span lang=\"fr-FR\"> se d\u00e9roule dans les environs de Louxor sur un champ de fouille dans le d\u00e9sert \u00e9gyptien<\/span><\/p>\n<p align=\"justify\">Apr\u00e8s plusieurs semaines de travail sous un soleil de plomb, l&#8217;\u00e9quipe arch\u00e9ologique de Sir William Saville vient de d\u00e9couvrir l&#8217;entr\u00e9e de la tombe d&#8217;un pharaon de la XVIeme dynastie. Pour f\u00eater cette trouvaille inestimable il a organis\u00e9 un repas de c\u00e9l\u00e9bration en y conviant de nombreux invit\u00e9s. H\u00e9las, alors que la nuit vient de tomber sur le campement, la nouvelle de la mort tragique d&#8217;un des employ\u00e9s vient assombrir le tableau &#8230;<\/p>\n<p><a href=\"https:\/\/francemurder.com\/?page_id=4021\" target=\"_blank\" rel=\"noopener\">(voir la fiche compl\u00e8te du jeu)<\/a><\/p>\n","protected":false},"excerpt":{"rendered":"<p>Pour 7-19 personnes (+1 ou 2 Maitre du jeu)<br \/>\n<strong>Niveau<\/strong> : Joueurs d\u00e9butants adultes<br \/>\n<strong>Version num\u00e9rique<\/strong> : pr\u00e9voir l&#8217;impression de 85 pages<br \/>\n<strong>Taille du fichier : <\/strong>env 47 Mo<br \/>\n<strong>Age minimum recommand\u00e9 : <\/strong>16 ans<\/p>\n<p><a href=\"https:\/\/francemurder.com\/?page_id=2607\" target=\"_blank\" rel=\"noopener\">Infos pour obtenir une version pr\u00e9-imprim\u00e9e<\/a><\/p>\n<p>&nbsp;<\/p>\n","protected":false},"featured_media":4116,"template":"","meta":{"_glsr_average":0,"_glsr_ranking":0,"_glsr_reviews":0},"product_brand":[],"product_cat":[26],"product_tag":[],"class_list":{"0":"post-4115","1":"product","2":"type-product","3":"status-publish","4":"has-post-thumbnail","6":"product_cat-niv-debutant","8":"first","9":"instock","10":"downloadable","11":"virtual","12":"sold-individually","13":"purchasable","14":"product-type-simple"},"_links":{"self":[{"href":"https:\/\/francemurder.com\/index.php?rest_route=\/wp\/v2\/product\/4115","targetHints":{"allow":["GET"]}}],"collection":[{"href":"https:\/\/francemurder.com\/index.php?rest_route=\/wp\/v2\/product"}],"about":[{"href":"https:\/\/francemurder.com\/index.php?rest_route=\/wp\/v2\/types\/product"}],"wp:featuredmedia":[{"embeddable":true,"href":"https:\/\/francemurder.com\/index.php?rest_route=\/wp\/v2\/media\/4116"}],"wp:attachment":[{"href":"https:\/\/francemurder.com\/index.php?rest_route=%2Fwp%2Fv2%2Fmedia&parent=4115"}],"wp:term":[{"taxonomy":"product_brand","embeddable":true,"href":"https:\/\/francemurder.com\/index.php?rest_route=%2Fwp%2Fv2%2Fproduct_brand&post=4115"},{"taxonomy":"product_cat","embeddable":true,"href":"https:\/\/francemurder.com\/index.php?rest_route=%2Fwp%2Fv2%2Fproduct_cat&post=4115"},{"taxonomy":"product_tag","embeddable":true,"href":"https:\/\/francemurder.com\/index.php?rest_route=%2Fwp%2Fv2%2Fproduct_tag&post=4115"}],"curies":[{"name":"wp","href":"https:\/\/api.w.org\/{rel}","templated":true}]}}