{"id":3049,"date":"2023-05-19T13:27:21","date_gmt":"2023-05-19T11:27:21","guid":{"rendered":"https:\/\/francemurder.com\/?post_type=product&#038;p=3049"},"modified":"2023-12-14T10:14:43","modified_gmt":"2023-12-14T09:14:43","slug":"les-super-heros","status":"publish","type":"product","link":"https:\/\/francemurder.com\/?product=les-super-heros","title":{"rendered":"Les Super H\u00e9ros"},"content":{"rendered":"<p>Murder Party pour 10-13 personnes (+1 ou 2 Maitre du jeu)<\/p>\n<p><strong>Th\u00e8me<\/strong> : Meurtre au sein de la communaut\u00e9 des Super H\u00e9ros<\/p>\n<p class=\"western\" align=\"justify\"><strong><span lang=\"fr-FR\">Les Super H\u00e9ros<\/span><\/strong><span lang=\"fr-FR\"> se d\u00e9roule \u00e0 Cityville, capitale d&#8217;un monde futuriste. Les personnages sont les r\u00e9sidents habituels d&#8217;une Super-Base cach\u00e9e dans un volcan \u00e9teint.<br \/>\n<\/span><\/p>\n<p align=\"justify\">A l&#8217;issue d&#8217;une r\u00e9ception bien arros\u00e9e les Super-h\u00e9ros se r\u00e9veillent avec la gueule de bois et d\u00e9couvrent le Professeur Zavier leur recruteur, assassin\u00e9 dans le salon.<\/p>\n<p align=\"justify\">Ils doivent aussi faire face \u00e0 un autre probl\u00e8me majeur puisque le panneau &#8220;<span style=\"color: #ff0000;\"><strong>LE MONDE EST EN DANGER<\/strong><\/span>&#8221; clignote mais que le Super-Ordinateur de la base a verrouill\u00e9 les portes de s\u00e9curit\u00e9. Ils sont donc tous bloqu\u00e9s sur place, incapables de partir au secours de la plan\u00e8te et avec un meurtre sur les bras<\/p>\n<p>&nbsp;<\/p>\n<p><a href=\"https:\/\/francemurder.com\/?page_id=3038\">(voir la fiche compl\u00e8te du jeu)<\/a><\/p>\n","protected":false},"excerpt":{"rendered":"<p>Pour 10-13 personnes (+1 ou 2 Maitre du jeu)<br \/>\n<strong>Niveau<\/strong> : Joueurs d\u00e9butants adultes ou ados<br \/>\n<strong>Version num\u00e9rique<\/strong> : pr\u00e9voir l&#8217;impression de 180 pages<br \/>\n<strong>Taille du fichier : <\/strong>env 52 Mo<br \/>\n<strong>Age minimum recommand\u00e9 : <\/strong>12 ans<\/p>\n<p><a href=\"https:\/\/francemurder.com\/?page_id=2607\" target=\"_blank\" rel=\"noopener\">Infos pour obtenir une version pr\u00e9-imprim\u00e9e<\/a><\/p>\n<p>IMPORTANT :<br \/>\nRespectez la r\u00e9partition suivante<br \/>\n<img loading=\"lazy\" decoding=\"async\" class=\"wp-image-3045 alignleft\" src=\"https:\/\/francemurder.com\/wp-content\/uploads\/2023\/05\/SUP-Repartition-Hommes-Femmes.jpg\" alt=\"\" width=\"373\" height=\"122\" srcset=\"https:\/\/francemurder.com\/wp-content\/uploads\/2023\/05\/SUP-Repartition-Hommes-Femmes.jpg 682w, https:\/\/francemurder.com\/wp-content\/uploads\/2023\/05\/SUP-Repartition-Hommes-Femmes-300x98.jpg 300w, https:\/\/francemurder.com\/wp-content\/uploads\/2023\/05\/SUP-Repartition-Hommes-Femmes-600x196.jpg 600w\" sizes=\"auto, (max-width: 373px) 100vw, 373px\" \/><\/p>\n","protected":false},"featured_media":3333,"template":"","meta":{"_glsr_average":0,"_glsr_ranking":0,"_glsr_reviews":0},"product_brand":[],"product_cat":[26,25],"product_tag":[],"class_list":{"0":"post-3049","1":"product","2":"type-product","3":"status-publish","4":"has-post-thumbnail","6":"product_cat-niv-debutant","7":"product_cat-pour-enfants","9":"first","10":"instock","11":"downloadable","12":"virtual","13":"sold-individually","14":"purchasable","15":"product-type-simple"},"_links":{"self":[{"href":"https:\/\/francemurder.com\/index.php?rest_route=\/wp\/v2\/product\/3049","targetHints":{"allow":["GET"]}}],"collection":[{"href":"https:\/\/francemurder.com\/index.php?rest_route=\/wp\/v2\/product"}],"about":[{"href":"https:\/\/francemurder.com\/index.php?rest_route=\/wp\/v2\/types\/product"}],"wp:featuredmedia":[{"embeddable":true,"href":"https:\/\/francemurder.com\/index.php?rest_route=\/wp\/v2\/media\/3333"}],"wp:attachment":[{"href":"https:\/\/francemurder.com\/index.php?rest_route=%2Fwp%2Fv2%2Fmedia&parent=3049"}],"wp:term":[{"taxonomy":"product_brand","embeddable":true,"href":"https:\/\/francemurder.com\/index.php?rest_route=%2Fwp%2Fv2%2Fproduct_brand&post=3049"},{"taxonomy":"product_cat","embeddable":true,"href":"https:\/\/francemurder.com\/index.php?rest_route=%2Fwp%2Fv2%2Fproduct_cat&post=3049"},{"taxonomy":"product_tag","embeddable":true,"href":"https:\/\/francemurder.com\/index.php?rest_route=%2Fwp%2Fv2%2Fproduct_tag&post=3049"}],"curies":[{"name":"wp","href":"https:\/\/api.w.org\/{rel}","templated":true}]}}