{"id":2595,"date":"2022-09-28T10:30:48","date_gmt":"2022-09-28T08:30:48","guid":{"rendered":"https:\/\/francemurder.com\/?post_type=product&#038;p=2595"},"modified":"2025-12-30T18:53:28","modified_gmt":"2025-12-30T17:53:28","slug":"lecole-des-sorcieres","status":"publish","type":"product","link":"https:\/\/francemurder.com\/?product=lecole-des-sorcieres","title":{"rendered":"L\u2019\u00c9cole des Sorci\u00e8res"},"content":{"rendered":"<p>Murder Party (niveau joueurs confirm\u00e9s) pour 14-20 personnes (+1 ou 2 Maitres du jeu)<\/p>\n<p><strong>Th\u00e8me<\/strong> : Universit\u00e9 Magique<\/p>\n<p align=\"justify\"><strong>L\u2019\u00c9cole des Sorci\u00e8res<\/strong> se d\u00e9roule \u00e0 Castelnou, un village abandonn\u00e9 des Pyr\u00e9n\u00e9es, dans un b\u00e2timent du 13eme si\u00e8cle qui para\u00eet totalement d\u00e9labr\u00e9 aux yeux des moldus mais qui est en fait une universit\u00e9 de Magie surnomm\u00e9e \u00ab\u00a0Le Poudlard Catalan\u00a0\u00bb.<\/p>\n<p align=\"justify\">Cependant, depuis ce matin, le danger rode dans tous les couloirs. Le Professeur Baratina, le doyen de l\u2019Universit\u00e9, s\u2019est r\u00e9veill\u00e9 en ayant perdu la totalit\u00e9 de sa m\u00e9moire. C\u2019est terrible\u00a0! D\u2019autant plus que c\u2019est aujourd\u2019hui le grand jour des examens de fin d\u2019ann\u00e9e pour les \u00e9l\u00e8ves de la Facult\u00e9. Tout le monde prend cela pour une grande menace\u00a0!<\/p>\n<p align=\"justify\">L\u2019ensemble des enseignants est convaincu qu\u2019il s\u2019agit d\u2019une attaque magique et que les \u00e9l\u00e8ves (et eux-m\u00eames) sont en danger. Si le coupable n\u2019est pas trouv\u00e9 rapidement et mis hors d\u2019\u00e9tat de nuire il n\u2019y aura pas d\u2019autre solution que de fermer l\u2019\u00e9tablissement pour une dur\u00e9e ind\u00e9termin\u00e9e. Peut-\u00eatre d\u00e9finitivement !?!<\/p>\n<p align=\"justify\">Retrouverez-vous le responsable de cet envo\u00fbtement\u00a0?<\/p>\n<p align=\"justify\">Ou serez-vous la prochaine victime\u00a0?<\/p>\n<h4>Le Casting de L&#8217;Ecole des Sorci\u00e8res<b><\/b><\/h4>\n<p style=\"text-align: left;\" align=\"center\"><b>Les Professeurs<br \/>\n<\/b><u>Pr Leto<\/u> : Alchimie<br \/>\n<u>Pr Ramona<\/u> : Transformation<br \/>\n<u>Pr Sadurni<\/u> : Pr\u00e9diction<\/p>\n<p style=\"text-align: left;\" align=\"center\"><b>Les \u00c9l\u00e8ves<br \/>\n<\/b><u>Le Groupe des Acad\u00e9miques<\/u> : Abelarda, Bernardo, etc ..<br \/>\n<u>Le Groupe des Populaires<\/u> : Jaume, Taveda, etc \u2026<br \/>\n<u>Le groupe des Rebelles<\/u> : Carlo, Rubi, etc \u2026<\/p>\n<p style=\"text-align: left;\" align=\"center\"><b>Le personnel<br \/>\n<\/b><u>Hipolit<\/u> : Jardinier<br \/>\n<u>Ptolemeu<\/u> : Ouvrier<br \/>\n<u>Sabina<\/u> : Infirmi\u00e8re<\/p>\n<p style=\"text-align: left;\" align=\"center\"><strong>Les d\u00e9tectives<br \/>\n<\/strong><b><\/b><u>Keri<\/u> : Inspecteur<br \/>\n<u>Agusti<\/u> : D\u00e9tective adjoint<\/p>\n<p><a href=\"https:\/\/francemurder.com\/?page_id=2484\" target=\"_blank\" rel=\"noopener\">(voir la fiche compl\u00e8te du jeu)<\/a><\/p>\n","protected":false},"excerpt":{"rendered":"<p>Pour 14-20 personnes (+1 ou 2 Maitres du jeu)<br \/>\nNiveau joueurs confirm\u00e9s<br \/>\nAge minimum recommand\u00e9 16 ans<br \/>\nN\u00e9cessite une salle \u00e0 d\u00e9corer dans le style Magie<br \/>\nTaille du fichier \u00e0 t\u00e9l\u00e9charger : env. 80 Mo<br \/>\nNb de pages \u00e0 imprimer : env. 290<\/p>\n<p>Veuillez \u00e0 respecter la r\u00e9partition suivante :<\/p>\n<p><img loading=\"lazy\" decoding=\"async\" class=\"wp-image-2568 alignleft\" src=\"https:\/\/francemurder.com\/wp-content\/uploads\/2022\/09\/EdS-Repartition_HF.png\" alt=\"\" width=\"334\" height=\"159\" srcset=\"https:\/\/francemurder.com\/wp-content\/uploads\/2022\/09\/EdS-Repartition_HF.png 767w, https:\/\/francemurder.com\/wp-content\/uploads\/2022\/09\/EdS-Repartition_HF-300x143.png 300w, https:\/\/francemurder.com\/wp-content\/uploads\/2022\/09\/EdS-Repartition_HF-600x286.png 600w\" sizes=\"auto, (max-width: 334px) 100vw, 334px\" \/><\/p>\n","protected":false},"featured_media":3349,"template":"","meta":{"_glsr_average":0,"_glsr_ranking":0,"_glsr_reviews":0},"product_brand":[],"product_cat":[27],"product_tag":[],"class_list":{"0":"post-2595","1":"product","2":"type-product","3":"status-publish","4":"has-post-thumbnail","6":"product_cat-niv-confirme","8":"first","9":"instock","10":"downloadable","11":"virtual","12":"sold-individually","13":"purchasable","14":"product-type-simple"},"_links":{"self":[{"href":"https:\/\/francemurder.com\/index.php?rest_route=\/wp\/v2\/product\/2595","targetHints":{"allow":["GET"]}}],"collection":[{"href":"https:\/\/francemurder.com\/index.php?rest_route=\/wp\/v2\/product"}],"about":[{"href":"https:\/\/francemurder.com\/index.php?rest_route=\/wp\/v2\/types\/product"}],"wp:featuredmedia":[{"embeddable":true,"href":"https:\/\/francemurder.com\/index.php?rest_route=\/wp\/v2\/media\/3349"}],"wp:attachment":[{"href":"https:\/\/francemurder.com\/index.php?rest_route=%2Fwp%2Fv2%2Fmedia&parent=2595"}],"wp:term":[{"taxonomy":"product_brand","embeddable":true,"href":"https:\/\/francemurder.com\/index.php?rest_route=%2Fwp%2Fv2%2Fproduct_brand&post=2595"},{"taxonomy":"product_cat","embeddable":true,"href":"https:\/\/francemurder.com\/index.php?rest_route=%2Fwp%2Fv2%2Fproduct_cat&post=2595"},{"taxonomy":"product_tag","embeddable":true,"href":"https:\/\/francemurder.com\/index.php?rest_route=%2Fwp%2Fv2%2Fproduct_tag&post=2595"}],"curies":[{"name":"wp","href":"https:\/\/api.w.org\/{rel}","templated":true}]}}