{"id":2525,"date":"2022-09-23T17:26:56","date_gmt":"2022-09-23T15:26:56","guid":{"rendered":"https:\/\/francemurder.com\/?post_type=product&#038;p=2525"},"modified":"2024-02-08T23:49:03","modified_gmt":"2024-02-08T22:49:03","slug":"la-reine-est-en-danger","status":"publish","type":"product","link":"https:\/\/francemurder.com\/?product=la-reine-est-en-danger","title":{"rendered":"La Reine est en Danger"},"content":{"rendered":"<p>Murder Party (niveau joueurs confirm\u00e9s) pour 13-21 personnes (+1 ou 2 Maitres du jeu)<\/p>\n<p><strong>Th\u00e8me<\/strong> : Reception royale \u00e0 buckingham Palace en 1580<\/p>\n<p class=\"western\" align=\"justify\"><strong><span lang=\"fr-FR\">La Reine est en Danger<\/span><\/strong><span lang=\"fr-FR\"> se d\u00e9roule sous le r\u00e8gne d\u2019Elyzabeth 1ere<\/span><\/p>\n<p align=\"justify\">Les participants viennent d\u2019assister \u00e0 la repr\u00e9sentation priv\u00e9e d\u2019une com\u00e9die \u00e9crite par un jeune auteur au talent prometteur : William Shakespeare. Tout le monde est de bonne humeur, la Reine s\u2019entretient avec ses courtisans et ses invit\u00e9s (dont de potentiels futurs maris) et r\u00e9gale les ambassadeurs des pays \u00e9trangers avec un somptueux banquet \u2026 puis c\u2019est le drame : l\u2019Archev\u00eaque de Canterbury, pourtant appr\u00e9ci\u00e9 de tous, est retrouv\u00e9 mort, brutalement assassin\u00e9<\/p>\n<h4>Le Casting de\u00a0La Reine est en Danger<b><\/b><\/h4>\n<p>\u2013 La Reine Elyzabeth ou un de ses proches<br \/>\n\u2013 Les hauts dignitaires de France, d\u2019Italie et d\u2019Espagne<br \/>\n\u2013 Les acteurs de la pi\u00e8ce et son auteur W. Shakespeare<br \/>\n\u2013 De nobles aventuriers et des marins c\u00e9l\u00e8bres<br \/>\n\u2013 Les humbles serviteurs en charge du banquet<br \/>\n\u2013 Et quelques invit\u00e9s inattendus<\/p>\n<p><a href=\"https:\/\/francemurder.com\/?page_id=2486\">(voir la fiche compl\u00e8te du jeu)<\/a><\/p>\n","protected":false},"excerpt":{"rendered":"<p>Pour 13-21 personnes (+1 ou 2 Maitres du jeu)<br \/>\nNiveau joueurs confirm\u00e9s<br \/>\nAge minimum recommand\u00e9 16 ans<br \/>\nN\u00e9cessite une salle \u00e0 d\u00e9corer dans le style Palais Royal<br \/>\nTaille du fichier \u00e0 t\u00e9l\u00e9charger : env. 37 Mo<br \/>\nNb de pages \u00e0 imprimer : env. 125<\/p>\n<p>Veuillez \u00e0 respecter la r\u00e9partition suivante :<\/p>\n<p><img loading=\"lazy\" decoding=\"async\" class=\"alignleft wp-image-2505 size-medium\" src=\"https:\/\/francemurder.com\/wp-content\/uploads\/2022\/09\/LReeD-Repartition_HF-300x175.png\" alt=\"\" width=\"300\" height=\"175\" srcset=\"https:\/\/francemurder.com\/wp-content\/uploads\/2022\/09\/LReeD-Repartition_HF-300x175.png 300w, https:\/\/francemurder.com\/wp-content\/uploads\/2022\/09\/LReeD-Repartition_HF-600x350.png 600w, https:\/\/francemurder.com\/wp-content\/uploads\/2022\/09\/LReeD-Repartition_HF.png 758w\" sizes=\"auto, (max-width: 300px) 100vw, 300px\" \/><\/p>\n","protected":false},"featured_media":3361,"template":"","meta":{"_glsr_average":0,"_glsr_ranking":0,"_glsr_reviews":0},"product_brand":[],"product_cat":[27],"product_tag":[],"class_list":{"0":"post-2525","1":"product","2":"type-product","3":"status-publish","4":"has-post-thumbnail","6":"product_cat-niv-confirme","8":"first","9":"instock","10":"downloadable","11":"virtual","12":"sold-individually","13":"purchasable","14":"product-type-simple"},"_links":{"self":[{"href":"https:\/\/francemurder.com\/index.php?rest_route=\/wp\/v2\/product\/2525","targetHints":{"allow":["GET"]}}],"collection":[{"href":"https:\/\/francemurder.com\/index.php?rest_route=\/wp\/v2\/product"}],"about":[{"href":"https:\/\/francemurder.com\/index.php?rest_route=\/wp\/v2\/types\/product"}],"wp:featuredmedia":[{"embeddable":true,"href":"https:\/\/francemurder.com\/index.php?rest_route=\/wp\/v2\/media\/3361"}],"wp:attachment":[{"href":"https:\/\/francemurder.com\/index.php?rest_route=%2Fwp%2Fv2%2Fmedia&parent=2525"}],"wp:term":[{"taxonomy":"product_brand","embeddable":true,"href":"https:\/\/francemurder.com\/index.php?rest_route=%2Fwp%2Fv2%2Fproduct_brand&post=2525"},{"taxonomy":"product_cat","embeddable":true,"href":"https:\/\/francemurder.com\/index.php?rest_route=%2Fwp%2Fv2%2Fproduct_cat&post=2525"},{"taxonomy":"product_tag","embeddable":true,"href":"https:\/\/francemurder.com\/index.php?rest_route=%2Fwp%2Fv2%2Fproduct_tag&post=2525"}],"curies":[{"name":"wp","href":"https:\/\/api.w.org\/{rel}","templated":true}]}}