{"id":2310,"date":"2022-06-19T15:08:40","date_gmt":"2022-06-19T13:08:40","guid":{"rendered":"http:\/\/francemurder.com\/?post_type=product&#038;p=2310"},"modified":"2025-10-16T18:16:46","modified_gmt":"2025-10-16T16:16:46","slug":"mort-a-venise","status":"publish","type":"product","link":"https:\/\/francemurder.com\/?product=mort-a-venise","title":{"rendered":"Mort \u00e0 Venise"},"content":{"rendered":"<p>Murder Party pour 5-9 personnes (+1 Maitre du jeu)<\/p>\n<p>Murder Party niveau \u00ab D\u00e9butants \u00bb<\/p>\n<p>Th\u00e8me : L\u2019\u00e9quipe de tournage d\u2019un film va participer au Festival de Venise<\/p>\n<p>Hier soir, au Festival du film de Venise, le r\u00e9alisateur controvers\u00e9 Clay Mc Farland a remport\u00e9 la r\u00e9compense supr\u00eame, le prestigieux Lion d\u2019or, pour son film \u00e0 succ\u00e8s de cette saison \u201cNe te retourne pas\u201d. Mais ce matin, il a \u00e9t\u00e9 retrouv\u00e9 gisant devant la Cath\u00e9drale Saint-Marc, lac\u00e9r\u00e9 \u00e0 mort avec un hachoir \u00e0 viande.<\/p>\n<p>En compagnie des stars du film et d\u2019autres c\u00e9l\u00e9brit\u00e9s, il avait pass\u00e9 la nuit suivant ce gala \u00e0 bord du Casanova, un yacht de luxe amarr\u00e9 dans la lagune de Venise, mais il semble que quelqu\u2019un avait d\u00e9cid\u00e9 de g\u00e2cher la f\u00eate. Les traces de sang de Mc Farland trouv\u00e9es sur un canot \u00e0 moteur de liaison indiquent clairement \u00e0 la police que le coupable est l\u2019un de ceux qui se trouvent \u00e0 bord.<\/p>\n<p>Alors que les cloches de la cath\u00e9drale sonnent \u00e0 travers la ville antique, \u00e0 bord du Casanova les \u00e9motions bouillonnent. Un m\u00e9lange d\u00e9tonnant de potins, de jalousies, de ranc\u0153urs et de coups de poing sur les plateaux de cin\u00e9ma risque \u00e0 tout moment d\u2019exploser<\/p>\n<p>Remplissez vos fl\u00fbtes \u00e0 champagne, mettez vos plus belles tenues et rejoignez l\u2019\u00e9quipe de \u00ab Ne te retourne pas \u00bb et ses invit\u00e9s alors qu\u2019ils tentent de r\u00e9soudre le myst\u00e8re d\u2019une \u2026 Mort \u00e0 Venise<\/p>\n<p><span style=\"color: #ff0000;\"><strong>Version num\u00e9ris\u00e9e de 80 pages en couleur<\/strong><\/span><\/p>\n<p>Contenu de la box :<br \/>\n&#8211; Manuel de l&#8217;organisateur<br \/>\n&#8211; Livrets de personnage + badges<br \/>\n&#8211; Indices et affichages divers<\/p>\n<p><a href=\"https:\/\/francemurder.com\/?page_id=899\">(voir la fiche compl\u00e8te du jeu)<\/a><\/p>\n","protected":false},"excerpt":{"rendered":"<p>Pour 5-9 personnes (+1 Maitre du jeu)<\/p>\n<p>Murder Party niveau \u00ab D\u00e9butants \u00bb<\/p>\n<p><span style=\"color: #ff0000;\"><strong>Version num\u00e9ris\u00e9e de 80 pages en couleur<\/strong><\/span><\/p>\n<p>Contenu de la box :<br \/>\n&#8211; Manuel de l&#8217;organisateur<br \/>\n&#8211; Livrets de personnage + badges<br \/>\n&#8211; Indices et affichages divers<\/p>\n<p>Age minimum recommand\u00e9 16 ans<\/p>\n<p>IMPORTANT : respectez la r\u00e9partition des joueurs<\/p>\n<p><img loading=\"lazy\" decoding=\"async\" class=\"size-full wp-image-910 alignleft\" src=\"https:\/\/francemurder.com\/wp-content\/uploads\/2021\/04\/MV-repartition-Hommes-Femmes.png\" alt=\"\" width=\"365\" height=\"136\" srcset=\"https:\/\/francemurder.com\/wp-content\/uploads\/2021\/04\/MV-repartition-Hommes-Femmes.png 365w, https:\/\/francemurder.com\/wp-content\/uploads\/2021\/04\/MV-repartition-Hommes-Femmes-300x112.png 300w\" sizes=\"auto, (max-width: 365px) 100vw, 365px\" \/><\/p>\n<p>&nbsp;<\/p>\n","protected":false},"featured_media":3328,"template":"","meta":{"_glsr_average":0,"_glsr_ranking":0,"_glsr_reviews":0},"product_brand":[],"product_cat":[26],"product_tag":[],"class_list":{"0":"post-2310","1":"product","2":"type-product","3":"status-publish","4":"has-post-thumbnail","6":"product_cat-niv-debutant","8":"first","9":"instock","10":"downloadable","11":"virtual","12":"sold-individually","13":"purchasable","14":"product-type-simple"},"_links":{"self":[{"href":"https:\/\/francemurder.com\/index.php?rest_route=\/wp\/v2\/product\/2310","targetHints":{"allow":["GET"]}}],"collection":[{"href":"https:\/\/francemurder.com\/index.php?rest_route=\/wp\/v2\/product"}],"about":[{"href":"https:\/\/francemurder.com\/index.php?rest_route=\/wp\/v2\/types\/product"}],"wp:featuredmedia":[{"embeddable":true,"href":"https:\/\/francemurder.com\/index.php?rest_route=\/wp\/v2\/media\/3328"}],"wp:attachment":[{"href":"https:\/\/francemurder.com\/index.php?rest_route=%2Fwp%2Fv2%2Fmedia&parent=2310"}],"wp:term":[{"taxonomy":"product_brand","embeddable":true,"href":"https:\/\/francemurder.com\/index.php?rest_route=%2Fwp%2Fv2%2Fproduct_brand&post=2310"},{"taxonomy":"product_cat","embeddable":true,"href":"https:\/\/francemurder.com\/index.php?rest_route=%2Fwp%2Fv2%2Fproduct_cat&post=2310"},{"taxonomy":"product_tag","embeddable":true,"href":"https:\/\/francemurder.com\/index.php?rest_route=%2Fwp%2Fv2%2Fproduct_tag&post=2310"}],"curies":[{"name":"wp","href":"https:\/\/api.w.org\/{rel}","templated":true}]}}