{"id":2273,"date":"2022-06-16T20:04:53","date_gmt":"2022-06-16T18:04:53","guid":{"rendered":"http:\/\/francemurder.com\/?post_type=product&#038;p=2273"},"modified":"2026-03-20T10:21:34","modified_gmt":"2026-03-20T09:21:34","slug":"la-route-de-woodstock","status":"publish","type":"product","link":"https:\/\/francemurder.com\/?product=la-route-de-woodstock","title":{"rendered":"La route de Woodstock"},"content":{"rendered":"<p>Murder Party niveau d\u00e9butant pour 10-15 personnes (+1 ou 2 Maitres du jeu)<\/p>\n<p><strong>Th\u00e8me<\/strong> : Les d\u00e9boires d&#8217;un groupe rock tomb\u00e9 en panne sur la route de Woodstock<\/p>\n<p>Nous sommes le weekend du 15-17 Aout 1969 date mondialement connue par<br \/>\ntous les fans de musique : Le Festival de Woodstock.<br \/>\nLe groupe de rock Marmelade Skies a \u00e9t\u00e9 invit\u00e9 par les organisateurs pour une<br \/>\nperformance sur sc\u00e8ne le Vendredi 16 entre Janice Joplin et Jimmy Hendryx.<br \/>\nMalheureusement pour eux leur Tour-Bus a rendu l\u2019\u00e2me alors qu\u2019ils passaient \u00e0<br \/>\nproximit\u00e9 de la ville de Riverwells \u00e0 plus de 150 km de leur destination !<br \/>\nPar chance, ils ont trouv\u00e9 de l\u2019aide dans cette ville aupr\u00e8s de la communaut\u00e9<br \/>\nhippie du Karma Club mais ils ne pourront jamais arriver \u00e0 temps au festival. Les<br \/>\nr\u00e9parations du bus ont commenc\u00e9 et on leur a offert le g\u00eete et le couvert en<br \/>\n\u00e9change de quoi ils ont propos\u00e9 un mini concert avant de repartir pour ce qui<br \/>\ndevait \u00eatre une grande tourn\u00e9e mondiale de 5 mois &#8230;<br \/>\nH\u00e9las une trag\u00e9die est venue endeuiller ce s\u00e9jour improvis\u00e9, Marvin Stank leur<br \/>\nmanager a \u00e9t\u00e9 retrouv\u00e9 mort. L\u2019avenir restera incertain tant que ce d\u00e9c\u00e8s ne<br \/>\nsera pas \u00e9lucid\u00e9 mais plusieurs autres questions se posent :<br \/>\n&#8211; Les Marmelades Skies survivront-ils \u00e0 la mort de leur fondateur ?<br \/>\n&#8211; La communaut\u00e9 du Karma Club sera-t-elle toujours un havre de paix ?<br \/>\n&#8211; Et \u2026 est-ce vraiment un hasard si le bus est tomb\u00e9 en panne \u00e0 cet endroit ?<br \/>\nMettez vos plus beaux habits \u00e0 fleur et venez r\u00e9soudre \u2026<\/p>\n<p>&nbsp;<\/p>\n<h2 style=\"text-align: right;\" align=\"justify\"><span style=\"color: #ff0000;\">La route de Woodstock<br \/>\n<\/span><\/h2>\n<p>&nbsp;<\/p>\n<p><a href=\"https:\/\/francemurder.com\/?page_id=1962\">(voir la fiche compl\u00e8te du jeu)<\/a><\/p>\n","protected":false},"excerpt":{"rendered":"<p>Pour 10-15 personnes (+1 ou 2 Maitres du jeu)<br \/>\n<strong>Niveau<\/strong> : Joueurs d\u00e9butants<br \/>\n<span style=\"color: #ff0000;\"><strong>Version PDF : 150 pages en couleur \u00e0 imprimer<br \/>\n<\/strong><\/span><strong>Taille du fichier : env 32 Mo<br \/>\nAge minimum recommand\u00e9<\/strong> : 16 ans<\/p>\n<p>IMPORTANT :<br \/>\nRespectez la r\u00e9partition suivante<br \/>\n<img loading=\"lazy\" decoding=\"async\" class=\"wp-image-1957 alignleft\" src=\"https:\/\/francemurder.com\/wp-content\/uploads\/2022\/02\/SRW-Repartition-H-F.jpg\" alt=\"\" width=\"433\" height=\"188\" srcset=\"https:\/\/francemurder.com\/wp-content\/uploads\/2022\/02\/SRW-Repartition-H-F.jpg 684w, https:\/\/francemurder.com\/wp-content\/uploads\/2022\/02\/SRW-Repartition-H-F-300x130.jpg 300w, https:\/\/francemurder.com\/wp-content\/uploads\/2022\/02\/SRW-Repartition-H-F-600x261.jpg 600w\" sizes=\"auto, (max-width: 433px) 100vw, 433px\" \/><\/p>\n","protected":false},"featured_media":3346,"template":"","meta":{"_glsr_average":0,"_glsr_ranking":0,"_glsr_reviews":0},"product_brand":[],"product_cat":[26],"product_tag":[],"class_list":{"0":"post-2273","1":"product","2":"type-product","3":"status-publish","4":"has-post-thumbnail","6":"product_cat-niv-debutant","8":"first","9":"instock","10":"downloadable","11":"virtual","12":"sold-individually","13":"purchasable","14":"product-type-simple"},"_links":{"self":[{"href":"https:\/\/francemurder.com\/index.php?rest_route=\/wp\/v2\/product\/2273","targetHints":{"allow":["GET"]}}],"collection":[{"href":"https:\/\/francemurder.com\/index.php?rest_route=\/wp\/v2\/product"}],"about":[{"href":"https:\/\/francemurder.com\/index.php?rest_route=\/wp\/v2\/types\/product"}],"wp:featuredmedia":[{"embeddable":true,"href":"https:\/\/francemurder.com\/index.php?rest_route=\/wp\/v2\/media\/3346"}],"wp:attachment":[{"href":"https:\/\/francemurder.com\/index.php?rest_route=%2Fwp%2Fv2%2Fmedia&parent=2273"}],"wp:term":[{"taxonomy":"product_brand","embeddable":true,"href":"https:\/\/francemurder.com\/index.php?rest_route=%2Fwp%2Fv2%2Fproduct_brand&post=2273"},{"taxonomy":"product_cat","embeddable":true,"href":"https:\/\/francemurder.com\/index.php?rest_route=%2Fwp%2Fv2%2Fproduct_cat&post=2273"},{"taxonomy":"product_tag","embeddable":true,"href":"https:\/\/francemurder.com\/index.php?rest_route=%2Fwp%2Fv2%2Fproduct_tag&post=2273"}],"curies":[{"name":"wp","href":"https:\/\/api.w.org\/{rel}","templated":true}]}}