{"id":2252,"date":"2022-06-15T11:43:21","date_gmt":"2022-06-15T09:43:21","guid":{"rendered":"http:\/\/francemurder.com\/?post_type=product&#038;p=2252"},"modified":"2025-10-26T18:45:03","modified_gmt":"2025-10-26T17:45:03","slug":"le-tresor-du-pirate","status":"publish","type":"product","link":"https:\/\/francemurder.com\/?product=le-tresor-du-pirate","title":{"rendered":"Le Tr\u00e9sor du Pirate"},"content":{"rendered":"<p>Murder Party pour 10-17 personnes (+1 Maitre du jeu)<\/p>\n<p><strong>Niveau<\/strong> : Joueurs confirm\u00e9s<\/p>\n<p><strong>Th\u00e8me<\/strong> : Travers\u00e9e maritime aux Cara\u00efbes en 1785<\/p>\n<p>Nous sommes en 1785 et les Cara\u00efbes sont une r\u00e9gion tr\u00e8s troubl\u00e9e, \u00e0 la fois convoit\u00e9e par les grandes forces maritimes (France, Angleterre, Espagne) mais \u00e9galement sillonn\u00e9e par de nombreux Pirates tr\u00e8s puissants. L\u2019ile de Tortuga, o\u00f9 d\u00e9bute l\u2019action, abrite de simples cultures de bananes et de canne \u00e0 sucre, mais c\u2019est aussi un rep\u00e8re connu pour les voleurs, les aventuriers, les pillards et surtout une escale traditionnelle des pirates.<br \/>\nVous venez d\u2019embarquer \u00e0 bord du \u00ab Libra \u00bb pour une travers\u00e9e de deux jours qui vous am\u00e8nera jusqu\u2019\u00e0 St Augustine en Floride. Vous esp\u00e9rez qu\u2019aucun incident maritime ne viendra g\u00e2cher ce parcours. Le port de Tortuga City s\u2019\u00e9loigne peu \u00e0 peu et un tintement de cloche sur le pont vous invite \u00e0 vous regrouper : un homme d\u2019\u00e9quipage s\u2019appr\u00eate visiblement \u00e0 vous faire une annonce officielle \u2026.<\/p>\n<p><a href=\"https:\/\/francemurder.com\/?page_id=1303\">(voir la fiche compl\u00e8te du jeu)<\/a><\/p>\n<p>Contenu de la box :<br \/>\n\u2013 Manuel de l\u2019organisateur<br \/>\n\u2013 Livrets de personnage + badges<br \/>\n\u2013 Plus de 80 cartes objets interactives<br \/>\n\u2013 Indices et affichages divers<br \/>\n\u2013 Bar\u00e8me de classement<\/p>\n<p><span style=\"color: #ff0000;\"><strong>N\u00e9cessite une salle \u00e0 d\u00e9corer dans le style Pirates<\/strong><\/span><\/p>\n","protected":false},"excerpt":{"rendered":"<p>Pour 10-17 personnes (+1 ou 2 Maitres du jeu)<\/p>\n<p><strong>Niveau<\/strong> : Joueurs confirm\u00e9s<br \/>\n<strong>Taille du fichier \u00e0 T\u00e9l\u00e9charger<\/strong> : Env 52 Mo<br \/>\n<span style=\"color: #ff0000;\"><strong>Contenu<\/strong> : 170 pages en couleur \u00e0 imprimer<br \/>\n<\/span><span style=\"color: #ff0000;\"><a href=\"https:\/\/francemurder.com\/?page_id=2607\" target=\"_blank\" rel=\"noopener\">Infos pour obtenir une version pr\u00e9-imprim\u00e9e<\/a><br \/>\n<\/span><strong>Age minimum recommand\u00e9<\/strong> : 16 ans<\/p>\n<p><span style=\"color: #ff0000;\"><strong>IMPORTANT<\/strong> <\/span>:<br \/>\nRespectez la r\u00e9partition suivante<img loading=\"lazy\" decoding=\"async\" class=\"wp-image-1363 alignleft\" src=\"https:\/\/francemurder.com\/wp-content\/uploads\/2021\/05\/TP-Repartition-Hommes-Femmes-17j.png\" alt=\"\" width=\"299\" height=\"159\" srcset=\"https:\/\/francemurder.com\/wp-content\/uploads\/2021\/05\/TP-Repartition-Hommes-Femmes-17j.png 680w, https:\/\/francemurder.com\/wp-content\/uploads\/2021\/05\/TP-Repartition-Hommes-Femmes-17j-300x160.png 300w, https:\/\/francemurder.com\/wp-content\/uploads\/2021\/05\/TP-Repartition-Hommes-Femmes-17j-600x319.png 600w\" sizes=\"auto, (max-width: 299px) 100vw, 299px\" \/><\/p>\n<p><span style=\"color: #ff0000;\"><strong>\u00a0<\/strong><\/span><\/p>\n","protected":false},"featured_media":3331,"template":"","meta":{"_glsr_average":0,"_glsr_ranking":0,"_glsr_reviews":0},"product_brand":[],"product_cat":[27],"product_tag":[],"class_list":{"0":"post-2252","1":"product","2":"type-product","3":"status-publish","4":"has-post-thumbnail","6":"product_cat-niv-confirme","8":"first","9":"instock","10":"downloadable","11":"virtual","12":"sold-individually","13":"purchasable","14":"product-type-simple"},"_links":{"self":[{"href":"https:\/\/francemurder.com\/index.php?rest_route=\/wp\/v2\/product\/2252","targetHints":{"allow":["GET"]}}],"collection":[{"href":"https:\/\/francemurder.com\/index.php?rest_route=\/wp\/v2\/product"}],"about":[{"href":"https:\/\/francemurder.com\/index.php?rest_route=\/wp\/v2\/types\/product"}],"wp:featuredmedia":[{"embeddable":true,"href":"https:\/\/francemurder.com\/index.php?rest_route=\/wp\/v2\/media\/3331"}],"wp:attachment":[{"href":"https:\/\/francemurder.com\/index.php?rest_route=%2Fwp%2Fv2%2Fmedia&parent=2252"}],"wp:term":[{"taxonomy":"product_brand","embeddable":true,"href":"https:\/\/francemurder.com\/index.php?rest_route=%2Fwp%2Fv2%2Fproduct_brand&post=2252"},{"taxonomy":"product_cat","embeddable":true,"href":"https:\/\/francemurder.com\/index.php?rest_route=%2Fwp%2Fv2%2Fproduct_cat&post=2252"},{"taxonomy":"product_tag","embeddable":true,"href":"https:\/\/francemurder.com\/index.php?rest_route=%2Fwp%2Fv2%2Fproduct_tag&post=2252"}],"curies":[{"name":"wp","href":"https:\/\/api.w.org\/{rel}","templated":true}]}}