{"id":2230,"date":"2022-06-10T14:55:33","date_gmt":"2022-06-10T12:55:33","guid":{"rendered":"http:\/\/francemurder.com\/?post_type=product&#038;p=2230"},"modified":"2026-03-08T19:55:45","modified_gmt":"2026-03-08T18:55:45","slug":"ruee-vers-cactusville","status":"publish","type":"product","link":"https:\/\/francemurder.com\/?product=ruee-vers-cactusville","title":{"rendered":"Ru\u00e9e vers Cactusville"},"content":{"rendered":"<p>Murder Party (niveau joueurs confirm\u00e9s) pour 12-18 personnes (+1 Maitre du jeu)<\/p>\n<p><strong>Th\u00e8me<\/strong> : Festivit\u00e9s au Saloon de Cactusville pour les 20 ans de sa fondation<\/p>\n<p>1884, Dans l\u2019ouest am\u00e9ricain, Cactusville v\u00e9g\u00e8te depuis 20 ans avec quelques ranchs, quelques chercheurs d\u2019or et un petit saloon. A l\u2019initiative d\u2019une de ses habitantes, Wanda Jeopardy, la ville a souhait\u00e9 c\u00e9l\u00e9brer cet anniversaire en mettant \u00e0 l\u2019honneur son pionnier et fondateur Zork Cornwall lors d\u2019une grande f\u00eate au Maxwell\u2019s Saloon. Tout s\u2019annon\u00e7ait pour le mieux gr\u00e2ce \u00e0 la normalisation des rapports avec les indiens et la promesse de la construction d\u2019une ligne de chemin de fer que deux compagnies venaient proposer mais \u2026<\/p>\n<p>\u2026 Les embrouilles sont apparues lors d\u2019une partie de poker qui a fait changer de main les terrains o\u00f9 est pr\u00e9vu le passage des rails et se sont amplifi\u00e9es lorsqu\u2019on a appris que les indiens semblaient aussi avoir un mot \u00e0 dire sur ce sujet\u00a0! Le whisky \u00e9tant gratuit ce soir, toute la population est l\u00e0 du sh\u00e9rif au t\u00e9l\u00e9graphiste en passant par l\u2019institutrice et un trappeur. On compte m\u00eame quelques invit\u00e9s surprise (un pr\u00e9dicateur, un \u00e9picier ambulant, etc \u2026) mais la f\u00eate pourra-t-elle se d\u00e9rouler normalement <strong>?<\/strong><\/p>\n<p><a href=\"https:\/\/francemurder.com\/?page_id=1101\">(voir la fiche compl\u00e8te du jeu)<\/a><\/p>\n","protected":false},"excerpt":{"rendered":"<p>Pour 12-18 personnes (+1 ou 2 Maitre du jeu)<br \/>\nNiveau joueurs confirm\u00e9s<br \/>\nAge minimum recommand\u00e9 16 ans<br \/>\nN\u00e9cessite une salle \u00e0 d\u00e9corer dans le style Farwest<br \/>\nTaille du fichier \u00e0 t\u00e9l\u00e9charger : env. 48 Mo<br \/>\nNb de pages \u00e0 imprimer : env. 130<\/p>\n<p><a href=\"https:\/\/francemurder.com\/?page_id=2607\" target=\"_blank\" rel=\"noopener\">Infos pour obtenir une version pr\u00e9-imprim\u00e9e<\/a><\/p>\n<p>Veuillez \u00e0 respecter la r\u00e9partition suivante :<\/p>\n<p><img loading=\"lazy\" decoding=\"async\" class=\" wp-image-1116 alignleft\" src=\"https:\/\/francemurder.com\/wp-content\/uploads\/2021\/05\/LR-Repartition-HF.png\" alt=\"\" width=\"348\" height=\"167\" srcset=\"https:\/\/francemurder.com\/wp-content\/uploads\/2021\/05\/LR-Repartition-HF.png 683w, https:\/\/francemurder.com\/wp-content\/uploads\/2021\/05\/LR-Repartition-HF-300x144.png 300w, https:\/\/francemurder.com\/wp-content\/uploads\/2021\/05\/LR-Repartition-HF-600x288.png 600w\" sizes=\"auto, (max-width: 348px) 100vw, 348px\" \/><\/p>\n","protected":false},"featured_media":3385,"template":"","meta":{"_glsr_average":0,"_glsr_ranking":0,"_glsr_reviews":0},"product_brand":[],"product_cat":[27],"product_tag":[],"class_list":{"0":"post-2230","1":"product","2":"type-product","3":"status-publish","4":"has-post-thumbnail","6":"product_cat-niv-confirme","8":"first","9":"instock","10":"downloadable","11":"virtual","12":"sold-individually","13":"purchasable","14":"product-type-simple"},"_links":{"self":[{"href":"https:\/\/francemurder.com\/index.php?rest_route=\/wp\/v2\/product\/2230","targetHints":{"allow":["GET"]}}],"collection":[{"href":"https:\/\/francemurder.com\/index.php?rest_route=\/wp\/v2\/product"}],"about":[{"href":"https:\/\/francemurder.com\/index.php?rest_route=\/wp\/v2\/types\/product"}],"wp:featuredmedia":[{"embeddable":true,"href":"https:\/\/francemurder.com\/index.php?rest_route=\/wp\/v2\/media\/3385"}],"wp:attachment":[{"href":"https:\/\/francemurder.com\/index.php?rest_route=%2Fwp%2Fv2%2Fmedia&parent=2230"}],"wp:term":[{"taxonomy":"product_brand","embeddable":true,"href":"https:\/\/francemurder.com\/index.php?rest_route=%2Fwp%2Fv2%2Fproduct_brand&post=2230"},{"taxonomy":"product_cat","embeddable":true,"href":"https:\/\/francemurder.com\/index.php?rest_route=%2Fwp%2Fv2%2Fproduct_cat&post=2230"},{"taxonomy":"product_tag","embeddable":true,"href":"https:\/\/francemurder.com\/index.php?rest_route=%2Fwp%2Fv2%2Fproduct_tag&post=2230"}],"curies":[{"name":"wp","href":"https:\/\/api.w.org\/{rel}","templated":true}]}}