{"id":2074,"date":"2022-04-23T15:27:38","date_gmt":"2022-04-23T13:27:38","guid":{"rendered":"http:\/\/francemurder.com\/?post_type=product&#038;p=2074"},"modified":"2026-03-25T20:13:02","modified_gmt":"2026-03-25T19:13:02","slug":"la-croisiere-fatale","status":"publish","type":"product","link":"https:\/\/francemurder.com\/?product=la-croisiere-fatale","title":{"rendered":"La Croisi\u00e8re Fatale"},"content":{"rendered":"<p>Murder Party pour 22-33 personnes (+2 ou 3 Maitres du jeu)<\/p>\n<p><strong>Niveau<\/strong> : Joueurs confirm\u00e9s<\/p>\n<p><strong>Th\u00e8me<\/strong> : Croisi\u00e8re Transatlantique en 1914<\/p>\n<p align=\"justify\"><strong><span lang=\"fr-FR\">La Croisi\u00e8re Fatale<\/span> <\/strong><span lang=\"fr-FR\">se d\u00e9roule dans le \u00ab<\/span><span lang=\"fr-FR\">Libertania\u00bb <\/span><span lang=\"fr-FR\">un paquebot de luxe assurant la liaison entre New-York et Southampton<\/span><span lang=\"fr-FR\">. Nous sommes en 1914 et la Premi\u00e8re Guerre Mondiale est sur le point d\u2019\u00e9clater. <\/span><span lang=\"fr-FR\">Le Capitaine du navire J. Bayard a d\u2019ailleurs r\u00e9uni tout l\u2019\u00e9quipage et tous les passagers dans la grande salle de r\u00e9ception pour leur lire un t\u00e9l\u00e9gramme au sujet de ce conflit ..<\/span><span lang=\"fr-FR\">. <\/span><span lang=\"fr-FR\">Mais au beau milieu de son discours une panne d\u2019\u00e9clairage survient ainsi que 3 coups de feu ! Lorsque la lumi\u00e8re revient on ne peut que constater le drame ! Le capitaine a \u00e9t\u00e9 abattu. <\/span>Est-il la premi\u00e8re victime de la Guerre de 14-18 ou le meurtrier a-t-il un mobile plus personnel ? Ce sera \u00e0 vous de le d\u00e9couvrir.<\/p>\n<p><a href=\"https:\/\/francemurder.com\/?page_id=2028\">(voir la fiche compl\u00e8te du jeu)<\/a><\/p>\n<p><span style=\"color: #ff0000;\"><strong>Version num\u00e9ris\u00e9e \u00e0 imprimer<\/strong><\/span><\/p>\n<p>Contenu de la box :<br \/>\n&#8211; Manuel de l\u2019organisateur<br \/>\n&#8211; Livrets de personnage + badges<br \/>\n&#8211; 27 cartes objets interactives<br \/>\n&#8211; Monnaie fictive<br \/>\n&#8211; Indices et affichages divers<br \/>\n&#8211; Bar\u00e8me de classement<\/p>\n<p><span style=\"color: #ff0000;\"><strong>N\u00e9cessite une salle \u00e0 d\u00e9corer dans le style D\u00e9but 1900<br \/>\n<\/strong><\/span><\/p>\n","protected":false},"excerpt":{"rendered":"<p>Pour 22-33 personnes (+2 ou 3 Maitres du jeu)<\/p>\n<p><strong>Niveau<\/strong> : Joueurs confirm\u00e9s<\/p>\n<p><span style=\"color: #ff0000;\"><strong>Version num\u00e9ris\u00e9e (PDF)<br \/>\nTaille du fichier : env. 81 Mo<br \/>\nNb de page \u00e0 imprimer : env. 280<br \/>\n<\/strong><\/span><\/p>\n<p><strong>Age minimum recommand\u00e9<\/strong> : 16 ans<\/p>\n<p>IMPORTANT :<br \/>\nRespectez la r\u00e9partition suivante<\/p>\n<p><img loading=\"lazy\" decoding=\"async\" class=\"wp-image-2646 alignleft\" src=\"https:\/\/francemurder.com\/wp-content\/uploads\/2022\/10\/LCF-Repartion-HF-V2.jpg\" alt=\"\" width=\"349\" height=\"257\" srcset=\"https:\/\/francemurder.com\/wp-content\/uploads\/2022\/10\/LCF-Repartion-HF-V2.jpg 758w, https:\/\/francemurder.com\/wp-content\/uploads\/2022\/10\/LCF-Repartion-HF-V2-300x221.jpg 300w, https:\/\/francemurder.com\/wp-content\/uploads\/2022\/10\/LCF-Repartion-HF-V2-600x442.jpg 600w\" sizes=\"auto, (max-width: 349px) 100vw, 349px\" \/><\/p>\n<p>&nbsp;<\/p>\n","protected":false},"featured_media":3354,"template":"","meta":{"_glsr_average":0,"_glsr_ranking":0,"_glsr_reviews":0},"product_brand":[],"product_cat":[27],"product_tag":[],"class_list":{"0":"post-2074","1":"product","2":"type-product","3":"status-publish","4":"has-post-thumbnail","6":"product_cat-niv-confirme","8":"first","9":"instock","10":"downloadable","11":"virtual","12":"sold-individually","13":"purchasable","14":"product-type-simple"},"_links":{"self":[{"href":"https:\/\/francemurder.com\/index.php?rest_route=\/wp\/v2\/product\/2074","targetHints":{"allow":["GET"]}}],"collection":[{"href":"https:\/\/francemurder.com\/index.php?rest_route=\/wp\/v2\/product"}],"about":[{"href":"https:\/\/francemurder.com\/index.php?rest_route=\/wp\/v2\/types\/product"}],"wp:featuredmedia":[{"embeddable":true,"href":"https:\/\/francemurder.com\/index.php?rest_route=\/wp\/v2\/media\/3354"}],"wp:attachment":[{"href":"https:\/\/francemurder.com\/index.php?rest_route=%2Fwp%2Fv2%2Fmedia&parent=2074"}],"wp:term":[{"taxonomy":"product_brand","embeddable":true,"href":"https:\/\/francemurder.com\/index.php?rest_route=%2Fwp%2Fv2%2Fproduct_brand&post=2074"},{"taxonomy":"product_cat","embeddable":true,"href":"https:\/\/francemurder.com\/index.php?rest_route=%2Fwp%2Fv2%2Fproduct_cat&post=2074"},{"taxonomy":"product_tag","embeddable":true,"href":"https:\/\/francemurder.com\/index.php?rest_route=%2Fwp%2Fv2%2Fproduct_tag&post=2074"}],"curies":[{"name":"wp","href":"https:\/\/api.w.org\/{rel}","templated":true}]}}