{"id":1218,"date":"2021-09-27T16:06:43","date_gmt":"2021-09-27T14:06:43","guid":{"rendered":"http:\/\/francemurder.com\/?post_type=product&#038;p=1218"},"modified":"2025-04-10T08:59:28","modified_gmt":"2025-04-10T06:59:28","slug":"pirates-kids","status":"publish","type":"product","link":"https:\/\/francemurder.com\/?product=pirates-kids","title":{"rendered":"Pirates Kids"},"content":{"rendered":"<p>Box anniversaire pour 6-18 enfants (de 8 \u00e0 12 ans)<\/p>\r\n<p><strong>Th\u00e8me<\/strong> : 7 jeux vari\u00e9s sur le th\u00e8me Pirates<\/p>\r\n\r\n<p>Tous les jeux inclus dans le pack \u00ab\u00a0<strong><span class=\"has-inline-color\">Pirates Kids<\/span><\/strong>\u00a0\u00bb transporteront vos enfants sur une ile des Cara\u00efbes pour une s\u00e9rie d\u2019aventures combin\u00e9es :<\/p>\r\n<div class=\"wp-block-media-text alignwide is-stacked-on-mobile\">\r\n<figure class=\"wp-block-media-text__media\"><img loading=\"lazy\" decoding=\"async\" class=\"alignnone wp-image-1065\" src=\"https:\/\/francemurder.com\/wp-content\/uploads\/2021\/04\/Taverne-Pirates-Small.png\" sizes=\"auto, (max-width: 600px) 100vw, 600px\" srcset=\"https:\/\/francemurder.com\/wp-content\/uploads\/2021\/04\/Taverne-Pirates-Small.png 600w, https:\/\/francemurder.com\/wp-content\/uploads\/2021\/04\/Taverne-Pirates-Small-300x208.png 300w\" alt=\"\" width=\"600\" height=\"416\" \/><\/figure>\r\n<div class=\"wp-block-media-text__content\">\r\n<ul>\r\n<li>Une chasse aux tr\u00e9sors<\/li>\r\n<li>Un bateau \u00e0 couler<\/li>\r\n<li>Un d\u00e9fi dans une taverne<\/li>\r\n<li>Un livre de bord \u00e0 surveiller<\/li>\r\n<li>Une r\u00e9serve de boulets \u00e0 g\u00e9rer<\/li>\r\n<li>Un objet pr\u00e9cieux \u00e0 voler<\/li>\r\n<li>Un concours de costumes<\/li>\r\n<\/ul>\r\n<\/div>\r\n<\/div>\r\n<p>Durant environ 60 minutes les enfants participeront aux 7 activit\u00e9s en rivalisant de ruse et d\u2019intr\u00e9pidit\u00e9.<\/p>\r\n\r\n<p><a href=\"https:\/\/francemurder.com\/?page_id=1059\">(voir la fiche compl\u00e8te du jeu)<\/a><\/p>","protected":false},"excerpt":{"rendered":"<p>Pour 6-18 enfants<br \/>7 jeux vari\u00e9s sur le th\u00e8me Pirates<br \/>Age minimum recommand\u00e9 8-12 ans<\/p>\n<p>Taille des fichiers : env 54 Mo<br \/>Nb de pages \u00e0 imprimer : Env. 120<br \/>N\u00e9cessite une salle de grande taille<\/p>\n","protected":false},"featured_media":3365,"template":"","meta":{"_glsr_average":0,"_glsr_ranking":0,"_glsr_reviews":0},"product_brand":[],"product_cat":[25,32],"product_tag":[],"class_list":{"0":"post-1218","1":"product","2":"type-product","3":"status-publish","4":"has-post-thumbnail","6":"product_cat-pour-enfants","7":"product_cat-special","9":"first","10":"instock","11":"downloadable","12":"virtual","13":"sold-individually","14":"purchasable","15":"product-type-simple"},"_links":{"self":[{"href":"https:\/\/francemurder.com\/index.php?rest_route=\/wp\/v2\/product\/1218","targetHints":{"allow":["GET"]}}],"collection":[{"href":"https:\/\/francemurder.com\/index.php?rest_route=\/wp\/v2\/product"}],"about":[{"href":"https:\/\/francemurder.com\/index.php?rest_route=\/wp\/v2\/types\/product"}],"wp:featuredmedia":[{"embeddable":true,"href":"https:\/\/francemurder.com\/index.php?rest_route=\/wp\/v2\/media\/3365"}],"wp:attachment":[{"href":"https:\/\/francemurder.com\/index.php?rest_route=%2Fwp%2Fv2%2Fmedia&parent=1218"}],"wp:term":[{"taxonomy":"product_brand","embeddable":true,"href":"https:\/\/francemurder.com\/index.php?rest_route=%2Fwp%2Fv2%2Fproduct_brand&post=1218"},{"taxonomy":"product_cat","embeddable":true,"href":"https:\/\/francemurder.com\/index.php?rest_route=%2Fwp%2Fv2%2Fproduct_cat&post=1218"},{"taxonomy":"product_tag","embeddable":true,"href":"https:\/\/francemurder.com\/index.php?rest_route=%2Fwp%2Fv2%2Fproduct_tag&post=1218"}],"curies":[{"name":"wp","href":"https:\/\/api.w.org\/{rel}","templated":true}]}}