{"id":973,"date":"2021-04-21T22:05:17","date_gmt":"2021-04-21T20:05:17","guid":{"rendered":"http:\/\/francemurder.com\/?page_id=973"},"modified":"2023-08-25T23:36:18","modified_gmt":"2023-08-25T21:36:18","slug":"halloween-en-folie","status":"publish","type":"page","link":"https:\/\/francemurder.com\/?page_id=973","title":{"rendered":"Halloween en Folie"},"content":{"rendered":"\n<figure class=\"wp-block-image size-large is-style-default\"><img loading=\"lazy\" decoding=\"async\" width=\"1024\" height=\"665\" src=\"https:\/\/francemurder.com\/wp-content\/uploads\/2023\/08\/visuel4x3-HF-V2-1024x665.jpg\" alt=\"\" class=\"wp-image-3370\" srcset=\"https:\/\/francemurder.com\/wp-content\/uploads\/2023\/08\/visuel4x3-HF-V2-1024x665.jpg 1024w, https:\/\/francemurder.com\/wp-content\/uploads\/2023\/08\/visuel4x3-HF-V2-300x195.jpg 300w, https:\/\/francemurder.com\/wp-content\/uploads\/2023\/08\/visuel4x3-HF-V2-768x498.jpg 768w, https:\/\/francemurder.com\/wp-content\/uploads\/2023\/08\/visuel4x3-HF-V2-1536x997.jpg 1536w, https:\/\/francemurder.com\/wp-content\/uploads\/2023\/08\/visuel4x3-HF-V2-600x389.jpg 600w, https:\/\/francemurder.com\/wp-content\/uploads\/2023\/08\/visuel4x3-HF-V2.jpg 1875w\" sizes=\"auto, (max-width: 1024px) 100vw, 1024px\" \/><\/figure>\n\n\n\n<h4 class=\"has-text-align-center wp-block-heading\">Une activit\u00e9 originale pour un groupe de 8 \u00e0 24 enfants<\/h4>\n\n\n\n<div class=\"wp-block-buttons is-content-justification-center is-layout-flex wp-container-core-buttons-is-layout-1 wp-block-buttons-is-layout-flex\">\n<div class=\"wp-block-button\"><a class=\"wp-block-button__link has-vivid-red-background-color has-background\" href=\"https:\/\/francemurder.com\/?product=halloween-en-folie\" target=\"_blank\" rel=\"noreferrer noopener\"><strong>Acheter 24\u20ac<\/strong><\/a><\/div>\n<\/div>\n\n\n\n<div class=\"wp-block-buttons is-content-justification-center is-layout-flex wp-container-core-buttons-is-layout-2 wp-block-buttons-is-layout-flex\">\n<div class=\"wp-block-button\"><a class=\"wp-block-button__link has-background\" href=\"https:\/\/francemurder.com\/wp-content\/uploads\/2022\/06\/Halloween-en-folie-www.francemurder.com-v.03.06.2022.pdf\" style=\"background-color:#0404ff\">T\u00e9l\u00e9charger le descriptif<\/a><\/div>\n<\/div>\n\n\n\n<p class=\"has-text-align-center\" style=\"font-size:26px\"><mark style=\"background-color:rgba(0, 0, 0, 0)\" class=\"has-inline-color has-vivid-red-color\"><strong>7 jeux en 1<\/strong><\/mark><\/p>\n\n\n\n<p>Tous les jeux inclus dans le pack &#8220;<strong><span style=\"color:#0404ff\" class=\"has-inline-color\">Halloween en Folie<\/span><\/strong>&#8221; transporteront vos enfants au &#8220;Pays des Monstres&#8221; pour une s\u00e9rie d&#8217;aventures combin\u00e9es :<\/p>\n\n\n\n<div class=\"wp-block-media-text alignwide is-stacked-on-mobile\"><figure class=\"wp-block-media-text__media\"><img loading=\"lazy\" decoding=\"async\" width=\"1024\" height=\"711\" src=\"https:\/\/francemurder.com\/wp-content\/uploads\/2021\/04\/carte-du-Pays-des-Monstres-en-couleur-1-1024x711.png\" alt=\"\" class=\"wp-image-991 size-full\" srcset=\"https:\/\/francemurder.com\/wp-content\/uploads\/2021\/04\/carte-du-Pays-des-Monstres-en-couleur-1-1024x711.png 1024w, https:\/\/francemurder.com\/wp-content\/uploads\/2021\/04\/carte-du-Pays-des-Monstres-en-couleur-1-300x208.png 300w, https:\/\/francemurder.com\/wp-content\/uploads\/2021\/04\/carte-du-Pays-des-Monstres-en-couleur-1-600x416.png 600w, https:\/\/francemurder.com\/wp-content\/uploads\/2021\/04\/carte-du-Pays-des-Monstres-en-couleur-1-768x533.png 768w, https:\/\/francemurder.com\/wp-content\/uploads\/2021\/04\/carte-du-Pays-des-Monstres-en-couleur-1-1536x1066.png 1536w, https:\/\/francemurder.com\/wp-content\/uploads\/2021\/04\/carte-du-Pays-des-Monstres-en-couleur-1-2048x1422.png 2048w\" sizes=\"auto, (max-width: 1024px) 100vw, 1024px\" \/><\/figure><div class=\"wp-block-media-text__content\">\n<ul class=\"wp-block-list\"><li>Une chasse aux tr\u00e9sors<\/li><li>Une exploration de cimeti\u00e8re<\/li><li>Une fabrication de potion<\/li><li>La confrontation avec une sorci\u00e8re<\/li><li>Le d\u00e9fi au Maitre du Regard<\/li><li>Le jeu de l&#8217;\u00e9pouvantail<\/li><li>Le concours de la Terreur<\/li><\/ul>\n<\/div><\/div>\n\n\n\n<p>Durant environ 60 minutes les enfants participeront aux 7 activit\u00e9s en rivalisant de ruse et d&#8217;intr\u00e9pidit\u00e9.<span class=\"has-inline-color has-white-color\">&#8230;<\/span><\/p>\n\n\n\n<hr class=\"wp-block-separator has-css-opacity\"\/>\n\n\n\n<h4 class=\"wp-block-heading\">Les Clans de Monstres<\/h4>\n\n\n\n<p>Ils d\u00e9fendront les couleurs d&#8217;un des 8 <strong><span class=\"has-inline-color has-vivid-red-color\">Clans de Monstres<\/span><\/strong> cherchant \u00e0 prouver leur sup\u00e9riorit\u00e9. Dans chaque clan les enfants seront r\u00e9unis en duos ou en trios.<\/p>\n\n\n\n<div class=\"wp-block-group\"><div class=\"wp-block-group__inner-container is-layout-flow wp-block-group-is-layout-flow\">\n<figure class=\"wp-block-image size-large is-style-default\"><img loading=\"lazy\" decoding=\"async\" width=\"1024\" height=\"205\" src=\"https:\/\/francemurder.com\/wp-content\/uploads\/2021\/04\/Bandeau-Monstres-x8-1024x205.png\" alt=\"\" class=\"wp-image-998\" srcset=\"https:\/\/francemurder.com\/wp-content\/uploads\/2021\/04\/Bandeau-Monstres-x8-1024x205.png 1024w, https:\/\/francemurder.com\/wp-content\/uploads\/2021\/04\/Bandeau-Monstres-x8-300x60.png 300w, https:\/\/francemurder.com\/wp-content\/uploads\/2021\/04\/Bandeau-Monstres-x8-600x120.png 600w, https:\/\/francemurder.com\/wp-content\/uploads\/2021\/04\/Bandeau-Monstres-x8-768x154.png 768w, https:\/\/francemurder.com\/wp-content\/uploads\/2021\/04\/Bandeau-Monstres-x8.png 1500w\" sizes=\"auto, (max-width: 1024px) 100vw, 1024px\" \/><\/figure>\n<\/div><\/div>\n\n\n\n<hr class=\"wp-block-separator has-css-opacity\"\/>\n\n\n\n<h4 class=\"wp-block-heading\">Que trouve-t-on dans le pack ?<\/h4>\n\n\n\n<p>Le pack &#8220;<strong><mark style=\"background-color:rgba(0, 0, 0, 0)\" class=\"has-inline-color has-vivid-red-color\">Halloween en Folie<\/mark><\/strong>&#8221; de <mark style=\"background-color:rgba(0, 0, 0, 0);color:#0404ff\" class=\"has-inline-color\"><strong>FRANCE MURDER<\/strong><\/mark> est constitu\u00e9 de fichiers \u00e0 t\u00e9l\u00e9charger qui vous permettront d&#8217;organiser le jeu de A \u00e0 Z<\/p>\n\n\n\n<ul class=\"wp-block-list\"><li>Conseils d&#8217;organisation<\/li><li>Calendrier de mise en place<\/li><li>Impression des documents de jeux<\/li><li>R\u00e8gles d&#8217;arbitrage<\/li><li>Etc &#8230;<\/li><\/ul>\n\n\n\n<p>Grace \u00e0 ces documents vous allez devenir le metteur en sc\u00e8ne d&#8217;une apr\u00e8s-midi de Folie<\/p>\n\n\n\n<hr class=\"wp-block-separator has-css-opacity\"\/>\n\n\n\n<h4 class=\"wp-block-heading\">La modularit\u00e9 de Halloween en folie<\/h4>\n\n\n\n<p><strong><span class=\"has-inline-color has-vivid-red-color\">L&#8217;age id\u00e9al conseill\u00e9 est 8-12 ans<\/span><\/strong>, mais notre \u00e9quipe de testeurs uniquement compos\u00e9e d&#8217;adultes a beaucoup appr\u00e9ci\u00e9 l&#8217;activit\u00e9, et les enfants plus jeunes, d\u00e8s qu&#8217;on les aide pour la lecture, se prennent au jeu autant que leurs ain\u00e9s.<\/p>\n\n\n\n<p>Les <strong><span class=\"has-inline-color has-vivid-red-color\">Filles<\/span><\/strong> comme les <strong><span class=\"has-inline-color has-vivid-red-color\">Gar\u00e7ons<\/span><\/strong> deviendront de tr\u00e8s bons monstres de votre f\u00eate de Halloween.<\/p>\n\n\n\n<p>La taille de votre groupe peut s&#8217;\u00e9taler<strong><span class=\"has-inline-color has-vivid-red-color\"> entre 8 et 24 participants<\/span><\/strong>. Notre scenario a \u00e9t\u00e9 savamment calcul\u00e9 pour que les \u00e9nigmes s&#8217;adaptent au nombre des participants. En lisant avec attention les documents de l&#8217;organisateur vous saurez exactement quels fichiers s\u00e9lectionner au lancement de votre partie.<\/p>\n\n\n\n<hr class=\"wp-block-separator has-css-opacity\"\/>\n\n\n\n<h4 class=\"wp-block-heading\">Les objets et les surprises<\/h4>\n\n\n\n<p>Que ce soit pour symboliser la fabrication d&#8217;une potion ou pour partir \u00e0 la recherche d&#8217;un voleur qui a d\u00e9rob\u00e9 leur porte-bonheur, les enfants devront manipuler des cartes repr\u00e9sentant de nombreux <strong><span style=\"color:#0404ff\" class=\"has-inline-color\">artefacts \u00e9tranges<\/span><\/strong> ou des <strong><span style=\"color:#0404ff\" class=\"has-inline-color\">articles peu communs<\/span><\/strong>.<\/p>\n\n\n\n<figure class=\"wp-block-image size-large is-style-default\"><img loading=\"lazy\" decoding=\"async\" width=\"1024\" height=\"205\" src=\"https:\/\/francemurder.com\/wp-content\/uploads\/2021\/04\/Bandeau-dobjets-x8-1024x205.png\" alt=\"\" class=\"wp-image-1022\" srcset=\"https:\/\/francemurder.com\/wp-content\/uploads\/2021\/04\/Bandeau-dobjets-x8-1024x205.png 1024w, https:\/\/francemurder.com\/wp-content\/uploads\/2021\/04\/Bandeau-dobjets-x8-300x60.png 300w, https:\/\/francemurder.com\/wp-content\/uploads\/2021\/04\/Bandeau-dobjets-x8-600x120.png 600w, https:\/\/francemurder.com\/wp-content\/uploads\/2021\/04\/Bandeau-dobjets-x8-768x154.png 768w, https:\/\/francemurder.com\/wp-content\/uploads\/2021\/04\/Bandeau-dobjets-x8.png 1500w\" sizes=\"auto, (max-width: 1024px) 100vw, 1024px\" \/><\/figure>\n\n\n\n<p>Pour les <strong><span class=\"has-inline-color has-vivid-red-color\">surprises <\/span><\/strong>nous vous confirmons qu&#8217;il y en aura &#8230; Mais chut ! &#8230; Nous ne dirons rien pour qu&#8217;elles restent des <strong><span class=\"has-inline-color has-vivid-red-color\">surprises <\/span><\/strong>!<\/p>\n\n\n\n<div class=\"wp-block-buttons is-content-justification-center is-layout-flex wp-container-core-buttons-is-layout-3 wp-block-buttons-is-layout-flex\">\n<div class=\"wp-block-button\"><a class=\"wp-block-button__link has-vivid-red-background-color has-background\" href=\"\" target=\"_blank\" rel=\"noreferrer noopener\"><strong>Acheter 24\u20ac<\/strong><\/a><\/div>\n<\/div>\n\n\n\n<div class=\"wp-block-buttons is-content-justification-center is-layout-flex wp-container-core-buttons-is-layout-4 wp-block-buttons-is-layout-flex\">\n<div class=\"wp-block-button\"><a class=\"wp-block-button__link has-background\" href=\"https:\/\/francemurder.com\/wp-content\/uploads\/2022\/06\/Halloween-en-folie-www.francemurder.com-v.03.06.2022.pdf\" style=\"background-color:#0404ff\" target=\"_blank\" rel=\"noreferrer noopener\">T\u00e9l\u00e9charger le descriptif<\/a><\/div>\n<\/div>\n","protected":false},"excerpt":{"rendered":"<p>Une activit\u00e9 originale pour un groupe de 8 \u00e0 24 enfants 7 jeux en 1 Tous les jeux inclus dans le pack &#8220;Halloween en Folie&#8221; transporteront vos enfants au &#8220;Pays des Monstres&#8221; pour une s\u00e9rie d&#8217;aventures combin\u00e9es : Une chasse aux tr\u00e9sors Une exploration de cimeti\u00e8re Une fabrication de potion La confrontation avec une sorci\u00e8re [&hellip;]<\/p>\n","protected":false},"author":1,"featured_media":0,"parent":0,"menu_order":0,"comment_status":"closed","ping_status":"closed","template":"","meta":{"_glsr_average":0,"_glsr_ranking":0,"_glsr_reviews":0,"footnotes":""},"class_list":["post-973","page","type-page","status-publish","hentry"],"_links":{"self":[{"href":"https:\/\/francemurder.com\/index.php?rest_route=\/wp\/v2\/pages\/973","targetHints":{"allow":["GET"]}}],"collection":[{"href":"https:\/\/francemurder.com\/index.php?rest_route=\/wp\/v2\/pages"}],"about":[{"href":"https:\/\/francemurder.com\/index.php?rest_route=\/wp\/v2\/types\/page"}],"author":[{"embeddable":true,"href":"https:\/\/francemurder.com\/index.php?rest_route=\/wp\/v2\/users\/1"}],"replies":[{"embeddable":true,"href":"https:\/\/francemurder.com\/index.php?rest_route=%2Fwp%2Fv2%2Fcomments&post=973"}],"version-history":[{"count":70,"href":"https:\/\/francemurder.com\/index.php?rest_route=\/wp\/v2\/pages\/973\/revisions"}],"predecessor-version":[{"id":3455,"href":"https:\/\/francemurder.com\/index.php?rest_route=\/wp\/v2\/pages\/973\/revisions\/3455"}],"wp:attachment":[{"href":"https:\/\/francemurder.com\/index.php?rest_route=%2Fwp%2Fv2%2Fmedia&parent=973"}],"curies":[{"name":"wp","href":"https:\/\/api.w.org\/{rel}","templated":true}]}}