{"id":880,"date":"2021-04-08T02:57:38","date_gmt":"2021-04-08T00:57:38","guid":{"rendered":"http:\/\/francemurder.com\/?page_id=880"},"modified":"2023-08-31T10:16:00","modified_gmt":"2023-08-31T08:16:00","slug":"faq-pierre-ciseau-papier","status":"publish","type":"page","link":"https:\/\/francemurder.com\/?page_id=880","title":{"rendered":"FAQ : Pierre-Ciseaux-Papier"},"content":{"rendered":"\n<div class=\"wp-block-media-text alignwide is-stacked-on-mobile\" style=\"grid-template-columns:15% auto\"><figure class=\"wp-block-media-text__media\"><img loading=\"lazy\" decoding=\"async\" width=\"1012\" height=\"1003\" src=\"https:\/\/francemurder.com\/wp-content\/uploads\/2023\/08\/Midjourney-Helper.png\" alt=\"\" class=\"wp-image-3481 size-full\" srcset=\"https:\/\/francemurder.com\/wp-content\/uploads\/2023\/08\/Midjourney-Helper.png 1012w, https:\/\/francemurder.com\/wp-content\/uploads\/2023\/08\/Midjourney-Helper-300x297.png 300w, https:\/\/francemurder.com\/wp-content\/uploads\/2023\/08\/Midjourney-Helper-150x150.png 150w, https:\/\/francemurder.com\/wp-content\/uploads\/2023\/08\/Midjourney-Helper-768x761.png 768w, https:\/\/francemurder.com\/wp-content\/uploads\/2023\/08\/Midjourney-Helper-600x595.png 600w, https:\/\/francemurder.com\/wp-content\/uploads\/2023\/08\/Midjourney-Helper-100x100.png 100w\" sizes=\"auto, (max-width: 1012px) 100vw, 1012px\" \/><\/figure><div class=\"wp-block-media-text__content\">\n<h2 class=\"has-text-align-left wp-block-heading\">FAQ : Pierre &#8211; Ciseaux &#8211; Papier<\/h2>\n<\/div><\/div>\n\n\n\n<hr class=\"wp-block-separator has-css-opacity\"\/>\n\n\n\n<p><br>Connu depuis le Moyen-Age, ce jeu simple mais efficace aidera le Maitre du jeu \u00e0 r\u00e9soudre la plupart des litiges entre les joueurs.<\/p>\n\n\n\n<p>Pour les rares \u00e0 ne pas le connaitre voici son fonctionnement &#8230;<\/p>\n\n\n\n<p>Les deux joueurs choisissent simultan\u00e9ment un des trois coups possibles en le symbolisant de la main :<\/p>\n\n\n<p><\/p>\n<p><\/p><center><img loading=\"lazy\" decoding=\"async\" class=\"aligncenter size-full wp-image-884\" src=\"https:\/\/francemurder.com\/wp-content\/uploads\/2021\/04\/Pierre-Ciseau-Papier.png\" alt=\"\" width=\"334\" height=\"147\" srcset=\"https:\/\/francemurder.com\/wp-content\/uploads\/2021\/04\/Pierre-Ciseau-Papier.png 334w, https:\/\/francemurder.com\/wp-content\/uploads\/2021\/04\/Pierre-Ciseau-Papier-300x132.png 300w\" sizes=\"auto, (max-width: 334px) 100vw, 334px\" \/><\/center><p><\/p>\n\n\n<ul class=\"wp-block-list\"><li>La <strong><span style=\"color:#0404ff\" class=\"has-inline-color\">Pierre<\/span><\/strong> bat les <strong><span class=\"has-inline-color has-vivid-red-color\">Ciseaux<\/span><\/strong> (en les \u00e9moussant)<\/li><li>Le <strong><span style=\"color:#0404ff\" class=\"has-inline-color\">Papier<\/span><\/strong> bat la <strong><span class=\"has-inline-color has-vivid-red-color\">Pierre<\/span><\/strong> (en l&#8217;enveloppant)<\/li><li>Les <strong><span style=\"color:#0404ff\" class=\"has-inline-color\">Ciseaux<\/span><\/strong> battent le <strong><span class=\"has-inline-color has-vivid-red-color\">Papier <\/span><\/strong>(en les d\u00e9coupant)<\/li><\/ul>\n\n\n\n<h2 class=\"wp-block-heading\">Quelques exemples d&#8217;utilisation<\/h2>\n\n\n<p><\/p>\n<p><\/p><center><img loading=\"lazy\" decoding=\"async\" class=\"aligncenter wp-image-888\" src=\"https:\/\/francemurder.com\/wp-content\/uploads\/2021\/04\/DuelFFG-1024x768.jpg\" alt=\"\" width=\"200\" height=\"150\" srcset=\"https:\/\/francemurder.com\/wp-content\/uploads\/2021\/04\/DuelFFG-1024x768.jpg 1024w, https:\/\/francemurder.com\/wp-content\/uploads\/2021\/04\/DuelFFG-300x225.jpg 300w, https:\/\/francemurder.com\/wp-content\/uploads\/2021\/04\/DuelFFG-600x450.jpg 600w, https:\/\/francemurder.com\/wp-content\/uploads\/2021\/04\/DuelFFG-768x576.jpg 768w, https:\/\/francemurder.com\/wp-content\/uploads\/2021\/04\/DuelFFG-1536x1152.jpg 1536w, https:\/\/francemurder.com\/wp-content\/uploads\/2021\/04\/DuelFFG.jpg 2048w\" sizes=\"auto, (max-width: 200px) 100vw, 200px\" \/><\/center><p><\/p>\n\n\n<p><span style=\"text-decoration: underline;\"><strong>Cas 1a<\/strong><\/span> \/ Deux joueurs \u00e9quip\u00e9s de pistolets se sont lanc\u00e9s un duel \u00e0 la mode du Farwest, ils demandent votre arbitrage pour connaitre le <strong><span style=\"color:#0404ff\" class=\"has-inline-color\">r\u00e9sultat du combat<\/span><\/strong> :<\/p>\n\n\n\n<ul class=\"wp-block-list\"><li>Celui qui gagne le Pierre-Ciseaux-Papier est vainqueur<\/li><li>En cas de match nul (m\u00eame tirage) tous les 2 ratent leur cible<\/li><\/ul>\n\n\n\n<p><span style=\"text-decoration: underline;\"><strong>Cas 1b<\/strong><\/span> \/ Pour le joueur perdant du cas pr\u00e9c\u00e9dent, il est possible de d\u00e9terminer la <strong><span class=\"has-inline-color has-vivid-red-color\">gravit\u00e9 de ses blessures<\/span><\/strong> en lui demandant de faire un tirage contre vous.<\/p>\n\n\n\n<ul class=\"wp-block-list\"><li>En cas de Victoire il est l\u00e9g\u00e8rement bless\u00e9<\/li><li>En cas de Nul, il est gravement bless\u00e9<\/li><li>En cas de D\u00e9faite, il est mort &#8230; !<\/li><\/ul>\n\n\n<p><\/p>\n<p><\/p><center><img loading=\"lazy\" decoding=\"async\" class=\"aligncenter size-full wp-image-890\" src=\"https:\/\/francemurder.com\/wp-content\/uploads\/2021\/04\/Cache1FFG.jpg\" alt=\"\" width=\"300\" height=\"150\" srcset=\"https:\/\/francemurder.com\/wp-content\/uploads\/2021\/04\/Cache1FFG.jpg 400w, https:\/\/francemurder.com\/wp-content\/uploads\/2021\/04\/Cache1FFG-300x150.jpg 300w\" sizes=\"auto, (max-width: 300px) 100vw, 300px\" \/><\/center><p><\/p>\n\n\n<p><span style=\"text-decoration: underline;\"><strong>Cas 2a<\/strong><\/span> \/ Un joueur avec la capacit\u00e9 &#8220;Furtivit\u00e9&#8221; et un joueur avec la capacit\u00e9 &#8220;Clairvoyance&#8221; demandent votre arbitrage pour savoir si une<span class=\"has-inline-color has-black-color\"> action faite dans l&#8217;ombre<\/span> a \u00e9t\u00e9 <strong><span style=\"color:#0404ff\" class=\"has-inline-color\">d\u00e9tect\u00e9e<\/span><\/strong>.<\/p>\n\n\n\n<ul class=\"wp-block-list\"><li>Le joueur gagnant du tirage l&#8217;emporte<\/li><li>En cas Nul, le tirage est recommenc\u00e9<\/li><\/ul>\n\n\n\n<p><strong><span style=\"text-decoration: underline;\">Cas 2b<\/span><\/strong> \/ Pour un cas similaire au pr\u00e9c\u00e9dent mais o\u00f9 le joueur avec la &#8220;Furtivit\u00e9&#8221; poss\u00e8de en plus la capacit\u00e9 &#8220;Rapidit\u00e9&#8221; ou &#8220;Intelligence&#8221;, il conviendra de le <strong><span class=\"has-inline-color has-vivid-red-color\">favoriser<\/span><\/strong> dans le tirage<\/p>\n\n\n\n<ul class=\"wp-block-list\"><li>En cas de Nul, il sera consid\u00e9r\u00e9 gagnant<\/li><\/ul>\n\n\n\n<hr class=\"wp-block-separator has-css-opacity\"\/>\n\n\n\n<p><br>Vous le voyez, les possibilit\u00e9s d&#8217;utilisation sont immenses<\/p>\n\n\n\n<p style=\"font-size:22px\"><strong><span class=\"has-inline-color has-vivid-red-color\">A vous d&#8217;inventer les suivantes &#8230;<\/span><\/strong><\/p>\n","protected":false},"excerpt":{"rendered":"<p>FAQ : Pierre &#8211; Ciseaux &#8211; Papier Connu depuis le Moyen-Age, ce jeu simple mais efficace aidera le Maitre du jeu \u00e0 r\u00e9soudre la plupart des litiges entre les joueurs. Pour les rares \u00e0 ne pas le connaitre voici son fonctionnement &#8230; Les deux joueurs choisissent simultan\u00e9ment un des trois coups possibles en le symbolisant [&hellip;]<\/p>\n","protected":false},"author":1,"featured_media":0,"parent":0,"menu_order":0,"comment_status":"closed","ping_status":"closed","template":"","meta":{"_glsr_average":0,"_glsr_ranking":0,"_glsr_reviews":0,"footnotes":""},"class_list":["post-880","page","type-page","status-publish","hentry"],"_links":{"self":[{"href":"https:\/\/francemurder.com\/index.php?rest_route=\/wp\/v2\/pages\/880","targetHints":{"allow":["GET"]}}],"collection":[{"href":"https:\/\/francemurder.com\/index.php?rest_route=\/wp\/v2\/pages"}],"about":[{"href":"https:\/\/francemurder.com\/index.php?rest_route=\/wp\/v2\/types\/page"}],"author":[{"embeddable":true,"href":"https:\/\/francemurder.com\/index.php?rest_route=\/wp\/v2\/users\/1"}],"replies":[{"embeddable":true,"href":"https:\/\/francemurder.com\/index.php?rest_route=%2Fwp%2Fv2%2Fcomments&post=880"}],"version-history":[{"count":13,"href":"https:\/\/francemurder.com\/index.php?rest_route=\/wp\/v2\/pages\/880\/revisions"}],"predecessor-version":[{"id":3516,"href":"https:\/\/francemurder.com\/index.php?rest_route=\/wp\/v2\/pages\/880\/revisions\/3516"}],"wp:attachment":[{"href":"https:\/\/francemurder.com\/index.php?rest_route=%2Fwp%2Fv2%2Fmedia&parent=880"}],"curies":[{"name":"wp","href":"https:\/\/api.w.org\/{rel}","templated":true}]}}