{"id":8085,"date":"2026-02-25T11:30:32","date_gmt":"2026-02-25T10:30:32","guid":{"rendered":"https:\/\/francemurder.com\/?page_id=8085"},"modified":"2026-02-25T12:23:30","modified_gmt":"2026-02-25T11:23:30","slug":"jeux-speciaux","status":"publish","type":"page","link":"https:\/\/francemurder.com\/?page_id=8085","title":{"rendered":"Jeux sp\u00e9ciaux"},"content":{"rendered":"\n<h2 class=\"wp-block-heading has-text-align-center\">D\u00e9couvrez nos jeux sp\u00e9ciaux proches des Murder-Parties<\/h2>\n\n\n<p><center><img loading=\"lazy\" decoding=\"async\" class=\"aligncenter wp-image-6111 size-full\" src=\"https:\/\/francemurder.com\/wp-content\/uploads\/2025\/02\/visuels_depart_Jeux_speciaux-V2-261x300-1.jpg\" alt=\"\" width=\"261\" height=\"300\" \/><\/center><\/p>\n\n\n<hr class=\"wp-block-separator has-css-opacity\"\/>\n\n\n\n<p class=\"has-text-align-center has-medium-font-size\"><strong><mark style=\"background-color:rgba(0, 0, 0, 0)\" class=\"has-inline-color has-vivid-red-color\">Tous nos jeux sont<\/mark><\/strong><strong><mark style=\"background-color:rgba(0, 0, 0, 0)\" class=\"has-inline-color has-vivid-red-color\"> livr\u00e9s avec un manuel de l&#8217;organisateur<\/mark><\/strong><\/p>\n\n\n\n<hr class=\"wp-block-separator has-css-opacity\"\/>\n\n\n\n<div class=\"wp-block-columns is-layout-flex wp-container-core-columns-is-layout-1 wp-block-columns-is-layout-flex\">\n<div class=\"wp-block-column is-layout-flow wp-block-column-is-layout-flow\"><\/div>\n\n\n\n<div class=\"wp-block-column is-layout-flow wp-block-column-is-layout-flow\"><\/div>\n\n\n\n<div class=\"wp-block-column is-layout-flow wp-block-column-is-layout-flow\"><\/div>\n<\/div>\n\n\n\n<div class=\"wp-block-columns is-layout-flex wp-container-core-columns-is-layout-2 wp-block-columns-is-layout-flex\">\n<div class=\"wp-block-column is-layout-flow wp-block-column-is-layout-flow\"><div class=\"wp-block-image\">\n<figure class=\"aligncenter size-full\"><img loading=\"lazy\" decoding=\"async\" width=\"132\" height=\"124\" src=\"https:\/\/francemurder.com\/wp-content\/uploads\/2026\/02\/Initiation.jpg\" alt=\"\" class=\"wp-image-8102\"\/><\/figure><\/div>\n\n\n<figure class=\"wp-block-image size-full\"><a href=\"https:\/\/francemurder.com\/?page_id=7931\"><img loading=\"lazy\" decoding=\"async\" width=\"600\" height=\"600\" src=\"https:\/\/francemurder.com\/wp-content\/uploads\/2026\/02\/LSV-Carre.jpg\" alt=\"\" class=\"wp-image-8088\" style=\"aspect-ratio:1;object-fit:cover\" srcset=\"https:\/\/francemurder.com\/wp-content\/uploads\/2026\/02\/LSV-Carre.jpg 600w, https:\/\/francemurder.com\/wp-content\/uploads\/2026\/02\/LSV-Carre-300x300.jpg 300w, https:\/\/francemurder.com\/wp-content\/uploads\/2026\/02\/LSV-Carre-150x150.jpg 150w, https:\/\/francemurder.com\/wp-content\/uploads\/2026\/02\/LSV-Carre-100x100.jpg 100w\" sizes=\"auto, (max-width: 600px) 100vw, 600px\" \/><\/a><\/figure>\n\n\n\n<hr class=\"wp-block-separator has-alpha-channel-opacity\"\/>\n\n\n\n<figure class=\"wp-block-image size-full\"><a href=\"https:\/\/francemurder.com\/?page_id=6241\"><img loading=\"lazy\" decoding=\"async\" width=\"900\" height=\"900\" src=\"https:\/\/francemurder.com\/wp-content\/uploads\/2026\/02\/REJ-Carre.jpg\" alt=\"\" class=\"wp-image-8089\" style=\"aspect-ratio:1;object-fit:cover\" srcset=\"https:\/\/francemurder.com\/wp-content\/uploads\/2026\/02\/REJ-Carre.jpg 900w, https:\/\/francemurder.com\/wp-content\/uploads\/2026\/02\/REJ-Carre-300x300.jpg 300w, https:\/\/francemurder.com\/wp-content\/uploads\/2026\/02\/REJ-Carre-150x150.jpg 150w, https:\/\/francemurder.com\/wp-content\/uploads\/2026\/02\/REJ-Carre-768x768.jpg 768w, https:\/\/francemurder.com\/wp-content\/uploads\/2026\/02\/REJ-Carre-600x600.jpg 600w, https:\/\/francemurder.com\/wp-content\/uploads\/2026\/02\/REJ-Carre-100x100.jpg 100w\" sizes=\"auto, (max-width: 900px) 100vw, 900px\" \/><\/a><\/figure>\n<\/div>\n\n\n\n<div class=\"wp-block-column is-layout-flow wp-block-column-is-layout-flow\"><div class=\"wp-block-image\">\n<figure class=\"aligncenter size-full\"><img loading=\"lazy\" decoding=\"async\" width=\"134\" height=\"124\" src=\"https:\/\/francemurder.com\/wp-content\/uploads\/2026\/02\/Mixte.jpg\" alt=\"\" class=\"wp-image-8104\"\/><\/figure><\/div>\n\n\n<figure class=\"wp-block-image size-full\"><a href=\"https:\/\/francemurder.com\/?page_id=7807\"><img loading=\"lazy\" decoding=\"async\" width=\"600\" height=\"600\" src=\"https:\/\/francemurder.com\/wp-content\/uploads\/2026\/02\/MJU-Carre.jpg\" alt=\"\" class=\"wp-image-8091\" srcset=\"https:\/\/francemurder.com\/wp-content\/uploads\/2026\/02\/MJU-Carre.jpg 600w, https:\/\/francemurder.com\/wp-content\/uploads\/2026\/02\/MJU-Carre-300x300.jpg 300w, https:\/\/francemurder.com\/wp-content\/uploads\/2026\/02\/MJU-Carre-150x150.jpg 150w, https:\/\/francemurder.com\/wp-content\/uploads\/2026\/02\/MJU-Carre-100x100.jpg 100w\" sizes=\"auto, (max-width: 600px) 100vw, 600px\" \/><\/a><\/figure>\n\n\n\n<hr class=\"wp-block-separator has-alpha-channel-opacity\"\/>\n\n\n\n<figure class=\"wp-block-image size-full\"><a href=\"https:\/\/francemurder.com\/?product=meurtre-muscats-acces-reserve\"><img loading=\"lazy\" decoding=\"async\" width=\"900\" height=\"900\" src=\"https:\/\/francemurder.com\/wp-content\/uploads\/2026\/02\/MM-Carre.png\" alt=\"\" class=\"wp-image-8092\" srcset=\"https:\/\/francemurder.com\/wp-content\/uploads\/2026\/02\/MM-Carre.png 900w, https:\/\/francemurder.com\/wp-content\/uploads\/2026\/02\/MM-Carre-300x300.png 300w, https:\/\/francemurder.com\/wp-content\/uploads\/2026\/02\/MM-Carre-150x150.png 150w, https:\/\/francemurder.com\/wp-content\/uploads\/2026\/02\/MM-Carre-768x768.png 768w, https:\/\/francemurder.com\/wp-content\/uploads\/2026\/02\/MM-Carre-600x600.png 600w, https:\/\/francemurder.com\/wp-content\/uploads\/2026\/02\/MM-Carre-100x100.png 100w\" sizes=\"auto, (max-width: 900px) 100vw, 900px\" \/><\/a><\/figure>\n<\/div>\n\n\n\n<div class=\"wp-block-column is-layout-flow wp-block-column-is-layout-flow\"><div class=\"wp-block-image\">\n<figure class=\"aligncenter size-full\"><img loading=\"lazy\" decoding=\"async\" width=\"134\" height=\"124\" src=\"https:\/\/francemurder.com\/wp-content\/uploads\/2026\/02\/Equipes.jpg\" alt=\"\" class=\"wp-image-8105\"\/><\/figure><\/div>\n\n\n<figure class=\"wp-block-image size-full\"><a href=\"https:\/\/francemurder.com\/?page_id=6826\"><img loading=\"lazy\" decoding=\"async\" width=\"600\" height=\"600\" src=\"https:\/\/francemurder.com\/wp-content\/uploads\/2026\/02\/VCS-Carre-a.jpg\" alt=\"\" class=\"wp-image-8093\" srcset=\"https:\/\/francemurder.com\/wp-content\/uploads\/2026\/02\/VCS-Carre-a.jpg 600w, https:\/\/francemurder.com\/wp-content\/uploads\/2026\/02\/VCS-Carre-a-300x300.jpg 300w, https:\/\/francemurder.com\/wp-content\/uploads\/2026\/02\/VCS-Carre-a-150x150.jpg 150w, https:\/\/francemurder.com\/wp-content\/uploads\/2026\/02\/VCS-Carre-a-100x100.jpg 100w\" sizes=\"auto, (max-width: 600px) 100vw, 600px\" \/><\/a><\/figure>\n\n\n\n<hr class=\"wp-block-separator has-alpha-channel-opacity\"\/>\n\n\n\n<figure class=\"wp-block-image size-full\"><a href=\"https:\/\/francemurder.com\/?page_id=4873\"><img loading=\"lazy\" decoding=\"async\" width=\"900\" height=\"900\" src=\"https:\/\/francemurder.com\/wp-content\/uploads\/2026\/02\/M120-Carre-sans-jeu-denquete.png\" alt=\"\" class=\"wp-image-8095\" srcset=\"https:\/\/francemurder.com\/wp-content\/uploads\/2026\/02\/M120-Carre-sans-jeu-denquete.png 900w, https:\/\/francemurder.com\/wp-content\/uploads\/2026\/02\/M120-Carre-sans-jeu-denquete-300x300.png 300w, https:\/\/francemurder.com\/wp-content\/uploads\/2026\/02\/M120-Carre-sans-jeu-denquete-150x150.png 150w, https:\/\/francemurder.com\/wp-content\/uploads\/2026\/02\/M120-Carre-sans-jeu-denquete-768x768.png 768w, https:\/\/francemurder.com\/wp-content\/uploads\/2026\/02\/M120-Carre-sans-jeu-denquete-600x600.png 600w, https:\/\/francemurder.com\/wp-content\/uploads\/2026\/02\/M120-Carre-sans-jeu-denquete-100x100.png 100w\" sizes=\"auto, (max-width: 900px) 100vw, 900px\" \/><\/a><\/figure>\n<\/div>\n\n\n\n<div class=\"wp-block-column is-layout-flow wp-block-column-is-layout-flow\"><div class=\"wp-block-image\">\n<figure class=\"aligncenter size-full\"><img loading=\"lazy\" decoding=\"async\" width=\"134\" height=\"124\" src=\"https:\/\/francemurder.com\/wp-content\/uploads\/2026\/02\/Enfants.jpg\" alt=\"\" class=\"wp-image-8106\"\/><\/figure><\/div>\n\n\n<figure class=\"wp-block-image size-full\"><a href=\"https:\/\/francemurder.com\/?page_id=973\"><img loading=\"lazy\" decoding=\"async\" width=\"900\" height=\"900\" src=\"https:\/\/francemurder.com\/wp-content\/uploads\/2026\/02\/HF-Carre-sans-age.jpg\" alt=\"\" class=\"wp-image-8086\" srcset=\"https:\/\/francemurder.com\/wp-content\/uploads\/2026\/02\/HF-Carre-sans-age.jpg 900w, https:\/\/francemurder.com\/wp-content\/uploads\/2026\/02\/HF-Carre-sans-age-300x300.jpg 300w, https:\/\/francemurder.com\/wp-content\/uploads\/2026\/02\/HF-Carre-sans-age-150x150.jpg 150w, https:\/\/francemurder.com\/wp-content\/uploads\/2026\/02\/HF-Carre-sans-age-768x768.jpg 768w, https:\/\/francemurder.com\/wp-content\/uploads\/2026\/02\/HF-Carre-sans-age-600x600.jpg 600w, https:\/\/francemurder.com\/wp-content\/uploads\/2026\/02\/HF-Carre-sans-age-100x100.jpg 100w\" sizes=\"auto, (max-width: 900px) 100vw, 900px\" \/><\/a><\/figure>\n\n\n\n<hr class=\"wp-block-separator has-alpha-channel-opacity\"\/>\n\n\n\n<figure class=\"wp-block-image size-full\"><a href=\"https:\/\/francemurder.com\/?page_id=1059\"><img loading=\"lazy\" decoding=\"async\" width=\"900\" height=\"900\" src=\"https:\/\/francemurder.com\/wp-content\/uploads\/2026\/02\/PK-Carre.jpg\" alt=\"\" class=\"wp-image-8087\" srcset=\"https:\/\/francemurder.com\/wp-content\/uploads\/2026\/02\/PK-Carre.jpg 900w, https:\/\/francemurder.com\/wp-content\/uploads\/2026\/02\/PK-Carre-300x300.jpg 300w, https:\/\/francemurder.com\/wp-content\/uploads\/2026\/02\/PK-Carre-150x150.jpg 150w, https:\/\/francemurder.com\/wp-content\/uploads\/2026\/02\/PK-Carre-768x768.jpg 768w, https:\/\/francemurder.com\/wp-content\/uploads\/2026\/02\/PK-Carre-600x600.jpg 600w, https:\/\/francemurder.com\/wp-content\/uploads\/2026\/02\/PK-Carre-100x100.jpg 100w\" sizes=\"auto, (max-width: 900px) 100vw, 900px\" \/><\/a><\/figure>\n<\/div>\n<\/div>\n","protected":false},"excerpt":{"rendered":"<p>D\u00e9couvrez nos jeux sp\u00e9ciaux proches des Murder-Parties Tous nos jeux sont livr\u00e9s avec un manuel de l&#8217;organisateur<\/p>\n","protected":false},"author":1,"featured_media":0,"parent":0,"menu_order":0,"comment_status":"closed","ping_status":"closed","template":"","meta":{"_glsr_average":0,"_glsr_ranking":0,"_glsr_reviews":0,"footnotes":""},"class_list":["post-8085","page","type-page","status-publish","hentry"],"_links":{"self":[{"href":"https:\/\/francemurder.com\/index.php?rest_route=\/wp\/v2\/pages\/8085","targetHints":{"allow":["GET"]}}],"collection":[{"href":"https:\/\/francemurder.com\/index.php?rest_route=\/wp\/v2\/pages"}],"about":[{"href":"https:\/\/francemurder.com\/index.php?rest_route=\/wp\/v2\/types\/page"}],"author":[{"embeddable":true,"href":"https:\/\/francemurder.com\/index.php?rest_route=\/wp\/v2\/users\/1"}],"replies":[{"embeddable":true,"href":"https:\/\/francemurder.com\/index.php?rest_route=%2Fwp%2Fv2%2Fcomments&post=8085"}],"version-history":[{"count":8,"href":"https:\/\/francemurder.com\/index.php?rest_route=\/wp\/v2\/pages\/8085\/revisions"}],"predecessor-version":[{"id":8113,"href":"https:\/\/francemurder.com\/index.php?rest_route=\/wp\/v2\/pages\/8085\/revisions\/8113"}],"wp:attachment":[{"href":"https:\/\/francemurder.com\/index.php?rest_route=%2Fwp%2Fv2%2Fmedia&parent=8085"}],"curies":[{"name":"wp","href":"https:\/\/api.w.org\/{rel}","templated":true}]}}