{"id":7302,"date":"2025-11-10T15:12:41","date_gmt":"2025-11-10T14:12:41","guid":{"rendered":"https:\/\/francemurder.com\/?page_id=7302"},"modified":"2026-04-07T21:00:44","modified_gmt":"2026-04-07T19:00:44","slug":"les-dieux-de-lolympe","status":"publish","type":"page","link":"https:\/\/francemurder.com\/?page_id=7302","title":{"rendered":"Trag\u00e9die sur Broadway"},"content":{"rendered":"\n<h1 class=\"wp-block-heading has-text-align-center\">Trag\u00e9die sur Broadway<\/h1>\n\n\n\n<h3 class=\"wp-block-heading\"><mark style=\"background-color:rgba(0, 0, 0, 0)\" class=\"has-inline-color has-white-color\">(Niv. D\u00e9butants)<\/mark><\/h3>\n\n\n\n<figure class=\"wp-block-image size-full\"><img loading=\"lazy\" decoding=\"async\" width=\"1024\" height=\"455\" src=\"https:\/\/francemurder.com\/wp-content\/uploads\/2025\/12\/TSB-Fiche-Techn.jpg\" alt=\"\" class=\"wp-image-7656\" srcset=\"https:\/\/francemurder.com\/wp-content\/uploads\/2025\/12\/TSB-Fiche-Techn.jpg 1024w, https:\/\/francemurder.com\/wp-content\/uploads\/2025\/12\/TSB-Fiche-Techn-300x133.jpg 300w, https:\/\/francemurder.com\/wp-content\/uploads\/2025\/12\/TSB-Fiche-Techn-768x341.jpg 768w, https:\/\/francemurder.com\/wp-content\/uploads\/2025\/12\/TSB-Fiche-Techn-600x267.jpg 600w\" sizes=\"auto, (max-width: 1024px) 100vw, 1024px\" \/><\/figure>\n\n\n\n<div class=\"wp-block-columns is-layout-flex wp-container-core-columns-is-layout-1 wp-block-columns-is-layout-flex\">\n<div class=\"wp-block-column is-layout-flow wp-block-column-is-layout-flow\">\n<div class=\"wp-block-buttons is-content-justification-center is-layout-flex wp-container-core-buttons-is-layout-1 wp-block-buttons-is-layout-flex\">\n<div class=\"wp-block-button\"><a class=\"wp-block-button__link has-white-color has-text-color has-background has-text-align-center wp-element-button\" href=\"https:\/\/francemurder.com\/?product=tragedie-sur-broadway\" style=\"background-color:#ff0000\" target=\"_blank\" rel=\"noreferrer noopener\">Acheter 24\u20ac<\/a><\/div>\n\n\n\n<div class=\"wp-block-button\"><a class=\"wp-block-button__link has-white-color has-text-color has-background wp-element-button\" href=\"https:\/\/francemurder.com\/wp-content\/uploads\/2025\/12\/TSB-Tragedie-sur-Broadway-www.francemurder.com-v.4.21.12.2023.pdf\" style=\"background-color:#0404ff\" target=\"_blank\" rel=\"noreferrer noopener\">T\u00e9l\u00e9charger le descriptif<\/a><\/div>\n<\/div>\n\n\n\n<p><\/p>\n<\/div>\n<\/div>\n\n\n\n<h4 class=\"wp-block-heading\">Le Sc\u00e9nario du jeu <em>Trag\u00e9die sur Broadway<\/em><\/h4>\n\n\n\n<p class=\"has-text-align-left\" style=\"font-size:15px\"><br><\/p>\n\n\n\n<p>Nous sommes en 1947. Vous vous trouvez au <em>Arlington Theater<\/em>, une des nombreuses salles de spectacle de Broadway. Le \u00ab&nbsp;Tout New-York&nbsp;\u00bb s\u2019est d\u00e9plac\u00e9 pour assister \u00e0 la grande premi\u00e8re de la com\u00e9die musicale \u00ab&nbsp;Les Dieux de l\u2019Olympe&nbsp;\u00bb.<\/p>\n\n\n\n<p>Le Mayor La Garner, pr\u00e9side la soir\u00e9e en compagnie de son \u00e9pouse. R\u00e9cemment \u00e9lu maire de la ville phare de la C\u00f4te Est des \u00c9tats-Unis, il a d\u00e9fray\u00e9 la chronique en prenant de nombreuses mesures contre la Mafia qui gangr\u00e8ne le pays au sortir de la Deuxi\u00e8me Guerre Mondiale. Celles-ci sont \u00e9galement assorties de repr\u00e9sailles contre tous ses concitoyens tent\u00e9s par le Communisme&#8230;<\/p>\n\n\n\n<p>Alors que tout le public est venu pour se divertir dans un contexte pesant o\u00f9 un terroriste se faisant appeler le \u00ab&nbsp;Theater Bomber&nbsp;\u00bb a d\u00e9j\u00e0 fait exploser plusieurs engins destructeurs dans des salles voisines, un \u00e9v\u00e8nement inattendu vient semer l\u2019inqui\u00e9tude g\u00e9n\u00e9rale.<\/p>\n\n\n\n<p>Le rideau rouge vient brutalement de s\u2019abaisser au beau milieu de la premi\u00e8re sc\u00e8ne&nbsp;!<\/p>\n\n\n\n<p class=\"has-text-align-right\"><\/p>\n\n\n\n<p class=\"has-text-align-right\" style=\"font-size:17px\"><\/p>\n\n\n\n<h4 class=\"wp-block-heading\">Le Casting du jeu <em><em><em>Trag\u00e9die sur Broadway<\/em><\/em><\/em><\/h4>\n\n\n\n<p><br><strong>Le staff du Arlington Theater<\/strong><\/p>\n\n\n\n<ul class=\"wp-block-list\">\n<li>Aneta Andersen&nbsp;: Choregraphe<\/li>\n\n\n\n<li>Bruno Lombardi&nbsp;: Eclairagiste<\/li>\n\n\n\n<li>Dorothy Sadler&nbsp;: La d\u00e9esse H\u00e9ra<\/li>\n\n\n\n<li>Ginger Robert : La doublure<\/li>\n\n\n\n<li>Harold Finley : Le dieu Had\u00e8s<\/li>\n\n\n\n<li>Jordana Lutrinova : R\u00e9gisseuse<\/li>\n\n\n\n<li>Lana Johnson : La d\u00e9esse Aphrodite<\/li>\n\n\n\n<li>Olivia Dalton : La productrice<\/li>\n\n\n\n<li>Pat Waddle : Auteur de la pi\u00e8ce<\/li>\n\n\n\n<li>Scrappy Baker : Le propri\u00e9taire de la salle<br><\/li>\n<\/ul>\n\n\n\n<p><strong>Les invit\u00e9s<\/strong><\/p>\n\n\n\n<ul class=\"wp-block-list\">\n<li>Franco Torrio : Spectateur<\/li>\n\n\n\n<li>Logan Randolph : D\u00e9tective<\/li>\n\n\n\n<li>Mayor La Garner : Maire de New-York<\/li>\n\n\n\n<li>Taylor Higgins : Journaliste<\/li>\n<\/ul>\n\n\n\n<h4 class=\"wp-block-heading\"><br><strong>Comment fonctionne<\/strong><em> <em>Trag\u00e9die sur Broadway<\/em><\/em> ?<\/h4>\n\n\n\n<p><br>Le jeu <strong><em><em>Trag\u00e9die sur Broadway<\/em><\/em><\/strong> a \u00e9t\u00e9 con\u00e7u pour 10 \u00e0 14 joueurs. Une personne additionnelle (l\u2019h\u00f4te) doit coordonner et organiser (h\u00e9berger) le jeu. Cette personne sera aux yeux de tous un arbitre neutre et impartial. Son r\u00f4le sera de faciliter la partie en connaissant tous ses rouages. Sa mission sera donc parall\u00e8le \u00e0 l\u2019activit\u00e9 ludique mais elle n\u2019en sera pas moins int\u00e9ressante, tous nos joueurs le confirment.<\/p>\n\n\n\n<p><em><strong><strong><em><em>Trag\u00e9die sur Broadway<\/em><\/em><\/strong><\/strong><\/em> dure en g\u00e9n\u00e9ral environ 2<sup>H<\/sup>30. Les participants sont regroup\u00e9s dans une grande pi\u00e8ce commune o\u00f9 ils peuvent jouer tout en partageant un repas de style \u2018<em>Buffet<\/em>\u2019<\/p>\n\n\n\n<h4 class=\"wp-block-heading\"><strong>Qu&#8217;est-ce qui se passe dans<\/strong><em> <em>Trag\u00e9die sur Broadway<\/em><\/em> ?<\/h4>\n\n\n\n<p><br>D\u2019apr\u00e8s le scenario, les personnages sont regroup\u00e9s dans les coulisses d&#8217;une salle de spectacle, et tentent d&#8217;identifier les raisons de plusieurs \u00e9v\u00e8nements troublants (mort d&#8217;un des acteurs, d\u00e9couverte d&#8217;une bombe artisanale, suspicions de trafics divers, etc&#8230;) cependant chacun aura une mani\u00e8re personnelle de les r\u00e9soudre sous la forme de 4 missions d\u00e9crites par sa feuille de personnage. Outre leur sens naturel de la diplomatie et de la persuasion les joueurs auront pour les aider 3 capacit\u00e9s &#8220;sp\u00e9ciales&#8221; ainsi qu&#8217;un indice de d\u00e9part personnalis\u00e9.<\/p>\n\n\n\n<h4 class=\"wp-block-heading\"><strong>Quelques \u00e9l\u00e9ments du jeu <em><em>Trag\u00e9die sur Broadway<\/em><\/em><\/strong><em> <\/em>?<\/h4>\n\n\n\n<div class=\"wp-block-columns is-layout-flex wp-container-core-columns-is-layout-2 wp-block-columns-is-layout-flex\">\n<div class=\"wp-block-column is-layout-flow wp-block-column-is-layout-flow\">\n<figure class=\"wp-block-image size-large\"><a href=\"https:\/\/francemurder.com\/wp-content\/uploads\/2025\/12\/LDO-La-Gazette-de-Broadway.jpg\"><img loading=\"lazy\" decoding=\"async\" width=\"724\" height=\"1024\" src=\"https:\/\/francemurder.com\/wp-content\/uploads\/2025\/12\/LDO-La-Gazette-de-Broadway-724x1024.jpg\" alt=\"\" class=\"wp-image-7484\" srcset=\"https:\/\/francemurder.com\/wp-content\/uploads\/2025\/12\/LDO-La-Gazette-de-Broadway-724x1024.jpg 724w, https:\/\/francemurder.com\/wp-content\/uploads\/2025\/12\/LDO-La-Gazette-de-Broadway-212x300.jpg 212w, https:\/\/francemurder.com\/wp-content\/uploads\/2025\/12\/LDO-La-Gazette-de-Broadway-768x1086.jpg 768w, https:\/\/francemurder.com\/wp-content\/uploads\/2025\/12\/LDO-La-Gazette-de-Broadway-1086x1536.jpg 1086w, https:\/\/francemurder.com\/wp-content\/uploads\/2025\/12\/LDO-La-Gazette-de-Broadway-300x424.jpg 300w, https:\/\/francemurder.com\/wp-content\/uploads\/2025\/12\/LDO-La-Gazette-de-Broadway-600x849.jpg 600w, https:\/\/francemurder.com\/wp-content\/uploads\/2025\/12\/LDO-La-Gazette-de-Broadway.jpg 1414w\" sizes=\"auto, (max-width: 724px) 100vw, 724px\" \/><\/a><\/figure>\n<\/div>\n\n\n\n<div class=\"wp-block-column is-layout-flow wp-block-column-is-layout-flow\">\n<p><br>Un <mark style=\"background-color:rgba(0, 0, 0, 0);color:#0404ff\" class=\"has-inline-color\"><strong>extrait du journal<\/strong><\/mark> de New-York que les joueurs ne manqueront pas d&#8217;\u00e9tudier !<\/p>\n\n\n\n<hr class=\"wp-block-separator has-css-opacity\"\/>\n\n\n\n<p>Ainsi que la <strong><span style=\"color:#0404ff\" class=\"has-inline-color\">comp\u00e9tence &#8220;Sp\u00e9ciale&#8221;<\/span><\/strong> d&#8217;un des joueurs, lui donnant un pouvoir de persuasion.<\/p>\n\n\n\n<div class=\"wp-block-group\"><div class=\"wp-block-group__inner-container is-layout-flow wp-block-group-is-layout-flow\">\n<figure class=\"wp-block-image size-large\"><img loading=\"lazy\" decoding=\"async\" width=\"546\" height=\"219\" src=\"https:\/\/francemurder.com\/wp-content\/uploads\/2021\/04\/RM_Exemple-Competence.png\" alt=\"\" class=\"wp-image-750\" srcset=\"https:\/\/francemurder.com\/wp-content\/uploads\/2021\/04\/RM_Exemple-Competence.png 546w, https:\/\/francemurder.com\/wp-content\/uploads\/2021\/04\/RM_Exemple-Competence-300x120.png 300w\" sizes=\"auto, (max-width: 546px) 100vw, 546px\" \/><\/figure>\n\n\n\n<p>et celle d&#8217;un de ses adversaires &#8230;<\/p>\n\n\n\n<figure class=\"wp-block-image size-large\"><img loading=\"lazy\" decoding=\"async\" width=\"1024\" height=\"450\" src=\"https:\/\/francemurder.com\/wp-content\/uploads\/2023\/08\/Observation-1024x450.jpg\" alt=\"\" class=\"wp-image-3237\" srcset=\"https:\/\/francemurder.com\/wp-content\/uploads\/2023\/08\/Observation-1024x450.jpg 1024w, https:\/\/francemurder.com\/wp-content\/uploads\/2023\/08\/Observation-300x132.jpg 300w, https:\/\/francemurder.com\/wp-content\/uploads\/2023\/08\/Observation-768x338.jpg 768w, https:\/\/francemurder.com\/wp-content\/uploads\/2023\/08\/Observation-600x264.jpg 600w, https:\/\/francemurder.com\/wp-content\/uploads\/2023\/08\/Observation.jpg 1035w\" sizes=\"auto, (max-width: 1024px) 100vw, 1024px\" \/><\/figure>\n<\/div><\/div>\n<\/div>\n<\/div>\n\n\n\n<div class=\"wp-block-buttons is-content-justification-center is-layout-flex wp-container-core-buttons-is-layout-2 wp-block-buttons-is-layout-flex\">\n<div class=\"wp-block-button\"><a class=\"wp-block-button__link has-white-color has-text-color has-background wp-element-button\" href=\"https:\/\/francemurder.com\/?product=tragedie-sur-broadway\" style=\"background-color:#ff0000\" target=\"_blank\" rel=\"noreferrer noopener\">Acheter 24\u20ac<\/a><\/div>\n\n\n\n<div class=\"wp-block-button\"><a class=\"wp-block-button__link has-white-color has-text-color has-background wp-element-button\" href=\"https:\/\/francemurder.com\/wp-content\/uploads\/2025\/12\/TSB-Tragedie-sur-Broadway-www.francemurder.com-v.4.21.12.2023.pdf\" style=\"background-color:#0404ff\" target=\"_blank\" rel=\"noreferrer noopener\">T\u00e9l\u00e9charger le descriptif<\/a><\/div>\n<\/div>\n\n\n\n<h4 class=\"wp-block-heading\"><br><mark style=\"background-color:rgba(0, 0, 0, 0)\" class=\"has-inline-color has-white-color\">.<\/mark><\/h4>\n\n\n\n<p><\/p>\n","protected":false},"excerpt":{"rendered":"<p>Trag\u00e9die sur Broadway (Niv. D\u00e9butants) Le Sc\u00e9nario du jeu Trag\u00e9die sur Broadway Nous sommes en 1947. Vous vous trouvez au Arlington Theater, une des nombreuses salles de spectacle de Broadway. Le \u00ab&nbsp;Tout New-York&nbsp;\u00bb s\u2019est d\u00e9plac\u00e9 pour assister \u00e0 la grande premi\u00e8re de la com\u00e9die musicale \u00ab&nbsp;Les Dieux de l\u2019Olympe&nbsp;\u00bb. Le Mayor La Garner, pr\u00e9side la [&hellip;]<\/p>\n","protected":false},"author":1,"featured_media":0,"parent":0,"menu_order":0,"comment_status":"closed","ping_status":"closed","template":"","meta":{"_glsr_average":0,"_glsr_ranking":0,"_glsr_reviews":0,"footnotes":""},"class_list":["post-7302","page","type-page","status-publish","hentry"],"_links":{"self":[{"href":"https:\/\/francemurder.com\/index.php?rest_route=\/wp\/v2\/pages\/7302","targetHints":{"allow":["GET"]}}],"collection":[{"href":"https:\/\/francemurder.com\/index.php?rest_route=\/wp\/v2\/pages"}],"about":[{"href":"https:\/\/francemurder.com\/index.php?rest_route=\/wp\/v2\/types\/page"}],"author":[{"embeddable":true,"href":"https:\/\/francemurder.com\/index.php?rest_route=\/wp\/v2\/users\/1"}],"replies":[{"embeddable":true,"href":"https:\/\/francemurder.com\/index.php?rest_route=%2Fwp%2Fv2%2Fcomments&post=7302"}],"version-history":[{"count":19,"href":"https:\/\/francemurder.com\/index.php?rest_route=\/wp\/v2\/pages\/7302\/revisions"}],"predecessor-version":[{"id":8285,"href":"https:\/\/francemurder.com\/index.php?rest_route=\/wp\/v2\/pages\/7302\/revisions\/8285"}],"wp:attachment":[{"href":"https:\/\/francemurder.com\/index.php?rest_route=%2Fwp%2Fv2%2Fmedia&parent=7302"}],"curies":[{"name":"wp","href":"https:\/\/api.w.org\/{rel}","templated":true}]}}