{"id":707,"date":"2021-04-03T15:03:28","date_gmt":"2021-04-03T13:03:28","guid":{"rendered":"http:\/\/francemurder.com\/?page_id=707"},"modified":"2023-08-28T16:40:51","modified_gmt":"2023-08-28T14:40:51","slug":"reunion-mortelle-video","status":"publish","type":"page","link":"https:\/\/francemurder.com\/?page_id=707","title":{"rendered":"R\u00e9union Mortelle"},"content":{"rendered":"\n<h1 class=\"wp-block-heading\">R\u00e9union Mortelle<\/h1>\n\n\n\n<h3 class=\"wp-block-heading\"><\/h3>\n\n\n\n<figure class=\"wp-block-image size-large\"><img loading=\"lazy\" decoding=\"async\" width=\"1024\" height=\"455\" src=\"https:\/\/francemurder.com\/wp-content\/uploads\/2023\/08\/FT-Reunion-Mortelle-1-1024x455.png\" alt=\"\" class=\"wp-image-3392\" srcset=\"https:\/\/francemurder.com\/wp-content\/uploads\/2023\/08\/FT-Reunion-Mortelle-1-1024x455.png 1024w, https:\/\/francemurder.com\/wp-content\/uploads\/2023\/08\/FT-Reunion-Mortelle-1-300x133.png 300w, https:\/\/francemurder.com\/wp-content\/uploads\/2023\/08\/FT-Reunion-Mortelle-1-768x341.png 768w, https:\/\/francemurder.com\/wp-content\/uploads\/2023\/08\/FT-Reunion-Mortelle-1-1536x682.png 1536w, https:\/\/francemurder.com\/wp-content\/uploads\/2023\/08\/FT-Reunion-Mortelle-1-600x266.png 600w, https:\/\/francemurder.com\/wp-content\/uploads\/2023\/08\/FT-Reunion-Mortelle-1.png 2048w\" sizes=\"auto, (max-width: 1024px) 100vw, 1024px\" \/><\/figure>\n\n\n\n<div class=\"wp-block-columns is-layout-flex wp-container-core-columns-is-layout-1 wp-block-columns-is-layout-flex\">\n<div class=\"wp-block-column is-layout-flow wp-block-column-is-layout-flow\">\n<div class=\"wp-block-buttons is-layout-flex wp-block-buttons-is-layout-flex\">\n<div class=\"wp-block-button\"><a class=\"wp-block-button__link has-white-color has-text-color has-background\" href=\"https:\/\/francemurder.com\/?product=reunion-mortelle\" style=\"background-color:#ff0000\" target=\"_blank\" rel=\"noreferrer noopener\">Acheter le jeu 18 \u20ac<\/a><\/div>\n\n\n\n<div class=\"wp-block-button\"><a class=\"wp-block-button__link has-white-color has-text-color has-background\" href=\"https:\/\/francemurder.com\/wp-content\/uploads\/2023\/08\/Reunion-Mortelle-www.francemurder.com-v3.28.08.2023.pdf\" style=\"background-color:#0404ff\" target=\"_blank\" rel=\"noreferrer noopener\">T\u00e9l\u00e9charger le descriptif<\/a><\/div>\n<\/div>\n\n\n\n<p><\/p>\n<\/div>\n<\/div>\n\n\n\n<h4 class=\"wp-block-heading\">Le Sc\u00e9nario de <em>R\u00e9union Mortelle<\/em><\/h4>\n\n\n\n<p class=\"has-text-align-left\" style=\"font-size:15px\"><br>D\u2019anciens camarades de lyc\u00e9e d\u2019une petite bourgade d&#8217;Am\u00e9rique ont d\u00e9cid\u00e9 de se revoir 15 ans plus tard. Ils se sont rassembl\u00e9s dans l&#8217;h\u00f4tel principal de la ville, avant une grande f\u00eate qui aurait d\u00fb se d\u00e9rouler dans la soir\u00e9e. Mais l&#8217;une d&#8217;entre eux, l&#8217;ancienne \u00ab&nbsp;Reine du Bal&nbsp;\u00bb&nbsp; Mikolette Lukanis, a \u00e9t\u00e9 retrouv\u00e9e assassin\u00e9e ! Tout le monde se retrouve enferm\u00e9 dans sa chambre d&#8217;h\u00f4tel individuelle, dans l&#8217;attente d&#8217;une enqu\u00eate polici\u00e8re compl\u00e8te. Les rivalit\u00e9s, les vieilles rancunes et les secrets de l\u2019\u00e9poque du lyc\u00e9e referont certainement surface agr\u00e9ment\u00e9s d\u2019un m\u00e9lange enivrant d&#8217;envie, de trahison et de convoitise d&#8217;aujourd&#8217;hui. R\u00e9approvisionnez le minibar, enfilez vos chaussons en \u00e9ponge fournis par l\u2019h\u00f4tel, accrochez le panneau \u00abNe pas d\u00e9ranger\u00bb et rejoignez les anciens de Holborrow High-School alors qu&#8217;ils se pr\u00e9parent pour leur\u2026<br><\/p>\n\n\n\n<p class=\"has-text-align-right\" style=\"font-size:17px\"><strong>R\u00e9union mortelle !<\/strong><\/p>\n\n\n\n<h4 class=\"wp-block-heading\">Le Casting de <em>R\u00e9union Mortelle<\/em><\/h4>\n\n\n\n<h5 class=\"has-vivid-red-color has-text-color wp-block-heading\"><br><span style=\"color:#0404ff\" class=\"has-inline-color\">Loca<strong>ux<\/strong>, <strong>habitants de<\/strong> Holborrow<\/span><\/h5>\n\n\n\n<ul class=\"wp-block-list\"><li><strong>Elizabeth Rondel:<\/strong> ancienne assistante biblioth\u00e9caire, reconvertie en Officier de Police.<\/li><li><strong>Frieda Gilbert:<\/strong> ancienne \u00ab&nbsp;beaut\u00e9 de la classe&nbsp;\u00bb, devenue esth\u00e9ticienne.<\/li><li><strong>Ross Tallowah:<\/strong> ancien champion de natation, maintenant propri\u00e9taire d\u2019un caf\u00e9.<\/li><li><strong>Suzanne Cardigan:<\/strong> ancienne gothique, devenue journaliste.<\/li><li><strong>Taylor Michaels:<\/strong> ancien surdou\u00e9 en sciences qui s\u2019occupe juste de ses parents \u00e2g\u00e9s.<\/li><\/ul>\n\n\n\n<h5 class=\"has-vivid-red-color has-text-color wp-block-heading\"><strong><span style=\"color:#0404ff\" class=\"has-inline-color\">Ceux qui ont du quitter Holborrow<\/span><\/strong><\/h5>\n\n\n\n<ul class=\"wp-block-list\"><li><strong>Charles Masinga:<\/strong> ancien membre de l\u2019orchestre de l\u2019\u00e9cole, devenu musicien professionnel.<\/li><li><strong>Damian Lukanis:<\/strong> ancien capitaine de l\u2019\u00e9quipe d\u2019\u00e9checs, mari\u00e9 \u00e0 Mikolette Lukanis, actuellement architecte.<\/li><li><strong>Jay Fitzgerald:<\/strong> ancien exclu du Lyc\u00e9e en cours d\u2019ann\u00e9e, de nos jours d\u00e9veloppeur en informatique.<\/li><li><strong>Rowan Silverberg:<\/strong> ancien Major de la promo, rentier \u00e0 la suite d\u2019un h\u00e9ritage, sans emploi.<\/li><\/ul>\n\n\n\n<h4 class=\"wp-block-heading\"><br><strong>Comment fonctionne<\/strong> <em>R\u00e9union Mortelle <\/em>?<\/h4>\n\n\n\n<p><br>Le jeu <strong><em>R\u00e9union Mortelle<\/em><\/strong> a \u00e9t\u00e9 con\u00e7u pour 6 \u00e0 9 joueurs. Une personne additionnelle (l\u2019h\u00f4te) doit coordonner et organiser (h\u00e9berger) le jeu. Cette personne sera aux yeux de tous le <strong><mark style=\"background-color:rgba(0, 0, 0, 0);color:#0404ff\" class=\"has-inline-color\">Directeur de l\u2019H\u00f4tel<\/mark><\/strong> o\u00f9 les protagonistes de l\u2019affaire sont r\u00e9unis. Son r\u00f4le sera de faciliter la partie en connaissant tous ses rouages. Sa mission sera donc parall\u00e8le \u00e0 l\u2019activit\u00e9 ludique mais elle n\u2019en sera pas moins int\u00e9ressante, tous nos joueurs le confirment.<\/p>\n\n\n\n<p><em><strong>R\u00e9union Mortelle<\/strong><\/em> dure en g\u00e9n\u00e9ral environ 2<sup>H<\/sup>30. Les participants sont regroup\u00e9s dans une grande pi\u00e8ce commune o\u00f9 ils peuvent jouer tout en partageant un repas de style \u2018<em>Buffet<\/em>\u2019<\/p>\n\n\n\n<p><\/p>\n\n\n\n<h4 class=\"wp-block-heading\"><strong>Qu&#8217;est-ce qui se passe dans<\/strong> <em>R\u00e9union Mortelle <\/em>?<\/h4>\n\n\n\n<p><br>D\u2019apr\u00e8s le scenario, les personnages sont tous confin\u00e9s au Sturner Palace Hotel, et tentent d&#8217;identifier le meurtrier de Mikolette Lukanis. De plus, ils ont des objectifs secondaires d\u00e9finis par leur feuille de personnage qui rendent le jeu tr\u00e8s dynamique. La mani\u00e8re qu\u2019ils choisiront pour r\u00e9ussir l&#8217;enqu\u00eate principale et ces missions annexes sera le fruit de  leur imagination et de leur diplomatie face aux autres joueurs. <em><strong>R\u00e9union Mortelle<\/strong><\/em> est une soir\u00e9e de rancunes r\u00e9siduelles du pass\u00e9, de rivalit\u00e9 actuelle et de meurtre !<\/p>\n\n\n\n<h4 class=\"wp-block-heading\"><strong>Quelques \u00e9l\u00e9ments de jeu de<\/strong> <em>R\u00e9union Mortelle <\/em>?<\/h4>\n\n\n\n<div class=\"wp-block-columns is-layout-flex wp-container-core-columns-is-layout-2 wp-block-columns-is-layout-flex\">\n<div class=\"wp-block-column is-layout-flow wp-block-column-is-layout-flow\">\n<figure class=\"wp-block-image size-large\"><a href=\"https:\/\/francemurder.com\/wp-content\/uploads\/2021\/08\/RM_La-Gazette-de-Holborrow.jpg\"><img loading=\"lazy\" decoding=\"async\" width=\"724\" height=\"1024\" src=\"https:\/\/francemurder.com\/wp-content\/uploads\/2021\/08\/RM_La-Gazette-de-Holborrow-724x1024.jpg\" alt=\"\" class=\"wp-image-1484\" srcset=\"https:\/\/francemurder.com\/wp-content\/uploads\/2021\/08\/RM_La-Gazette-de-Holborrow-724x1024.jpg 724w, https:\/\/francemurder.com\/wp-content\/uploads\/2021\/08\/RM_La-Gazette-de-Holborrow-212x300.jpg 212w, https:\/\/francemurder.com\/wp-content\/uploads\/2021\/08\/RM_La-Gazette-de-Holborrow-768x1086.jpg 768w, https:\/\/francemurder.com\/wp-content\/uploads\/2021\/08\/RM_La-Gazette-de-Holborrow-1087x1536.jpg 1087w, https:\/\/francemurder.com\/wp-content\/uploads\/2021\/08\/RM_La-Gazette-de-Holborrow-300x424.jpg 300w, https:\/\/francemurder.com\/wp-content\/uploads\/2021\/08\/RM_La-Gazette-de-Holborrow-600x848.jpg 600w, https:\/\/francemurder.com\/wp-content\/uploads\/2021\/08\/RM_La-Gazette-de-Holborrow.jpg 1240w\" sizes=\"auto, (max-width: 724px) 100vw, 724px\" \/><\/a><\/figure>\n<\/div>\n\n\n\n<div class=\"wp-block-column is-layout-flow wp-block-column-is-layout-flow\">\n<p><br>Un <span style=\"color:#0404ff\" class=\"has-inline-color\"><strong>extrait du journal<\/strong><\/span> de Holborrow que les joueurs ne manqueront pas d&#8217;\u00e9tudier !<\/p>\n\n\n\n<hr class=\"wp-block-separator has-css-opacity\"\/>\n\n\n\n<p>Ainsi que la <strong><span style=\"color:#0404ff\" class=\"has-inline-color\">comp\u00e9tence &#8220;Sp\u00e9ciale&#8221;<\/span><\/strong> d&#8217;un des joueurs, lui donnant un pouvoir de persuasion.<\/p>\n\n\n\n<div class=\"wp-block-group\"><div class=\"wp-block-group__inner-container is-layout-flow wp-block-group-is-layout-flow\">\n<figure class=\"wp-block-image size-large\"><img loading=\"lazy\" decoding=\"async\" width=\"546\" height=\"219\" src=\"https:\/\/francemurder.com\/wp-content\/uploads\/2021\/04\/RM_Exemple-Competence.png\" alt=\"\" class=\"wp-image-750\" srcset=\"https:\/\/francemurder.com\/wp-content\/uploads\/2021\/04\/RM_Exemple-Competence.png 546w, https:\/\/francemurder.com\/wp-content\/uploads\/2021\/04\/RM_Exemple-Competence-300x120.png 300w\" sizes=\"auto, (max-width: 546px) 100vw, 546px\" \/><\/figure>\n\n\n\n<p>et celle d&#8217;un de ses adversaires &#8230;<\/p>\n\n\n\n<figure class=\"wp-block-image size-large\"><img loading=\"lazy\" decoding=\"async\" width=\"1024\" height=\"450\" src=\"https:\/\/francemurder.com\/wp-content\/uploads\/2023\/08\/Observation-1024x450.jpg\" alt=\"\" class=\"wp-image-3237\" srcset=\"https:\/\/francemurder.com\/wp-content\/uploads\/2023\/08\/Observation-1024x450.jpg 1024w, https:\/\/francemurder.com\/wp-content\/uploads\/2023\/08\/Observation-300x132.jpg 300w, https:\/\/francemurder.com\/wp-content\/uploads\/2023\/08\/Observation-768x338.jpg 768w, https:\/\/francemurder.com\/wp-content\/uploads\/2023\/08\/Observation-600x264.jpg 600w, https:\/\/francemurder.com\/wp-content\/uploads\/2023\/08\/Observation.jpg 1035w\" sizes=\"auto, (max-width: 1024px) 100vw, 1024px\" \/><\/figure>\n<\/div><\/div>\n<\/div>\n<\/div>\n\n\n\n<div class=\"wp-block-buttons is-layout-flex wp-block-buttons-is-layout-flex\">\n<div class=\"wp-block-button\"><a class=\"wp-block-button__link has-white-color has-text-color has-background\" href=\"https:\/\/francemurder.com\/?product=reunion-mortelle\" style=\"background-color:#ff0000\" target=\"_blank\" rel=\"noreferrer noopener\">Acheter le jeu 18 \u20ac<\/a><\/div>\n\n\n\n<div class=\"wp-block-button\"><a class=\"wp-block-button__link has-white-color has-text-color has-background\" href=\"https:\/\/francemurder.com\/wp-content\/uploads\/2023\/08\/Reunion-Mortelle-www.francemurder.com-v3.28.08.2023.pdf\" style=\"background-color:#0404ff\" target=\"_blank\" rel=\"noreferrer noopener\">T\u00e9l\u00e9charger le descriptif<\/a><\/div>\n<\/div>\n","protected":false},"excerpt":{"rendered":"<p>R\u00e9union Mortelle Le Sc\u00e9nario de R\u00e9union Mortelle D\u2019anciens camarades de lyc\u00e9e d\u2019une petite bourgade d&#8217;Am\u00e9rique ont d\u00e9cid\u00e9 de se revoir 15 ans plus tard. Ils se sont rassembl\u00e9s dans l&#8217;h\u00f4tel principal de la ville, avant une grande f\u00eate qui aurait d\u00fb se d\u00e9rouler dans la soir\u00e9e. Mais l&#8217;une d&#8217;entre eux, l&#8217;ancienne \u00ab&nbsp;Reine du Bal&nbsp;\u00bb&nbsp; Mikolette [&hellip;]<\/p>\n","protected":false},"author":1,"featured_media":0,"parent":0,"menu_order":0,"comment_status":"closed","ping_status":"closed","template":"","meta":{"_glsr_average":0,"_glsr_ranking":0,"_glsr_reviews":0,"footnotes":""},"class_list":["post-707","page","type-page","status-publish","hentry"],"_links":{"self":[{"href":"https:\/\/francemurder.com\/index.php?rest_route=\/wp\/v2\/pages\/707","targetHints":{"allow":["GET"]}}],"collection":[{"href":"https:\/\/francemurder.com\/index.php?rest_route=\/wp\/v2\/pages"}],"about":[{"href":"https:\/\/francemurder.com\/index.php?rest_route=\/wp\/v2\/types\/page"}],"author":[{"embeddable":true,"href":"https:\/\/francemurder.com\/index.php?rest_route=\/wp\/v2\/users\/1"}],"replies":[{"embeddable":true,"href":"https:\/\/francemurder.com\/index.php?rest_route=%2Fwp%2Fv2%2Fcomments&post=707"}],"version-history":[{"count":69,"href":"https:\/\/francemurder.com\/index.php?rest_route=\/wp\/v2\/pages\/707\/revisions"}],"predecessor-version":[{"id":3462,"href":"https:\/\/francemurder.com\/index.php?rest_route=\/wp\/v2\/pages\/707\/revisions\/3462"}],"wp:attachment":[{"href":"https:\/\/francemurder.com\/index.php?rest_route=%2Fwp%2Fv2%2Fmedia&parent=707"}],"curies":[{"name":"wp","href":"https:\/\/api.w.org\/{rel}","templated":true}]}}