{"id":670,"date":"2021-04-02T17:51:25","date_gmt":"2021-04-02T15:51:25","guid":{"rendered":"http:\/\/francemurder.com\/?page_id=670"},"modified":"2021-09-01T02:44:47","modified_gmt":"2021-09-01T00:44:47","slug":"c-g-v-u","status":"publish","type":"page","link":"https:\/\/francemurder.com\/?page_id=670","title":{"rendered":"C.G.V.U"},"content":{"rendered":"\n<h1 class=\"has-text-align-center wp-block-heading\"><strong><span class=\"has-inline-color has-vivid-red-color\">C.G.V.U<\/span><\/strong><\/h1>\n\n\n\n<hr class=\"wp-block-separator\"\/>\n\n\n\n<p style=\"font-size:18px\"><br><strong>Conditions g\u00e9n\u00e9rales de vente et d&#8217;utilisation (19 Mars 2021)<\/strong><\/p>\n\n\n\n<p>France Murder (d\u00e9nomm\u00e9 \u00abnous\u00bb, \u00abnotre\u00bb et \u00abnotre\u00bb dans ces conditions) sugg\u00e8re que le client (d\u00e9nomm\u00e9 \u00abvous\u00bb et \u00abvotre\u00bb dans ces conditions) devrait passer un certain temps \u00e0 lire ces Conditions G\u00e9n\u00e9rales de Vente.&nbsp;En effet, ces conditions s&#8217;appliquent \u00e0 tout contrat entre les parties.&nbsp;Nous voulons que vous ayez confiance en acceptant les jeux que nous proposons.&nbsp;Si vous avez des questions ou des requ\u00eates concernant l&#8217;une de ces conditions, n&#8217;h\u00e9sitez pas \u00e0 nous contacter avant de conclure le contrat.<\/p>\n\n\n\n<p><strong>1. Formation du contrat<\/strong><\/p>\n\n\n\n<p>1.1 Nous vous vendons une licence pour utiliser nos jeux de meurtre myst\u00e8re (\u00ables jeux\u00bb ou \u00able jeu\u00bb).&nbsp;Les Jeux sont fournis sous forme de fichiers \u00e9lectroniques.&nbsp;Lorsque nous aurons re\u00e7u votre commande et votre paiement, nous vous enverrons un mot de passe par e-mail.&nbsp;Ce mot de passe vous permettra de t\u00e9l\u00e9charger les jeux que vous avez command\u00e9s.&nbsp;Lorsque vous souscrivez \u00e0 cette offre, les conditions d\u00e9crites dans ce document r\u00e9giront notre relation avec vous.<\/p>\n\n\n\n<p>1.2 Nous acceptons les commandes \u00e0 notre discr\u00e9tion.&nbsp;Si nous acceptons une commande de votre part, le contrat sera form\u00e9 aux pr\u00e9sentes conditions, comme indiqu\u00e9 dans la clause 1.1 ci-dessus, de la mani\u00e8re suivante: Avant d&#8217;avoir rempli le bon de commande en ligne, vous serez invit\u00e9 \u00e0 confirmer que vous avez lu et acceptez notre offre en acceptant ces conditions commerciales.&nbsp;Si vous n&#8217;acceptez pas ces conditions commerciales, nous n&#8217;accepterons pas de conclure un contrat avec vous.<\/p>\n\n\n\n<p><strong>2. Conditions de paiement<\/strong><\/p>\n\n\n\n<p>2.1 Le prix de la licence d&#8217;utilisation des Jeux que vous commandez doit \u00eatre pay\u00e9 \u00e0 l&#8217;avance.<\/p>\n\n\n\n<p><strong>3. Prix<\/strong><\/p>\n\n\n\n<p>3.1 Les prix actuels des licences pour les diff\u00e9rents Jeux sont indiqu\u00e9s sur notre site Web.&nbsp;Tous les prix peuvent \u00eatre soumis \u00e0 la taxe locale au taux actuellement en vigueur au moment de ce contrat et toutes les sommes dues en vertu de ce contrat doivent \u00eatre pay\u00e9es dans l&#8217;une des devises que nous proposons.<\/p>\n\n\n\n<p><strong>4. Droits de propri\u00e9t\u00e9 intellectuelle et licence d&#8217;utilisation des Jeux<\/strong><\/p>\n\n\n\n<p>4.1 Lorsque nous aurons re\u00e7u votre paiement, nous vous accorderons une licence pour utiliser, pour des utilisations illimit\u00e9es, un seul Jeu ou des Jeux si vous avez pay\u00e9 pour plus d&#8217;un Jeu.&nbsp;Cette licence vous est personnelle et vous permet d&#8217;utiliser les Jeux \u00e0 condition que vous ne facturiez aucune contrepartie \u00e0 quiconque pour participer aux Jeux ou agir en tant que spectateur lorsque les Jeux sont jou\u00e9s.&nbsp;Si vous souhaitez utiliser un jeu commercialement, vous devrez acheter une version commerciale du jeu.<\/p>\n\n\n\n<p>4.2 Si vous souhaitez utiliser les Jeux pour collecter des fonds pour des \u0153uvres caritatives, vous pouvez le faire \u00e0 condition d&#8217;indiquer clairement sur la copie publicitaire avant la lecture des Jeux et pendant les Jeux le nom de notre soci\u00e9t\u00e9, l&#8217;adresse du site Web et que le ou les jeux nous appartiennent.<\/p>\n\n\n\n<p>4.3 Nous affirmons nos droits moraux \u00e0 l&#8217;\u00e9gard de tout le mat\u00e9riel prot\u00e9g\u00e9 par le droit d&#8217;auteur que nous produisons ainsi que les droits moraux de tout fournisseur de ce mat\u00e9riel prot\u00e9g\u00e9 par le droit d&#8217;auteur.&nbsp;Vous confirmez que vous n&#8217;alt\u00e9rerez, ne r\u00e9utiliserez, n&#8217;exploiterez ni ne compromettrez d&#8217;une autre mani\u00e8re l&#8217;int\u00e9grit\u00e9 artistique du mat\u00e9riel contenu dans l&#8217;un des Jeux.<\/p>\n\n\n\n<p>4.4 Pour prot\u00e9ger la propri\u00e9t\u00e9 de nos droits de propri\u00e9t\u00e9 intellectuelle, nous avons ins\u00e9r\u00e9 un filigrane sur chaque page des Jeux.<\/p>\n\n\n\n<p>4.5 Lorsque vous achetez le jeu, vous devrez peut-\u00eatre t\u00e9l\u00e9charger le jeu \u00e0 partir d&#8217;une partie restreinte du Web.&nbsp;Votre capacit\u00e9 \u00e0 acc\u00e9der \u00e0 la partie restreinte du Web sera limit\u00e9e \u00e0 12 mois \u00e0 compter de la date d&#8217;achat.<\/p>\n\n\n\n<p><strong>5. Vos responsabilit\u00e9s<\/strong><\/p>\n\n\n\n<p>5.1 Vous vous engagez \u00e0 respecter les termes de toute licence en relation avec les Jeux fournis par nous et \u00e0 nous indemniser de tous les co\u00fbts, r\u00e9clamations et responsabilit\u00e9s d\u00e9coulant de toute violation de cette clause.<\/p>\n\n\n\n<p>5.2 Vous acceptez de ne pas facturer de contrepartie aux personnes qui participent aux Jeux ou aux spectateurs pour regarder les Jeux \u00e0 moins que vous n&#8217;achetiez une version commerciale du jeu.<\/p>\n\n\n\n<p>5.3 Les jeux que nous vendons sont destin\u00e9s au divertissement et ne doivent pas \u00eatre pris au s\u00e9rieux.&nbsp;EN PARTICULIER, les Jeux pr\u00e9voient parfois la pr\u00e9tendue mort violente de divers personnages par des moyens tels que l&#8217;utilisation de poison, les coups de couteau, l\u2019utilisation d\u2019armes \u00e0 feu et d&#8217;autres m\u00e9thodes brutales pour mettre fin pr\u00e9matur\u00e9ment \u00e0 la vie.&nbsp;Nous ne sugg\u00e9rons ni ne tol\u00e9rons l&#8217;utilisation d&#8217;outils r\u00e9els lorsque les Jeux sont jou\u00e9s.&nbsp;Vous acceptez, par cons\u00e9quent, que si vous achetez nos Jeux, vous serez seul responsable du bon d\u00e9roulement des Jeux.&nbsp;De plus, si vous ou un joueur d\u00e9cidez de ne pas utiliser l&#8217;\u00e9quivalent papier de la m\u00e9thode de la mort que nous fournissons dans le fichier \u00e9lectronique contenant les Jeux, vous serez seul responsable des cons\u00e9quences qui pourraient en d\u00e9couler.<\/p>\n\n\n\n<p><strong>6. Modifications<\/strong><\/p>\n\n\n\n<p>6.1 Nous nous r\u00e9servons le droit de modifier, suspendre ou interrompre tout ou partie de nos services \u00e0 notre seule discr\u00e9tion et sans pr\u00e9avis.&nbsp;Nous nous r\u00e9servons \u00e9galement le droit de donner un pr\u00e9avis de toute modification de ces termes et conditions \u00e0 tout moment, que ce soit par notification sur notre site Web ou en vous contactant directement.<\/p>\n\n\n\n<p><strong>7. Circonstances impr\u00e9vues<\/strong><\/p>\n\n\n\n<p>7.1 Il peut arriver que des \u00e9v\u00e9nements ind\u00e9pendants de notre volont\u00e9 vous emp\u00eachent de t\u00e9l\u00e9charger le fichier \u00e9lectronique des Jeux.&nbsp;Si cela se produit, nous vous demandons de nous en informer et nous nous engageons \u00e0 vous informer lorsque de tels probl\u00e8mes auront \u00e9t\u00e9 corrig\u00e9s.&nbsp;Si nous vous envoyons une copie imprim\u00e9e du jeu par courrier normal dans les 14 jours suivant votre notification lorsque que vous ne pouvez pas t\u00e9l\u00e9charger le fichier \u00e9lectronique, cela doit \u00eatre consid\u00e9r\u00e9 comme une ex\u00e9cution de la commande.<\/p>\n\n\n\n<p><strong>8. Limitation de responsabilit\u00e9<\/strong><\/p>\n\n\n\n<p>8.1 Si nous violons les termes du contrat, ou si vous demandez une indemnisation et des dommages-int\u00e9r\u00eats pour toute r\u00e9clamation ou r\u00e9clamation d\u00e9coulant de tout contrat entre les parties pour quelque raison que ce soit, votre recours sera limit\u00e9 aux dommages-int\u00e9r\u00eats.&nbsp;Notre responsabilit\u00e9 envers vous ne d\u00e9passera pas le montant que vous nous avez pay\u00e9 pour les Jeux.<\/p>\n\n\n\n<p><strong>9. Exclusion de responsabilit\u00e9<\/strong><\/p>\n\n\n\n<p>9.1 \u00c0 l&#8217;exception de la clause 8, nous ne serons pas responsables envers vous de blessure ou de d\u00e9c\u00e8s de toute personne (pour laquelle aucune limite ne s&#8217;applique) quelle que soit la forme d&#8217;action, que ce soit dans le contrat, la responsabilit\u00e9 d\u00e9lictuelle (y compris la n\u00e9gligence et d&#8217;obligation l\u00e9gale), de responsabilit\u00e9 stricte, ou de quelque autre mani\u00e8re que ce soit pour,<\/p>\n\n\n\n<p>9.1 tout retard dans la fourniture ou pour d\u00e9faut de fournir des Jeux, ou<\/p>\n\n\n\n<p>9.2 toute perte de profit, d&#8217;affaires, de contrats ou de revenus, ou<\/p>\n\n\n\n<p>9.3 incapacit\u00e9 \u00e0 r\u00e9aliser les \u00e9conomies pr\u00e9vues en termes de co\u00fbts ou de d\u00e9penses, ou<\/p>\n\n\n\n<p>9.4 l&#8217;incapacit\u00e9 de r\u00e9aliser des b\u00e9n\u00e9fices, des affaires, des contrats, des revenus ou une p\u00e9n\u00e9tration du march\u00e9 accrus, ou<\/p>\n\n\n\n<p>9.5 tout dommage sp\u00e9cial, indirect ou cons\u00e9cutif de quelque nature que ce soit d\u00e9coulant directement ou indirectement des Jeux que nous vendons, ou de toute erreur ou d\u00e9faut caus\u00e9 par nous, \u00c0 MOINS que vous ne nous en informiez par \u00e9crit avant de conclure un contrat avec nous, de quelque circonstances couvertes dans les sous-clauses 9.1, 9.2, 9.3, 9.4 et 9.5 ci-dessus.<\/p>\n\n\n\n<p><strong>10. Caract\u00e8re raisonnable des clauses de limitation et d&#8217;exclusion<\/strong><\/p>\n\n\n\n<p>10.1 Si vous concluez un contrat avec nous, vous acceptez que la clause de limitation de responsabilit\u00e9, clause 8 et la clause d&#8217;exclusion de responsabilit\u00e9, clause 9, sont raisonnables et que le prix convenu refl\u00e8te la position sur la responsabilit\u00e9.<\/p>\n\n\n\n<p><strong>11. Droits des tiers<\/strong><\/p>\n\n\n\n<p>11.1 Les parties ont l&#8217;intention qu&#8217;aucune clause du pr\u00e9sent contrat ne puisse \u00eatre appliqu\u00e9e par un tiers.<\/p>\n\n\n\n<p><strong>12. Indemnit\u00e9<\/strong><\/p>\n\n\n\n<p>12.1 Les parties conviennent que dans le cas o\u00f9 une ou plusieurs clauses ou sous-clauses du pr\u00e9sent contrat seraient ult\u00e9rieurement d\u00e9clar\u00e9es invalides ou inapplicables par un tribunal ou une autre autorit\u00e9 comp\u00e9tente, l&#8217;invalidit\u00e9 ou l&#8217;inapplicabilit\u00e9 de toute clause ou sous-clause ne sera en aucun cas affectant de la validit\u00e9 ou l&#8217;applicabilit\u00e9 de toute autre clause ou sous-clause, \u00e0 l&#8217;exception de celles qui en compromettent une partie int\u00e9grante ou qui sont par ailleurs clairement ins\u00e9parables.<\/p>\n\n\n\n<p><strong>13. R\u00e9clamations: r\u00e9solution des litiges en ligne<\/strong><\/p>\n\n\n\n<p>Si vous ne parvenez pas \u00e0 r\u00e9gler un litige avec nous, vous pouvez \u00e9galement demander un recours via la plate-forme de r\u00e9solution des litiges en ligne de l&#8217;UE.&nbsp;Vous pouvez visiter la plateforme \u00e0 l&#8217;&nbsp;<a href=\"http:\/\/ec.europa.eu\/consumers\/odr\">adresse http:\/\/ec.europa.eu\/consumers\/odr<\/a>&nbsp;.&nbsp;Veuillez utiliser &lt;contact@francemurder.com&gt; comme adresse de contact sur la plateforme.<\/p>\n\n\n\n<p><strong>14. Loi applicable<\/strong><\/p>\n\n\n\n<p>14.1 Le contrat entre les parties doit \u00eatre r\u00e9gi et interpr\u00e9t\u00e9 selon le droit fran\u00e7ais et les parties conviennent de soumettre tout litige \u00e0 la comp\u00e9tence exclusive des tribunaux fran\u00e7ais.<\/p>\n\n\n\n<p><\/p>\n\n\n\n<p><\/p>\n","protected":false},"excerpt":{"rendered":"<p>C.G.V.U Conditions g\u00e9n\u00e9rales de vente et d&#8217;utilisation (19 Mars 2021) France Murder (d\u00e9nomm\u00e9 \u00abnous\u00bb, \u00abnotre\u00bb et \u00abnotre\u00bb dans ces conditions) sugg\u00e8re que le client (d\u00e9nomm\u00e9 \u00abvous\u00bb et \u00abvotre\u00bb dans ces conditions) devrait passer un certain temps \u00e0 lire ces Conditions G\u00e9n\u00e9rales de Vente.&nbsp;En effet, ces conditions s&#8217;appliquent \u00e0 tout contrat entre les parties.&nbsp;Nous voulons que [&hellip;]<\/p>\n","protected":false},"author":1,"featured_media":0,"parent":0,"menu_order":0,"comment_status":"closed","ping_status":"closed","template":"","meta":{"_glsr_average":0,"_glsr_ranking":0,"_glsr_reviews":0,"footnotes":""},"class_list":["post-670","page","type-page","status-publish","hentry"],"_links":{"self":[{"href":"https:\/\/francemurder.com\/index.php?rest_route=\/wp\/v2\/pages\/670","targetHints":{"allow":["GET"]}}],"collection":[{"href":"https:\/\/francemurder.com\/index.php?rest_route=\/wp\/v2\/pages"}],"about":[{"href":"https:\/\/francemurder.com\/index.php?rest_route=\/wp\/v2\/types\/page"}],"author":[{"embeddable":true,"href":"https:\/\/francemurder.com\/index.php?rest_route=\/wp\/v2\/users\/1"}],"replies":[{"embeddable":true,"href":"https:\/\/francemurder.com\/index.php?rest_route=%2Fwp%2Fv2%2Fcomments&post=670"}],"version-history":[{"count":4,"href":"https:\/\/francemurder.com\/index.php?rest_route=\/wp\/v2\/pages\/670\/revisions"}],"predecessor-version":[{"id":1628,"href":"https:\/\/francemurder.com\/index.php?rest_route=\/wp\/v2\/pages\/670\/revisions\/1628"}],"wp:attachment":[{"href":"https:\/\/francemurder.com\/index.php?rest_route=%2Fwp%2Fv2%2Fmedia&parent=670"}],"curies":[{"name":"wp","href":"https:\/\/api.w.org\/{rel}","templated":true}]}}