{"id":6654,"date":"2025-08-07T10:41:37","date_gmt":"2025-08-07T08:41:37","guid":{"rendered":"https:\/\/francemurder.com\/?page_id=6654"},"modified":"2025-08-20T12:03:33","modified_gmt":"2025-08-20T10:03:33","slug":"crazy-hawai","status":"publish","type":"page","link":"https:\/\/francemurder.com\/?page_id=6654","title":{"rendered":"Crazy Hawa\u00ef"},"content":{"rendered":"\n<h1 class=\"wp-block-heading has-text-align-center\">Crazy Hawa\u00ef<\/h1>\n\n\n\n<figure class=\"wp-block-image size-large\"><img loading=\"lazy\" decoding=\"async\" width=\"1024\" height=\"786\" src=\"https:\/\/francemurder.com\/wp-content\/uploads\/2025\/08\/CZH-Demi-Scenario-1024x786.jpg\" alt=\"\" class=\"wp-image-6694\" srcset=\"https:\/\/francemurder.com\/wp-content\/uploads\/2025\/08\/CZH-Demi-Scenario-1024x786.jpg 1024w, https:\/\/francemurder.com\/wp-content\/uploads\/2025\/08\/CZH-Demi-Scenario-300x230.jpg 300w, https:\/\/francemurder.com\/wp-content\/uploads\/2025\/08\/CZH-Demi-Scenario-768x589.jpg 768w, https:\/\/francemurder.com\/wp-content\/uploads\/2025\/08\/CZH-Demi-Scenario-1536x1179.jpg 1536w, https:\/\/francemurder.com\/wp-content\/uploads\/2025\/08\/CZH-Demi-Scenario-2048x1572.jpg 2048w, https:\/\/francemurder.com\/wp-content\/uploads\/2025\/08\/CZH-Demi-Scenario-600x460.jpg 600w\" sizes=\"auto, (max-width: 1024px) 100vw, 1024px\" \/><\/figure>\n\n\n\n<h5 class=\"wp-block-heading has-text-align-center\"><mark style=\"background-color:rgba(0, 0, 0, 0)\" class=\"has-inline-color has-vivid-red-color\">Avec la m\u00eame trame de base, le jeu est propos\u00e9 en 2 versions.<\/mark><\/h5>\n\n\n\n<figure class=\"wp-block-table\"><table class=\"has-fixed-layout\"><tbody><tr><td class=\"has-text-align-center\" data-align=\"center\"><strong><mark style=\"background-color:rgba(0, 0, 0, 0)\" class=\"has-inline-color has-vivid-red-color\">Version 9-12 joueurs<\/mark><\/strong><\/td><td class=\"has-text-align-center\" data-align=\"center\">\n    <strong><mark style=\"background-color:rgba(0, 0, 0, 0)\" class=\"has-inline-color has-vivid-red-color\">Version 13-18 joueurs<\/mark><\/strong>\n  <\/td><\/tr><tr><td class=\"has-text-align-center\" data-align=\"center\">\n    Niveau D\u00e9butants<br>1 seul Ma\u00eetre du jeu<br>7 Myst\u00e8res<br>3 femmes minimum<br>4 hommes minimum\n  <\/td><td class=\"has-text-align-center\" data-align=\"center\">\n    Niveau Confirm\u00e9s<br>2 Ma\u00eetres du jeu<br>12 Myst\u00e8res<br>3 femmes minimum<br>4 hommes minimum\n  <\/td><\/tr><tr><td class=\"has-text-align-center\" data-align=\"center\"><div class=\"wp-block-buttons\" style=\"text-align:center;\"><div class=\"wp-block-button\"><a class=\"wp-block-button__link has-white-color has-text-color has-background\" style=\"background-color:#ff0000;color:#ffffff\" href=\"https:\/\/francemurder.com\/?product=crazy-hawai-9-12\" target=\"_blank\" rel=\"noreferrer noopener\">Acheter le jeu 24 \u20ac<\/a>  <\/div>    <\/div><\/td><td class=\"has-text-align-center\" data-align=\"center\"><div class=\"wp-block-buttons\" style=\"text-align:center;\"><div class=\"wp-block-button\"><a class=\"wp-block-button__link has-white-color has-text-color has-background\" style=\"background-color:#ff0000;color:#ffffff\" href=\"https:\/\/francemurder.com\/?product=crazy-hawai-13-18\" target=\"_blank\" rel=\"noreferrer noopener\">Acheter le jeu 28 \u20ac<\/a><\/div><\/div><\/td><\/tr><tr><td class=\"has-text-align-center\" data-align=\"center\"><div class=\"wp-block-buttons\" style=\"text-align:center;\"><div class=\"wp-block-button\"><a class=\"wp-block-button__link has-white-color has-text-color has-background\" style=\"background-color:#0404ff;color:#ffffff\" href=\"https:\/\/francemurder.com\/wp-content\/uploads\/2025\/08\/CZH9-12-Crazy-Hawai-www.francemurder.com-v.1.16.07.2025.pdf\" target=\"_blank\" rel=\"noreferrer noopener\">Voir le descriptif<\/a><\/div><\/div><\/td><td class=\"has-text-align-center\" data-align=\"center\"><div class=\"wp-block-buttons\" style=\"text-align:center;\"><div class=\"wp-block-button\"><a class=\"wp-block-button__link has-white-color has-text-color has-background\" style=\"background-color:#0404ff;color:#ffffff\" href=\"https:\/\/francemurder.com\/wp-content\/uploads\/2025\/08\/CZH13-18-Crazy-Hawaii-www.francemurder.com-v.1.15.08.2025.pdf\" target=\"_blank\" rel=\"noreferrer noopener\">Voir le descriptif<\/a><\/div><\/div><\/td><\/tr><\/tbody><\/table><\/figure>\n\n\n\n<figure class=\"wp-block-table\"><table class=\"has-fixed-layout\"><tbody><tr><td><div class=\"wp-block-buttons\" style=\"margin:0;text-align:center;\"><div class=\"wp-block-button\"><a class=\"wp-block-button__link has-white-color has-text-color has-background\" style=\"background-color:#008000;color:#ffffff;padding:6px 12px;display:inline-block;text-align:center;\" href=\"https:\/\/francemurder.com\/?product=crazy-hawai-double\" target=\"_blank\" rel=\"noreferrer noopener\">Acheter les DEUX versions pour 40\u20ac<\/a><\/div><\/div><\/td><\/tr><\/tbody><\/table><\/figure>\n\n\n\n<h4 class=\"wp-block-heading\"><strong>Comment fonctionne<\/strong><em> Crazy Hawa\u00ef <\/em>?<\/h4>\n\n\n\n<p><em><strong>Crazy Hawa\u00ef<\/strong><\/em> dure en g\u00e9n\u00e9ral environ 2<sup>H<\/sup>00. <\/p>\n\n\n\n<p>Les participants seront regroup\u00e9s dans une grande pi\u00e8ce commune o\u00f9 ils pourront jouer tout en partageant un repas de style \u2018<em>Buffet<\/em>\u2019. Leur base ludique sera un livret de personnage o\u00f9 ils puiseront toutes les informations leur permettant d&#8217;interagir librement avec les autres joueurs. Au fil des discussions, chaque joueur essayera de faire \u00e9voluer la situation conform\u00e9ment \u00e0 ses int\u00e9r\u00eats et aux objectifs de son personnage.<\/p>\n\n\n\n<h4 class=\"wp-block-heading\"><strong>Qu\u2019est-ce qui se passe dans<\/strong><em> Crazy Hawa\u00ef <\/em>?<\/h4>\n\n\n\n<p><br>D\u2019apr\u00e8s le scenario, les personnages sont isol\u00e9s sur une plage hawa\u00efenne, et devaient profiter d&#8217;une grillade avec spectacle polyn\u00e9sien. Mais, suite \u00e0 des \u00e9v\u00e8nements impr\u00e9vus, ils vont devoir g\u00e9rer une s\u00e9rie de myst\u00e8res ! La mani\u00e8re qu\u2019ils choisiront pour mener l\u2019enqu\u00eate principale et ces missions annexes sera le fruit de leur imagination et de leur diplomatie face aux autres joueurs. <em><strong>Crazy Hawa\u00ef<\/strong><\/em> est une soir\u00e9e de rancunes r\u00e9siduelles du pass\u00e9, de rivalit\u00e9 actuelle et de meurtre !<\/p>\n\n\n\n<figure class=\"wp-block-video\"><video autoplay loop src=\"https:\/\/francemurder.com\/wp-content\/uploads\/2025\/08\/Danse-hawaienne.mp4\"><\/video><\/figure>\n\n\n\n<p><\/p>\n","protected":false},"excerpt":{"rendered":"<p>Crazy Hawa\u00ef Avec la m\u00eame trame de base, le jeu est propos\u00e9 en 2 versions. Version 9-12 joueurs Version 13-18 joueurs Niveau D\u00e9butants1 seul Ma\u00eetre du jeu7 Myst\u00e8res3 femmes minimum4 hommes minimum Niveau Confirm\u00e9s2 Ma\u00eetres du jeu12 Myst\u00e8res3 femmes minimum4 hommes minimum Acheter le jeu 24 \u20ac Acheter le jeu 28 \u20ac Voir le descriptif [&hellip;]<\/p>\n","protected":false},"author":1,"featured_media":0,"parent":0,"menu_order":0,"comment_status":"closed","ping_status":"closed","template":"","meta":{"_glsr_average":0,"_glsr_ranking":0,"_glsr_reviews":0,"footnotes":""},"class_list":["post-6654","page","type-page","status-publish","hentry"],"_links":{"self":[{"href":"https:\/\/francemurder.com\/index.php?rest_route=\/wp\/v2\/pages\/6654","targetHints":{"allow":["GET"]}}],"collection":[{"href":"https:\/\/francemurder.com\/index.php?rest_route=\/wp\/v2\/pages"}],"about":[{"href":"https:\/\/francemurder.com\/index.php?rest_route=\/wp\/v2\/types\/page"}],"author":[{"embeddable":true,"href":"https:\/\/francemurder.com\/index.php?rest_route=\/wp\/v2\/users\/1"}],"replies":[{"embeddable":true,"href":"https:\/\/francemurder.com\/index.php?rest_route=%2Fwp%2Fv2%2Fcomments&post=6654"}],"version-history":[{"count":29,"href":"https:\/\/francemurder.com\/index.php?rest_route=\/wp\/v2\/pages\/6654\/revisions"}],"predecessor-version":[{"id":6758,"href":"https:\/\/francemurder.com\/index.php?rest_route=\/wp\/v2\/pages\/6654\/revisions\/6758"}],"wp:attachment":[{"href":"https:\/\/francemurder.com\/index.php?rest_route=%2Fwp%2Fv2%2Fmedia&parent=6654"}],"curies":[{"name":"wp","href":"https:\/\/api.w.org\/{rel}","templated":true}]}}