{"id":6172,"date":"2025-03-10T10:46:39","date_gmt":"2025-03-10T09:46:39","guid":{"rendered":"https:\/\/francemurder.com\/?page_id=6172"},"modified":"2026-02-25T12:59:32","modified_gmt":"2026-02-25T11:59:32","slug":"sur-le-fleuve-senegal","status":"publish","type":"page","link":"https:\/\/francemurder.com\/?page_id=6172","title":{"rendered":"Sur le fleuve S\u00e9n\u00e9gal"},"content":{"rendered":"\n<h1 class=\"wp-block-heading\">Sur le Fleuve S\u00e9n\u00e9gal<\/h1>\n\n\n\n<h4 class=\"wp-block-heading wp-embed-aspect-16-9 wp-has-aspect-ratio\"><mark style=\"background-color:rgba(0, 0, 0, 0)\" class=\"has-inline-color has-white-color\">(Joueurs d\u00e9butants)<\/mark><br><mark style=\"background-color:rgba(0, 0, 0, 0)\" class=\"has-inline-color has-vivid-red-color\">Ce jeu est class\u00e9 dans la cat\u00e9gorie &#8220;Sp\u00e9cial&#8221;<\/mark><br><\/h4>\n\n\n\n<p>La raison de ce classement est l&#8217;absence du traditionnel <strong><mark style=\"background-color:rgba(0, 0, 0, 0);color:#0026ff\" class=\"has-inline-color\">Meurtre Initial<\/mark><\/strong> et de l&#8217;enqu\u00eate associ\u00e9e qui sont habituellement pr\u00e9sents dans nos murder-parties. Toutefois, vous trouverez ici tout le plaisir (voire encore plus que d&#8217;habitude) des tractations, alliances et trahisons existant \u00e0 moindre dose dans notre autres jeux.<\/p>\n\n\n\n<p>Amateurs d&#8217;espionnage, de rebondissements et de vengeances perfides ce jeu est fait pour vous !<\/p>\n\n\n\n<figure class=\"wp-block-image size-full\"><img loading=\"lazy\" decoding=\"async\" width=\"1024\" height=\"455\" src=\"https:\/\/francemurder.com\/wp-content\/uploads\/2026\/02\/SFS-Fiche-Tech.jpg\" alt=\"\" class=\"wp-image-8117\" srcset=\"https:\/\/francemurder.com\/wp-content\/uploads\/2026\/02\/SFS-Fiche-Tech.jpg 1024w, https:\/\/francemurder.com\/wp-content\/uploads\/2026\/02\/SFS-Fiche-Tech-300x133.jpg 300w, https:\/\/francemurder.com\/wp-content\/uploads\/2026\/02\/SFS-Fiche-Tech-768x341.jpg 768w, https:\/\/francemurder.com\/wp-content\/uploads\/2026\/02\/SFS-Fiche-Tech-600x267.jpg 600w\" sizes=\"auto, (max-width: 1024px) 100vw, 1024px\" \/><\/figure>\n\n\n\n<div class=\"wp-block-columns wp-embed-aspect-16-9 wp-has-aspect-ratio is-layout-flex wp-container-core-columns-is-layout-1 wp-block-columns-is-layout-flex\">\n<div class=\"wp-block-column is-layout-flow wp-block-column-is-layout-flow\">\n<div class=\"wp-block-buttons is-content-justification-center is-layout-flex wp-container-core-buttons-is-layout-1 wp-block-buttons-is-layout-flex\">\n<div class=\"wp-block-button\"><a class=\"wp-block-button__link has-white-color has-text-color has-background wp-element-button\" href=\"https:\/\/francemurder.com\/?product=sur-le-fleuve-senegal\" style=\"background-color:#ff0000\" target=\"_blank\" rel=\"noreferrer noopener\">Acheter le jeu 24 \u20ac<\/a><\/div>\n\n\n\n<div class=\"wp-block-button\"><a class=\"wp-block-button__link has-white-color has-text-color has-background wp-element-button\" href=\"https:\/\/francemurder.com\/wp-content\/uploads\/2025\/04\/SFS-Sur-le-fleuve-Senegal-www.francemurder.com-v.1.01.03.2025.pdf\" style=\"background-color:#0404ff\" target=\"_blank\" rel=\"noreferrer noopener\">T\u00e9l\u00e9charger le descriptif<\/a><\/div>\n<\/div>\n\n\n\n<p><\/p>\n<\/div>\n<\/div>\n\n\n\n<h4 class=\"wp-block-heading wp-embed-aspect-16-9 wp-has-aspect-ratio\">Le Sc\u00e9nario de <em>Sur le Fleuve S\u00e9n\u00e9gal<\/em><\/h4>\n\n\n\n<p class=\"has-text-align-left wp-embed-aspect-16-9 wp-has-aspect-ratio\" style=\"font-size:15px\"><br><\/p>\n\n\n\n<p class=\"wp-embed-aspect-16-9 wp-has-aspect-ratio\"><strong><em>Sur le Fleuve S\u00e9n\u00e9gal<\/em><\/strong> se d\u00e9roule \u00e0 Bord du Christabel un bateau de transport fluvial provenant des confins du Mali et \u00e0 destination de St Louis du S\u00e9n\u00e9gal.<\/p>\n\n\n\n<p class=\"wp-embed-aspect-16-9 wp-has-aspect-ratio\">Nous sommes au printemps 1939. Partout en Europe, les pays se pr\u00e9parent \u00e0 la guerre.<\/p>\n\n\n\n<p>Pendant ce temps, un drame de moindre ampleur est sur le point de se d\u00e9rouler dans la lointaine colonie d\u2019Afrique Occidentale Fran\u00e7aise alors que le navire \u00ab&nbsp;Le Christabel&nbsp;\u00bb entame son voyage de routine.<\/p>\n\n\n\n<p class=\"wp-embed-aspect-16-9 wp-has-aspect-ratio\">L&#8217;air est chaud et humide, les moustiques pullulent et les crocodiles se pr\u00e9lassent sur les berges du fleuve. Le voyage va durer deux jours, durant lesquels les passagers seront coup\u00e9s du monde ext\u00e9rieur, hormis un arr\u00eat \u00e0 mi-chemin pour une br\u00e8ve escale technique. Beaucoup de choses pourraient se passer&nbsp;!<\/p>\n\n\n\n<p class=\"has-text-align-right\"><\/p>\n\n\n\n<h4 class=\"wp-block-heading\">Le Casting de <em><em><em><em>Sur le Fleuve S\u00e9n\u00e9gal<\/em><\/em><\/em><\/em><mark style=\"background-color:rgba(0, 0, 0, 0);color:#0404ff\" class=\"has-inline-color\"><\/mark><\/h4>\n\n\n\n<p><mark style=\"background-color:rgba(0, 0, 0, 0)\" class=\"has-inline-color has-white-color\">&#8211;<\/mark><br>&#8211; L&#8217;\u00e9quipage : Le Capitaine Birone et son Lieutenant N&#8217;Jobe<br>&#8211; Les passagers de diverses nationalit\u00e9s revenant des environs de Bamako<\/p>\n\n\n\n<ul class=\"wp-block-list\">\n<li>Un propri\u00e9taire de plantation d&#8217;arachides<\/li>\n\n\n\n<li>Une touriste italienne<\/li>\n\n\n\n<li>Un m\u00e9decin de l&#8217;h\u00f4pital national<\/li>\n\n\n\n<li>Un n\u00e9gociant en ivoire<\/li>\n\n\n\n<li>Une organisatrice de safari<\/li>\n\n\n\n<li>etc &#8230;<\/li>\n<\/ul>\n\n\n\n<p><\/p>\n\n\n\n<h4 class=\"wp-block-heading\"><br><strong>Comment fonctionne<\/strong> <em><em><em><em>Sur le Fleuve S\u00e9n\u00e9gal<\/em><\/em><\/em> <\/em>?<\/h4>\n\n\n\n<p><br>Le jeu <strong><em><em><em>Sur le Fleuve S\u00e9n\u00e9gal<\/em><\/em><\/em><\/strong> a \u00e9t\u00e9 con\u00e7u pour 8 \u00e0 14 joueurs. Une personne (l\u2019h\u00f4te) doit coordonner et organiser (h\u00e9berger) le jeu. Son r\u00f4le sera de faciliter la partie en connaissant tous ses rouages. Sa mission sera donc parall\u00e8le \u00e0 l\u2019activit\u00e9 ludique mais elle n\u2019en sera pas moins int\u00e9ressante, tous nos joueurs le confirment. Vu le nombre d&#8217;e joueurs important d&#8217;actions \u00e0 superviser nous recommandons tr\u00e8s fortement qu&#8217;il soit second\u00e9 par un assistant<\/p>\n\n\n\n<div class=\"wp-block-media-text alignwide is-stacked-on-mobile\" style=\"grid-template-columns:24% auto\"><figure class=\"wp-block-media-text__media\"><img loading=\"lazy\" decoding=\"async\" width=\"1024\" height=\"1024\" src=\"https:\/\/francemurder.com\/wp-content\/uploads\/2025\/04\/wanajack_Plan_serr_buste_et_face_de_deux_personnes_discutant__c3738afa-2d23-46f5-a96c-35a3bb2a2ea4_3.png\" alt=\"\" class=\"wp-image-6266 size-full\" srcset=\"https:\/\/francemurder.com\/wp-content\/uploads\/2025\/04\/wanajack_Plan_serr_buste_et_face_de_deux_personnes_discutant__c3738afa-2d23-46f5-a96c-35a3bb2a2ea4_3.png 1024w, https:\/\/francemurder.com\/wp-content\/uploads\/2025\/04\/wanajack_Plan_serr_buste_et_face_de_deux_personnes_discutant__c3738afa-2d23-46f5-a96c-35a3bb2a2ea4_3-300x300.png 300w, https:\/\/francemurder.com\/wp-content\/uploads\/2025\/04\/wanajack_Plan_serr_buste_et_face_de_deux_personnes_discutant__c3738afa-2d23-46f5-a96c-35a3bb2a2ea4_3-150x150.png 150w, https:\/\/francemurder.com\/wp-content\/uploads\/2025\/04\/wanajack_Plan_serr_buste_et_face_de_deux_personnes_discutant__c3738afa-2d23-46f5-a96c-35a3bb2a2ea4_3-768x768.png 768w, https:\/\/francemurder.com\/wp-content\/uploads\/2025\/04\/wanajack_Plan_serr_buste_et_face_de_deux_personnes_discutant__c3738afa-2d23-46f5-a96c-35a3bb2a2ea4_3-600x600.png 600w, https:\/\/francemurder.com\/wp-content\/uploads\/2025\/04\/wanajack_Plan_serr_buste_et_face_de_deux_personnes_discutant__c3738afa-2d23-46f5-a96c-35a3bb2a2ea4_3-100x100.png 100w\" sizes=\"auto, (max-width: 1024px) 100vw, 1024px\" \/><\/figure><div class=\"wp-block-media-text__content\">\n<p style=\"font-size:15px\"><em><strong><em>Sur le Fleuve S\u00e9n\u00e9gal<\/em><\/strong><\/em> dure en g\u00e9n\u00e9ral environ 2<sup>H<\/sup>30. Les participants seront regroup\u00e9s dans une grande salle qui symbolisera le salon principal du bateau<\/p>\n<\/div><\/div>\n\n\n\n<h4 class=\"wp-block-heading\"><br><strong>Qu&#8217;est-ce qui se passe dans<\/strong> <em><em><em>Sur le Fleuve S\u00e9n\u00e9gal<\/em><\/em> <\/em>?<\/h4>\n\n\n\n<p><br>Bien qu&#8217;il n&#8217;y ait pas de meurtre initial, les joueurs auront de nombreux myst\u00e8res sur lesquels enqu\u00eater. Le jeu des alliances et la course aux armes secr\u00e8tes pour faire gagner son camp seront bien s\u00fbr pr\u00e9sents mais la r\u00e9ussite de missions annexes sera aussi au programme de la soir\u00e9e et n\u00e9cessitera imagination diplomatie. <em><strong><em>Sur le Fleuve S\u00e9n\u00e9gal<\/em><\/strong><\/em> sera clairement une aventure mouvement\u00e9e !<\/p>\n\n\n\n<div class=\"wp-block-buttons is-content-justification-center is-layout-flex wp-container-core-buttons-is-layout-2 wp-block-buttons-is-layout-flex\">\n<div class=\"wp-block-button\"><a class=\"wp-block-button__link has-white-color has-text-color has-background wp-element-button\" href=\"https:\/\/francemurder.com\/?product=sur-le-fleuve-senegal\" style=\"background-color:#ff0000\" target=\"_blank\" rel=\"noreferrer noopener\">Acheter le jeu 24 \u20ac<\/a><\/div>\n\n\n\n<div class=\"wp-block-button\"><a class=\"wp-block-button__link has-white-color has-text-color has-background wp-element-button\" href=\"https:\/\/francemurder.com\/wp-content\/uploads\/2025\/04\/SFS-Sur-le-fleuve-Senegal-www.francemurder.com-v.1.01.03.2025.pdf\" style=\"background-color:#0404ff\" target=\"_blank\" rel=\"noreferrer noopener\">T\u00e9l\u00e9charger le descriptif<\/a><\/div>\n<\/div>\n\n\n\n<p class=\"has-text-align-center\"><br><strong>Pr\u00e9sentation vid\u00e9o<\/strong><\/p>\n\n\n\n<figure class=\"wp-block-video\"><video controls src=\"https:\/\/francemurder.com\/wp-content\/uploads\/2025\/03\/SFS-Clip-Promotionnel.mp4\"><\/video><\/figure>\n","protected":false},"excerpt":{"rendered":"<p>Sur le Fleuve S\u00e9n\u00e9gal (Joueurs d\u00e9butants)Ce jeu est class\u00e9 dans la cat\u00e9gorie &#8220;Sp\u00e9cial&#8221; La raison de ce classement est l&#8217;absence du traditionnel Meurtre Initial et de l&#8217;enqu\u00eate associ\u00e9e qui sont habituellement pr\u00e9sents dans nos murder-parties. Toutefois, vous trouverez ici tout le plaisir (voire encore plus que d&#8217;habitude) des tractations, alliances et trahisons existant \u00e0 moindre [&hellip;]<\/p>\n","protected":false},"author":1,"featured_media":0,"parent":0,"menu_order":0,"comment_status":"closed","ping_status":"closed","template":"","meta":{"_glsr_average":0,"_glsr_ranking":0,"_glsr_reviews":0,"footnotes":""},"class_list":["post-6172","page","type-page","status-publish","hentry"],"_links":{"self":[{"href":"https:\/\/francemurder.com\/index.php?rest_route=\/wp\/v2\/pages\/6172","targetHints":{"allow":["GET"]}}],"collection":[{"href":"https:\/\/francemurder.com\/index.php?rest_route=\/wp\/v2\/pages"}],"about":[{"href":"https:\/\/francemurder.com\/index.php?rest_route=\/wp\/v2\/types\/page"}],"author":[{"embeddable":true,"href":"https:\/\/francemurder.com\/index.php?rest_route=\/wp\/v2\/users\/1"}],"replies":[{"embeddable":true,"href":"https:\/\/francemurder.com\/index.php?rest_route=%2Fwp%2Fv2%2Fcomments&post=6172"}],"version-history":[{"count":11,"href":"https:\/\/francemurder.com\/index.php?rest_route=\/wp\/v2\/pages\/6172\/revisions"}],"predecessor-version":[{"id":8118,"href":"https:\/\/francemurder.com\/index.php?rest_route=\/wp\/v2\/pages\/6172\/revisions\/8118"}],"wp:attachment":[{"href":"https:\/\/francemurder.com\/index.php?rest_route=%2Fwp%2Fv2%2Fmedia&parent=6172"}],"curies":[{"name":"wp","href":"https:\/\/api.w.org\/{rel}","templated":true}]}}