{"id":5580,"date":"2024-11-11T23:07:54","date_gmt":"2024-11-11T22:07:54","guid":{"rendered":"https:\/\/francemurder.com\/?page_id=5580"},"modified":"2024-11-20T17:48:30","modified_gmt":"2024-11-20T16:48:30","slug":"le-chalet-dans-la-montagne","status":"publish","type":"page","link":"https:\/\/francemurder.com\/?page_id=5580","title":{"rendered":"Le Chalet dans la montagne"},"content":{"rendered":"\n<h1 class=\"wp-block-heading has-text-align-center\"><mark style=\"background-color:rgba(0, 0, 0, 0)\" class=\"has-inline-color has-black-color\">Le chalet dans la montagne<\/mark><\/h1>\n\n\n\n<h3 class=\"wp-block-heading\"><mark style=\"background-color:rgba(0, 0, 0, 0)\" class=\"has-inline-color has-white-color\">(Joueurs d\u00e9butants)<\/mark><br><mark style=\"background-color:rgba(0, 0, 0, 0)\" class=\"has-inline-color has-white-color\">.<\/mark><\/h3>\n\n\n\n<figure class=\"wp-block-image size-large\"><img loading=\"lazy\" decoding=\"async\" width=\"1024\" height=\"455\" src=\"https:\/\/francemurder.com\/wp-content\/uploads\/2024\/11\/CDM-Fiche-Technique-1024x455.png\" alt=\"\" class=\"wp-image-5625\" srcset=\"https:\/\/francemurder.com\/wp-content\/uploads\/2024\/11\/CDM-Fiche-Technique-1024x455.png 1024w, https:\/\/francemurder.com\/wp-content\/uploads\/2024\/11\/CDM-Fiche-Technique-300x133.png 300w, https:\/\/francemurder.com\/wp-content\/uploads\/2024\/11\/CDM-Fiche-Technique-768x341.png 768w, https:\/\/francemurder.com\/wp-content\/uploads\/2024\/11\/CDM-Fiche-Technique-1536x682.png 1536w, https:\/\/francemurder.com\/wp-content\/uploads\/2024\/11\/CDM-Fiche-Technique-600x266.png 600w, https:\/\/francemurder.com\/wp-content\/uploads\/2024\/11\/CDM-Fiche-Technique.png 2048w\" sizes=\"auto, (max-width: 1024px) 100vw, 1024px\" \/><\/figure>\n\n\n\n<div class=\"wp-block-columns is-layout-flex wp-container-core-columns-is-layout-1 wp-block-columns-is-layout-flex\">\n<div class=\"wp-block-column is-layout-flow wp-block-column-is-layout-flow\">\n<div class=\"wp-block-buttons is-content-justification-center is-layout-flex wp-container-core-buttons-is-layout-1 wp-block-buttons-is-layout-flex\">\n<div class=\"wp-block-button\"><a class=\"wp-block-button__link has-white-color has-text-color has-background wp-element-button\" href=\"https:\/\/francemurder.com\/?product=le-chalet-dans-la-montagne\" style=\"background-color:#ff0000\" target=\"_blank\" rel=\"noreferrer noopener\">Acheter le jeu 24 \u20ac<\/a><\/div>\n\n\n\n<div class=\"wp-block-button\"><a class=\"wp-block-button__link has-white-color has-text-color has-background wp-element-button\" href=\"https:\/\/francemurder.com\/wp-content\/uploads\/2024\/11\/CDM-Le-chalet-dans-la-montagne-www.francemurder.com-v.2.20.11.2024.pdf\" style=\"background-color:#0404ff\" target=\"_blank\" rel=\"noreferrer noopener\">T\u00e9l\u00e9charger le descriptif<\/a><\/div>\n<\/div>\n\n\n\n<p><\/p>\n<\/div>\n<\/div>\n\n\n\n<h4 class=\"wp-block-heading\">Le Sc\u00e9nario du <em>Chalet dans la Montagne<\/em><\/h4>\n\n\n\n<p class=\"has-text-align-left\" style=\"font-size:15px\"><br><\/p>\n\n\n\n<p>Comme tous les hivers, les familles Hugon, P\u00e9ricard et Meunier ont d\u00e9cid\u00e9 de passer ensemble les vacances de No\u00ebl en louant un chalet \u00e0 la montagne afin de profiter de l\u2019air pur et de la proximit\u00e9 des pistes de ski. Cependant cette ann\u00e9e les d\u00e9convenues se sont encha\u00een\u00e9es&nbsp;: le chalet est beaucoup trop excentr\u00e9, Lucie, la fille des \u00e9poux Hugon s\u2019est foul\u00e9 la cheville et Jacqueline et Marie ont eu une dispute de frangines \u2026&nbsp;!<\/p>\n\n\n\n<p>Mais tout cela n\u2019est rien compar\u00e9 \u00e0 la trag\u00e9die qui vient d\u2019avoir lieu&nbsp;: Jean Meunier, le beau-fr\u00e8re de Harold Hugon vient d\u2019\u00eatre retrouv\u00e9 mort dans les escaliers qui m\u00e8nent au grenier.<\/p>\n\n\n\n<p>H\u00e9las, d\u2019\u00e9normes chutes de neiges et une mini avalanche ont coup\u00e9 tout acc\u00e8s vers le village voisin ainsi que les communications du r\u00e9seau t\u00e9l\u00e9phonique. Dans le meilleur des cas le chasse neige ne devrait les d\u00e9bloquer que demain matin mais rien n\u2019est moins sur&nbsp;!<\/p>\n\n\n\n<p>Que faire en attendant les secours&nbsp;d\u2019autant plus que la th\u00e8se d\u2019un accident n\u2019est pas la seule envisag\u00e9e&nbsp;! Si c\u2019est un crime, celui qui a pouss\u00e9 le pauvre homme afin qu\u2019il meure dans sa chute pourrait bien avoir envie de recommencer \u2026&nbsp;!<\/p>\n\n\n\n<p><mark style=\"background-color:rgba(0, 0, 0, 0)\" class=\"has-inline-color has-white-color\">.<\/mark><\/p>\n\n\n\n<p class=\"has-text-align-right\"><\/p>\n\n\n\n<h4 class=\"wp-block-heading\">Le Casting du <em><em><em><em>Chalet dans la Montagne<\/em><\/em><\/em><\/em><mark style=\"background-color:rgba(0, 0, 0, 0);color:#0404ff\" class=\"has-inline-color\"><\/mark><\/h4>\n\n\n\n<p><mark style=\"background-color:rgba(0, 0, 0, 0)\" class=\"has-inline-color has-white-color\">&#8211;<\/mark><br>&#8211; La famille Hugon (Harold, Marie et Lucie)<br>&#8211; La famille P\u00e9ricard (Daniel, Jacqueline, Jonathan et Thomas)<br>&#8211; La Famille Meunier (Jean et Annie)<br>&#8211; Et quelques invit\u00e9s inattendus&nbsp;!<\/p>\n\n\n\n<h4 class=\"wp-block-heading\"><br><strong>Comment fonctionne<\/strong> <em><em><em><em>Le Chalet dans la Montagne<\/em><\/em><\/em> <\/em>?<\/h4>\n\n\n\n<p><br>Le jeu <strong><mark style=\"background-color:rgba(0, 0, 0, 0)\" class=\"has-inline-color has-vivid-red-color\">Le chalet dans la Montagne<\/mark><\/strong> a \u00e9t\u00e9 con\u00e7u pour 10 \u00e0 13 joueurs. Une personne (l\u2019h\u00f4te) doit coordonner et organiser (h\u00e9berger) le jeu. Son r\u00f4le sera de faciliter la partie en connaissant tous ses rouages. Sa mission sera donc parall\u00e8le \u00e0 l\u2019activit\u00e9 ludique mais elle n\u2019en sera pas moins int\u00e9ressante, tous nos joueurs le confirment. Suivant votre exp\u00e9rience de l&#8217;arbitrage nous vous conseillons qu&#8217;il soit \u00e9ventuellement second\u00e9 par un assistant.<\/p>\n\n\n\n<div class=\"wp-block-media-text alignwide is-stacked-on-mobile\" style=\"grid-template-columns:47% auto\"><figure class=\"wp-block-media-text__media\"><img loading=\"lazy\" decoding=\"async\" width=\"512\" height=\"321\" src=\"https:\/\/francemurder.com\/wp-content\/uploads\/2024\/11\/Joueurs-FFG.jpg\" alt=\"\" class=\"wp-image-5629 size-full\" srcset=\"https:\/\/francemurder.com\/wp-content\/uploads\/2024\/11\/Joueurs-FFG.jpg 512w, https:\/\/francemurder.com\/wp-content\/uploads\/2024\/11\/Joueurs-FFG-300x188.jpg 300w\" sizes=\"auto, (max-width: 512px) 100vw, 512px\" \/><\/figure><div class=\"wp-block-media-text__content\">\n<p style=\"font-size:15px\"><em><strong>Le Chalet dans la montagne<\/strong><\/em> dure en g\u00e9n\u00e9ral environ 2<sup>H<\/sup>00. Les participants seront regroup\u00e9s dans une grande salle qui symbolisera le chalet isol\u00e9 qu&#8217;ils ont r\u00e9serv\u00e9 pour les vacances de No\u00ebl<\/p>\n<\/div><\/div>\n\n\n\n<h4 class=\"wp-block-heading\"><br><strong>Qu&#8217;est-ce qui se passe dans<\/strong> <em><em><em>Le Chalet dans la Montagne<\/em><\/em> <\/em>?<\/h4>\n\n\n\n<p><br>Les joueurs seront r\u00e9unis dans une salle o\u00f9 ils vont essayer de comprendre ce qui vient d&#8217;arriver \u00e0 l&#8217;un d&#8217;eux qu&#8217;on a retrouv\u00e9 mort au pied de l&#8217;escalier qui monte au grenier. De plus, tous les personnages auront des objectifs secondaires d\u00e9finis par leur feuille d&#8217;interpr\u00e9tation qui rendront le jeu tr\u00e8s r\u00e9aliste. La mani\u00e8re qu\u2019ils choisiront pour r\u00e9ussir l&#8217;enqu\u00eate principale et ces missions annexes sera le fruit de leur imagination et de leur diplomatie face aux autres joueurs. <em><strong>Le Chalet dans la Montagne<\/strong><\/em> est une soir\u00e9e de rancunes r\u00e9siduelles du pass\u00e9, de rivalit\u00e9 actuelle et de meurtre !<\/p>\n\n\n\n<div class=\"wp-block-buttons is-content-justification-center is-layout-flex wp-container-core-buttons-is-layout-2 wp-block-buttons-is-layout-flex\">\n<div class=\"wp-block-button\"><a class=\"wp-block-button__link has-white-color has-text-color has-background wp-element-button\" href=\"https:\/\/francemurder.com\/?product=le-chalet-dans-la-montagne\" style=\"background-color:#ff0000\" target=\"_blank\" rel=\"noreferrer noopener\">Acheter le jeu 24 \u20ac<\/a><\/div>\n\n\n\n<div class=\"wp-block-button\"><a class=\"wp-block-button__link has-white-color has-text-color has-background wp-element-button\" href=\"https:\/\/francemurder.com\/wp-content\/uploads\/2024\/11\/CDM-Le-chalet-dans-la-montagne-www.francemurder.com-v.2.20.11.2024.pdf\" style=\"background-color:#0404ff\" target=\"_blank\" rel=\"noreferrer noopener\">T\u00e9l\u00e9charger le descriptif<\/a><\/div>\n<\/div>\n\n\n\n<h4 class=\"wp-block-heading\"><br><strong>Regardez la vid\u00e9o de pr\u00e9sentation d<\/strong>u <em><em><em><em>Chalet dans la Montagne<\/em><\/em><\/em> <\/em><br><mark style=\"background-color:rgba(0, 0, 0, 0)\" class=\"has-inline-color has-white-color\">&#8230;<\/mark><\/h4>\n\n\n\n<figure class=\"wp-block-video\"><video controls src=\"https:\/\/francemurder.com\/wp-content\/uploads\/2024\/11\/Clip-CDM-via-Canva.mp4\"><\/video><\/figure>\n\n\n\n<div class=\"wp-block-columns is-layout-flex wp-container-core-columns-is-layout-2 wp-block-columns-is-layout-flex\">\n<div class=\"wp-block-column is-layout-flow wp-block-column-is-layout-flow\"><\/div>\n<\/div>\n\n\n\n<div class=\"wp-block-buttons is-content-justification-center is-layout-flex wp-container-core-buttons-is-layout-3 wp-block-buttons-is-layout-flex\">\n<div class=\"wp-block-button\"><a class=\"wp-block-button__link has-white-color has-text-color has-background wp-element-button\" href=\"https:\/\/francemurder.com\/?product=le-chalet-dans-la-montagne\" style=\"background-color:#ff0000\" target=\"_blank\" rel=\"noreferrer noopener\">Acheter le jeu 24 \u20ac<\/a><\/div>\n\n\n\n<div class=\"wp-block-button\"><a class=\"wp-block-button__link has-white-color has-text-color has-background wp-element-button\" href=\"https:\/\/francemurder.com\/wp-content\/uploads\/2024\/11\/CDM-Le-chalet-dans-la-montagne-www.francemurder.com-v.2.20.11.2024.pdf\" style=\"background-color:#0404ff\" target=\"_blank\" rel=\"noreferrer noopener\">T\u00e9l\u00e9charger le descriptif<\/a><\/div>\n<\/div>\n","protected":false},"excerpt":{"rendered":"<p>Le chalet dans la montagne (Joueurs d\u00e9butants). Le Sc\u00e9nario du Chalet dans la Montagne Comme tous les hivers, les familles Hugon, P\u00e9ricard et Meunier ont d\u00e9cid\u00e9 de passer ensemble les vacances de No\u00ebl en louant un chalet \u00e0 la montagne afin de profiter de l\u2019air pur et de la proximit\u00e9 des pistes de ski. Cependant [&hellip;]<\/p>\n","protected":false},"author":1,"featured_media":0,"parent":0,"menu_order":0,"comment_status":"closed","ping_status":"closed","template":"","meta":{"_glsr_average":0,"_glsr_ranking":0,"_glsr_reviews":0,"footnotes":""},"class_list":["post-5580","page","type-page","status-publish","hentry"],"_links":{"self":[{"href":"https:\/\/francemurder.com\/index.php?rest_route=\/wp\/v2\/pages\/5580","targetHints":{"allow":["GET"]}}],"collection":[{"href":"https:\/\/francemurder.com\/index.php?rest_route=\/wp\/v2\/pages"}],"about":[{"href":"https:\/\/francemurder.com\/index.php?rest_route=\/wp\/v2\/types\/page"}],"author":[{"embeddable":true,"href":"https:\/\/francemurder.com\/index.php?rest_route=\/wp\/v2\/users\/1"}],"replies":[{"embeddable":true,"href":"https:\/\/francemurder.com\/index.php?rest_route=%2Fwp%2Fv2%2Fcomments&post=5580"}],"version-history":[{"count":6,"href":"https:\/\/francemurder.com\/index.php?rest_route=\/wp\/v2\/pages\/5580\/revisions"}],"predecessor-version":[{"id":5643,"href":"https:\/\/francemurder.com\/index.php?rest_route=\/wp\/v2\/pages\/5580\/revisions\/5643"}],"wp:attachment":[{"href":"https:\/\/francemurder.com\/index.php?rest_route=%2Fwp%2Fv2%2Fmedia&parent=5580"}],"curies":[{"name":"wp","href":"https:\/\/api.w.org\/{rel}","templated":true}]}}