{"id":486,"date":"2021-03-29T12:47:27","date_gmt":"2021-03-29T10:47:27","guid":{"rendered":"http:\/\/francemurder.com\/?page_id=486"},"modified":"2023-08-31T09:13:58","modified_gmt":"2023-08-31T07:13:58","slug":"faq-pouvoirs-speciaux","status":"publish","type":"page","link":"https:\/\/francemurder.com\/?page_id=486","title":{"rendered":"FAQ : Pouvoirs sp\u00e9ciaux"},"content":{"rendered":"\n<div class=\"wp-block-media-text alignwide is-stacked-on-mobile\" style=\"grid-template-columns:15% auto\"><figure class=\"wp-block-media-text__media\"><img loading=\"lazy\" decoding=\"async\" width=\"1012\" height=\"1003\" src=\"https:\/\/francemurder.com\/wp-content\/uploads\/2023\/08\/Midjourney-Helper.png\" alt=\"\" class=\"wp-image-3481 size-full\" srcset=\"https:\/\/francemurder.com\/wp-content\/uploads\/2023\/08\/Midjourney-Helper.png 1012w, https:\/\/francemurder.com\/wp-content\/uploads\/2023\/08\/Midjourney-Helper-300x297.png 300w, https:\/\/francemurder.com\/wp-content\/uploads\/2023\/08\/Midjourney-Helper-150x150.png 150w, https:\/\/francemurder.com\/wp-content\/uploads\/2023\/08\/Midjourney-Helper-768x761.png 768w, https:\/\/francemurder.com\/wp-content\/uploads\/2023\/08\/Midjourney-Helper-600x595.png 600w, https:\/\/francemurder.com\/wp-content\/uploads\/2023\/08\/Midjourney-Helper-100x100.png 100w\" sizes=\"auto, (max-width: 1012px) 100vw, 1012px\" \/><\/figure><div class=\"wp-block-media-text__content\">\n<h2 class=\"has-text-align-left wp-block-heading\">FAQ : Pouvoirs sp\u00e9ciaux<\/h2>\n<\/div><\/div>\n\n\n\n<hr class=\"wp-block-separator has-css-opacity\"\/>\n\n\n\n<h2 class=\"has-medium-font-size wp-block-heading\"><br><span class=\"has-inline-color has-black-color\">On a des pouvoirs sp\u00e9ciaux ? <\/span><span style=\"color:#ff0000\" class=\"has-inline-color\">OUI<\/span><br>Mais profitez-en vite car ils disparaitront d\u00e8s la fin de la partie ! <\/h2>\n\n\n\n<p><br>Chaque joueur poss\u00e8de, selon le sc\u00e9nario, 2 ou 3 comp\u00e9tences, lui permettant de briser les barri\u00e8res de la volont\u00e9 de ses adversaires ou d&#8217;effectuer des actions &#8220;hors normes&#8221;<\/p>\n\n\n\n<p>Quelques exemples : <\/p>\n\n\n\n<ul class=\"wp-block-list\"><li><strong>Oreille Furtive<\/strong> : Lorsque vous voyez une discussion se d\u00e9rouler et que vous aimeriez en connaitre le contenu, allez voir le Maitre du Jeu et vous obtiendrez les \u00e9l\u00e9ments essentiels de ces d\u00e9bats.<\/li><li><strong>Partage<\/strong> : Vous mettez au point le march\u00e9 suivant avec votre interlocuteur. Vous allez lui r\u00e9v\u00e9ler votre <em>INDICE<\/em>, et il vous r\u00e9v\u00e8lera le sien &#8230;<\/li><li><strong>Interrogatoire <\/strong>: En parlant d&#8217;un ton ferme \u00e0 un joueur il aura l&#8217;impression de subir un interrogatoire policier et vous donnera son <em>SECRET<\/em><\/li><li><strong>Gossip<\/strong> : Vous maitrisez l&#8217;art des rumeurs. Donnez une fausse information que vous souhaitez voir r\u00e9pandue au Maitre du Jeu, et il la fera circuler<\/li><li><strong>S\u00e9duction <\/strong>: Vous savez envouter les personnes du sexe oppos\u00e9. Apr\u00e8s avoir susurr\u00e9 quelques mots \u00e0 un joueur il sera oblig\u00e9 de vous confier la teneur de l&#8217;une de ses <em>MISSIONS<\/em><\/li><li><strong>Pickpocket <\/strong>: Par une habile manipulation, vous d\u00e9lestez un joueur d&#8217;un de ses objets (avec la complicit\u00e9 du Maitre du jeu qui assurera votre anonymat)<\/li><li><strong>Confiance<\/strong> : Vous avez une attitude et un look qui inspirent confiance. Apr\u00e8s avoir bri\u00e8vement parl\u00e9 \u00e0 quelqu&#8217;un il ne pourra pas r\u00e9sister \u00e0 l&#8217;envie de vous confier ses infos sur  <em>UN AUTRE PERSONNAGE<\/em><\/li><\/ul>\n\n\n\n<p>Cette liste est non exhaustive, plus d&#8217;une quarantaine de comp\u00e9tences sont disponibles dans la biblioth\u00e8que de <strong><span style=\"color:#0404ff\" class=\"has-inline-color\">FRANCE MURDER<\/span><\/strong>.<\/p>\n\n\n\n<h2 class=\"has-medium-font-size wp-block-heading\">Dur\u00e9e de vie des comp\u00e9tences<\/h2>\n\n\n\n<p><br><strong>Limitation en utilisations<\/strong><\/p>\n\n\n\n<p>Les comp\u00e9tences sont en g\u00e9n\u00e9ral limit\u00e9es en nombre d&#8217;utilisations et apr\u00e8s chacune d&#8217;elles vous devrez cocher une case pr\u00e9sente sur le descriptif de votre pouvoir sp\u00e9cial. A ce niveau il sera fait appel \u00e0 votre Fair-Play puisque c&#8217;est vous-m\u00eame qui tiendrez ce d\u00e9compte avec la plus grande honn\u00eatet\u00e9 possible (<em>AUTO-ARBITRAGE<\/em>).<\/p>\n\n\n\n<p><strong>Limitations dans le temps<\/strong><\/p>\n\n\n\n<p>Suivant les sc\u00e9narios, certaines comp\u00e9tences disparaitront au bout d&#8217;un certain temps de jeu et \u00e0 l&#8217;inverse d&#8217;autres feront leur apparition. Dans ces deux cas, c&#8217;est le <em>MAITRE DU JEU<\/em> qui vous l&#8217;annoncera et vous appliquerez sa d\u00e9cision !<\/p>\n","protected":false},"excerpt":{"rendered":"<p>FAQ : Pouvoirs sp\u00e9ciaux On a des pouvoirs sp\u00e9ciaux ? OUIMais profitez-en vite car ils disparaitront d\u00e8s la fin de la partie ! Chaque joueur poss\u00e8de, selon le sc\u00e9nario, 2 ou 3 comp\u00e9tences, lui permettant de briser les barri\u00e8res de la volont\u00e9 de ses adversaires ou d&#8217;effectuer des actions &#8220;hors normes&#8221; Quelques exemples : Oreille [&hellip;]<\/p>\n","protected":false},"author":1,"featured_media":0,"parent":0,"menu_order":0,"comment_status":"closed","ping_status":"closed","template":"","meta":{"_glsr_average":0,"_glsr_ranking":0,"_glsr_reviews":0,"footnotes":""},"class_list":["post-486","page","type-page","status-publish","hentry"],"_links":{"self":[{"href":"https:\/\/francemurder.com\/index.php?rest_route=\/wp\/v2\/pages\/486","targetHints":{"allow":["GET"]}}],"collection":[{"href":"https:\/\/francemurder.com\/index.php?rest_route=\/wp\/v2\/pages"}],"about":[{"href":"https:\/\/francemurder.com\/index.php?rest_route=\/wp\/v2\/types\/page"}],"author":[{"embeddable":true,"href":"https:\/\/francemurder.com\/index.php?rest_route=\/wp\/v2\/users\/1"}],"replies":[{"embeddable":true,"href":"https:\/\/francemurder.com\/index.php?rest_route=%2Fwp%2Fv2%2Fcomments&post=486"}],"version-history":[{"count":17,"href":"https:\/\/francemurder.com\/index.php?rest_route=\/wp\/v2\/pages\/486\/revisions"}],"predecessor-version":[{"id":3484,"href":"https:\/\/francemurder.com\/index.php?rest_route=\/wp\/v2\/pages\/486\/revisions\/3484"}],"wp:attachment":[{"href":"https:\/\/francemurder.com\/index.php?rest_route=%2Fwp%2Fv2%2Fmedia&parent=486"}],"curies":[{"name":"wp","href":"https:\/\/api.w.org\/{rel}","templated":true}]}}