{"id":465,"date":"2021-03-29T11:49:55","date_gmt":"2021-03-29T09:49:55","guid":{"rendered":"http:\/\/francemurder.com\/?page_id=465"},"modified":"2024-03-26T09:39:15","modified_gmt":"2024-03-26T08:39:15","slug":"faq-casting","status":"publish","type":"page","link":"https:\/\/francemurder.com\/?page_id=465","title":{"rendered":"FAQ : Casting"},"content":{"rendered":"\n<div class=\"wp-block-media-text alignwide is-stacked-on-mobile\" style=\"grid-template-columns:15% auto\"><figure class=\"wp-block-media-text__media\"><img loading=\"lazy\" decoding=\"async\" width=\"1012\" height=\"1003\" src=\"https:\/\/francemurder.com\/wp-content\/uploads\/2023\/08\/Midjourney-Helper.png\" alt=\"\" class=\"wp-image-3481 size-full\" srcset=\"https:\/\/francemurder.com\/wp-content\/uploads\/2023\/08\/Midjourney-Helper.png 1012w, https:\/\/francemurder.com\/wp-content\/uploads\/2023\/08\/Midjourney-Helper-300x297.png 300w, https:\/\/francemurder.com\/wp-content\/uploads\/2023\/08\/Midjourney-Helper-150x150.png 150w, https:\/\/francemurder.com\/wp-content\/uploads\/2023\/08\/Midjourney-Helper-768x761.png 768w, https:\/\/francemurder.com\/wp-content\/uploads\/2023\/08\/Midjourney-Helper-600x595.png 600w, https:\/\/francemurder.com\/wp-content\/uploads\/2023\/08\/Midjourney-Helper-100x100.png 100w\" sizes=\"auto, (max-width: 1012px) 100vw, 1012px\" \/><\/figure><div class=\"wp-block-media-text__content\">\n<h2 class=\"has-text-align-left wp-block-heading\">FAQ : Le Casting<\/h2>\n<\/div><\/div>\n\n\n\n<hr class=\"wp-block-separator has-css-opacity\"\/>\n\n\n\n<p><strong><span class=\"has-inline-color has-vivid-red-color\">Comment l\u2019h\u00f4te de la soir\u00e9e proc\u00e8de-t-il pour faire le casting ?<\/span><\/strong><\/p>\n\n\n\n<p>Apr\u00e8s avoir lanc\u00e9 les invitations et re\u00e7us les r\u00e9ponses de ses amis, il a devant lui une liste de <strong><mark style=\"background-color:rgba(0, 0, 0, 0);color:#0404ff\" class=\"has-inline-color\">X Hommes<\/mark><\/strong> et <strong><mark style=\"background-color:rgba(0, 0, 0, 0);color:#0404ff\" class=\"has-inline-color\">Y Femmes<\/mark><\/strong>. Supposons qu&#8217;il ait r\u00e9uni 8 invit\u00e9s repartis en 5 hommes et 3 Femmes. (sans se compter lui-m\u00eame)<\/p>\n\n\n\n<p>Il va ensuite dans le chapitre <strong><span style=\"color:#0404ff\" class=\"has-inline-color\">CASTING <\/span><\/strong>de son livret d&#8217;instruction et consulte le tableau de r\u00e9partition. Prenons l&#8217;exemple concret d&#8217;un scenario dont le tableau aurait la forme suivante :<\/p>\n\n\n\n<figure class=\"wp-block-table\"><table><tbody><tr><td class=\"has-text-align-center\" data-align=\"center\"><strong>Nb de <\/strong><br><strong>joueurs<\/strong><\/td><td class=\"has-text-align-center\" data-align=\"center\"><strong>Personnages <\/strong><br><strong>Masculins<\/strong><\/td><td class=\"has-text-align-center\" data-align=\"center\"><strong>Personnages<br>F\u00e9minins<\/strong><\/td><td class=\"has-text-align-center\" data-align=\"center\"><strong>Personnages<br>Neutres<\/strong><\/td><\/tr><tr><td class=\"has-text-align-center\" data-align=\"center\"><strong>6<\/strong><\/td><td class=\"has-text-align-center\" data-align=\"center\">Albert <br>Bernard<br><span class=\"has-inline-color has-cyan-bluish-gray-color\">*Christophe<\/span><\/td><td class=\"has-text-align-center\" data-align=\"center\">Doroth\u00e9e<br>Erica <br><span class=\"has-inline-color has-cyan-bluish-gray-color\">*Florence<\/span><\/td><td class=\"has-text-align-center\" data-align=\"center\">Urwan <br>Vaylor <br><span class=\"has-inline-color has-cyan-bluish-gray-color\">*Wolny<\/span><\/td><\/tr><tr><td class=\"has-text-align-center\" data-align=\"center\"><strong>7<\/strong><\/td><td class=\"has-text-align-center\" data-align=\"center\">Albert<br>Bernard<br><span class=\"has-inline-color has-cyan-bluish-gray-color\">*Christophe<\/span><\/td><td class=\"has-text-align-center\" data-align=\"center\">Doroth\u00e9e <br>Erica<br><span class=\"has-inline-color has-cyan-bluish-gray-color\">*Florence<\/span><\/td><td class=\"has-text-align-center\" data-align=\"center\">Urwan <br>Vaylor <br>Wolny<\/td><\/tr><tr><td class=\"has-text-align-center\" data-align=\"center\"><strong><span style=\"color:#0404ff\" class=\"has-inline-color\">8<\/span><\/strong><\/td><td class=\"has-text-align-center\" data-align=\"center\"><strong><span style=\"color:#0404ff\" class=\"has-inline-color\">Albert<br>Bernard<br>Christophe<\/span><\/strong><\/td><td class=\"has-text-align-center\" data-align=\"center\"><strong><span style=\"color:#0404ff\" class=\"has-inline-color\">Doroth\u00e9e<br>Erica<br>Florence<\/span><\/strong><\/td><td class=\"has-text-align-center\" data-align=\"center\"><strong><span style=\"color:#0404ff\" class=\"has-inline-color\">Urwan <br>Vaylor <\/span><br><span class=\"has-inline-color has-cyan-bluish-gray-color\">*Wolny<\/span><\/strong><\/td><\/tr><tr><td class=\"has-text-align-center\" data-align=\"center\"><strong>9<\/strong><\/td><td class=\"has-text-align-center\" data-align=\"center\">Albert<br>Bernard<br>Christophe<\/td><td class=\"has-text-align-center\" data-align=\"center\">Doroth\u00e9e <br>Erica<br>Florence<\/td><td class=\"has-text-align-center\" data-align=\"center\">Urwan <br>Vaylor <br>Wolny<\/td><\/tr><\/tbody><\/table><figcaption><mark style=\"background-color:rgba(0, 0, 0, 0)\" class=\"has-inline-color has-cyan-bluish-gray-color\">* un personnage gris\u00e9 n&#8217;est pas utilis\u00e9 dans cette configuration<\/mark><\/figcaption><\/figure>\n\n\n\n<p><br>En consultant la rang\u00e9e &#8220;8 joueurs&#8221;, il voit que le personnage de Wolny est gris\u00e9 ce qui signifie qu&#8217;il ne sera pas utilis\u00e9 (le livret de personnage de Wolny peut \u00eatre mis de cot\u00e9). A noter que le scenario fonctionnera tr\u00e8s bien avec cette absence d&#8217;un joueur qui est un personnage secondaire.<\/p>\n\n\n\n<p>Puisqu&#8217;il a 5 gar\u00e7ons et 3 filles dans sa partie, il confiera les r\u00f4les de Urwan et Waylor (class\u00e9s dans la colonne <strong>NEUTRE<\/strong>) \u00e0 2 hommes. <\/p>\n\n\n\n<p>Finalement, il faudra faire la r\u00e9partition des personnages pour chacun de ses amis en fonction de leurs personnalit\u00e9s. Ayant lu l&#8217;ensemble des livrets de personnage, l&#8217;h\u00f4te de la soir\u00e9e devra se forger une opinion sur qui attribuer \u00e0 qui :<\/p>\n\n\n\n<ul class=\"wp-block-list\"><li>Soit en cherchant \u00e0 attribuer un personnage proche du caract\u00e8re de son ami<\/li><li>Soit en allant \u00e0 contre sens vers une personnalit\u00e9 diam\u00e9tralement oppos\u00e9e<\/li><li>Soit en laissant faire le destin et en proc\u00e9dant \u00e0 un tirage al\u00e9atoire<\/li><\/ul>\n","protected":false},"excerpt":{"rendered":"<p>FAQ : Le Casting Comment l\u2019h\u00f4te de la soir\u00e9e proc\u00e8de-t-il pour faire le casting ? Apr\u00e8s avoir lanc\u00e9 les invitations et re\u00e7us les r\u00e9ponses de ses amis, il a devant lui une liste de X Hommes et Y Femmes. Supposons qu&#8217;il ait r\u00e9uni 8 invit\u00e9s repartis en 5 hommes et 3 Femmes. (sans se compter [&hellip;]<\/p>\n","protected":false},"author":1,"featured_media":0,"parent":0,"menu_order":0,"comment_status":"closed","ping_status":"closed","template":"","meta":{"_glsr_average":0,"_glsr_ranking":0,"_glsr_reviews":0,"footnotes":""},"class_list":["post-465","page","type-page","status-publish","hentry"],"_links":{"self":[{"href":"https:\/\/francemurder.com\/index.php?rest_route=\/wp\/v2\/pages\/465","targetHints":{"allow":["GET"]}}],"collection":[{"href":"https:\/\/francemurder.com\/index.php?rest_route=\/wp\/v2\/pages"}],"about":[{"href":"https:\/\/francemurder.com\/index.php?rest_route=\/wp\/v2\/types\/page"}],"author":[{"embeddable":true,"href":"https:\/\/francemurder.com\/index.php?rest_route=\/wp\/v2\/users\/1"}],"replies":[{"embeddable":true,"href":"https:\/\/francemurder.com\/index.php?rest_route=%2Fwp%2Fv2%2Fcomments&post=465"}],"version-history":[{"count":15,"href":"https:\/\/francemurder.com\/index.php?rest_route=\/wp\/v2\/pages\/465\/revisions"}],"predecessor-version":[{"id":4510,"href":"https:\/\/francemurder.com\/index.php?rest_route=\/wp\/v2\/pages\/465\/revisions\/4510"}],"wp:attachment":[{"href":"https:\/\/francemurder.com\/index.php?rest_route=%2Fwp%2Fv2%2Fmedia&parent=465"}],"curies":[{"name":"wp","href":"https:\/\/api.w.org\/{rel}","templated":true}]}}