{"id":459,"date":"2021-03-29T11:47:24","date_gmt":"2021-03-29T09:47:24","guid":{"rendered":"http:\/\/francemurder.com\/?page_id=459"},"modified":"2023-08-31T10:11:31","modified_gmt":"2023-08-31T08:11:31","slug":"faq-missions-de-lhote","status":"publish","type":"page","link":"https:\/\/francemurder.com\/?page_id=459","title":{"rendered":"FAQ : Missions de l&#8217;h\u00f4te"},"content":{"rendered":"\n<div class=\"wp-block-media-text alignwide is-stacked-on-mobile\" style=\"grid-template-columns:15% auto\"><figure class=\"wp-block-media-text__media\"><img loading=\"lazy\" decoding=\"async\" width=\"1012\" height=\"1003\" src=\"https:\/\/francemurder.com\/wp-content\/uploads\/2023\/08\/Midjourney-Helper.png\" alt=\"\" class=\"wp-image-3481 size-full\" srcset=\"https:\/\/francemurder.com\/wp-content\/uploads\/2023\/08\/Midjourney-Helper.png 1012w, https:\/\/francemurder.com\/wp-content\/uploads\/2023\/08\/Midjourney-Helper-300x297.png 300w, https:\/\/francemurder.com\/wp-content\/uploads\/2023\/08\/Midjourney-Helper-150x150.png 150w, https:\/\/francemurder.com\/wp-content\/uploads\/2023\/08\/Midjourney-Helper-768x761.png 768w, https:\/\/francemurder.com\/wp-content\/uploads\/2023\/08\/Midjourney-Helper-600x595.png 600w, https:\/\/francemurder.com\/wp-content\/uploads\/2023\/08\/Midjourney-Helper-100x100.png 100w\" sizes=\"auto, (max-width: 1012px) 100vw, 1012px\" \/><\/figure><div class=\"wp-block-media-text__content\">\n<h2 class=\"has-text-align-left wp-block-heading\">FAQ : Missions de l&#8217;h\u00f4te<\/h2>\n<\/div><\/div>\n\n\n\n<hr class=\"wp-block-separator has-css-opacity\"\/>\n\n\n\n<p>Vous allez devenir <strong>L\u2019h\u00f4te de la soir\u00e9e<\/strong>, \u00e9galement appel\u00e9 <strong>Maitre du Jeu<\/strong> ou <strong>Emji<\/strong>. Vous aurez plusieurs responsabilit\u00e9s \u00e0 endosser, depuis la r\u00e9ception du pack jusqu&#8217;\u00e0 la conclusion du jeu en passant par les pr\u00e9paratifs et l&#8217;arbitrage en temps r\u00e9el de la partie. En voici un aper\u00e7u &#8230;<\/p>\n\n\n\n<h2 class=\"wp-block-heading\">1\/ La r\u00e9ception<\/h2>\n\n\n\n<ul class=\"wp-block-list\"><li>A la r\u00e9ception du pack, commencez toujours par la lecture du fichier <strong><span style=\"color:#0404ff\" class=\"has-inline-color\">Lisez moi en premier<\/span><\/strong> qui confirmera l&#8217;ordre de lecture des documents, leur rangement et qui contient une liste de contr\u00f4le.<\/li><li>Lisez attentivement le fichier <strong><span style=\"color:#0404ff\" class=\"has-inline-color\">Instructions<\/span><\/strong> qui compile toutes les missions du Maitre du jeu depuis les pr\u00e9paratifs plusieurs jours avant la partie jusqu&#8217;\u00e0 la conclusion et la parution du classement.<\/li><li>Lisez ensuite la <strong><span style=\"color:#0404ff\" class=\"has-inline-color\">Totalit\u00e9<\/span><\/strong> du contenu (y compris les <strong><span style=\"color:#0404ff\" class=\"has-inline-color\">Livrets de Personnages<\/span><\/strong> et la <strong><span style=\"color:#0404ff\" class=\"has-inline-color\">Solution<\/span><\/strong>). L&#8217;h\u00f4te de la soir\u00e9e doit avoir une connaissance compl\u00e8te de toute la m\u00e9canique de jeu afin de pouvoir aider efficacement les joueurs qui viendraient le solliciter.<\/li><\/ul>\n\n\n\n<h2 class=\"wp-block-heading\">2\/ Les pr\u00e9paratifs<\/h2>\n\n\n\n<ul class=\"wp-block-list\"><li>Envoyez les <strong><span style=\"color:#0404ff\" class=\"has-inline-color\">Invitations<\/span><\/strong> et dressez la liste d\u00e9finitive des participants en fonction des d\u00e9sistements de derni\u00e8re minute<\/li><li>\u00c9tablissez le <strong><span style=\"color:#0404ff\" class=\"has-inline-color\">Casting <\/span><\/strong>en attribuant \u00e0 chaque joueur ayant confirm\u00e9 sa venue un des r\u00f4les pr\u00e9vus par le scenario (<a href=\"https:\/\/francemurder.com\/?page_id=465\" data-type=\"page\" data-id=\"465\"><span class=\"has-inline-color has-vivid-red-color\">plus d&#8217;infos ICI<\/span><\/a>)<\/li><li>Envoyez initialement (vers J-7) les infos de <strong><span style=\"color:#0404ff\" class=\"has-inline-color\">Dress-code<\/span><\/strong>, les documents informant sur le <strong><span style=\"color:#0404ff\" class=\"has-inline-color\">Contexte<\/span><\/strong> et un pense-b\u00eate sur les <strong><span style=\"color:#0404ff\" class=\"has-inline-color\">R\u00e8gles du jeu<\/span><\/strong>. Ces trois \u00e9l\u00e9ments font partie du pack<\/li><li>Ne fournissez le <strong><span style=\"color:#0404ff\" class=\"has-inline-color\">Livret de personnage<\/span><\/strong> que le jour m\u00eame de l&#8217;activit\u00e9 pour \u00e9viter la fuite des informations<\/li><li>Pr\u00e9parez la <strong><span style=\"color:#0404ff\" class=\"has-inline-color\">D\u00e9coration<\/span><\/strong> de la salle et votre costume<\/li><li>Organisez vos \u00e9l\u00e9ments d&#8217;<strong><span style=\"color:#0404ff\" class=\"has-inline-color\">Arbitrage<\/span><\/strong> (pense-b\u00eate des r\u00e8gles, chronologie de la soir\u00e9e, documents \u00e0 fournir durant la partie, formulaire de classement, etc &#8230;)<\/li><\/ul>\n\n\n\n<h2 class=\"wp-block-heading\">3\/ La masterisation<\/h2>\n\n\n\n<p>ou comment diriger la partie en temps r\u00e9el ?<\/p>\n\n\n\n<ul class=\"wp-block-list\"><li>Accueillez les joueurs comme il se doit dans la salle d\u00e9cor\u00e9e et dans un costume correspondant \u00e0 votre r\u00f4le de Maitre du jeu.<\/li><li>Lorsque tous les joueurs sont pr\u00e9sents faites un <strong><span style=\"color:#0404ff\" class=\"has-inline-color\">Briefing<\/span><\/strong> contenant un rappel des r\u00e8gles du jeu, un aper\u00e7u du timing de la soir\u00e9e.<\/li><li>Distribuez les livrets de personnage et laissez le temps n\u00e9cessaire \u00e0 chacun pour le lire et l&#8217;assimiler (en g\u00e9n\u00e9ral 10 \u00e0 15 minutes).<\/li><li>Accordez un instant en t\u00eate \u00e0 t\u00eate \u00e0 tout participant qui souhaitera un \u00e9claircissement sur son interpr\u00e9tation.<\/li><li><strong><span style=\"color:#0404ff\" class=\"has-inline-color\">D\u00e9clarez le jeu officiellement lanc\u00e9<\/span><\/strong> ! En g\u00e9n\u00e9ral cela est toujours symbolis\u00e9 par un \u00e9v\u00e8nement marquant (d\u00e9couverte d&#8217;un corps ou d&#8217;un objet &#8230;) ou la prise de parole d&#8217;un personnage clef (annonce par le Maire ou le chef de la Police&#8230;)<\/li><li>Laissez les joueurs \u00e9voluer librement (car ils ont des consignes pour les premi\u00e8res actions \u00e0 entreprendre)<\/li><li>Intervenez si n\u00e9cessaire lorsqu&#8217;un diff\u00e9rend les oppose et r\u00e9solvez-le impartialement. Le mini-jeu <strong><span style=\"color:#0404ff\" class=\"has-inline-color\">Pierre\/Ciseaux\/Papiers<\/span><\/strong> se r\u00e9v\u00e8le particuli\u00e8rement efficace \u00e0 ce niveau. (<a rel=\"noreferrer noopener\" href=\"https:\/\/sites.google.com\/view\/france-murder\/accueil\/les-r%C3%A8gles-du-jeu\" target=\"_blank\"><span class=\"has-inline-color has-vivid-red-color\">Plus d&#8217;infos ICI<\/span><\/a>)<\/li><li>Suivez le fil conducteur de la chronologie du scenario mentionn\u00e9 dans vos Instructions.<\/li><li>Distribuez les <strong><span style=\"color:#0404ff\" class=\"has-inline-color\">Documents Annexes<\/span><\/strong> ou faites les A<strong><span style=\"color:#0404ff\" class=\"has-inline-color\">nnonces Officielles<\/span><\/strong> au moment pr\u00e9vu par la trame du jeu<\/li><li>Lorsque le temps imparti est \u00e9coul\u00e9 annoncez la <strong><span style=\"color:#0404ff\" class=\"has-inline-color\">Fin<\/span><\/strong> officielle du jeu (pr\u00e9c\u00e9d\u00e9e d&#8217;un pr\u00e9avis quelques minutes auparavant)<\/li><\/ul>\n\n\n\n<h2 class=\"wp-block-heading\">4\/ La conclusion<\/h2>\n\n\n\n<ul class=\"wp-block-list\"><li>Faites un tour de table des invit\u00e9s pour recueillir leurs r\u00e9ponses brutes aux questions clefs du jeu dont \u00e9videmment <strong><span style=\"color:#0404ff\" class=\"has-inline-color\">Qui est l&#8217;assassin de X&#8230; ?<\/span><\/strong><\/li><li>Marquez leur r\u00e9ponse au fur et \u00e0 mesure sur la feuille r\u00e9capitulative de classement.<\/li><li>Faites la lecture de <strong><span style=\"color:#0404ff\" class=\"has-inline-color\">La Solution Officielle<\/span><\/strong>.<\/li><li>Revenez sur chaque joueur individuellement pour v\u00e9rifier l&#8217;accomplissement (ou non) de leurs <strong><span style=\"color:#0404ff\" class=\"has-inline-color\">Missions<\/span><\/strong> et marquez le r\u00e9sultat sur la feuille de classement<\/li><li>Attribuez les <strong><span style=\"color:#0404ff\" class=\"has-inline-color\">Diplomes<\/span><\/strong> de meilleur costume, meilleur acteur et meilleur strat\u00e8ge qui terminent le remplissage de la feuille de classement.<\/li><li>Donnez le <strong><span style=\"color:#0404ff\" class=\"has-inline-color\">R\u00e9sultat Final.<\/span><\/strong><\/li><\/ul>\n\n\n\n<p><\/p>\n","protected":false},"excerpt":{"rendered":"<p>FAQ : Missions de l&#8217;h\u00f4te Vous allez devenir L\u2019h\u00f4te de la soir\u00e9e, \u00e9galement appel\u00e9 Maitre du Jeu ou Emji. Vous aurez plusieurs responsabilit\u00e9s \u00e0 endosser, depuis la r\u00e9ception du pack jusqu&#8217;\u00e0 la conclusion du jeu en passant par les pr\u00e9paratifs et l&#8217;arbitrage en temps r\u00e9el de la partie. En voici un aper\u00e7u &#8230; 1\/ La [&hellip;]<\/p>\n","protected":false},"author":1,"featured_media":0,"parent":0,"menu_order":0,"comment_status":"closed","ping_status":"closed","template":"","meta":{"_glsr_average":0,"_glsr_ranking":0,"_glsr_reviews":0,"footnotes":""},"class_list":["post-459","page","type-page","status-publish","hentry"],"_links":{"self":[{"href":"https:\/\/francemurder.com\/index.php?rest_route=\/wp\/v2\/pages\/459","targetHints":{"allow":["GET"]}}],"collection":[{"href":"https:\/\/francemurder.com\/index.php?rest_route=\/wp\/v2\/pages"}],"about":[{"href":"https:\/\/francemurder.com\/index.php?rest_route=\/wp\/v2\/types\/page"}],"author":[{"embeddable":true,"href":"https:\/\/francemurder.com\/index.php?rest_route=\/wp\/v2\/users\/1"}],"replies":[{"embeddable":true,"href":"https:\/\/francemurder.com\/index.php?rest_route=%2Fwp%2Fv2%2Fcomments&post=459"}],"version-history":[{"count":21,"href":"https:\/\/francemurder.com\/index.php?rest_route=\/wp\/v2\/pages\/459\/revisions"}],"predecessor-version":[{"id":3511,"href":"https:\/\/francemurder.com\/index.php?rest_route=\/wp\/v2\/pages\/459\/revisions\/3511"}],"wp:attachment":[{"href":"https:\/\/francemurder.com\/index.php?rest_route=%2Fwp%2Fv2%2Fmedia&parent=459"}],"curies":[{"name":"wp","href":"https:\/\/api.w.org\/{rel}","templated":true}]}}