{"id":457,"date":"2021-03-29T11:46:02","date_gmt":"2021-03-29T09:46:02","guid":{"rendered":"http:\/\/francemurder.com\/?page_id=457"},"modified":"2025-02-03T20:56:46","modified_gmt":"2025-02-03T19:56:46","slug":"faq-choix-du-scenario","status":"publish","type":"page","link":"https:\/\/francemurder.com\/?page_id=457","title":{"rendered":"FAQ : Choix du scenario"},"content":{"rendered":"\n<div class=\"wp-block-media-text alignwide is-stacked-on-mobile\" style=\"grid-template-columns:15% auto\"><figure class=\"wp-block-media-text__media\"><img loading=\"lazy\" decoding=\"async\" width=\"1012\" height=\"1003\" src=\"https:\/\/francemurder.com\/wp-content\/uploads\/2023\/08\/Midjourney-Helper.png\" alt=\"\" class=\"wp-image-3481 size-full\" srcset=\"https:\/\/francemurder.com\/wp-content\/uploads\/2023\/08\/Midjourney-Helper.png 1012w, https:\/\/francemurder.com\/wp-content\/uploads\/2023\/08\/Midjourney-Helper-300x297.png 300w, https:\/\/francemurder.com\/wp-content\/uploads\/2023\/08\/Midjourney-Helper-150x150.png 150w, https:\/\/francemurder.com\/wp-content\/uploads\/2023\/08\/Midjourney-Helper-768x761.png 768w, https:\/\/francemurder.com\/wp-content\/uploads\/2023\/08\/Midjourney-Helper-600x595.png 600w, https:\/\/francemurder.com\/wp-content\/uploads\/2023\/08\/Midjourney-Helper-100x100.png 100w\" sizes=\"auto, (max-width: 1012px) 100vw, 1012px\" \/><\/figure><div class=\"wp-block-media-text__content\">\n<h2 class=\"wp-block-heading has-text-align-left\">FAQ : Choix du Sc\u00e9nario<\/h2>\n<\/div><\/div>\n\n\n\n<hr class=\"wp-block-separator has-css-opacity\"\/>\n\n\n\n<p><br>Les 4 crit\u00e8res pour choisir le bon scenario sont :<\/p>\n\n\n\n<ul class=\"wp-block-list\">\n<li>Etes-vous des joueurs novices (<strong><span style=\"color:#0404ff\" class=\"has-inline-color\">Niv. DEBUTANTS<\/span><\/strong>) ou avez-vous l&#8217;exp\u00e9rience de ce style de jeu (<strong><span style=\"color:#0404ff\" class=\"has-inline-color\">Niv. CONFIRMES<\/span><\/strong>) ? Dans la mesure du possible nous vous conseillerons toujours de commencer par une partie sp\u00e9cialement con\u00e7ue pour les d\u00e9butants.<\/li>\n\n\n\n<li><strong><span style=\"color:#0404ff\" class=\"has-inline-color\">COMBIEN DE JOUEURS<\/span><\/strong> y aura-t-il ? Faites attention \u00e0 bien comptabiliser vos participants et veillez \u00e0 s\u00e9lectionner un jeu o\u00f9 vous serez s\u00fbr qu&#8217;une absence de derni\u00e8re minute ne vous fait pas sortir des crit\u00e8res de jouabilit\u00e9.<\/li>\n\n\n\n<li>Quelle sera la r\u00e9partition <strong><span style=\"color:#0404ff\" class=\"has-inline-color\">HOMMES\/FEMMES<\/span><\/strong> ? Fort heureusement il y a une certaine flexibilit\u00e9 gr\u00e2ce \u00e0 l&#8217;introduction de joueurs neutres pouvant \u00eatre interpr\u00e9t\u00e9s en masculin ou en f\u00e9minin. V\u00e9rifiez n\u00e9anmoins votre compatibilit\u00e9 avec ce param\u00e8tre.<\/li>\n\n\n\n<li>Quel <strong><span style=\"color:#0404ff\" class=\"has-inline-color\">TH\u00c8ME <\/span><\/strong>vous inspire le plus ? Chaque scenario vous proposera l&#8217;immersion dans un univers fictif (Pirates, Sorci\u00e8res, Farwest, etc &#8230;) dont certains correspondront mieux que d&#8217;autres \u00e0 vos gouts ou \u00e0 vos possibilit\u00e9s de d\u00e9coration\/costume.<\/li>\n<\/ul>\n","protected":false},"excerpt":{"rendered":"<p>FAQ : Choix du Sc\u00e9nario Les 4 crit\u00e8res pour choisir le bon scenario sont :<\/p>\n","protected":false},"author":1,"featured_media":0,"parent":0,"menu_order":0,"comment_status":"closed","ping_status":"closed","template":"","meta":{"_glsr_average":0,"_glsr_ranking":0,"_glsr_reviews":0,"footnotes":""},"class_list":["post-457","page","type-page","status-publish","hentry"],"_links":{"self":[{"href":"https:\/\/francemurder.com\/index.php?rest_route=\/wp\/v2\/pages\/457","targetHints":{"allow":["GET"]}}],"collection":[{"href":"https:\/\/francemurder.com\/index.php?rest_route=\/wp\/v2\/pages"}],"about":[{"href":"https:\/\/francemurder.com\/index.php?rest_route=\/wp\/v2\/types\/page"}],"author":[{"embeddable":true,"href":"https:\/\/francemurder.com\/index.php?rest_route=\/wp\/v2\/users\/1"}],"replies":[{"embeddable":true,"href":"https:\/\/francemurder.com\/index.php?rest_route=%2Fwp%2Fv2%2Fcomments&post=457"}],"version-history":[{"count":7,"href":"https:\/\/francemurder.com\/index.php?rest_route=\/wp\/v2\/pages\/457\/revisions"}],"predecessor-version":[{"id":6063,"href":"https:\/\/francemurder.com\/index.php?rest_route=\/wp\/v2\/pages\/457\/revisions\/6063"}],"wp:attachment":[{"href":"https:\/\/francemurder.com\/index.php?rest_route=%2Fwp%2Fv2%2Fmedia&parent=457"}],"curies":[{"name":"wp","href":"https:\/\/api.w.org\/{rel}","templated":true}]}}