{"id":455,"date":"2021-03-29T11:45:08","date_gmt":"2021-03-29T09:45:08","guid":{"rendered":"http:\/\/francemurder.com\/?page_id=455"},"modified":"2023-08-31T10:10:02","modified_gmt":"2023-08-31T08:10:02","slug":"faq-contenu-du-pack","status":"publish","type":"page","link":"https:\/\/francemurder.com\/?page_id=455","title":{"rendered":"FAQ : Contenu du Pack"},"content":{"rendered":"\n<div class=\"wp-block-media-text alignwide is-stacked-on-mobile\" style=\"grid-template-columns:15% auto\"><figure class=\"wp-block-media-text__media\"><img loading=\"lazy\" decoding=\"async\" width=\"1012\" height=\"1003\" src=\"https:\/\/francemurder.com\/wp-content\/uploads\/2023\/08\/Midjourney-Helper.png\" alt=\"\" class=\"wp-image-3481 size-full\" srcset=\"https:\/\/francemurder.com\/wp-content\/uploads\/2023\/08\/Midjourney-Helper.png 1012w, https:\/\/francemurder.com\/wp-content\/uploads\/2023\/08\/Midjourney-Helper-300x297.png 300w, https:\/\/francemurder.com\/wp-content\/uploads\/2023\/08\/Midjourney-Helper-150x150.png 150w, https:\/\/francemurder.com\/wp-content\/uploads\/2023\/08\/Midjourney-Helper-768x761.png 768w, https:\/\/francemurder.com\/wp-content\/uploads\/2023\/08\/Midjourney-Helper-600x595.png 600w, https:\/\/francemurder.com\/wp-content\/uploads\/2023\/08\/Midjourney-Helper-100x100.png 100w\" sizes=\"auto, (max-width: 1012px) 100vw, 1012px\" \/><\/figure><div class=\"wp-block-media-text__content\">\n<h2 class=\"has-text-align-left wp-block-heading\">FAQ : Contenu du pack<\/h2>\n<\/div><\/div>\n\n\n\n<hr class=\"wp-block-separator has-css-opacity\"\/>\n\n\n\n<p><br>Lorsque vous achetez une des Murder-Parties de <strong><span style=\"color:#0404ff\" class=\"has-inline-color\">FRANCE MURDER<\/span><\/strong>, celui qui deviendra l\u2019H\u00f4te de la soir\u00e9e (ou <strong>Maitre du Jeu<\/strong>) recevra les fichiers suivants :<br><\/p>\n\n\n\n<figure class=\"wp-block-table is-style-regular\"><table><thead><tr><th class=\"has-text-align-center\" data-align=\"center\">Type de fichier<\/th><th class=\"has-text-align-center\" data-align=\"center\">Contenu<\/th><\/tr><\/thead><tbody><tr><td class=\"has-text-align-center\" data-align=\"center\">Instructions<\/td><td class=\"has-text-align-center\" data-align=\"center\">Les conseils d&#8217;organisation pour le Maitre du Jeu<\/td><\/tr><tr><td class=\"has-text-align-center\" data-align=\"center\">Invitations<\/td><td class=\"has-text-align-center\" data-align=\"center\">Des formulaires d&#8217;invitation pour les futurs joueurs<\/td><\/tr><tr><td class=\"has-text-align-center\" data-align=\"center\">Le contexte<\/td><td class=\"has-text-align-center\" data-align=\"center\">Un document d&#8217;avant partie qui plante le scenario pour les futurs joueurs<\/td><\/tr><tr><td class=\"has-text-align-center\" data-align=\"center\">Les annexes<\/td><td class=\"has-text-align-center\" data-align=\"center\">Les documents qui apparaitront au fur et \u00e0 mesure de la partie<\/td><\/tr><tr><td class=\"has-text-align-center\" data-align=\"center\">Le guide d&#8217;arbitrage<\/td><td class=\"has-text-align-center\" data-align=\"center\">Un memento de r\u00e9f\u00e9rence pour le Maitre du Jeu durant la partie<\/td><\/tr><tr><td class=\"has-text-align-center\" data-align=\"center\">La solution<\/td><td class=\"has-text-align-center\" data-align=\"center\">Les explications d\u00e9taill\u00e9es de toutes les \u00e9nigmes du jeu<\/td><\/tr><tr><td class=\"has-text-align-center\" data-align=\"center\">Le classement<\/td><td class=\"has-text-align-center\" data-align=\"center\">Un tableau r\u00e9capitulatif permettant d&#8217;\u00e9tablir un classement<\/td><\/tr><tr><td class=\"has-text-align-center\" data-align=\"center\">Les livrets de perso<\/td><td class=\"has-text-align-center\" data-align=\"center\">Un livret de personnage par joueur<\/td><\/tr><\/tbody><\/table><\/figure>\n\n\n\n<p><br>L&#8217;ensemble de ses documents repr\u00e9sente en g\u00e9n\u00e9ral entre 80 et 200 pages dont le <strong>Maitre du jeu<\/strong> aura la gestion et pour lequel le document <strong><span class=\"has-inline-color has-vivid-red-color\">Instructions<\/span> <\/strong>lui dira comment les utiliser.<\/p>\n\n\n\n<p>La maitrise de cette mission demande une certaine rigueur et un certain temps de pr\u00e9paration (15 jours \u00e0 1 mois nous semble raisonnable).<\/p>\n\n\n\n<p>Mais, au final il est tr\u00e8s plaisant de remplir ce r\u00f4le de <strong>Maitre du Jeu<\/strong>, grand chef d&#8217;orchestre de la soir\u00e9e et quasi ordonnateur divin des \u00e9v\u00e8nements. Avec de l&#8217;exp\u00e9rience certains pr\u00e9f\u00e8rent m\u00eame \u00eatre <strong>Maitre du Jeu<\/strong> plut\u00f4t que joueur !<\/p>\n","protected":false},"excerpt":{"rendered":"<p>FAQ : Contenu du pack Lorsque vous achetez une des Murder-Parties de FRANCE MURDER, celui qui deviendra l\u2019H\u00f4te de la soir\u00e9e (ou Maitre du Jeu) recevra les fichiers suivants : Type de fichier Contenu Instructions Les conseils d&#8217;organisation pour le Maitre du Jeu Invitations Des formulaires d&#8217;invitation pour les futurs joueurs Le contexte Un document [&hellip;]<\/p>\n","protected":false},"author":1,"featured_media":0,"parent":0,"menu_order":0,"comment_status":"closed","ping_status":"closed","template":"","meta":{"_glsr_average":0,"_glsr_ranking":0,"_glsr_reviews":0,"footnotes":""},"class_list":["post-455","page","type-page","status-publish","hentry"],"_links":{"self":[{"href":"https:\/\/francemurder.com\/index.php?rest_route=\/wp\/v2\/pages\/455","targetHints":{"allow":["GET"]}}],"collection":[{"href":"https:\/\/francemurder.com\/index.php?rest_route=\/wp\/v2\/pages"}],"about":[{"href":"https:\/\/francemurder.com\/index.php?rest_route=\/wp\/v2\/types\/page"}],"author":[{"embeddable":true,"href":"https:\/\/francemurder.com\/index.php?rest_route=\/wp\/v2\/users\/1"}],"replies":[{"embeddable":true,"href":"https:\/\/francemurder.com\/index.php?rest_route=%2Fwp%2Fv2%2Fcomments&post=455"}],"version-history":[{"count":8,"href":"https:\/\/francemurder.com\/index.php?rest_route=\/wp\/v2\/pages\/455\/revisions"}],"predecessor-version":[{"id":3509,"href":"https:\/\/francemurder.com\/index.php?rest_route=\/wp\/v2\/pages\/455\/revisions\/3509"}],"wp:attachment":[{"href":"https:\/\/francemurder.com\/index.php?rest_route=%2Fwp%2Fv2%2Fmedia&parent=455"}],"curies":[{"name":"wp","href":"https:\/\/api.w.org\/{rel}","templated":true}]}}