{"id":453,"date":"2021-03-29T11:43:28","date_gmt":"2021-03-29T09:43:28","guid":{"rendered":"http:\/\/francemurder.com\/?page_id=453"},"modified":"2023-08-31T10:09:16","modified_gmt":"2023-08-31T08:09:16","slug":"faq-reception","status":"publish","type":"page","link":"https:\/\/francemurder.com\/?page_id=453","title":{"rendered":"FAQ : R\u00e9ception"},"content":{"rendered":"\n<div class=\"wp-block-media-text alignwide is-stacked-on-mobile\" style=\"grid-template-columns:15% auto\"><figure class=\"wp-block-media-text__media\"><img loading=\"lazy\" decoding=\"async\" width=\"1012\" height=\"1003\" src=\"https:\/\/francemurder.com\/wp-content\/uploads\/2023\/08\/Midjourney-Helper.png\" alt=\"\" class=\"wp-image-3481 size-full\" srcset=\"https:\/\/francemurder.com\/wp-content\/uploads\/2023\/08\/Midjourney-Helper.png 1012w, https:\/\/francemurder.com\/wp-content\/uploads\/2023\/08\/Midjourney-Helper-300x297.png 300w, https:\/\/francemurder.com\/wp-content\/uploads\/2023\/08\/Midjourney-Helper-150x150.png 150w, https:\/\/francemurder.com\/wp-content\/uploads\/2023\/08\/Midjourney-Helper-768x761.png 768w, https:\/\/francemurder.com\/wp-content\/uploads\/2023\/08\/Midjourney-Helper-600x595.png 600w, https:\/\/francemurder.com\/wp-content\/uploads\/2023\/08\/Midjourney-Helper-100x100.png 100w\" sizes=\"auto, (max-width: 1012px) 100vw, 1012px\" \/><\/figure><div class=\"wp-block-media-text__content\">\n<h2 class=\"has-text-align-left wp-block-heading\">FAQ : R\u00e9ception du jeu<\/h2>\n<\/div><\/div>\n\n\n\n<hr class=\"wp-block-separator has-css-opacity\"\/>\n\n\n\n<p><br>Vous avez cliqu\u00e9 sur le bouton <strong>&#8220;ACHETER&#8221;<\/strong>, c&#8217;est parfait ! vous allez recevoir le jeu &#8230;<\/p>\n\n\n\n<h2 class=\"has-text-align-center wp-block-heading\"><mark style=\"background-color:rgba(0, 0, 0, 0);color:#ff0004\" class=\"has-inline-color\">TOUT DE SUITE*<\/mark><\/h2>\n\n\n\n<p class=\"has-text-align-left\">* apr\u00e8s validation du paiement<br>Un t\u00e9l\u00e9chargement direct vers votre dossier de r\u00e9ception par d\u00e9faut va d\u00e9marrer<br><strong><mark style=\"background-color:rgba(0, 0, 0, 0)\" class=\"has-inline-color has-luminous-vivid-orange-color\">ET<\/mark><\/strong><br>Un lien de t\u00e9l\u00e9chargement des fichiers vous sera envoy\u00e9 <strong>par mail<\/strong><br>Les documents seront au format PDF zipp\u00e9s (compress\u00e9s)<\/p>\n\n\n\n<div class=\"wp-block-media-text alignwide is-stacked-on-mobile\" style=\"grid-template-columns:15% auto\"><figure class=\"wp-block-media-text__media\"><img loading=\"lazy\" decoding=\"async\" width=\"110\" height=\"63\" src=\"https:\/\/francemurder.com\/wp-content\/uploads\/2021\/05\/7ziplogo.png\" alt=\"\" class=\"wp-image-1269 size-full\"\/><\/figure><div class=\"wp-block-media-text__content\">\n<p style=\"font-size:14px\">Pour d\u00e9compresser les fichiers vous aurez besoin d&#8217;un utilitaire du type de 7-Zip [<a rel=\"noreferrer noopener\" href=\"https:\/\/www.7-zip.fr\/\" target=\"_blank\">t\u00e9l\u00e9charger 7-Zip<\/a>]<\/p>\n<\/div><\/div>\n\n\n\n<hr class=\"wp-block-separator has-css-opacity\"\/>\n\n\n\n<div class=\"wp-block-media-text alignwide is-stacked-on-mobile\" style=\"grid-template-columns:16% auto\"><figure class=\"wp-block-media-text__media\"><img loading=\"lazy\" decoding=\"async\" width=\"480\" height=\"315\" src=\"https:\/\/francemurder.com\/wp-content\/uploads\/2021\/03\/Adobe_jpg.jpg\" alt=\"\" class=\"wp-image-582 size-full\" srcset=\"https:\/\/francemurder.com\/wp-content\/uploads\/2021\/03\/Adobe_jpg.jpg 480w, https:\/\/francemurder.com\/wp-content\/uploads\/2021\/03\/Adobe_jpg-300x197.jpg 300w\" sizes=\"auto, (max-width: 480px) 100vw, 480px\" \/><\/figure><div class=\"wp-block-media-text__content\">\n<p style=\"font-size:14px\">Pour lire les fichiers vous aurez besoin du logiciel Adobe reader <br>[<a rel=\"noreferrer noopener\" href=\"https:\/\/get.adobe.com\/fr\/reader\/\" target=\"_blank\">t\u00e9l\u00e9charger Adobe Acrobat Reader<\/a>]<\/p>\n<\/div><\/div>\n\n\n\n<p><br>Il y aura un nombre de documents cons\u00e9quents (<a href=\"https:\/\/francemurder.com\/?page_id=455\" data-type=\"page\" data-id=\"455\">plus d&#8217;infos ici<\/a>) et un travail de pr\u00e9paration et d&#8217;assimilation \u00e0 faire (<a href=\"https:\/\/francemurder.com\/?page_id=459\" data-type=\"page\" data-id=\"459\">plus d&#8217;infos ici<\/a>)<\/p>\n\n\n\n<p><strong><mark style=\"background-color:rgba(0, 0, 0, 0);color:#ff0004\" class=\"has-inline-color\">ATTENTION <\/mark><\/strong>: \u00e0 leur r\u00e9ception, seul le futur <strong>H\u00f4te de la soir\u00e9e<\/strong> et <strong>Maitre du Jeu<\/strong> devra consulter ces documents en commen\u00e7ant par le fichier intitul\u00e9 : <strong><mark style=\"background-color:rgba(0, 0, 0, 0);color:#0404ff\" class=\"has-inline-color\">&#8220;01_Instructions&#8221;<\/mark><\/strong><br><\/p>\n\n\n\n<h2 class=\"has-text-align-center wp-block-heading\"><mark style=\"background-color:rgba(0, 0, 0, 0);color:#ff0004\" class=\"has-inline-color\">&#8230; ET APR\u00c8S<\/mark><\/h2>\n\n\n\n<p><br>Le <strong>lien d&#8217;acc\u00e8s<\/strong> vous permettant de r\u00e9cup\u00e9rer les fichiers est disponible durant 30 jours. Sur simple demande nous pouvons rallonger cette dur\u00e9e de disponibilit\u00e9<\/p>\n","protected":false},"excerpt":{"rendered":"<p>FAQ : R\u00e9ception du jeu Vous avez cliqu\u00e9 sur le bouton &#8220;ACHETER&#8221;, c&#8217;est parfait ! vous allez recevoir le jeu &#8230; TOUT DE SUITE* * apr\u00e8s validation du paiementUn t\u00e9l\u00e9chargement direct vers votre dossier de r\u00e9ception par d\u00e9faut va d\u00e9marrerETUn lien de t\u00e9l\u00e9chargement des fichiers vous sera envoy\u00e9 par mailLes documents seront au format PDF [&hellip;]<\/p>\n","protected":false},"author":1,"featured_media":0,"parent":0,"menu_order":0,"comment_status":"closed","ping_status":"closed","template":"","meta":{"_glsr_average":0,"_glsr_ranking":0,"_glsr_reviews":0,"footnotes":""},"class_list":["post-453","page","type-page","status-publish","hentry"],"_links":{"self":[{"href":"https:\/\/francemurder.com\/index.php?rest_route=\/wp\/v2\/pages\/453","targetHints":{"allow":["GET"]}}],"collection":[{"href":"https:\/\/francemurder.com\/index.php?rest_route=\/wp\/v2\/pages"}],"about":[{"href":"https:\/\/francemurder.com\/index.php?rest_route=\/wp\/v2\/types\/page"}],"author":[{"embeddable":true,"href":"https:\/\/francemurder.com\/index.php?rest_route=\/wp\/v2\/users\/1"}],"replies":[{"embeddable":true,"href":"https:\/\/francemurder.com\/index.php?rest_route=%2Fwp%2Fv2%2Fcomments&post=453"}],"version-history":[{"count":35,"href":"https:\/\/francemurder.com\/index.php?rest_route=\/wp\/v2\/pages\/453\/revisions"}],"predecessor-version":[{"id":3508,"href":"https:\/\/francemurder.com\/index.php?rest_route=\/wp\/v2\/pages\/453\/revisions\/3508"}],"wp:attachment":[{"href":"https:\/\/francemurder.com\/index.php?rest_route=%2Fwp%2Fv2%2Fmedia&parent=453"}],"curies":[{"name":"wp","href":"https:\/\/api.w.org\/{rel}","templated":true}]}}