{"id":451,"date":"2021-03-29T11:42:43","date_gmt":"2021-03-29T09:42:43","guid":{"rendered":"http:\/\/francemurder.com\/?page_id=451"},"modified":"2023-08-31T10:06:10","modified_gmt":"2023-08-31T08:06:10","slug":"faq-particularites","status":"publish","type":"page","link":"https:\/\/francemurder.com\/?page_id=451","title":{"rendered":"FAQ : Particularit\u00e9s"},"content":{"rendered":"\n<div class=\"wp-block-media-text alignwide is-stacked-on-mobile\" style=\"grid-template-columns:15% auto\"><figure class=\"wp-block-media-text__media\"><img loading=\"lazy\" decoding=\"async\" width=\"1012\" height=\"1003\" src=\"https:\/\/francemurder.com\/wp-content\/uploads\/2023\/08\/Midjourney-Helper.png\" alt=\"\" class=\"wp-image-3481 size-full\" srcset=\"https:\/\/francemurder.com\/wp-content\/uploads\/2023\/08\/Midjourney-Helper.png 1012w, https:\/\/francemurder.com\/wp-content\/uploads\/2023\/08\/Midjourney-Helper-300x297.png 300w, https:\/\/francemurder.com\/wp-content\/uploads\/2023\/08\/Midjourney-Helper-150x150.png 150w, https:\/\/francemurder.com\/wp-content\/uploads\/2023\/08\/Midjourney-Helper-768x761.png 768w, https:\/\/francemurder.com\/wp-content\/uploads\/2023\/08\/Midjourney-Helper-600x595.png 600w, https:\/\/francemurder.com\/wp-content\/uploads\/2023\/08\/Midjourney-Helper-100x100.png 100w\" sizes=\"auto, (max-width: 1012px) 100vw, 1012px\" \/><\/figure><div class=\"wp-block-media-text__content\">\n<h2 class=\"has-text-align-left wp-block-heading\">FAQ : Nos particularit\u00e9s<\/h2>\n<\/div><\/div>\n\n\n\n<hr class=\"wp-block-separator has-css-opacity\"\/>\n\n\n\n<p><br>L&#8217;immersion dans un sc\u00e9nario de <strong>Murder-Party<\/strong> et sa jouabilit\u00e9 tiennent parfois \u00e0 des d\u00e9tails infimes, mais r\u00e9sident surtout dans une bonne m\u00e9canique de cr\u00e9ation. Les jeux de <strong><span style=\"color:#0404ff\" class=\"has-inline-color\">FRANCE MURDER<\/span><\/strong> ont une architecture commune qui leur donnent une richesse in\u00e9gal\u00e9e par ses concurrents.<\/p>\n\n\n\n<h2 class=\"wp-block-heading\">Nos principes de cr\u00e9ation ludique<\/h2>\n\n\n\n<ul class=\"wp-block-list\"><li><strong>R\u00e9partition des infos<\/strong> : Les infos n\u00e9cessaires \u00e0 la r\u00e9solution de l&#8217;\u00e9nigme sont r\u00e9parties entre l&#8217;ensemble des livrets de personnage (parfois de mani\u00e8re cach\u00e9e &#8230;) et des documents annexes fournis en temps opportun par le <strong>Maitre du Jeu<\/strong>. Le but de chacun sera donc d&#8217;obtenir le maximum de renseignements de la part des autres joueurs par le biais de discussions ou de n\u00e9gociations et de d\u00e9crypter le mieux possible les infos arrivant en cours de partie.<\/li><li><strong>Missions <\/strong>: Chaque joueur doit, \u00e0 la fois, r\u00e9soudre le myst\u00e8re principal mais aussi, accomplir des missions sp\u00e9cifiques. Celles-ci deviennent un \u00e9l\u00e9ment particuli\u00e8rement dynamique du jeu en cr\u00e9ant des alliances ou des trahisons toujours riches en rebondissements. <\/li><li><strong>Secret personnel<\/strong> : Chaque joueur poss\u00e8de un<strong><span style=\"color:#ff0004\" class=\"has-inline-color\"> SECRET<\/span><\/strong>, une chose peu glorieuse, qu&#8217;il ne souhaite pas voir divulgu\u00e9e sur la place publique. Il essayera de le d\u00e9fendre afin de ne pas devenir trop vuln\u00e9rable. A l&#8217;inverse connaitre le secret de son adversaire vous accordera un avantage ind\u00e9niable.<\/li><li><strong>Indice Bonus<\/strong> : Chaque joueur poss\u00e8de un <span style=\"color:#ff0202\" class=\"has-inline-color\"><strong>INDICE<\/strong><\/span>, qui est un des \u00e9l\u00e9ments clefs de l&#8217;enqu\u00eate principale. C&#8217;est une monnaie d&#8217;\u00e9change particuli\u00e8rement appr\u00e9ci\u00e9e par les autres joueurs et il ne faudra pas se priver de l&#8217;utiliser mais sans le galvauder.<\/li><li><strong>Pouvoir sp\u00e9ciaux<\/strong> : Chaque joueur poss\u00e8de des pouvoirs sp\u00e9ciaux particuli\u00e8rement utiles pour faire progresser ses int\u00e9r\u00eats. Sans ces comp\u00e9tences le risque de blocage et de r\u00e9tention d&#8217;infos serait trop grand. Avec un usage \u00e0 bon escient de cette capacit\u00e9 sur la bonne personne, votre avancement dans l&#8217;enqu\u00eate sera consid\u00e9rablement dop\u00e9e.<\/li><li><strong>Mort contr\u00f4l\u00e9e<\/strong> : Tous nos jeux incluent une pirouette sc\u00e9naristique qui vous emp\u00eachera de mourir en tout d\u00e9but de partie (remplacement par un jumeau, transformation en d\u00e9tective ou en fant\u00f4me, etc &#8230;). Mais attention, on vous pr\u00e9vient, certaines fins d&#8217;histoire pourront \u00eatre sanglantes ! <\/li><li><strong>Aide aux d\u00e9butants<\/strong> : Toutes les angoissent des n\u00e9ophytes devraient s&#8217;estomper en sachant qu&#8217;ils sont pris en main dans les premi\u00e8res minutes de jeu. Le livret de personnage leur conseille toujours deux actions initiales pour les mettre sur le bonne voie. Ensuite, les choses devraient s&#8217;enchainer d&#8217;elles-m\u00eame &#8230;<\/li><li><strong>Indice de Performance<\/strong> : Les jeux de <strong><span style=\"color:#0404ff\" class=\"has-inline-color\">FRANCE MURDER<\/span><\/strong> comportent un syst\u00e8me de comptabilisation original permettant de v\u00e9rifier le niveau de r\u00e9ussite d&#8217;interpr\u00e9tation de votre personnage qui prend en compte la r\u00e9solution du myst\u00e8re principal, l&#8217;accomplissement des missions, et plusieurs autres crit\u00e8res surveill\u00e9s par le <strong>Maitre du Jeu<\/strong>.<\/li><\/ul>\n","protected":false},"excerpt":{"rendered":"<p>FAQ : Nos particularit\u00e9s L&#8217;immersion dans un sc\u00e9nario de Murder-Party et sa jouabilit\u00e9 tiennent parfois \u00e0 des d\u00e9tails infimes, mais r\u00e9sident surtout dans une bonne m\u00e9canique de cr\u00e9ation. Les jeux de FRANCE MURDER ont une architecture commune qui leur donnent une richesse in\u00e9gal\u00e9e par ses concurrents. Nos principes de cr\u00e9ation ludique R\u00e9partition des infos : [&hellip;]<\/p>\n","protected":false},"author":1,"featured_media":0,"parent":0,"menu_order":0,"comment_status":"closed","ping_status":"closed","template":"","meta":{"_glsr_average":0,"_glsr_ranking":0,"_glsr_reviews":0,"footnotes":""},"class_list":["post-451","page","type-page","status-publish","hentry"],"_links":{"self":[{"href":"https:\/\/francemurder.com\/index.php?rest_route=\/wp\/v2\/pages\/451","targetHints":{"allow":["GET"]}}],"collection":[{"href":"https:\/\/francemurder.com\/index.php?rest_route=\/wp\/v2\/pages"}],"about":[{"href":"https:\/\/francemurder.com\/index.php?rest_route=\/wp\/v2\/types\/page"}],"author":[{"embeddable":true,"href":"https:\/\/francemurder.com\/index.php?rest_route=\/wp\/v2\/users\/1"}],"replies":[{"embeddable":true,"href":"https:\/\/francemurder.com\/index.php?rest_route=%2Fwp%2Fv2%2Fcomments&post=451"}],"version-history":[{"count":6,"href":"https:\/\/francemurder.com\/index.php?rest_route=\/wp\/v2\/pages\/451\/revisions"}],"predecessor-version":[{"id":3506,"href":"https:\/\/francemurder.com\/index.php?rest_route=\/wp\/v2\/pages\/451\/revisions\/3506"}],"wp:attachment":[{"href":"https:\/\/francemurder.com\/index.php?rest_route=%2Fwp%2Fv2%2Fmedia&parent=451"}],"curies":[{"name":"wp","href":"https:\/\/api.w.org\/{rel}","templated":true}]}}