{"id":449,"date":"2021-03-29T11:41:40","date_gmt":"2021-03-29T09:41:40","guid":{"rendered":"http:\/\/francemurder.com\/?page_id=449"},"modified":"2023-08-31T09:16:32","modified_gmt":"2023-08-31T07:16:32","slug":"faq-standard-ou-video","status":"publish","type":"page","link":"https:\/\/francemurder.com\/?page_id=449","title":{"rendered":"FAQ : D\u00e9butants ou Confirm\u00e9s"},"content":{"rendered":"\n<div class=\"wp-block-media-text alignwide is-stacked-on-mobile\" style=\"grid-template-columns:15% auto\"><figure class=\"wp-block-media-text__media\"><img loading=\"lazy\" decoding=\"async\" width=\"1012\" height=\"1003\" src=\"https:\/\/francemurder.com\/wp-content\/uploads\/2023\/08\/Midjourney-Helper.png\" alt=\"\" class=\"wp-image-3481 size-full\" srcset=\"https:\/\/francemurder.com\/wp-content\/uploads\/2023\/08\/Midjourney-Helper.png 1012w, https:\/\/francemurder.com\/wp-content\/uploads\/2023\/08\/Midjourney-Helper-300x297.png 300w, https:\/\/francemurder.com\/wp-content\/uploads\/2023\/08\/Midjourney-Helper-150x150.png 150w, https:\/\/francemurder.com\/wp-content\/uploads\/2023\/08\/Midjourney-Helper-768x761.png 768w, https:\/\/francemurder.com\/wp-content\/uploads\/2023\/08\/Midjourney-Helper-600x595.png 600w, https:\/\/francemurder.com\/wp-content\/uploads\/2023\/08\/Midjourney-Helper-100x100.png 100w\" sizes=\"auto, (max-width: 1012px) 100vw, 1012px\" \/><\/figure><div class=\"wp-block-media-text__content\">\n<h2 class=\"has-text-align-left wp-block-heading\">FAQ : D\u00e9butants ou Confirm\u00e9s ?<\/h2>\n<\/div><\/div>\n\n\n\n<hr class=\"wp-block-separator has-css-opacity\"\/>\n\n\n\n<p><br>Nos sc\u00e9narios de <strong><span class=\"has-inline-color has-black-color\">Murder-Parties pour Adultes<\/span><\/strong> sont divis\u00e9s en 2 grandes familles : ceux pour joueurs &#8216;<strong><span class=\"has-inline-color has-vivid-red-color\">D\u00e9butants<\/span><\/strong>&#8216; et ceux pour joueurs &#8216;<strong><span class=\"has-inline-color has-vivid-red-color\">Confirm\u00e9s<\/span><\/strong>&#8216;<\/p>\n\n\n\n<p>Voici un tableau r\u00e9sumant les diff\u00e9rences :<br><\/p>\n\n\n\n<figure class=\"wp-block-table\"><table><thead><tr><th class=\"has-text-align-center\" data-align=\"center\">Scenario &#8216;D\u00e9butants&#8217;<\/th><th class=\"has-text-align-center\" data-align=\"center\">Scenario &#8216;Confirm\u00e9s&#8217;<\/th><\/tr><\/thead><tbody><tr><td class=\"has-text-align-center\" data-align=\"center\">5 \u00e0 12 participants<\/td><td class=\"has-text-align-center\" data-align=\"center\">13 \u00e0 33 participants<\/td><\/tr><tr><td class=\"has-text-align-center\" data-align=\"center\">Dur\u00e9e env. 2 heures<\/td><td class=\"has-text-align-center\" data-align=\"center\">Dur\u00e9e env. 3 heures<\/td><\/tr><tr><td class=\"has-text-align-center\" data-align=\"center\">Complexit\u00e9 moyenne<\/td><td class=\"has-text-align-center\" data-align=\"center\">Complexit\u00e9 relev\u00e9e<\/td><\/tr><tr><td class=\"has-text-align-center\" data-align=\"center\">1 seul Maitre du jeu<\/td><td class=\"has-text-align-center\" data-align=\"center\">2 Maitres du jeu conseill\u00e9<\/td><\/tr><\/tbody><\/table><\/figure>\n\n\n\n<h2 class=\"wp-block-heading\"><mark style=\"background-color:rgba(0, 0, 0, 0);color:#ff0000\" class=\"has-inline-color\">RECOMMANDATION<\/mark><\/h2>\n\n\n\n<p><br><span style=\"color:#ff0000\" class=\"has-inline-color\">Nous pr\u00e9coniserons toujours que vous choisissiez votre premi\u00e8re partie parmi celles de la biblioth\u00e8que &#8216;D\u00e9butants&#8217; afin de vous familiariser avec tous les m\u00e9canismes du jeu<\/span><br><span class=\"has-inline-color has-white-color\">+<\/span><br><strong>Mais cette r\u00e8gle ne demande qu&#8217;\u00e0 \u00eatre d\u00e9mentie :<\/strong><br>&#8211; Les adeptes du th\u00e9\u00e2tre d&#8217;impro<br>&#8211; Les fans des jeux de r\u00f4le<br>&#8211; Les pratiquants d&#8217;Escape-Games<br>ou d&#8217;une mani\u00e8re g\u00e9n\u00e9rale, tous les joueurs inv\u00e9t\u00e9r\u00e9s, auront peut-\u00eatre envie de d\u00e9marrer directement avec un scenario de joueurs &#8216;Confirm\u00e9s&#8217; nous n&#8217;y voyons aucune objection &#8230; Faites vous plaisir !<span class=\"has-inline-color has-white-color\">+<\/span><br><span class=\"has-inline-color has-white-color\">+<\/span><\/p>\n\n\n\n<figure class=\"wp-block-image size-large is-style-default\"><img loading=\"lazy\" decoding=\"async\" width=\"960\" height=\"639\" src=\"https:\/\/francemurder.com\/wp-content\/uploads\/2021\/09\/AllAtSea-Sunk.jpg\" alt=\"\" class=\"wp-image-1689\" srcset=\"https:\/\/francemurder.com\/wp-content\/uploads\/2021\/09\/AllAtSea-Sunk.jpg 960w, https:\/\/francemurder.com\/wp-content\/uploads\/2021\/09\/AllAtSea-Sunk-300x200.jpg 300w, https:\/\/francemurder.com\/wp-content\/uploads\/2021\/09\/AllAtSea-Sunk-768x511.jpg 768w, https:\/\/francemurder.com\/wp-content\/uploads\/2021\/09\/AllAtSea-Sunk-600x399.jpg 600w\" sizes=\"auto, (max-width: 960px) 100vw, 960px\" \/><\/figure>\n","protected":false},"excerpt":{"rendered":"<p>FAQ : D\u00e9butants ou Confirm\u00e9s ? Nos sc\u00e9narios de Murder-Parties pour Adultes sont divis\u00e9s en 2 grandes familles : ceux pour joueurs &#8216;D\u00e9butants&#8216; et ceux pour joueurs &#8216;Confirm\u00e9s&#8216; Voici un tableau r\u00e9sumant les diff\u00e9rences : Scenario &#8216;D\u00e9butants&#8217; Scenario &#8216;Confirm\u00e9s&#8217; 5 \u00e0 12 participants 13 \u00e0 33 participants Dur\u00e9e env. 2 heures Dur\u00e9e env. 3 heures [&hellip;]<\/p>\n","protected":false},"author":1,"featured_media":0,"parent":0,"menu_order":0,"comment_status":"closed","ping_status":"closed","template":"","meta":{"_glsr_average":0,"_glsr_ranking":0,"_glsr_reviews":0,"footnotes":""},"class_list":["post-449","page","type-page","status-publish","hentry"],"_links":{"self":[{"href":"https:\/\/francemurder.com\/index.php?rest_route=\/wp\/v2\/pages\/449","targetHints":{"allow":["GET"]}}],"collection":[{"href":"https:\/\/francemurder.com\/index.php?rest_route=\/wp\/v2\/pages"}],"about":[{"href":"https:\/\/francemurder.com\/index.php?rest_route=\/wp\/v2\/types\/page"}],"author":[{"embeddable":true,"href":"https:\/\/francemurder.com\/index.php?rest_route=\/wp\/v2\/users\/1"}],"replies":[{"embeddable":true,"href":"https:\/\/francemurder.com\/index.php?rest_route=%2Fwp%2Fv2%2Fcomments&post=449"}],"version-history":[{"count":29,"href":"https:\/\/francemurder.com\/index.php?rest_route=\/wp\/v2\/pages\/449\/revisions"}],"predecessor-version":[{"id":3486,"href":"https:\/\/francemurder.com\/index.php?rest_route=\/wp\/v2\/pages\/449\/revisions\/3486"}],"wp:attachment":[{"href":"https:\/\/francemurder.com\/index.php?rest_route=%2Fwp%2Fv2%2Fmedia&parent=449"}],"curies":[{"name":"wp","href":"https:\/\/api.w.org\/{rel}","templated":true}]}}