{"id":401,"date":"2021-03-29T02:37:34","date_gmt":"2021-03-29T00:37:34","guid":{"rendered":"http:\/\/francemurder.com\/?page_id=401"},"modified":"2023-08-31T10:03:51","modified_gmt":"2023-08-31T08:03:51","slug":"faq-homme-femme","status":"publish","type":"page","link":"https:\/\/francemurder.com\/?page_id=401","title":{"rendered":"FAQ : Hommes \/ Femmes"},"content":{"rendered":"\n<div class=\"wp-block-group\"><div class=\"wp-block-group__inner-container is-layout-flow wp-block-group-is-layout-flow\">\n<div class=\"wp-block-media-text alignwide is-stacked-on-mobile\" style=\"grid-template-columns:15% auto\"><figure class=\"wp-block-media-text__media\"><img loading=\"lazy\" decoding=\"async\" width=\"1012\" height=\"1003\" src=\"https:\/\/francemurder.com\/wp-content\/uploads\/2023\/08\/Midjourney-Helper.png\" alt=\"\" class=\"wp-image-3481 size-full\" srcset=\"https:\/\/francemurder.com\/wp-content\/uploads\/2023\/08\/Midjourney-Helper.png 1012w, https:\/\/francemurder.com\/wp-content\/uploads\/2023\/08\/Midjourney-Helper-300x297.png 300w, https:\/\/francemurder.com\/wp-content\/uploads\/2023\/08\/Midjourney-Helper-150x150.png 150w, https:\/\/francemurder.com\/wp-content\/uploads\/2023\/08\/Midjourney-Helper-768x761.png 768w, https:\/\/francemurder.com\/wp-content\/uploads\/2023\/08\/Midjourney-Helper-600x595.png 600w, https:\/\/francemurder.com\/wp-content\/uploads\/2023\/08\/Midjourney-Helper-100x100.png 100w\" sizes=\"auto, (max-width: 1012px) 100vw, 1012px\" \/><\/figure><div class=\"wp-block-media-text__content\">\n<h2 class=\"has-text-align-left wp-block-heading\">FAQ : Hommes \/Femmes<\/h2>\n<\/div><\/div>\n<\/div><\/div>\n\n\n\n<hr class=\"wp-block-separator has-css-opacity\"\/>\n\n\n\n<p><br><strong><span style=\"color:#0404ff\" class=\"has-inline-color\">La r\u00e9partition en genre doit \u00eatre prise en compte pour le choix de votre scenario.<\/span><\/strong><\/p>\n\n\n\n<p>Apr\u00e8s avoir v\u00e9rifi\u00e9 que votre groupe avait bien <a href=\"https:\/\/francemurder.com\/?page_id=396\">la taille requise<\/a>, il faut \u00e9galement s&#8217;assurer dans le descriptif du jeu que votre r\u00e9partition hommes\/femmes est la bonne.<\/p>\n\n\n\n<p>Fort heureusement, nous avons introduit la notion de joueurs &#8220;<strong>NEUTRES<\/strong>&#8221; qui peuvent \u00eatre jou\u00e9s indiff\u00e9remment par un homme ou par une femme. Cela laisse donc une plus grande souplesse permettant, nous l&#8217;esp\u00e9rons, de s&#8217;adapter \u00e0 la configuration de votre groupe.<\/p>\n\n\n\n<p><strong>Exemple <\/strong>: Pour le scenario &#8220;R\u00e9union Mortelle&#8221; lorsqu&#8217;il est utilis\u00e9 \u00e0 9 personnes, 3 d&#8217;entre elles interpr\u00e8tent des r\u00f4les &#8220;<strong>NEUTRES<\/strong>&#8220;. Le groupe peut donc aussi bien \u00eatre compos\u00e9 de :<\/p>\n\n\n\n<div class=\"wp-block-media-text alignwide is-stacked-on-mobile\"><figure class=\"wp-block-media-text__media\"><img loading=\"lazy\" decoding=\"async\" width=\"365\" height=\"124\" src=\"https:\/\/francemurder.com\/wp-content\/uploads\/2023\/07\/RM-repartition-Hommes-Femmes.png\" alt=\"\" class=\"wp-image-3182 size-full\" srcset=\"https:\/\/francemurder.com\/wp-content\/uploads\/2023\/07\/RM-repartition-Hommes-Femmes.png 365w, https:\/\/francemurder.com\/wp-content\/uploads\/2023\/07\/RM-repartition-Hommes-Femmes-300x102.png 300w\" sizes=\"auto, (max-width: 365px) 100vw, 365px\" \/><\/figure><div class=\"wp-block-media-text__content\">\n<ul class=\"wp-block-list\"><li>6 hommes et 3 femmes<\/li><li>3 hommes et 6 femmes<\/li><li>ou toutes les valeurs interm\u00e9diaires<\/li><\/ul>\n<\/div><\/div>\n\n\n\n<p><strong>Exceptions \u00e0 cette r\u00e8gle<\/strong> : Les scenarios &#8220;<a href=\"https:\/\/francemurder.com\/?page_id=2746\" data-type=\"page\" data-id=\"2746\">Une Soir\u00e9e Horrible<\/a>&#8221; et &#8220;<a href=\"https:\/\/francemurder.com\/?page_id=3500\" data-type=\"page\" data-id=\"3500\">Le Myst\u00e8re de Roswell<\/a>&#8221; sont <mark style=\"background-color:rgba(0, 0, 0, 0)\" class=\"has-inline-color has-vivid-red-color\"><strong>non genr\u00e9s<\/strong><\/mark> : tous les personnages peuvent indiff\u00e9remment \u00eatre jou\u00e9s par des hommes ou par des femmes !<\/p>\n\n\n\n<div class=\"wp-block-columns is-layout-flex wp-container-core-columns-is-layout-1 wp-block-columns-is-layout-flex\">\n<div class=\"wp-block-column is-layout-flow wp-block-column-is-layout-flow\">\n<figure class=\"wp-block-image size-full\"><a href=\"https:\/\/francemurder.com\/?page_id=2746\"><img loading=\"lazy\" decoding=\"async\" width=\"900\" height=\"900\" src=\"https:\/\/francemurder.com\/wp-content\/uploads\/2023\/08\/USH-Carre-1.png\" alt=\"\" class=\"wp-image-3492\" srcset=\"https:\/\/francemurder.com\/wp-content\/uploads\/2023\/08\/USH-Carre-1.png 900w, https:\/\/francemurder.com\/wp-content\/uploads\/2023\/08\/USH-Carre-1-300x300.png 300w, https:\/\/francemurder.com\/wp-content\/uploads\/2023\/08\/USH-Carre-1-150x150.png 150w, https:\/\/francemurder.com\/wp-content\/uploads\/2023\/08\/USH-Carre-1-768x768.png 768w, https:\/\/francemurder.com\/wp-content\/uploads\/2023\/08\/USH-Carre-1-600x600.png 600w, https:\/\/francemurder.com\/wp-content\/uploads\/2023\/08\/USH-Carre-1-100x100.png 100w\" sizes=\"auto, (max-width: 900px) 100vw, 900px\" \/><\/a><\/figure>\n<\/div>\n\n\n\n<div class=\"wp-block-column is-layout-flow wp-block-column-is-layout-flow\">\n<figure class=\"wp-block-image size-full\"><a href=\"https:\/\/francemurder.com\/?page_id=3500\"><img loading=\"lazy\" decoding=\"async\" width=\"900\" height=\"900\" src=\"https:\/\/francemurder.com\/wp-content\/uploads\/2023\/08\/MDR-Carre.png\" alt=\"\" class=\"wp-image-3490\" srcset=\"https:\/\/francemurder.com\/wp-content\/uploads\/2023\/08\/MDR-Carre.png 900w, https:\/\/francemurder.com\/wp-content\/uploads\/2023\/08\/MDR-Carre-300x300.png 300w, https:\/\/francemurder.com\/wp-content\/uploads\/2023\/08\/MDR-Carre-150x150.png 150w, https:\/\/francemurder.com\/wp-content\/uploads\/2023\/08\/MDR-Carre-768x768.png 768w, https:\/\/francemurder.com\/wp-content\/uploads\/2023\/08\/MDR-Carre-600x600.png 600w, https:\/\/francemurder.com\/wp-content\/uploads\/2023\/08\/MDR-Carre-100x100.png 100w\" sizes=\"auto, (max-width: 900px) 100vw, 900px\" \/><\/a><\/figure>\n<\/div>\n<\/div>\n","protected":false},"excerpt":{"rendered":"<p>FAQ : Hommes \/Femmes La r\u00e9partition en genre doit \u00eatre prise en compte pour le choix de votre scenario. Apr\u00e8s avoir v\u00e9rifi\u00e9 que votre groupe avait bien la taille requise, il faut \u00e9galement s&#8217;assurer dans le descriptif du jeu que votre r\u00e9partition hommes\/femmes est la bonne. Fort heureusement, nous avons introduit la notion de joueurs [&hellip;]<\/p>\n","protected":false},"author":1,"featured_media":0,"parent":0,"menu_order":0,"comment_status":"closed","ping_status":"closed","template":"","meta":{"_glsr_average":0,"_glsr_ranking":0,"_glsr_reviews":0,"footnotes":""},"class_list":["post-401","page","type-page","status-publish","hentry"],"_links":{"self":[{"href":"https:\/\/francemurder.com\/index.php?rest_route=\/wp\/v2\/pages\/401","targetHints":{"allow":["GET"]}}],"collection":[{"href":"https:\/\/francemurder.com\/index.php?rest_route=\/wp\/v2\/pages"}],"about":[{"href":"https:\/\/francemurder.com\/index.php?rest_route=\/wp\/v2\/types\/page"}],"author":[{"embeddable":true,"href":"https:\/\/francemurder.com\/index.php?rest_route=\/wp\/v2\/users\/1"}],"replies":[{"embeddable":true,"href":"https:\/\/francemurder.com\/index.php?rest_route=%2Fwp%2Fv2%2Fcomments&post=401"}],"version-history":[{"count":22,"href":"https:\/\/francemurder.com\/index.php?rest_route=\/wp\/v2\/pages\/401\/revisions"}],"predecessor-version":[{"id":3505,"href":"https:\/\/francemurder.com\/index.php?rest_route=\/wp\/v2\/pages\/401\/revisions\/3505"}],"wp:attachment":[{"href":"https:\/\/francemurder.com\/index.php?rest_route=%2Fwp%2Fv2%2Fmedia&parent=401"}],"curies":[{"name":"wp","href":"https:\/\/api.w.org\/{rel}","templated":true}]}}