{"id":3500,"date":"2023-08-31T09:59:31","date_gmt":"2023-08-31T07:59:31","guid":{"rendered":"https:\/\/francemurder.com\/?page_id=3500"},"modified":"2023-12-12T15:29:42","modified_gmt":"2023-12-12T14:29:42","slug":"le-mystere-de-roswell","status":"publish","type":"page","link":"https:\/\/francemurder.com\/?page_id=3500","title":{"rendered":"Le Myst\u00e8re de Roswell"},"content":{"rendered":"\n<h1 class=\"wp-block-heading\">Le Myst\u00e8re de Roswell<\/h1>\n\n\n\n<h3 class=\"wp-block-heading\"><mark style=\"background-color:rgba(0, 0, 0, 0)\" class=\"has-inline-color has-white-color\">(Niv. D\u00e9butants)<\/mark><\/h3>\n\n\n\n<figure class=\"wp-block-image size-large\"><img loading=\"lazy\" decoding=\"async\" width=\"1024\" height=\"455\" src=\"https:\/\/francemurder.com\/wp-content\/uploads\/2023\/10\/FT-Le-Mystere-de-Roswell-1024x455.png\" alt=\"\" class=\"wp-image-3754\" srcset=\"https:\/\/francemurder.com\/wp-content\/uploads\/2023\/10\/FT-Le-Mystere-de-Roswell-1024x455.png 1024w, https:\/\/francemurder.com\/wp-content\/uploads\/2023\/10\/FT-Le-Mystere-de-Roswell-300x133.png 300w, https:\/\/francemurder.com\/wp-content\/uploads\/2023\/10\/FT-Le-Mystere-de-Roswell-768x341.png 768w, https:\/\/francemurder.com\/wp-content\/uploads\/2023\/10\/FT-Le-Mystere-de-Roswell-1536x682.png 1536w, https:\/\/francemurder.com\/wp-content\/uploads\/2023\/10\/FT-Le-Mystere-de-Roswell-600x266.png 600w, https:\/\/francemurder.com\/wp-content\/uploads\/2023\/10\/FT-Le-Mystere-de-Roswell.png 2048w\" sizes=\"auto, (max-width: 1024px) 100vw, 1024px\" \/><\/figure>\n\n\n\n<div class=\"wp-block-columns is-layout-flex wp-container-core-columns-is-layout-1 wp-block-columns-is-layout-flex\">\n<div class=\"wp-block-column is-layout-flow wp-block-column-is-layout-flow\">\n<div class=\"wp-block-buttons is-layout-flex wp-block-buttons-is-layout-flex\">\n<div class=\"wp-block-button\"><a class=\"wp-block-button__link has-white-color has-text-color has-background\" href=\"https:\/\/francemurder.com\/?product=le-mystere-de-roswell\" style=\"background-color:#ff0000\" target=\"_blank\" rel=\"noreferrer noopener\">Acheter 24\u20ac<\/a><\/div>\n\n\n\n<div class=\"wp-block-button\"><a class=\"wp-block-button__link has-white-color has-text-color has-background\" href=\"https:\/\/francemurder.com\/wp-content\/uploads\/2023\/10\/Le-Mystere-de-Roswell-www.francemurder.com-v.1.29.10.2023.pdf\" style=\"background-color:#0404ff\" target=\"_blank\" rel=\"noreferrer noopener\">T\u00e9l\u00e9charger le descriptif<\/a><\/div>\n<\/div>\n\n\n\n<p><\/p>\n<\/div>\n<\/div>\n\n\n\n<h4 class=\"wp-block-heading\">Le Sc\u00e9nario du jeu <em>Le Myst\u00e8re de Roswell<\/em><\/h4>\n\n\n\n<p class=\"has-text-align-left\" style=\"font-size:15px\"><br><\/p>\n\n\n\n<p>Nous sommes le 4 Juillet 1947. vous vous trouvez \u00e0 Roswell petite commune de 25,000 habitants situ\u00e9e au Nouveau Mexique (USA). Une semaine plus t\u00f4t, un pilote de petit avion priv\u00e9 a signal\u00e9 au Contr\u00f4le A\u00e9rien avoir aper\u00e7u un objet \u00e9trange en forme de soucoupe se d\u00e9pla\u00e7ant \u00e0 environ Mach 2 au-dessus des Montagnes Rocheuses. La presse locale a mentionn\u00e9 l\u2019incident, aussit\u00f4t repris par les grands m\u00e9dias nationaux. On a \u00e9voqu\u00e9 la possibilit\u00e9 d\u2019un ballon sonde ou d\u2019un avion exp\u00e9rimental, mais les gens ont pr\u00e9f\u00e9r\u00e9 retenir l\u2019hypoth\u00e8se d\u2019un vaisseau extra-terrestre aussit\u00f4t baptis\u00e9 \u00ab&nbsp;soucoupe volante&nbsp;\u00bb<\/p>\n\n\n\n<p>Depuis ce jour-l\u00e0, de nombreux curieux affluent vers ce site plut\u00f4t d\u00e9sertique o\u00f9 les principales activit\u00e9s humaines sont l\u2019\u00e9levage des vaches et une base de l\u2019US Air Force<\/p>\n\n\n\n<p>Il est midi, il fait extr\u00eamement chaud et une rumeur est en train de se r\u00e9pandre en ville&nbsp;: un objet \u00e9trange serait tomb\u00e9 pr\u00e8s du ranch Turner, un endroit \u00e9galement appel\u00e9 la Zone 51 par les aviateurs de l\u2019arm\u00e9e am\u00e9ricaine<\/p>\n\n\n\n<p class=\"has-text-align-right\"><\/p>\n\n\n\n<p class=\"has-text-align-right\" style=\"font-size:17px\"><\/p>\n\n\n\n<h4 class=\"wp-block-heading\">Le Casting du jeu <em><em>Le Myst\u00e8re de Roswell<\/em><\/em><\/h4>\n\n\n\n<p><br><strong>Les citoyens de Roswell<\/strong><\/p>\n\n\n\n<ul class=\"wp-block-list\"><li>Mayor Weinrib&nbsp;: Le Maire de Roswell<\/li><li>Sh\u00e9riff Jackson&nbsp;: Le chef de la Police<\/li><li>Adjoint Warner&nbsp;: L&#8217;assistant du sh\u00e9riff<\/li><li>Dc Blake : Le v\u00e9t\u00e9rinaire<\/li><li>Turner : Un \u00e9leveur de vaches<\/li><li>Karns : Propri\u00e9taire d&#8217;une d\u00e9charge<\/li><li>Finley : Journaliste local<br><\/li><\/ul>\n\n\n\n<p><strong>Les militaires de l&#8217;US Air Force<\/strong><\/p>\n\n\n\n<ul class=\"wp-block-list\"><li>Colonel Collins : Chef de la base a\u00e9rienne<\/li><li>Sergent Baker : Chauffeur du Colonel<\/li><\/ul>\n\n\n\n<p><strong>Les visiteurs<\/strong><\/p>\n\n\n\n<ul class=\"wp-block-list\"><li>Dc Fowler&nbsp;: Resp. de la Sharks System Inc.<\/li><li>Pr Klausmann&nbsp;: Professeur d&#8217;universit\u00e9<\/li><li>Zivojinovic&nbsp;: Journaliste r\u00e9gional<\/li><li>Agent Franklin : Membre senior du FBI<\/li><li>Agent Deacon : Membre junior du FBI<\/li><\/ul>\n\n\n\n<h4 class=\"wp-block-heading\"><br><strong>Comment fonctionne<\/strong><em> Le Myst\u00e8re de Roswell <\/em>?<\/h4>\n\n\n\n<p><br>Le jeu <strong><em>Le Myst\u00e8re de Roswell<\/em><\/strong> a \u00e9t\u00e9 con\u00e7u pour 10 \u00e0 14 joueurs. Une personne additionnelle (l\u2019h\u00f4te) doit coordonner et organiser (h\u00e9berger) le jeu. Cette personne sera aux yeux de tous un arbitre neutre et impartial. Son r\u00f4le sera de faciliter la partie en connaissant tous ses rouages. Sa mission sera donc parall\u00e8le \u00e0 l\u2019activit\u00e9 ludique mais elle n\u2019en sera pas moins int\u00e9ressante, tous nos joueurs le confirment.<\/p>\n\n\n\n<p><em><strong>Le Myst\u00e8re de Roswell<\/strong><\/em> dure en g\u00e9n\u00e9ral environ 2<sup>H<\/sup>30. Les participants sont regroup\u00e9s dans une grande pi\u00e8ce commune o\u00f9 ils peuvent jouer tout en partageant un repas de style \u2018<em>Buffet<\/em>\u2019<\/p>\n\n\n\n<h4 class=\"wp-block-heading\"><strong>Qu&#8217;est-ce qui se passe dans<\/strong><em> Le Myst\u00e8re de Roswell<\/em> ?<\/h4>\n\n\n\n<p><br>D\u2019apr\u00e8s le scenario, les personnages sont \u00e9parpill\u00e9s sur la commune de Roswell, et tentent d&#8217;identifier les raisons de plusieurs \u00e9v\u00e8nements troublants (crash d&#8217;un OVNI, crime d&#8217;un clochard, attaque de b\u00e9tail, etc&#8230;) cependant chacun aura une mani\u00e8re personnelle de les r\u00e9soudre sous la forme de 4 missions d\u00e9crites par sa feuille de personnage. Outre leur sens naturel de la diplomatie et de la persuasion les joueurs auront pour les aider 3 capacit\u00e9s &#8220;sp\u00e9ciales&#8221; ainsi qu&#8217;un indice de d\u00e9part personnalis\u00e9.<\/p>\n\n\n\n<h4 class=\"wp-block-heading\"><strong>Quelques \u00e9l\u00e9ments du jeu <em>Le Myst\u00e8re de Roswell<\/em><\/strong><em> <\/em>?<\/h4>\n\n\n\n<div class=\"wp-block-columns is-layout-flex wp-container-core-columns-is-layout-2 wp-block-columns-is-layout-flex\">\n<div class=\"wp-block-column is-layout-flow wp-block-column-is-layout-flow\">\n<figure class=\"wp-block-image size-large\"><a href=\"https:\/\/francemurder.com\/wp-content\/uploads\/2023\/10\/La-Gazette-de-Roswell.png\"><img loading=\"lazy\" decoding=\"async\" width=\"725\" height=\"1024\" src=\"https:\/\/francemurder.com\/wp-content\/uploads\/2023\/10\/La-Gazette-de-Roswell-725x1024.png\" alt=\"\" class=\"wp-image-3756\" srcset=\"https:\/\/francemurder.com\/wp-content\/uploads\/2023\/10\/La-Gazette-de-Roswell-725x1024.png 725w, https:\/\/francemurder.com\/wp-content\/uploads\/2023\/10\/La-Gazette-de-Roswell-212x300.png 212w, https:\/\/francemurder.com\/wp-content\/uploads\/2023\/10\/La-Gazette-de-Roswell-768x1085.png 768w, https:\/\/francemurder.com\/wp-content\/uploads\/2023\/10\/La-Gazette-de-Roswell-1087x1536.png 1087w, https:\/\/francemurder.com\/wp-content\/uploads\/2023\/10\/La-Gazette-de-Roswell-1450x2048.png 1450w, https:\/\/francemurder.com\/wp-content\/uploads\/2023\/10\/La-Gazette-de-Roswell-300x424.png 300w, https:\/\/francemurder.com\/wp-content\/uploads\/2023\/10\/La-Gazette-de-Roswell-600x848.png 600w\" sizes=\"auto, (max-width: 725px) 100vw, 725px\" \/><\/a><\/figure>\n<\/div>\n\n\n\n<div class=\"wp-block-column is-layout-flow wp-block-column-is-layout-flow\">\n<p><br>Un <mark style=\"background-color:rgba(0, 0, 0, 0);color:#0404ff\" class=\"has-inline-color\"><strong>extrait du journal<\/strong><\/mark> de Roswell que les joueurs ne manqueront pas d&#8217;\u00e9tudier !<\/p>\n\n\n\n<hr class=\"wp-block-separator has-css-opacity\"\/>\n\n\n\n<p>Ainsi que la <strong><span style=\"color:#0404ff\" class=\"has-inline-color\">comp\u00e9tence &#8220;Sp\u00e9ciale&#8221;<\/span><\/strong> d&#8217;un des joueurs, lui donnant un pouvoir de persuasion.<\/p>\n\n\n\n<div class=\"wp-block-group\"><div class=\"wp-block-group__inner-container is-layout-flow wp-block-group-is-layout-flow\">\n<figure class=\"wp-block-image size-large\"><img loading=\"lazy\" decoding=\"async\" width=\"546\" height=\"219\" src=\"https:\/\/francemurder.com\/wp-content\/uploads\/2021\/04\/RM_Exemple-Competence.png\" alt=\"\" class=\"wp-image-750\" srcset=\"https:\/\/francemurder.com\/wp-content\/uploads\/2021\/04\/RM_Exemple-Competence.png 546w, https:\/\/francemurder.com\/wp-content\/uploads\/2021\/04\/RM_Exemple-Competence-300x120.png 300w\" sizes=\"auto, (max-width: 546px) 100vw, 546px\" \/><\/figure>\n\n\n\n<p>et celle d&#8217;un de ses adversaires &#8230;<\/p>\n\n\n\n<figure class=\"wp-block-image size-large\"><img loading=\"lazy\" decoding=\"async\" width=\"1024\" height=\"450\" src=\"https:\/\/francemurder.com\/wp-content\/uploads\/2023\/08\/Observation-1024x450.jpg\" alt=\"\" class=\"wp-image-3237\" srcset=\"https:\/\/francemurder.com\/wp-content\/uploads\/2023\/08\/Observation-1024x450.jpg 1024w, https:\/\/francemurder.com\/wp-content\/uploads\/2023\/08\/Observation-300x132.jpg 300w, https:\/\/francemurder.com\/wp-content\/uploads\/2023\/08\/Observation-768x338.jpg 768w, https:\/\/francemurder.com\/wp-content\/uploads\/2023\/08\/Observation-600x264.jpg 600w, https:\/\/francemurder.com\/wp-content\/uploads\/2023\/08\/Observation.jpg 1035w\" sizes=\"auto, (max-width: 1024px) 100vw, 1024px\" \/><\/figure>\n<\/div><\/div>\n<\/div>\n<\/div>\n\n\n\n<div class=\"wp-block-buttons is-layout-flex wp-block-buttons-is-layout-flex\">\n<div class=\"wp-block-button\"><a class=\"wp-block-button__link has-white-color has-text-color has-background\" href=\"https:\/\/francemurder.com\/?product=le-mystere-de-roswell\" style=\"background-color:#ff0000\" target=\"_blank\" rel=\"noreferrer noopener\">Acheter 24\u20ac<\/a><\/div>\n\n\n\n<div class=\"wp-block-button\"><a class=\"wp-block-button__link has-white-color has-text-color has-background\" href=\"https:\/\/francemurder.com\/wp-content\/uploads\/2023\/10\/Le-Mystere-de-Roswell-www.francemurder.com-v.1.29.10.2023.pdf\" style=\"background-color:#0404ff\" target=\"_blank\" rel=\"noreferrer noopener\">T\u00e9l\u00e9charger le descriptif<\/a><\/div>\n<\/div>\n\n\n\n<h4 class=\"wp-block-heading\"><br><strong>Le site du crash de l&#8217;OVNI de Roswell<\/strong><em> <\/em><br><\/h4>\n\n\n\n<figure class=\"wp-block-image size-large\"><img loading=\"lazy\" decoding=\"async\" width=\"1024\" height=\"512\" src=\"https:\/\/francemurder.com\/wp-content\/uploads\/2023\/10\/Site-du-crash-1024x512.png\" alt=\"\" class=\"wp-image-3757\" srcset=\"https:\/\/francemurder.com\/wp-content\/uploads\/2023\/10\/Site-du-crash-1024x512.png 1024w, https:\/\/francemurder.com\/wp-content\/uploads\/2023\/10\/Site-du-crash-300x150.png 300w, https:\/\/francemurder.com\/wp-content\/uploads\/2023\/10\/Site-du-crash-768x384.png 768w, https:\/\/francemurder.com\/wp-content\/uploads\/2023\/10\/Site-du-crash-1536x768.png 1536w, https:\/\/francemurder.com\/wp-content\/uploads\/2023\/10\/Site-du-crash-600x300.png 600w, https:\/\/francemurder.com\/wp-content\/uploads\/2023\/10\/Site-du-crash.png 2048w\" sizes=\"auto, (max-width: 1024px) 100vw, 1024px\" \/><\/figure>\n","protected":false},"excerpt":{"rendered":"<p>Le Myst\u00e8re de Roswell (Niv. D\u00e9butants) Le Sc\u00e9nario du jeu Le Myst\u00e8re de Roswell Nous sommes le 4 Juillet 1947. vous vous trouvez \u00e0 Roswell petite commune de 25,000 habitants situ\u00e9e au Nouveau Mexique (USA). Une semaine plus t\u00f4t, un pilote de petit avion priv\u00e9 a signal\u00e9 au Contr\u00f4le A\u00e9rien avoir aper\u00e7u un objet \u00e9trange [&hellip;]<\/p>\n","protected":false},"author":1,"featured_media":0,"parent":0,"menu_order":0,"comment_status":"closed","ping_status":"closed","template":"","meta":{"_glsr_average":0,"_glsr_ranking":0,"_glsr_reviews":0,"footnotes":""},"class_list":["post-3500","page","type-page","status-publish","hentry"],"_links":{"self":[{"href":"https:\/\/francemurder.com\/index.php?rest_route=\/wp\/v2\/pages\/3500","targetHints":{"allow":["GET"]}}],"collection":[{"href":"https:\/\/francemurder.com\/index.php?rest_route=\/wp\/v2\/pages"}],"about":[{"href":"https:\/\/francemurder.com\/index.php?rest_route=\/wp\/v2\/types\/page"}],"author":[{"embeddable":true,"href":"https:\/\/francemurder.com\/index.php?rest_route=\/wp\/v2\/users\/1"}],"replies":[{"embeddable":true,"href":"https:\/\/francemurder.com\/index.php?rest_route=%2Fwp%2Fv2%2Fcomments&post=3500"}],"version-history":[{"count":9,"href":"https:\/\/francemurder.com\/index.php?rest_route=\/wp\/v2\/pages\/3500\/revisions"}],"predecessor-version":[{"id":3994,"href":"https:\/\/francemurder.com\/index.php?rest_route=\/wp\/v2\/pages\/3500\/revisions\/3994"}],"wp:attachment":[{"href":"https:\/\/francemurder.com\/index.php?rest_route=%2Fwp%2Fv2%2Fmedia&parent=3500"}],"curies":[{"name":"wp","href":"https:\/\/api.w.org\/{rel}","templated":true}]}}