{"id":285,"date":"2021-03-27T23:35:27","date_gmt":"2021-03-27T22:35:27","guid":{"rendered":"http:\/\/francemurder.com\/?page_id=285"},"modified":"2026-02-25T12:46:50","modified_gmt":"2026-02-25T11:46:50","slug":"scenarios-standards","status":"publish","type":"page","link":"https:\/\/francemurder.com\/?page_id=285","title":{"rendered":"Joueurs Confirm\u00e9s"},"content":{"rendered":"\n<h2 class=\"wp-block-heading has-text-align-center\">D\u00e9couvrez nos sc\u00e9narios pour joueurs &#8216;Confirm\u00e9s&#8217; ou Grands Groupes (Adultes)<\/h2>\n\n\n<p><center><img loading=\"lazy\" decoding=\"async\" class=\"aligncenter wp-image-6098 size-medium\" src=\"https:\/\/francemurder.com\/wp-content\/uploads\/2025\/02\/visuels_depart_confirmes-V2-261x300.jpg\" alt=\"\" width=\"261\" height=\"300\" srcset=\"https:\/\/francemurder.com\/wp-content\/uploads\/2025\/02\/visuels_depart_confirmes-V2-261x300.jpg 261w, https:\/\/francemurder.com\/wp-content\/uploads\/2025\/02\/visuels_depart_confirmes-V2-300x345.jpg 300w, https:\/\/francemurder.com\/wp-content\/uploads\/2025\/02\/visuels_depart_confirmes-V2.jpg 503w\" sizes=\"auto, (max-width: 261px) 100vw, 261px\" \/><\/center><\/p>\n\n\n<hr class=\"wp-block-separator has-css-opacity\"\/>\n\n\n\n<div class=\"wp-block-media-text alignwide is-stacked-on-mobile\" style=\"grid-template-columns:31% auto\"><figure class=\"wp-block-media-text__media\"><a href=\"https:\/\/francemurder.com\/?page_id=6654\"><img loading=\"lazy\" decoding=\"async\" width=\"768\" height=\"1024\" src=\"https:\/\/francemurder.com\/wp-content\/uploads\/2025\/08\/CZH-13-18-Poster-768x1024.jpg\" alt=\"\" class=\"wp-image-6771 size-full\" srcset=\"https:\/\/francemurder.com\/wp-content\/uploads\/2025\/08\/CZH-13-18-Poster-768x1024.jpg 768w, https:\/\/francemurder.com\/wp-content\/uploads\/2025\/08\/CZH-13-18-Poster-225x300.jpg 225w, https:\/\/francemurder.com\/wp-content\/uploads\/2025\/08\/CZH-13-18-Poster-1152x1536.jpg 1152w, https:\/\/francemurder.com\/wp-content\/uploads\/2025\/08\/CZH-13-18-Poster-300x400.jpg 300w, https:\/\/francemurder.com\/wp-content\/uploads\/2025\/08\/CZH-13-18-Poster-600x800.jpg 600w, https:\/\/francemurder.com\/wp-content\/uploads\/2025\/08\/CZH-13-18-Poster.jpg 1500w\" sizes=\"auto, (max-width: 768px) 100vw, 768px\" \/><\/a><\/figure><div class=\"wp-block-media-text__content\">\n<p class=\"has-text-align-center has-medium-font-size\">Un sc\u00e9nario sur le th\u00e8me tropical pour 13-18 personnes<\/p>\n\n\n\n<p class=\"has-text-align-center has-medium-font-size\">Un s\u00e9jour (presque) idyllique sur la plage de Waikiki Beach.<\/p>\n\n\n\n<p class=\"has-text-align-center has-medium-font-size\">(<a href=\"https:\/\/francemurder.com\/?page_id=6654\">Plus d&#8217;infos &#8230;<\/a>)<\/p>\n<\/div><\/div>\n\n\n\n<hr class=\"wp-block-separator has-css-opacity\"\/>\n\n\n\n<div class=\"wp-block-media-text alignwide is-stacked-on-mobile\" style=\"grid-template-columns:31% auto\"><figure class=\"wp-block-media-text__media\"><a href=\"https:\/\/francemurder.com\/?page_id=6172\" target=\"_blank\" rel=\" noreferrer noopener\"><img loading=\"lazy\" decoding=\"async\" width=\"768\" height=\"1024\" src=\"https:\/\/francemurder.com\/wp-content\/uploads\/2026\/02\/SFS-Poster-1500x2000-1-768x1024.jpg\" alt=\"\" class=\"wp-image-8115 size-full\" srcset=\"https:\/\/francemurder.com\/wp-content\/uploads\/2026\/02\/SFS-Poster-1500x2000-1-768x1024.jpg 768w, https:\/\/francemurder.com\/wp-content\/uploads\/2026\/02\/SFS-Poster-1500x2000-1-225x300.jpg 225w, https:\/\/francemurder.com\/wp-content\/uploads\/2026\/02\/SFS-Poster-1500x2000-1-1152x1536.jpg 1152w, https:\/\/francemurder.com\/wp-content\/uploads\/2026\/02\/SFS-Poster-1500x2000-1-300x400.jpg 300w, https:\/\/francemurder.com\/wp-content\/uploads\/2026\/02\/SFS-Poster-1500x2000-1-600x800.jpg 600w, https:\/\/francemurder.com\/wp-content\/uploads\/2026\/02\/SFS-Poster-1500x2000-1.jpg 1500w\" sizes=\"auto, (max-width: 768px) 100vw, 768px\" \/><\/a><\/figure><div class=\"wp-block-media-text__content\">\n<p class=\"has-text-align-center has-medium-font-size\">Un sc\u00e9nario sur le th\u00e8me espionnage en 1939<\/p>\n\n\n\n<p class=\"has-text-align-center has-medium-font-size\">Une croisi\u00e8re en Afrique sur fond de 2eme Guerre Mondiale<\/p>\n\n\n\n<p class=\"has-text-align-center has-medium-font-size\">(<a href=\"https:\/\/francemurder.com\/?page_id=6172\" target=\"_blank\" rel=\"noreferrer noopener\">Plus d&#8217;infos &#8230;<\/a>)<\/p>\n<\/div><\/div>\n\n\n\n<hr class=\"wp-block-separator has-css-opacity\"\/>\n\n\n\n<div class=\"wp-block-media-text alignwide is-stacked-on-mobile\" style=\"grid-template-columns:31% auto\"><figure class=\"wp-block-media-text__media\"><a href=\"https:\/\/francemurder.com\/?page_id=1101\"><img loading=\"lazy\" decoding=\"async\" width=\"768\" height=\"1024\" src=\"https:\/\/francemurder.com\/wp-content\/uploads\/2023\/08\/Poster-La-ruee-vers-Cactusville-1500x2000-1-768x1024.png\" alt=\"\" class=\"wp-image-3385 size-full\" srcset=\"https:\/\/francemurder.com\/wp-content\/uploads\/2023\/08\/Poster-La-ruee-vers-Cactusville-1500x2000-1-768x1024.png 768w, https:\/\/francemurder.com\/wp-content\/uploads\/2023\/08\/Poster-La-ruee-vers-Cactusville-1500x2000-1-225x300.png 225w, https:\/\/francemurder.com\/wp-content\/uploads\/2023\/08\/Poster-La-ruee-vers-Cactusville-1500x2000-1-1152x1536.png 1152w, https:\/\/francemurder.com\/wp-content\/uploads\/2023\/08\/Poster-La-ruee-vers-Cactusville-1500x2000-1-300x400.png 300w, https:\/\/francemurder.com\/wp-content\/uploads\/2023\/08\/Poster-La-ruee-vers-Cactusville-1500x2000-1-600x800.png 600w, https:\/\/francemurder.com\/wp-content\/uploads\/2023\/08\/Poster-La-ruee-vers-Cactusville-1500x2000-1.png 1500w\" sizes=\"auto, (max-width: 768px) 100vw, 768px\" \/><\/a><\/figure><div class=\"wp-block-media-text__content\">\n<p class=\"has-text-align-center has-medium-font-size\">Un sc\u00e9nario sur le th\u00e8me Farwest pour 12-18 personnes<\/p>\n\n\n\n<p class=\"has-text-align-center has-medium-font-size\">Cactusville organise une grande f\u00eate pour c\u00e9l\u00e9brer les 20 ans de sa cr\u00e9ation.<\/p>\n\n\n\n<p class=\"has-text-align-center has-medium-font-size\">(<a href=\"https:\/\/francemurder.com\/?page_id=1101\">Plus d&#8217;infos &#8230;<\/a>)<\/p>\n<\/div><\/div>\n\n\n\n<hr class=\"wp-block-separator has-css-opacity\"\/>\n\n\n\n<div class=\"wp-block-media-text alignwide is-stacked-on-mobile\" style=\"grid-template-columns:31% auto\"><figure class=\"wp-block-media-text__media\"><a href=\"https:\/\/francemurder.com\/?page_id=1303\"><img loading=\"lazy\" decoding=\"async\" width=\"768\" height=\"1024\" src=\"https:\/\/francemurder.com\/wp-content\/uploads\/2022\/06\/Poster-Le-Tresor-du-Pirate-1500x2000-1-768x1024.png\" alt=\"\" class=\"wp-image-3331 size-full\" srcset=\"https:\/\/francemurder.com\/wp-content\/uploads\/2022\/06\/Poster-Le-Tresor-du-Pirate-1500x2000-1-768x1024.png 768w, https:\/\/francemurder.com\/wp-content\/uploads\/2022\/06\/Poster-Le-Tresor-du-Pirate-1500x2000-1-225x300.png 225w, https:\/\/francemurder.com\/wp-content\/uploads\/2022\/06\/Poster-Le-Tresor-du-Pirate-1500x2000-1-1152x1536.png 1152w, https:\/\/francemurder.com\/wp-content\/uploads\/2022\/06\/Poster-Le-Tresor-du-Pirate-1500x2000-1-300x400.png 300w, https:\/\/francemurder.com\/wp-content\/uploads\/2022\/06\/Poster-Le-Tresor-du-Pirate-1500x2000-1-600x800.png 600w, https:\/\/francemurder.com\/wp-content\/uploads\/2022\/06\/Poster-Le-Tresor-du-Pirate-1500x2000-1.png 1500w\" sizes=\"auto, (max-width: 768px) 100vw, 768px\" \/><\/a><\/figure><div class=\"wp-block-media-text__content\">\n<p class=\"has-text-align-center has-medium-font-size\">Un sc\u00e9nario sur le th\u00e8me Pirates pour 10-17 personnes<\/p>\n\n\n\n<p class=\"has-text-align-center has-medium-font-size\">Le bateau du Capitaine Hargrave s&#8217;appr\u00eate \u00e0 quitter l&#8217;\u00eele de Tortuga<\/p>\n\n\n\n<p class=\"has-text-align-center has-medium-font-size\">(<a href=\"https:\/\/francemurder.com\/?page_id=1303\">Plus d&#8217;infos &#8230;<\/a>)<\/p>\n\n\n\n<p><\/p>\n<\/div><\/div>\n\n\n\n<hr class=\"wp-block-separator has-css-opacity\"\/>\n\n\n\n<div class=\"wp-block-media-text alignwide is-stacked-on-mobile\" style=\"grid-template-columns:31% auto\"><figure class=\"wp-block-media-text__media\"><a href=\"https:\/\/francemurder.com\/?page_id=1494\"><img loading=\"lazy\" decoding=\"async\" width=\"768\" height=\"1024\" src=\"https:\/\/francemurder.com\/wp-content\/uploads\/2023\/08\/Poster-Drame-a-Chicago-1500x20001-1-768x1024.png\" alt=\"\" class=\"wp-image-3321 size-full\" srcset=\"https:\/\/francemurder.com\/wp-content\/uploads\/2023\/08\/Poster-Drame-a-Chicago-1500x20001-1-768x1024.png 768w, https:\/\/francemurder.com\/wp-content\/uploads\/2023\/08\/Poster-Drame-a-Chicago-1500x20001-1-225x300.png 225w, https:\/\/francemurder.com\/wp-content\/uploads\/2023\/08\/Poster-Drame-a-Chicago-1500x20001-1-1152x1536.png 1152w, https:\/\/francemurder.com\/wp-content\/uploads\/2023\/08\/Poster-Drame-a-Chicago-1500x20001-1-300x400.png 300w, https:\/\/francemurder.com\/wp-content\/uploads\/2023\/08\/Poster-Drame-a-Chicago-1500x20001-1-600x800.png 600w, https:\/\/francemurder.com\/wp-content\/uploads\/2023\/08\/Poster-Drame-a-Chicago-1500x20001-1.png 1500w\" sizes=\"auto, (max-width: 768px) 100vw, 768px\" \/><\/a><\/figure><div class=\"wp-block-media-text__content\">\n<p class=\"has-text-align-center has-medium-font-size\">Un sc\u00e9nario sur le th\u00e8me Prohibition pour 15-22 personnes<\/p>\n\n\n\n<p class=\"has-text-align-center has-medium-font-size\">La soir\u00e9e de Gala au cabaret &#8220;Le speakeasy&#8221; tourne au drame.<\/p>\n\n\n\n<p class=\"has-text-align-center has-medium-font-size\">(<a href=\"https:\/\/francemurder.com\/?page_id=1494\">Plus d&#8217;infos &#8230;<\/a>)<\/p>\n<\/div><\/div>\n\n\n\n<hr class=\"wp-block-separator has-css-opacity\"\/>\n\n\n\n<div class=\"wp-block-media-text alignwide is-stacked-on-mobile\" style=\"grid-template-columns:31% auto\"><figure class=\"wp-block-media-text__media\"><a href=\"https:\/\/francemurder.com\/?page_id=2028\"><img loading=\"lazy\" decoding=\"async\" width=\"768\" height=\"1024\" src=\"https:\/\/francemurder.com\/wp-content\/uploads\/2023\/08\/Poster-La-Croisiere-Fatale-1500x2000-1-768x1024.png\" alt=\"\" class=\"wp-image-3354 size-full\" srcset=\"https:\/\/francemurder.com\/wp-content\/uploads\/2023\/08\/Poster-La-Croisiere-Fatale-1500x2000-1-768x1024.png 768w, https:\/\/francemurder.com\/wp-content\/uploads\/2023\/08\/Poster-La-Croisiere-Fatale-1500x2000-1-225x300.png 225w, https:\/\/francemurder.com\/wp-content\/uploads\/2023\/08\/Poster-La-Croisiere-Fatale-1500x2000-1-1152x1536.png 1152w, https:\/\/francemurder.com\/wp-content\/uploads\/2023\/08\/Poster-La-Croisiere-Fatale-1500x2000-1-300x400.png 300w, https:\/\/francemurder.com\/wp-content\/uploads\/2023\/08\/Poster-La-Croisiere-Fatale-1500x2000-1-600x800.png 600w, https:\/\/francemurder.com\/wp-content\/uploads\/2023\/08\/Poster-La-Croisiere-Fatale-1500x2000-1.png 1500w\" sizes=\"auto, (max-width: 768px) 100vw, 768px\" \/><\/a><\/figure><div class=\"wp-block-media-text__content\">\n<p class=\"has-text-align-center has-medium-font-size\">Un sc\u00e9nario sur le th\u00e8me Maritime pour 22-33 personnes<\/p>\n\n\n\n<p class=\"has-text-align-center has-medium-font-size\">La mort du Capitaine d&#8217;un paquebot de luxe en 1914<\/p>\n\n\n\n<p class=\"has-text-align-center has-medium-font-size\">(<a href=\"https:\/\/francemurder.com\/?page_id=2028\">Plus d&#8217;infos &#8230;<\/a>)<\/p>\n<\/div><\/div>\n\n\n\n<hr class=\"wp-block-separator has-alpha-channel-opacity\"\/>\n\n\n\n<div class=\"wp-block-media-text alignwide is-stacked-on-mobile\" style=\"grid-template-columns:31% auto\"><figure class=\"wp-block-media-text__media\"><a href=\"https:\/\/francemurder.com\/?page_id=2484\"><img loading=\"lazy\" decoding=\"async\" width=\"768\" height=\"1024\" src=\"https:\/\/francemurder.com\/wp-content\/uploads\/2022\/09\/Poster-LEcole-des-Sorcieres-1500x2000-1-768x1024.png\" alt=\"\" class=\"wp-image-3349 size-full\" srcset=\"https:\/\/francemurder.com\/wp-content\/uploads\/2022\/09\/Poster-LEcole-des-Sorcieres-1500x2000-1-768x1024.png 768w, https:\/\/francemurder.com\/wp-content\/uploads\/2022\/09\/Poster-LEcole-des-Sorcieres-1500x2000-1-225x300.png 225w, https:\/\/francemurder.com\/wp-content\/uploads\/2022\/09\/Poster-LEcole-des-Sorcieres-1500x2000-1-1152x1536.png 1152w, https:\/\/francemurder.com\/wp-content\/uploads\/2022\/09\/Poster-LEcole-des-Sorcieres-1500x2000-1-300x400.png 300w, https:\/\/francemurder.com\/wp-content\/uploads\/2022\/09\/Poster-LEcole-des-Sorcieres-1500x2000-1-600x800.png 600w, https:\/\/francemurder.com\/wp-content\/uploads\/2022\/09\/Poster-LEcole-des-Sorcieres-1500x2000-1.png 1500w\" sizes=\"auto, (max-width: 768px) 100vw, 768px\" \/><\/a><\/figure><div class=\"wp-block-media-text__content\">\n<p class=\"has-text-align-center has-medium-font-size\">Un sc\u00e9nario sur le th\u00e8me Poudlard pour 14-20 personnes<\/p>\n\n\n\n<p class=\"has-text-align-center has-medium-font-size\">Une \u00e9cole de sorci\u00e8res est dans la tourmente<\/p>\n\n\n\n<p class=\"has-text-align-center has-medium-font-size\">(<a href=\"https:\/\/francemurder.com\/?page_id=2484\">Plus d&#8217;infos &#8230;<\/a>)<\/p>\n<\/div><\/div>\n\n\n\n<hr class=\"wp-block-separator has-alpha-channel-opacity\"\/>\n\n\n\n<div class=\"wp-block-media-text alignwide is-stacked-on-mobile\" style=\"grid-template-columns:31% auto\"><figure class=\"wp-block-media-text__media\"><a href=\"https:\/\/francemurder.com\/?page_id=2486\"><img loading=\"lazy\" decoding=\"async\" width=\"768\" height=\"1024\" src=\"https:\/\/francemurder.com\/wp-content\/uploads\/2023\/08\/Poster-La-Reine-est-en-Danger-2-1500x2000-1-768x1024.png\" alt=\"\" class=\"wp-image-3361 size-full\" srcset=\"https:\/\/francemurder.com\/wp-content\/uploads\/2023\/08\/Poster-La-Reine-est-en-Danger-2-1500x2000-1-768x1024.png 768w, https:\/\/francemurder.com\/wp-content\/uploads\/2023\/08\/Poster-La-Reine-est-en-Danger-2-1500x2000-1-225x300.png 225w, https:\/\/francemurder.com\/wp-content\/uploads\/2023\/08\/Poster-La-Reine-est-en-Danger-2-1500x2000-1-1152x1536.png 1152w, https:\/\/francemurder.com\/wp-content\/uploads\/2023\/08\/Poster-La-Reine-est-en-Danger-2-1500x2000-1-300x400.png 300w, https:\/\/francemurder.com\/wp-content\/uploads\/2023\/08\/Poster-La-Reine-est-en-Danger-2-1500x2000-1-600x800.png 600w, https:\/\/francemurder.com\/wp-content\/uploads\/2023\/08\/Poster-La-Reine-est-en-Danger-2-1500x2000-1.png 1500w\" sizes=\"auto, (max-width: 768px) 100vw, 768px\" \/><\/a><\/figure><div class=\"wp-block-media-text__content\">\n<p class=\"has-text-align-center has-medium-font-size\">Un sc\u00e9nario sur le th\u00e8me Medi\u00e9val pour 13-21 personnes<\/p>\n\n\n\n<p class=\"has-text-align-center has-medium-font-size\">Complots en tous genres \u00e0 Buckingham en 1580<\/p>\n\n\n\n<p class=\"has-text-align-center has-medium-font-size\">(<a href=\"https:\/\/francemurder.com\/?page_id=2486\">Plus d&#8217;infos &#8230;<\/a>)<\/p>\n<\/div><\/div>\n\n\n\n<hr class=\"wp-block-separator has-alpha-channel-opacity\"\/>\n\n\n\n<div class=\"wp-block-media-text alignwide is-stacked-on-mobile\" style=\"grid-template-columns:31% auto\"><figure class=\"wp-block-media-text__media\"><a href=\"https:\/\/francemurder.com\/?page_id=2659\"><img loading=\"lazy\" decoding=\"async\" width=\"768\" height=\"1024\" src=\"https:\/\/francemurder.com\/wp-content\/uploads\/2022\/10\/Poster-LEnquete-du-Grand-Vizir-1500x2000-1-768x1024.png\" alt=\"\" class=\"wp-image-3359 size-full\" srcset=\"https:\/\/francemurder.com\/wp-content\/uploads\/2022\/10\/Poster-LEnquete-du-Grand-Vizir-1500x2000-1-768x1024.png 768w, https:\/\/francemurder.com\/wp-content\/uploads\/2022\/10\/Poster-LEnquete-du-Grand-Vizir-1500x2000-1-225x300.png 225w, https:\/\/francemurder.com\/wp-content\/uploads\/2022\/10\/Poster-LEnquete-du-Grand-Vizir-1500x2000-1-1152x1536.png 1152w, https:\/\/francemurder.com\/wp-content\/uploads\/2022\/10\/Poster-LEnquete-du-Grand-Vizir-1500x2000-1-300x400.png 300w, https:\/\/francemurder.com\/wp-content\/uploads\/2022\/10\/Poster-LEnquete-du-Grand-Vizir-1500x2000-1-600x800.png 600w, https:\/\/francemurder.com\/wp-content\/uploads\/2022\/10\/Poster-LEnquete-du-Grand-Vizir-1500x2000-1.png 1500w\" sizes=\"auto, (max-width: 768px) 100vw, 768px\" \/><\/a><\/figure><div class=\"wp-block-media-text__content\">\n<p class=\"has-text-align-center has-medium-font-size\">Un sc\u00e9nario sur le th\u00e8me des 1001 nuits pour 18-24 personnes<\/p>\n\n\n\n<p class=\"has-text-align-center has-medium-font-size\">Les d\u00e9boires de Sh\u00e9h\u00e9razade et d&#8217;Aladin<\/p>\n\n\n\n<p class=\"has-text-align-center has-medium-font-size\"><a href=\"https:\/\/francemurder.com\/?page_id=2659\">(Plus d&#8217;infos)<\/a><\/p>\n<\/div><\/div>\n\n\n\n<hr class=\"wp-block-separator has-css-opacity\"\/>\n\n\n\n<div class=\"wp-block-media-text alignwide is-stacked-on-mobile\" style=\"grid-template-columns:31% auto\"><figure class=\"wp-block-media-text__media\"><a href=\"https:\/\/francemurder.com\/?page_id=2892\" target=\"_blank\" rel=\"noreferrer noopener\"><img loading=\"lazy\" decoding=\"async\" width=\"768\" height=\"1024\" src=\"https:\/\/francemurder.com\/wp-content\/uploads\/2023\/08\/Poster-Nuit-Blanche-a-Las-Vegas-1500x20001-1-768x1024.png\" alt=\"\" class=\"wp-image-3339 size-full\" srcset=\"https:\/\/francemurder.com\/wp-content\/uploads\/2023\/08\/Poster-Nuit-Blanche-a-Las-Vegas-1500x20001-1-768x1024.png 768w, https:\/\/francemurder.com\/wp-content\/uploads\/2023\/08\/Poster-Nuit-Blanche-a-Las-Vegas-1500x20001-1-225x300.png 225w, https:\/\/francemurder.com\/wp-content\/uploads\/2023\/08\/Poster-Nuit-Blanche-a-Las-Vegas-1500x20001-1-1152x1536.png 1152w, https:\/\/francemurder.com\/wp-content\/uploads\/2023\/08\/Poster-Nuit-Blanche-a-Las-Vegas-1500x20001-1-300x400.png 300w, https:\/\/francemurder.com\/wp-content\/uploads\/2023\/08\/Poster-Nuit-Blanche-a-Las-Vegas-1500x20001-1-600x800.png 600w, https:\/\/francemurder.com\/wp-content\/uploads\/2023\/08\/Poster-Nuit-Blanche-a-Las-Vegas-1500x20001-1.png 1500w\" sizes=\"auto, (max-width: 768px) 100vw, 768px\" \/><\/a><\/figure><div class=\"wp-block-media-text__content\">\n<p class=\"has-text-align-center has-medium-font-size\">Un sc\u00e9nario sur le th\u00e8me des casinos pour 15-20 personnes<\/p>\n\n\n\n<p class=\"has-text-align-center has-medium-font-size\">Les m\u00e9saventures d&#8217;Elvis Presley \u00e0 Las Vegas<\/p>\n\n\n\n<p class=\"has-text-align-center has-medium-font-size\"><a href=\"https:\/\/francemurder.com\/?page_id=2892\" target=\"_blank\" rel=\"noreferrer noopener\">(Plus d&#8217;infos)<\/a><\/p>\n<\/div><\/div>\n\n\n\n<p><\/p>\n","protected":false},"excerpt":{"rendered":"<p>D\u00e9couvrez nos sc\u00e9narios pour joueurs &#8216;Confirm\u00e9s&#8217; ou Grands Groupes (Adultes) Un sc\u00e9nario sur le th\u00e8me tropical pour 13-18 personnes Un s\u00e9jour (presque) idyllique sur la plage de Waikiki Beach. (Plus d&#8217;infos &#8230;) Un sc\u00e9nario sur le th\u00e8me espionnage en 1939 Une croisi\u00e8re en Afrique sur fond de 2eme Guerre Mondiale (Plus d&#8217;infos &#8230;) Un sc\u00e9nario [&hellip;]<\/p>\n","protected":false},"author":1,"featured_media":0,"parent":0,"menu_order":0,"comment_status":"closed","ping_status":"closed","template":"","meta":{"_glsr_average":0,"_glsr_ranking":0,"_glsr_reviews":0,"footnotes":""},"class_list":["post-285","page","type-page","status-publish","hentry"],"_links":{"self":[{"href":"https:\/\/francemurder.com\/index.php?rest_route=\/wp\/v2\/pages\/285","targetHints":{"allow":["GET"]}}],"collection":[{"href":"https:\/\/francemurder.com\/index.php?rest_route=\/wp\/v2\/pages"}],"about":[{"href":"https:\/\/francemurder.com\/index.php?rest_route=\/wp\/v2\/types\/page"}],"author":[{"embeddable":true,"href":"https:\/\/francemurder.com\/index.php?rest_route=\/wp\/v2\/users\/1"}],"replies":[{"embeddable":true,"href":"https:\/\/francemurder.com\/index.php?rest_route=%2Fwp%2Fv2%2Fcomments&post=285"}],"version-history":[{"count":64,"href":"https:\/\/francemurder.com\/index.php?rest_route=\/wp\/v2\/pages\/285\/revisions"}],"predecessor-version":[{"id":8116,"href":"https:\/\/francemurder.com\/index.php?rest_route=\/wp\/v2\/pages\/285\/revisions\/8116"}],"wp:attachment":[{"href":"https:\/\/francemurder.com\/index.php?rest_route=%2Fwp%2Fv2%2Fmedia&parent=285"}],"curies":[{"name":"wp","href":"https:\/\/api.w.org\/{rel}","templated":true}]}}