{"id":2607,"date":"2022-09-28T11:30:53","date_gmt":"2022-09-28T09:30:53","guid":{"rendered":"https:\/\/francemurder.com\/?page_id=2607"},"modified":"2023-08-31T08:54:42","modified_gmt":"2023-08-31T06:54:42","slug":"impression","status":"publish","type":"page","link":"https:\/\/francemurder.com\/?page_id=2607","title":{"rendered":"Impression"},"content":{"rendered":"\n<h2 class=\"has-text-align-center wp-block-heading\">Forfait Impression + Envoi<\/h2>\n\n\n\n<p><mark style=\"background-color:rgba(0, 0, 0, 0)\" class=\"has-inline-color has-white-color\">.<\/mark><\/p>\n\n\n\n<p class=\"has-text-align-center\"><strong><mark style=\"background-color:rgba(0, 0, 0, 0)\" class=\"has-inline-color has-vivid-red-color\">Par d\u00e9faut, tous nos jeux sont fournis au format d\u00e9mat\u00e9rialis\u00e9 (fichiers PDF)<\/mark><\/strong><\/p>\n\n\n\n<div class=\"wp-block-media-text alignwide is-stacked-on-mobile is-vertically-aligned-center\"><figure class=\"wp-block-media-text__media\"><img loading=\"lazy\" decoding=\"async\" width=\"1024\" height=\"738\" src=\"https:\/\/francemurder.com\/wp-content\/uploads\/2023\/08\/Midjourney-Printer-1024x738.png\" alt=\"\" class=\"wp-image-3478 size-full\" srcset=\"https:\/\/francemurder.com\/wp-content\/uploads\/2023\/08\/Midjourney-Printer-1024x738.png 1024w, https:\/\/francemurder.com\/wp-content\/uploads\/2023\/08\/Midjourney-Printer-300x216.png 300w, https:\/\/francemurder.com\/wp-content\/uploads\/2023\/08\/Midjourney-Printer-768x554.png 768w, https:\/\/francemurder.com\/wp-content\/uploads\/2023\/08\/Midjourney-Printer-600x433.png 600w, https:\/\/francemurder.com\/wp-content\/uploads\/2023\/08\/Midjourney-Printer.png 1175w\" sizes=\"auto, (max-width: 1024px) 100vw, 1024px\" \/><\/figure><div class=\"wp-block-media-text__content\">\n<p class=\"has-text-align-center\">L&#8217;impression de nos &#8220;Gros jeux&#8221; peut devenir assez gourmande en produits consommables (encre, feuilles, etc) et son tirage en version couleur risque de cr\u00e9er un r\u00e9el surcout \u00e0 votre achat. Nous vous laissons donc ici la possibilit\u00e9 de s\u00e9lectionner cette option afin que nous nous chargions de l&#8217;\u00e9dition de tous vos documents de jeu.<br><a href=\"https:\/\/francemurder.com\/?page_id=1136\">NON Merci (retour \u00e0 la boutique)<\/a><\/p>\n\n\n\n<p><\/p>\n\n\n\n<p><\/p>\n<\/div><\/div>\n\n\n\n<p class=\"has-text-align-center\">Les frais de port sont <strong>INCLUS <\/strong>dans le tarif.<br>La livraison est uniquement possible en <strong>EUROPE<\/strong><br><strong><mark style=\"background-color:#8ed1fc\" class=\"has-inline-color\">Tarif unique : 39,00\u20ac<\/mark><\/strong><br>D\u00e9lais de fabrication 3-15 jours (suivant nos disponibilit\u00e9s)<\/p>\n\n\n\n<h2 class=\"has-text-align-center wp-block-heading\"><mark style=\"background-color:rgba(0, 0, 0, 0)\" class=\"has-inline-color has-vivid-red-color\">Formulaire de demande d&#8217;impression<\/mark><\/h2>\n\n\n\n<p><mark style=\"background-color:rgba(0, 0, 0, 0)\" class=\"has-inline-color has-white-color\">.<\/mark><\/p>\n\n\n\n<div class=\"wp-block-contact-form-7-contact-form-selector\">\n<div class=\"wpcf7 no-js\" id=\"wpcf7-f2617-o1\" lang=\"fr-FR\" dir=\"ltr\" data-wpcf7-id=\"2617\">\n<div class=\"screen-reader-response\"><p role=\"status\" aria-live=\"polite\" aria-atomic=\"true\"><\/p> <ul><\/ul><\/div>\n<form action=\"\/index.php?rest_route=%2Fwp%2Fv2%2Fpages%2F2607#wpcf7-f2617-o1\" method=\"post\" class=\"wpcf7-form init\" aria-label=\"Formulaire de contact\" novalidate=\"novalidate\" data-status=\"init\">\n<fieldset class=\"hidden-fields-container\"><input type=\"hidden\" name=\"_wpcf7\" value=\"2617\" \/><input type=\"hidden\" name=\"_wpcf7_version\" value=\"6.1.5\" \/><input type=\"hidden\" name=\"_wpcf7_locale\" value=\"fr_FR\" \/><input type=\"hidden\" name=\"_wpcf7_unit_tag\" value=\"wpcf7-f2617-o1\" \/><input type=\"hidden\" name=\"_wpcf7_container_post\" value=\"0\" \/><input type=\"hidden\" name=\"_wpcf7_posted_data_hash\" value=\"\" \/><input type=\"hidden\" name=\"_wpcf7_recaptcha_response\" value=\"\" \/>\n<\/fieldset>\n<p><label> Votre nom-pr\u00e9nom<br \/>\n<span class=\"wpcf7-form-control-wrap\" data-name=\"your-name\"><input size=\"40\" maxlength=\"400\" class=\"wpcf7-form-control wpcf7-text wpcf7-validates-as-required\" aria-required=\"true\" aria-invalid=\"false\" value=\"\" type=\"text\" name=\"your-name\" \/><\/span> <\/label>\n<\/p>\n<p><label> Votre e-mail<br \/>\n<span class=\"wpcf7-form-control-wrap\" data-name=\"your-email\"><input size=\"40\" maxlength=\"400\" class=\"wpcf7-form-control wpcf7-email wpcf7-validates-as-required wpcf7-text wpcf7-validates-as-email\" aria-required=\"true\" aria-invalid=\"false\" value=\"\" type=\"email\" name=\"your-email\" \/><\/span> <\/label>\n<\/p>\n<p><label> Votre n\u00b0 de commande<br \/>\n<span class=\"wpcf7-form-control-wrap\" data-name=\"com\"><input size=\"40\" maxlength=\"400\" class=\"wpcf7-form-control wpcf7-text\" aria-invalid=\"false\" value=\"\" type=\"text\" name=\"com\" \/><\/span> <\/label>\n<\/p>\n<p><label> Le jeu \u00e0 imprimer<br \/>\n<span class=\"wpcf7-form-control-wrap\" data-name=\"game\"><input size=\"40\" maxlength=\"400\" class=\"wpcf7-form-control wpcf7-text wpcf7-validates-as-required\" aria-required=\"true\" aria-invalid=\"false\" value=\"\" type=\"text\" name=\"game\" \/><\/span> <\/label>\n<\/p>\n<p><label> Votre message (facultatif)<br \/>\n<span class=\"wpcf7-form-control-wrap\" data-name=\"your-message\"><textarea cols=\"40\" rows=\"10\" maxlength=\"2000\" class=\"wpcf7-form-control wpcf7-textarea\" aria-invalid=\"false\" name=\"your-message\"><\/textarea><\/span> <\/label>\n<\/p>\n<p><label><br \/>\n\t<span class=\"wpcf7-form-control-wrap recaptcha\" data-name=\"recaptcha\"><span data-sitekey=\"6LdmfqwaAAAAAPGLcJKfsphAj1ilTzZ1J6ZlWEPl\" class=\"wpcf7-form-control wpcf7-recaptcha g-recaptcha\"><\/span>\r\n<noscript>\r\n\t<div class=\"grecaptcha-noscript\">\r\n\t\t<iframe loading=\"lazy\" src=\"https:\/\/www.google.com\/recaptcha\/api\/fallback?k=6LdmfqwaAAAAAPGLcJKfsphAj1ilTzZ1J6ZlWEPl\" frameborder=\"0\" scrolling=\"no\" width=\"310\" height=\"430\">\r\n\t\t<\/iframe>\r\n\t\t<textarea name=\"g-recaptcha-response\" rows=\"3\" cols=\"40\" placeholder=\"reCaptcha Response Here\">\r\n\t\t<\/textarea>\r\n\t<\/div>\r\n<\/noscript>\r\n<\/span> <\/label>\n<\/p>\n<p><input class=\"wpcf7-form-control wpcf7-submit has-spinner\" type=\"submit\" value=\"Envoyer\" \/>\n<\/p><div class=\"wpcf7-response-output\" aria-hidden=\"true\"><\/div>\n<\/form>\n<\/div>\n<\/div>\n","protected":false},"excerpt":{"rendered":"<p>Forfait Impression + Envoi . Par d\u00e9faut, tous nos jeux sont fournis au format d\u00e9mat\u00e9rialis\u00e9 (fichiers PDF) L&#8217;impression de nos &#8220;Gros jeux&#8221; peut devenir assez gourmande en produits consommables (encre, feuilles, etc) et son tirage en version couleur risque de cr\u00e9er un r\u00e9el surcout \u00e0 votre achat. Nous vous laissons donc ici la possibilit\u00e9 de [&hellip;]<\/p>\n","protected":false},"author":1,"featured_media":0,"parent":0,"menu_order":0,"comment_status":"closed","ping_status":"closed","template":"","meta":{"_glsr_average":0,"_glsr_ranking":0,"_glsr_reviews":0,"footnotes":""},"class_list":["post-2607","page","type-page","status-publish","hentry"],"_links":{"self":[{"href":"https:\/\/francemurder.com\/index.php?rest_route=\/wp\/v2\/pages\/2607","targetHints":{"allow":["GET"]}}],"collection":[{"href":"https:\/\/francemurder.com\/index.php?rest_route=\/wp\/v2\/pages"}],"about":[{"href":"https:\/\/francemurder.com\/index.php?rest_route=\/wp\/v2\/types\/page"}],"author":[{"embeddable":true,"href":"https:\/\/francemurder.com\/index.php?rest_route=\/wp\/v2\/users\/1"}],"replies":[{"embeddable":true,"href":"https:\/\/francemurder.com\/index.php?rest_route=%2Fwp%2Fv2%2Fcomments&post=2607"}],"version-history":[{"count":13,"href":"https:\/\/francemurder.com\/index.php?rest_route=\/wp\/v2\/pages\/2607\/revisions"}],"predecessor-version":[{"id":3480,"href":"https:\/\/francemurder.com\/index.php?rest_route=\/wp\/v2\/pages\/2607\/revisions\/3480"}],"wp:attachment":[{"href":"https:\/\/francemurder.com\/index.php?rest_route=%2Fwp%2Fv2%2Fmedia&parent=2607"}],"curies":[{"name":"wp","href":"https:\/\/api.w.org\/{rel}","templated":true}]}}