{"id":2390,"date":"2022-08-09T13:38:30","date_gmt":"2022-08-09T11:38:30","guid":{"rendered":"https:\/\/francemurder.com\/?page_id=2390"},"modified":"2023-08-31T10:17:07","modified_gmt":"2023-08-31T08:17:07","slug":"faq-aide-a-la-solution","status":"publish","type":"page","link":"https:\/\/francemurder.com\/?page_id=2390","title":{"rendered":"FAQ : Aide \u00e0 la Solution"},"content":{"rendered":"\n<div class=\"wp-block-media-text alignwide is-stacked-on-mobile\" style=\"grid-template-columns:15% auto\"><figure class=\"wp-block-media-text__media\"><img loading=\"lazy\" decoding=\"async\" width=\"1012\" height=\"1003\" src=\"https:\/\/francemurder.com\/wp-content\/uploads\/2023\/08\/Midjourney-Helper.png\" alt=\"\" class=\"wp-image-3481 size-full\" srcset=\"https:\/\/francemurder.com\/wp-content\/uploads\/2023\/08\/Midjourney-Helper.png 1012w, https:\/\/francemurder.com\/wp-content\/uploads\/2023\/08\/Midjourney-Helper-300x297.png 300w, https:\/\/francemurder.com\/wp-content\/uploads\/2023\/08\/Midjourney-Helper-150x150.png 150w, https:\/\/francemurder.com\/wp-content\/uploads\/2023\/08\/Midjourney-Helper-768x761.png 768w, https:\/\/francemurder.com\/wp-content\/uploads\/2023\/08\/Midjourney-Helper-600x595.png 600w, https:\/\/francemurder.com\/wp-content\/uploads\/2023\/08\/Midjourney-Helper-100x100.png 100w\" sizes=\"auto, (max-width: 1012px) 100vw, 1012px\" \/><\/figure><div class=\"wp-block-media-text__content\">\n<h2 class=\"has-text-align-left wp-block-heading\">FAQ : Aide \u00e0 la Solution<\/h2>\n<\/div><\/div>\n\n\n\n<hr class=\"wp-block-separator has-css-opacity\"\/>\n\n\n\n<p>Le Maitre du Jeu doit-il orienter les joueurs vers la <strong>Bonne Solution<\/strong> ?<br><\/p>\n\n\n\n<p>Clairement : <strong><mark style=\"background-color:rgba(0, 0, 0, 0)\" class=\"has-inline-color has-vivid-red-color\">NON<\/mark><\/strong> !<\/p>\n\n\n\n<p>Le jeu &#8220;appartient aux joueurs&#8221; et leurs actions feront \u00e9voluer le scenario vers une fin diff\u00e9rente \u00e0 chaque partie. Le pi\u00e8ge dans lequel le Maitre du Jeu ne doit pas tomber est d&#8217;aider les joueurs \u00e0 trouver la <strong>Bonne Solution<\/strong>. D\u00e9masquer le vrai criminel est moins important qu&#8217;avoir du fun \u00e0 mener l&#8217;enqu\u00eate \u00e0 sa guise et comploter \u00e0 tour de bras ! un taux de 20% de bonnes accusations s&#8217;il y a eu des tonnes de fous-rires vaut mieux que 100% de r\u00e9sultats corrects dans une ambiance morose ! (C&#8217;est notre point de vue en tous cas)<\/p>\n\n\n\n<figure class=\"wp-block-image size-large\"><img loading=\"lazy\" decoding=\"async\" width=\"1024\" height=\"768\" src=\"https:\/\/francemurder.com\/wp-content\/uploads\/2022\/08\/P8120042-1024x768.jpg\" alt=\"\" class=\"wp-image-2391\" srcset=\"https:\/\/francemurder.com\/wp-content\/uploads\/2022\/08\/P8120042-1024x768.jpg 1024w, https:\/\/francemurder.com\/wp-content\/uploads\/2022\/08\/P8120042-300x225.jpg 300w, https:\/\/francemurder.com\/wp-content\/uploads\/2022\/08\/P8120042-768x576.jpg 768w, https:\/\/francemurder.com\/wp-content\/uploads\/2022\/08\/P8120042-1536x1152.jpg 1536w, https:\/\/francemurder.com\/wp-content\/uploads\/2022\/08\/P8120042-2048x1536.jpg 2048w, https:\/\/francemurder.com\/wp-content\/uploads\/2022\/08\/P8120042-600x450.jpg 600w\" sizes=\"auto, (max-width: 1024px) 100vw, 1024px\" \/><figcaption>Les Murder-Parties c&#8217;est surtout une ambiance Fun !<\/figcaption><\/figure>\n","protected":false},"excerpt":{"rendered":"<p>FAQ : Aide \u00e0 la Solution Le Maitre du Jeu doit-il orienter les joueurs vers la Bonne Solution ? Clairement : NON ! Le jeu &#8220;appartient aux joueurs&#8221; et leurs actions feront \u00e9voluer le scenario vers une fin diff\u00e9rente \u00e0 chaque partie. Le pi\u00e8ge dans lequel le Maitre du Jeu ne doit pas tomber est [&hellip;]<\/p>\n","protected":false},"author":1,"featured_media":0,"parent":0,"menu_order":0,"comment_status":"closed","ping_status":"closed","template":"","meta":{"_glsr_average":0,"_glsr_ranking":0,"_glsr_reviews":0,"footnotes":""},"class_list":["post-2390","page","type-page","status-publish","hentry"],"_links":{"self":[{"href":"https:\/\/francemurder.com\/index.php?rest_route=\/wp\/v2\/pages\/2390","targetHints":{"allow":["GET"]}}],"collection":[{"href":"https:\/\/francemurder.com\/index.php?rest_route=\/wp\/v2\/pages"}],"about":[{"href":"https:\/\/francemurder.com\/index.php?rest_route=\/wp\/v2\/types\/page"}],"author":[{"embeddable":true,"href":"https:\/\/francemurder.com\/index.php?rest_route=\/wp\/v2\/users\/1"}],"replies":[{"embeddable":true,"href":"https:\/\/francemurder.com\/index.php?rest_route=%2Fwp%2Fv2%2Fcomments&post=2390"}],"version-history":[{"count":4,"href":"https:\/\/francemurder.com\/index.php?rest_route=\/wp\/v2\/pages\/2390\/revisions"}],"predecessor-version":[{"id":3517,"href":"https:\/\/francemurder.com\/index.php?rest_route=\/wp\/v2\/pages\/2390\/revisions\/3517"}],"wp:attachment":[{"href":"https:\/\/francemurder.com\/index.php?rest_route=%2Fwp%2Fv2%2Fmedia&parent=2390"}],"curies":[{"name":"wp","href":"https:\/\/api.w.org\/{rel}","templated":true}]}}