{"id":1962,"date":"2022-02-28T23:08:04","date_gmt":"2022-02-28T22:08:04","guid":{"rendered":"http:\/\/francemurder.com\/?page_id=1962"},"modified":"2023-08-24T12:06:23","modified_gmt":"2023-08-24T10:06:23","slug":"sur-la-route-de-woodstock","status":"publish","type":"page","link":"https:\/\/francemurder.com\/?page_id=1962","title":{"rendered":"La Route de Woodstock"},"content":{"rendered":"\n<h1 class=\"wp-block-heading\">La Route de Woodstock<\/h1>\n\n\n\n<h3 class=\"wp-block-heading\"><mark style=\"background-color:rgba(0, 0, 0, 0)\" class=\"has-inline-color has-white-color\">(Niv. D\u00e9butants)<\/mark><\/h3>\n\n\n\n<figure class=\"wp-block-image size-large is-style-default\"><img loading=\"lazy\" decoding=\"async\" width=\"1024\" height=\"455\" src=\"https:\/\/francemurder.com\/wp-content\/uploads\/2023\/08\/FT-Woodstock-1024x455.png\" alt=\"\" class=\"wp-image-3409\" srcset=\"https:\/\/francemurder.com\/wp-content\/uploads\/2023\/08\/FT-Woodstock-1024x455.png 1024w, https:\/\/francemurder.com\/wp-content\/uploads\/2023\/08\/FT-Woodstock-300x133.png 300w, https:\/\/francemurder.com\/wp-content\/uploads\/2023\/08\/FT-Woodstock-768x341.png 768w, https:\/\/francemurder.com\/wp-content\/uploads\/2023\/08\/FT-Woodstock-1536x682.png 1536w, https:\/\/francemurder.com\/wp-content\/uploads\/2023\/08\/FT-Woodstock-600x266.png 600w, https:\/\/francemurder.com\/wp-content\/uploads\/2023\/08\/FT-Woodstock.png 2048w\" sizes=\"auto, (max-width: 1024px) 100vw, 1024px\" \/><\/figure>\n\n\n\n<div class=\"wp-block-columns is-layout-flex wp-container-core-columns-is-layout-1 wp-block-columns-is-layout-flex\">\n<div class=\"wp-block-column is-layout-flow wp-block-column-is-layout-flow\">\n<div class=\"wp-block-buttons is-layout-flex wp-block-buttons-is-layout-flex\">\n<div class=\"wp-block-button\"><a class=\"wp-block-button__link has-white-color has-text-color has-background\" href=\"https:\/\/francemurder.com\/?product=la-route-de-woodstock\" style=\"background-color:#ff0000\">Acheter le jeu 24 \u20ac<\/a><\/div>\n\n\n\n<div class=\"wp-block-button\"><a class=\"wp-block-button__link has-white-color has-text-color has-background\" href=\"https:\/\/francemurder.com\/wp-content\/uploads\/2022\/06\/Sur-la-route-de-Woodstock-www.francemurder.com-v.15.06.2022.pdf\" style=\"background-color:#0404ff\">T\u00e9l\u00e9charger le descriptif<\/a><\/div>\n<\/div>\n\n\n\n<p><\/p>\n<\/div>\n<\/div>\n\n\n\n<h4 class=\"wp-block-heading\">Le Sc\u00e9nario du jeu <em>La Route de Woodstock<\/em><\/h4>\n\n\n\n<p class=\"has-text-align-left\" style=\"font-size:15px\"><br><\/p>\n\n\n\n<p>Nous sommes le weekend du 15-17 Aout 1969 date mondialement connue par tous les fans de musique : Le Festival de Woodstock.<br>Le groupe de rock Marmelade Skies a \u00e9t\u00e9 invit\u00e9 par les organisateurs pour une performance sur sc\u00e8ne le Vendredi 16 entre Janice Joplin et Jimmy Hendryx.<br>Malheureusement pour eux leur Tour-Bus a rendu l\u2019\u00e2me alors qu\u2019ils passaient \u00e0 proximit\u00e9 de la ville de Riverwells \u00e0 plus de 150 km de leur destination !<br>Par chance, ils ont trouv\u00e9 de l\u2019aide dans cette ville aupr\u00e8s de la communaut\u00e9 hippie du Karma Club mais ils ne pourront jamais arriver \u00e0 temps au festival. Les r\u00e9parations du bus ont commenc\u00e9 et on leur a offert le g\u00eete et le couvert en \u00e9change de quoi ils ont propos\u00e9 un mini concert avant de repartir pour ce qui devait \u00eatre une grande tourn\u00e9e mondiale de 5 mois \u2026<br>H\u00e9las une trag\u00e9die est venue endeuiller ce s\u00e9jour improvis\u00e9, Marvin Stank leur manager a \u00e9t\u00e9 retrouv\u00e9 mort. L\u2019avenir restera incertain tant que ce d\u00e9c\u00e8s ne sera pas \u00e9lucid\u00e9 mais plusieurs autres questions se posent :<\/p>\n\n\n\n<ul class=\"wp-block-list\"><li>Les Marmelades Skies survivront-ils \u00e0 la mort de leur fondateur ?<\/li><li>La communaut\u00e9 du Karma Club sera-t-elle toujours un havre de paix ?<\/li><li>Et \u2026 est-ce vraiment un hasard si le bus est tomb\u00e9 en panne \u00e0 cet endroit ?<\/li><\/ul>\n\n\n\n<p>Mettez vos plus beaux habits \u00e0 fleur et venez r\u00e9soudre \u2026<\/p>\n\n\n\n<p class=\"has-text-align-right\"><strong><span class=\"has-inline-color has-vivid-red-color\">Sur la Route de Woodstock<\/span><\/strong><\/p>\n\n\n\n<p><mark style=\"background-color:rgba(0, 0, 0, 0)\" class=\"has-inline-color has-white-color\">.<\/mark><\/p>\n\n\n\n<p class=\"has-text-align-right\" style=\"font-size:17px\"><\/p>\n\n\n\n<h4 class=\"wp-block-heading\">Le Casting du jeu <em>La route de Woodstock<\/em><\/h4>\n\n\n\n<p><br><strong>Le Groupe Rock des &#8220;Marmelade Skies&#8221;<\/strong><\/p>\n\n\n\n<ul class=\"wp-block-list\"><li>Judy Stank &#8211; Bassiste<\/li><li>Bobby Stank &#8211; Roadie<\/li><li>Suzy Dickerson &#8211; Chanteuse<\/li><li>Lee Melvick &#8211; Lead guitar<\/li><li>Axel Maddox \u2013 Batteur<\/li><\/ul>\n\n\n\n<p><strong>Les hippies de la communaut\u00e9 du Karma Club<\/strong><\/p>\n\n\n\n<ul class=\"wp-block-list\"><li>Abbot Rosen &#8211; Fondateur du Karma Club<\/li><li>Pony Noonan &#8211; Membre d\u2019origine<\/li><li>Flower Mason &#8211; Membre d\u2019origine<\/li><li>Gueni\u00e8vre Stone &#8211; Membre simple<\/li><li>Snow Diamond &#8211; Membre simple<\/li><li>Moonbeam Baxte \u2013 Membre simple<\/li><\/ul>\n\n\n\n<p><strong>Les habitants de la ville de Riverwells<\/strong><\/p>\n\n\n\n<ul class=\"wp-block-list\"><li>Sam Spears \u2013 PDG Groovy Tune Records<\/li><li>Jackie Nichols &#8211; Chanteuse locale<\/li><li>Sandy Mc Vee &#8211; Habitante locale<\/li><li>Chris Champion &#8211; Adjoint au Maire<\/li><\/ul>\n\n\n\n<h4 class=\"wp-block-heading\"><br><strong>Comment fonctionne<\/strong><em> <em>La Route de Woodstock<\/em> <\/em>?<\/h4>\n\n\n\n<p><br>Le jeu <strong><em>La Route de Woodstock<\/em><\/strong> a \u00e9t\u00e9 con\u00e7u pour 10 \u00e0 15 joueurs. Une personne additionnelle (l\u2019h\u00f4te) doit coordonner et organiser (h\u00e9berger) le jeu. Cette personne sera aux yeux de tous un arbitre neutre et impartial. Son r\u00f4le sera de faciliter la partie en connaissant tous ses rouages. Sa mission sera donc parall\u00e8le \u00e0 l\u2019activit\u00e9 ludique mais elle n\u2019en sera pas moins int\u00e9ressante, tous nos joueurs le confirment.<\/p>\n\n\n\n<p><em><strong>La Route de Woodstock<\/strong><\/em> dure en g\u00e9n\u00e9ral environ 2<sup>H<\/sup>30. Les participants sont regroup\u00e9s dans une grande pi\u00e8ce commune o\u00f9 ils peuvent jouer tout en partageant un repas de style \u2018<em>Buffet<\/em>\u2019<\/p>\n\n\n\n<h4 class=\"wp-block-heading\"><strong>Qu&#8217;est-ce qui se passe dans<\/strong><em> <em>La Route de Woodstock <\/em><\/em>?<\/h4>\n\n\n\n<p><br>D\u2019apr\u00e8s le scenario, les personnages sont h\u00e9berg\u00e9s par la communaut\u00e9 hippie du Karma Club, et tentent d&#8217;identifier le meurtrier de Marvin Stank , le manager des Marmelade Skies. De plus, ils ont des objectifs secondaires d\u00e9finis par leur feuille de personnage qui rendent le jeu tr\u00e8s dynamique. La mani\u00e8re qu\u2019ils choisiront pour mener l&#8217;enqu\u00eate principale et ces missions annexes sera le fruit de  leur imagination et de leur diplomatie face aux autres joueurs. <em><strong>La Route de Woodstock<\/strong><\/em> est une soir\u00e9e de rancunes r\u00e9siduelles du pass\u00e9, de rivalit\u00e9 actuelle et de meurtre !<\/p>\n\n\n\n<h4 class=\"wp-block-heading\"><strong>Quelques \u00e9l\u00e9ments du jeu <em>La route de Woodstock<\/em><\/strong><em> <\/em>?<\/h4>\n\n\n\n<div class=\"wp-block-columns is-layout-flex wp-container-core-columns-is-layout-2 wp-block-columns-is-layout-flex\">\n<div class=\"wp-block-column is-layout-flow wp-block-column-is-layout-flow\">\n<figure class=\"wp-block-image size-large\"><a href=\"https:\/\/francemurder.com\/wp-content\/uploads\/2022\/03\/SRW-La-Gazette-de-Riverwells.png\"><img loading=\"lazy\" decoding=\"async\" width=\"725\" height=\"1024\" src=\"https:\/\/francemurder.com\/wp-content\/uploads\/2022\/03\/SRW-La-Gazette-de-Riverwells-725x1024.png\" alt=\"\" class=\"wp-image-1986\" srcset=\"https:\/\/francemurder.com\/wp-content\/uploads\/2022\/03\/SRW-La-Gazette-de-Riverwells-725x1024.png 725w, https:\/\/francemurder.com\/wp-content\/uploads\/2022\/03\/SRW-La-Gazette-de-Riverwells-212x300.png 212w, https:\/\/francemurder.com\/wp-content\/uploads\/2022\/03\/SRW-La-Gazette-de-Riverwells-768x1085.png 768w, https:\/\/francemurder.com\/wp-content\/uploads\/2022\/03\/SRW-La-Gazette-de-Riverwells-1087x1536.png 1087w, https:\/\/francemurder.com\/wp-content\/uploads\/2022\/03\/SRW-La-Gazette-de-Riverwells-1450x2048.png 1450w, https:\/\/francemurder.com\/wp-content\/uploads\/2022\/03\/SRW-La-Gazette-de-Riverwells-300x424.png 300w, https:\/\/francemurder.com\/wp-content\/uploads\/2022\/03\/SRW-La-Gazette-de-Riverwells-600x848.png 600w\" sizes=\"auto, (max-width: 725px) 100vw, 725px\" \/><\/a><\/figure>\n<\/div>\n\n\n\n<div class=\"wp-block-column is-layout-flow wp-block-column-is-layout-flow\">\n<p><br>Un <span style=\"color:#0404ff\" class=\"has-inline-color\"><strong>extrait du journal<\/strong><\/span> de Riverwells que les joueurs ne manqueront pas d&#8217;\u00e9tudier !<\/p>\n\n\n\n<hr class=\"wp-block-separator has-css-opacity\"\/>\n\n\n\n<p>Ainsi que la <strong><span style=\"color:#0404ff\" class=\"has-inline-color\">comp\u00e9tence &#8220;Sp\u00e9ciale&#8221;<\/span><\/strong> d&#8217;un des joueurs, lui donnant un pouvoir de persuasion.<\/p>\n\n\n\n<div class=\"wp-block-group\"><div class=\"wp-block-group__inner-container is-layout-flow wp-block-group-is-layout-flow\">\n<figure class=\"wp-block-image size-large\"><img loading=\"lazy\" decoding=\"async\" width=\"546\" height=\"219\" src=\"https:\/\/francemurder.com\/wp-content\/uploads\/2021\/04\/RM_Exemple-Competence.png\" alt=\"\" class=\"wp-image-750\" srcset=\"https:\/\/francemurder.com\/wp-content\/uploads\/2021\/04\/RM_Exemple-Competence.png 546w, https:\/\/francemurder.com\/wp-content\/uploads\/2021\/04\/RM_Exemple-Competence-300x120.png 300w\" sizes=\"auto, (max-width: 546px) 100vw, 546px\" \/><\/figure>\n\n\n\n<p>et celle d&#8217;un de ses adversaires &#8230;<\/p>\n\n\n\n<figure class=\"wp-block-image size-large\"><img loading=\"lazy\" decoding=\"async\" width=\"1024\" height=\"450\" src=\"https:\/\/francemurder.com\/wp-content\/uploads\/2023\/08\/Observation-1024x450.jpg\" alt=\"\" class=\"wp-image-3237\" srcset=\"https:\/\/francemurder.com\/wp-content\/uploads\/2023\/08\/Observation-1024x450.jpg 1024w, https:\/\/francemurder.com\/wp-content\/uploads\/2023\/08\/Observation-300x132.jpg 300w, https:\/\/francemurder.com\/wp-content\/uploads\/2023\/08\/Observation-768x338.jpg 768w, https:\/\/francemurder.com\/wp-content\/uploads\/2023\/08\/Observation-600x264.jpg 600w, https:\/\/francemurder.com\/wp-content\/uploads\/2023\/08\/Observation.jpg 1035w\" sizes=\"auto, (max-width: 1024px) 100vw, 1024px\" \/><\/figure>\n<\/div><\/div>\n<\/div>\n<\/div>\n\n\n\n<div class=\"wp-block-buttons is-layout-flex wp-block-buttons-is-layout-flex\">\n<div class=\"wp-block-button\"><a class=\"wp-block-button__link has-white-color has-text-color has-background\" href=\"https:\/\/francemurder.com\/?product=la-route-de-woodstock\" style=\"background-color:#ff0000\" target=\"_blank\" rel=\"noreferrer noopener\">Acheter le jeu 24 \u20ac<\/a><\/div>\n\n\n\n<div class=\"wp-block-button\"><a class=\"wp-block-button__link has-white-color has-text-color has-background\" href=\"https:\/\/francemurder.com\/wp-content\/uploads\/2022\/06\/Sur-la-route-de-Woodstock-www.francemurder.com-v.15.06.2022.pdf\" style=\"background-color:#0404ff\">T\u00e9l\u00e9charger le descriptif<\/a><\/div>\n<\/div>\n","protected":false},"excerpt":{"rendered":"<p>La Route de Woodstock (Niv. D\u00e9butants) Le Sc\u00e9nario du jeu La Route de Woodstock Nous sommes le weekend du 15-17 Aout 1969 date mondialement connue par tous les fans de musique : Le Festival de Woodstock.Le groupe de rock Marmelade Skies a \u00e9t\u00e9 invit\u00e9 par les organisateurs pour une performance sur sc\u00e8ne le Vendredi 16 [&hellip;]<\/p>\n","protected":false},"author":1,"featured_media":0,"parent":0,"menu_order":0,"comment_status":"closed","ping_status":"closed","template":"","meta":{"_glsr_average":0,"_glsr_ranking":0,"_glsr_reviews":0,"footnotes":""},"class_list":["post-1962","page","type-page","status-publish","hentry"],"_links":{"self":[{"href":"https:\/\/francemurder.com\/index.php?rest_route=\/wp\/v2\/pages\/1962","targetHints":{"allow":["GET"]}}],"collection":[{"href":"https:\/\/francemurder.com\/index.php?rest_route=\/wp\/v2\/pages"}],"about":[{"href":"https:\/\/francemurder.com\/index.php?rest_route=\/wp\/v2\/types\/page"}],"author":[{"embeddable":true,"href":"https:\/\/francemurder.com\/index.php?rest_route=\/wp\/v2\/users\/1"}],"replies":[{"embeddable":true,"href":"https:\/\/francemurder.com\/index.php?rest_route=%2Fwp%2Fv2%2Fcomments&post=1962"}],"version-history":[{"count":17,"href":"https:\/\/francemurder.com\/index.php?rest_route=\/wp\/v2\/pages\/1962\/revisions"}],"predecessor-version":[{"id":3412,"href":"https:\/\/francemurder.com\/index.php?rest_route=\/wp\/v2\/pages\/1962\/revisions\/3412"}],"wp:attachment":[{"href":"https:\/\/francemurder.com\/index.php?rest_route=%2Fwp%2Fv2%2Fmedia&parent=1962"}],"curies":[{"name":"wp","href":"https:\/\/api.w.org\/{rel}","templated":true}]}}