{"id":1852,"date":"2021-12-11T19:55:16","date_gmt":"2021-12-11T18:55:16","guid":{"rendered":"http:\/\/francemurder.com\/?page_id=1852"},"modified":"2023-08-31T11:41:48","modified_gmt":"2023-08-31T09:41:48","slug":"istanbul-express","status":"publish","type":"page","link":"https:\/\/francemurder.com\/?page_id=1852","title":{"rendered":"Istanbul Express"},"content":{"rendered":"\n<h1 class=\"wp-block-heading\">Istanbul Express<\/h1>\n\n\n\n<h3 class=\"wp-block-heading\"><mark style=\"background-color:rgba(0, 0, 0, 0)\" class=\"has-inline-color has-white-color\">(Niv. D\u00e9butants)<\/mark><\/h3>\n\n\n\n<figure class=\"wp-block-image size-large\"><img loading=\"lazy\" decoding=\"async\" width=\"1024\" height=\"455\" src=\"https:\/\/francemurder.com\/wp-content\/uploads\/2023\/08\/FT-Istanbul-Express-1024x455.png\" alt=\"\" class=\"wp-image-3406\" srcset=\"https:\/\/francemurder.com\/wp-content\/uploads\/2023\/08\/FT-Istanbul-Express-1024x455.png 1024w, https:\/\/francemurder.com\/wp-content\/uploads\/2023\/08\/FT-Istanbul-Express-300x133.png 300w, https:\/\/francemurder.com\/wp-content\/uploads\/2023\/08\/FT-Istanbul-Express-768x341.png 768w, https:\/\/francemurder.com\/wp-content\/uploads\/2023\/08\/FT-Istanbul-Express-1536x682.png 1536w, https:\/\/francemurder.com\/wp-content\/uploads\/2023\/08\/FT-Istanbul-Express-600x266.png 600w, https:\/\/francemurder.com\/wp-content\/uploads\/2023\/08\/FT-Istanbul-Express.png 2048w\" sizes=\"auto, (max-width: 1024px) 100vw, 1024px\" \/><\/figure>\n\n\n\n<div class=\"wp-block-columns is-layout-flex wp-container-core-columns-is-layout-1 wp-block-columns-is-layout-flex\">\n<div class=\"wp-block-column is-layout-flow wp-block-column-is-layout-flow\">\n<div class=\"wp-block-buttons is-layout-flex wp-block-buttons-is-layout-flex\">\n<div class=\"wp-block-button\"><a class=\"wp-block-button__link has-white-color has-text-color has-background\" href=\"https:\/\/francemurder.com\/?product=istanbul-express\" style=\"background-color:#ff0000\">Acheter le jeu 24\u20ac<\/a><\/div>\n\n\n\n<div class=\"wp-block-button\"><a class=\"wp-block-button__link has-white-color has-text-color has-background\" href=\"https:\/\/francemurder.com\/wp-content\/uploads\/2023\/08\/Istanbul-Express-www.francemurder.com-v.31.08.2023.pdf\" style=\"background-color:#0404ff\" target=\"_blank\" rel=\"noreferrer noopener\">T\u00e9l\u00e9charger le descriptif<\/a><\/div>\n<\/div>\n\n\n\n<p><\/p>\n<\/div>\n<\/div>\n\n\n\n<h4 class=\"wp-block-heading\">Le Sc\u00e9nario du jeu <em>Istanbul Express<\/em><\/h4>\n\n\n\n<p class=\"has-text-align-left\" style=\"font-size:15px\"><br><\/p>\n\n\n\n<p>Le luxueux Istanbul Express emm\u00e8ne ses passagers en 3 jours du bord du Bosphore \u00e0 Paris dans un confort in\u00e9galable. Ce soir encore, plusieurs passagers \u00e9minents profitaient d\u2019une travers\u00e9e de l\u2019Europe en toute s\u00e9r\u00e9nit\u00e9.<\/p>\n\n\n\n<p>H\u00e9las le contexte politique du voyage \u00e9tait d\u00e9j\u00e0 des plus sombres&nbsp;: 2 jours auparavant (le 28 Juin 1914) l\u2019archiduc Fran\u00e7ois-Ferdinand, h\u00e9ritier du tr\u00f4ne d\u2019Autriche-Hongrie avait \u00e9t\u00e9 victime d\u2019un attentat \u00e0 Sarajevo. Tous les journaux, pr\u00e9voyaient une grande p\u00e9riode de tension internationale &#8230;<\/p>\n\n\n\n<p>A cela s\u2019est rajout\u00e9 la d\u00e9couverte \u00e0 23H30, dans les cuisines du train, du corps de Selda Zaim, la servante du marchand ottoman Ezra Hoca, frapp\u00e9e mortellement \u00e0 la t\u00eate avec une casserole en fonte&nbsp;!<\/p>\n\n\n\n<p>Le train doit continuer sans escale vers Paris qu\u2019il atteindra dans quelques heures et la Police fran\u00e7aise prendra en charge l\u2019enqu\u00eate sur ce d\u00e9c\u00e8s. D\u2019ici l\u00e0 les passagers devront se tenir sur leurs gardes et essayer de d\u00e9chiffrer quelques myst\u00e8res pour comprendre \u2026<\/p>\n\n\n\n<p class=\"has-text-align-right\"><strong><span class=\"has-inline-color has-vivid-red-color\">Qui a tu\u00e9 Selda Zaim ?<\/span><\/strong><\/p>\n\n\n\n<p class=\"has-text-align-right\" style=\"font-size:17px\"><\/p>\n\n\n\n<h4 class=\"wp-block-heading\">Le Casting du jeu <em>Istanbul Express<\/em><\/h4>\n\n\n\n<p><br><strong>Le personnel du train<\/strong><\/p>\n\n\n\n<ul class=\"wp-block-list\"><li>Makin(a) Aramov&nbsp;: Serveur du wagon restaurant (Bulgarie)<\/li><li>Louis(a) Gardet&nbsp;: Chef de train (France)<\/li><li>Battist(a) Giovani&nbsp;: Chef cuisinier (Italie)<br><\/li><\/ul>\n\n\n\n<p><strong>Les passagers<\/strong><\/p>\n\n\n\n<ul class=\"wp-block-list\"><li>Paul(a) Dijoux&nbsp;: Inspecteur de Police (Belgique)<\/li><li>Miro(a) Ferson: Sculpteur (Suisse)<\/li><li>Ezra Hoca&nbsp;: Homme d\u2019affaire (E. Ottoman)<\/li><li>Savio(a) Honescu&nbsp;: Chimiste (Roumanie)<\/li><li>Soren Livingstone&nbsp;: Inventeur (USA)<\/li><li>Joseph(a) Middle&nbsp;: Arch\u00e9ologue (Angleterre)<\/li><li>Herschel(a) Muller&nbsp;: Avocat (Allemagne)<\/li><li>Alex(a) Patra\u00e7&nbsp;: Touriste (Montenegro)<\/li><li>Christian(a) Janssen&nbsp;: Journaliste (Pays-Bas)<\/li><\/ul>\n\n\n\n<h4 class=\"wp-block-heading\"><br><strong>Comment fonctionne<\/strong><em> <em>Istanbul Express<\/em> <\/em>?<\/h4>\n\n\n\n<p><br>Le jeu <strong><em>Istanbul Express<\/em><\/strong> a \u00e9t\u00e9 con\u00e7u pour 7 \u00e0 12 joueurs. Une personne additionnelle (l\u2019h\u00f4te) doit coordonner et organiser (h\u00e9berger) le jeu. Cette personne sera aux yeux de tous un arbitre neutre et impartial. Son r\u00f4le sera de faciliter la partie en connaissant tous ses rouages. Sa mission sera donc parall\u00e8le \u00e0 l\u2019activit\u00e9 ludique mais elle n\u2019en sera pas moins int\u00e9ressante, tous nos joueurs le confirment.<\/p>\n\n\n\n<p><em><strong>Istanbul Express<\/strong><\/em> dure en g\u00e9n\u00e9ral environ 2<sup>H<\/sup>30. Les participants sont regroup\u00e9s dans une grande pi\u00e8ce commune o\u00f9 ils peuvent jouer tout en partageant un repas de style \u2018<em>Buffet<\/em>\u2019<\/p>\n\n\n\n<h4 class=\"wp-block-heading\"><strong>Qu&#8217;est-ce qui se passe dans<\/strong><em> <em>Istanbul Express<\/em><\/em>?<\/h4>\n\n\n\n<p><br>D\u2019apr\u00e8s le scenario, les personnages sont tous \u00e0 bord du train de luxe &#8220;<em>Istanbul Express<\/em>&#8220;, et tentent d&#8217;identifier le meurtrier de Selda Zaim. De plus, ils ont des objectifs secondaires d\u00e9finis par leur feuille de personnage qui rendent le jeu tr\u00e8s dynamique. La mani\u00e8re qu\u2019ils choisiront pour r\u00e9ussir l&#8217;enqu\u00eate principale et ces missions annexes sera le fruit de  leur imagination et de leur diplomatie face aux autres joueurs. <em><strong>Istanbul Express<\/strong><\/em> est une soir\u00e9e de rancunes r\u00e9siduelles du pass\u00e9, de rivalit\u00e9 actuelle et de meurtre !<\/p>\n\n\n\n<h4 class=\"wp-block-heading\"><strong>Quelques \u00e9l\u00e9ments du jeu <em>Istanbul Express<\/em><\/strong><em> <\/em>?<\/h4>\n\n\n\n<div class=\"wp-block-columns is-layout-flex wp-container-core-columns-is-layout-2 wp-block-columns-is-layout-flex\">\n<div class=\"wp-block-column is-layout-flow wp-block-column-is-layout-flow\">\n<figure class=\"wp-block-image size-large\"><a href=\"https:\/\/francemurder.com\/wp-content\/uploads\/2021\/12\/La-Gazette-dIstanbul-3-scaled.jpg\"><img loading=\"lazy\" decoding=\"async\" width=\"725\" height=\"1024\" src=\"https:\/\/francemurder.com\/wp-content\/uploads\/2021\/12\/La-Gazette-dIstanbul-3-725x1024.jpg\" alt=\"\" class=\"wp-image-1910\" srcset=\"https:\/\/francemurder.com\/wp-content\/uploads\/2021\/12\/La-Gazette-dIstanbul-3-725x1024.jpg 725w, https:\/\/francemurder.com\/wp-content\/uploads\/2021\/12\/La-Gazette-dIstanbul-3-212x300.jpg 212w, https:\/\/francemurder.com\/wp-content\/uploads\/2021\/12\/La-Gazette-dIstanbul-3-768x1085.jpg 768w, https:\/\/francemurder.com\/wp-content\/uploads\/2021\/12\/La-Gazette-dIstanbul-3-1087x1536.jpg 1087w, https:\/\/francemurder.com\/wp-content\/uploads\/2021\/12\/La-Gazette-dIstanbul-3-1450x2048.jpg 1450w, https:\/\/francemurder.com\/wp-content\/uploads\/2021\/12\/La-Gazette-dIstanbul-3-300x424.jpg 300w, https:\/\/francemurder.com\/wp-content\/uploads\/2021\/12\/La-Gazette-dIstanbul-3-600x848.jpg 600w, https:\/\/francemurder.com\/wp-content\/uploads\/2021\/12\/La-Gazette-dIstanbul-3-scaled.jpg 1812w\" sizes=\"auto, (max-width: 725px) 100vw, 725px\" \/><\/a><\/figure>\n<\/div>\n\n\n\n<div class=\"wp-block-column is-layout-flow wp-block-column-is-layout-flow\">\n<p><br>Un <span style=\"color:#0404ff\" class=\"has-inline-color\"><strong>extrait du journal<\/strong><\/span> d&#8217;Istanbul que les joueurs ne manqueront pas d&#8217;\u00e9tudier !<\/p>\n\n\n\n<hr class=\"wp-block-separator has-css-opacity\"\/>\n\n\n\n<p>Ainsi que la <strong><span style=\"color:#0404ff\" class=\"has-inline-color\">comp\u00e9tence &#8220;Sp\u00e9ciale&#8221;<\/span><\/strong> d&#8217;un des joueurs, lui donnant un pouvoir de persuasion.<\/p>\n\n\n\n<div class=\"wp-block-group\"><div class=\"wp-block-group__inner-container is-layout-flow wp-block-group-is-layout-flow\">\n<figure class=\"wp-block-image size-large\"><img loading=\"lazy\" decoding=\"async\" width=\"546\" height=\"219\" src=\"https:\/\/francemurder.com\/wp-content\/uploads\/2021\/04\/RM_Exemple-Competence.png\" alt=\"\" class=\"wp-image-750\" srcset=\"https:\/\/francemurder.com\/wp-content\/uploads\/2021\/04\/RM_Exemple-Competence.png 546w, https:\/\/francemurder.com\/wp-content\/uploads\/2021\/04\/RM_Exemple-Competence-300x120.png 300w\" sizes=\"auto, (max-width: 546px) 100vw, 546px\" \/><\/figure>\n\n\n\n<p>et celle d&#8217;un de ses adversaires &#8230;<\/p>\n\n\n\n<figure class=\"wp-block-image size-large\"><img loading=\"lazy\" decoding=\"async\" width=\"1024\" height=\"450\" src=\"https:\/\/francemurder.com\/wp-content\/uploads\/2023\/08\/Observation-1024x450.jpg\" alt=\"\" class=\"wp-image-3237\" srcset=\"https:\/\/francemurder.com\/wp-content\/uploads\/2023\/08\/Observation-1024x450.jpg 1024w, https:\/\/francemurder.com\/wp-content\/uploads\/2023\/08\/Observation-300x132.jpg 300w, https:\/\/francemurder.com\/wp-content\/uploads\/2023\/08\/Observation-768x338.jpg 768w, https:\/\/francemurder.com\/wp-content\/uploads\/2023\/08\/Observation-600x264.jpg 600w, https:\/\/francemurder.com\/wp-content\/uploads\/2023\/08\/Observation.jpg 1035w\" sizes=\"auto, (max-width: 1024px) 100vw, 1024px\" \/><\/figure>\n<\/div><\/div>\n<\/div>\n<\/div>\n\n\n\n<div class=\"wp-block-buttons is-layout-flex wp-block-buttons-is-layout-flex\">\n<div class=\"wp-block-button\"><a class=\"wp-block-button__link has-white-color has-text-color has-background\" href=\"https:\/\/francemurder.com\/?product=istanbul-express\" style=\"background-color:#ff0000\">Acheter le jeu 24\u20ac<\/a><\/div>\n\n\n\n<div class=\"wp-block-button\"><a class=\"wp-block-button__link has-white-color has-text-color has-background\" href=\"https:\/\/francemurder.com\/wp-content\/uploads\/2023\/08\/Istanbul-Express-www.francemurder.com-v.31.08.2023.pdf\" style=\"background-color:#0404ff\" target=\"_blank\" rel=\"noreferrer noopener\">T\u00e9l\u00e9charger le descriptif<\/a><\/div>\n<\/div>\n\n\n\n<h4 class=\"wp-block-heading\"><br><strong>Le trajet de l&#8217;<em>Istanbul Express<\/em><\/strong><em> <\/em><br><\/h4>\n\n\n\n<figure class=\"wp-block-image size-large\"><img loading=\"lazy\" decoding=\"async\" width=\"1024\" height=\"768\" src=\"https:\/\/francemurder.com\/wp-content\/uploads\/2022\/06\/Trajet-de-lIstanbul-Express-1024x768.jpg\" alt=\"\" class=\"wp-image-2284\" srcset=\"https:\/\/francemurder.com\/wp-content\/uploads\/2022\/06\/Trajet-de-lIstanbul-Express-1024x768.jpg 1024w, https:\/\/francemurder.com\/wp-content\/uploads\/2022\/06\/Trajet-de-lIstanbul-Express-300x225.jpg 300w, https:\/\/francemurder.com\/wp-content\/uploads\/2022\/06\/Trajet-de-lIstanbul-Express-768x576.jpg 768w, https:\/\/francemurder.com\/wp-content\/uploads\/2022\/06\/Trajet-de-lIstanbul-Express-600x450.jpg 600w, https:\/\/francemurder.com\/wp-content\/uploads\/2022\/06\/Trajet-de-lIstanbul-Express.jpg 1333w\" sizes=\"auto, (max-width: 1024px) 100vw, 1024px\" \/><\/figure>\n","protected":false},"excerpt":{"rendered":"<p>Istanbul Express (Niv. D\u00e9butants) Le Sc\u00e9nario du jeu Istanbul Express Le luxueux Istanbul Express emm\u00e8ne ses passagers en 3 jours du bord du Bosphore \u00e0 Paris dans un confort in\u00e9galable. Ce soir encore, plusieurs passagers \u00e9minents profitaient d\u2019une travers\u00e9e de l\u2019Europe en toute s\u00e9r\u00e9nit\u00e9. H\u00e9las le contexte politique du voyage \u00e9tait d\u00e9j\u00e0 des plus sombres&nbsp;: [&hellip;]<\/p>\n","protected":false},"author":1,"featured_media":0,"parent":0,"menu_order":0,"comment_status":"closed","ping_status":"closed","template":"","meta":{"_glsr_average":0,"_glsr_ranking":0,"_glsr_reviews":0,"footnotes":""},"class_list":["post-1852","page","type-page","status-publish","hentry"],"_links":{"self":[{"href":"https:\/\/francemurder.com\/index.php?rest_route=\/wp\/v2\/pages\/1852","targetHints":{"allow":["GET"]}}],"collection":[{"href":"https:\/\/francemurder.com\/index.php?rest_route=\/wp\/v2\/pages"}],"about":[{"href":"https:\/\/francemurder.com\/index.php?rest_route=\/wp\/v2\/types\/page"}],"author":[{"embeddable":true,"href":"https:\/\/francemurder.com\/index.php?rest_route=\/wp\/v2\/users\/1"}],"replies":[{"embeddable":true,"href":"https:\/\/francemurder.com\/index.php?rest_route=%2Fwp%2Fv2%2Fcomments&post=1852"}],"version-history":[{"count":30,"href":"https:\/\/francemurder.com\/index.php?rest_route=\/wp\/v2\/pages\/1852\/revisions"}],"predecessor-version":[{"id":3529,"href":"https:\/\/francemurder.com\/index.php?rest_route=\/wp\/v2\/pages\/1852\/revisions\/3529"}],"wp:attachment":[{"href":"https:\/\/francemurder.com\/index.php?rest_route=%2Fwp%2Fv2%2Fmedia&parent=1852"}],"curies":[{"name":"wp","href":"https:\/\/api.w.org\/{rel}","templated":true}]}}