{"id":1494,"date":"2021-08-10T20:24:02","date_gmt":"2021-08-10T18:24:02","guid":{"rendered":"http:\/\/francemurder.com\/?page_id=1494"},"modified":"2023-08-23T12:40:03","modified_gmt":"2023-08-23T10:40:03","slug":"drame-a-chicago","status":"publish","type":"page","link":"https:\/\/francemurder.com\/?page_id=1494","title":{"rendered":"Drame \u00e0 Chicago"},"content":{"rendered":"\n<h1 class=\"wp-block-heading\">Drame \u00e0 Chicago<\/h1>\n\n\n\n<h3 class=\"wp-block-heading\"><mark style=\"background-color:rgba(0, 0, 0, 0)\" class=\"has-inline-color has-white-color\">.<\/mark><\/h3>\n\n\n\n<figure class=\"wp-block-image size-large\"><img loading=\"lazy\" decoding=\"async\" width=\"1024\" height=\"455\" src=\"https:\/\/francemurder.com\/wp-content\/uploads\/2023\/08\/FT-Drame-a-chicago-1024x455.png\" alt=\"\" class=\"wp-image-3394\" srcset=\"https:\/\/francemurder.com\/wp-content\/uploads\/2023\/08\/FT-Drame-a-chicago-1024x455.png 1024w, https:\/\/francemurder.com\/wp-content\/uploads\/2023\/08\/FT-Drame-a-chicago-300x133.png 300w, https:\/\/francemurder.com\/wp-content\/uploads\/2023\/08\/FT-Drame-a-chicago-768x341.png 768w, https:\/\/francemurder.com\/wp-content\/uploads\/2023\/08\/FT-Drame-a-chicago-1536x682.png 1536w, https:\/\/francemurder.com\/wp-content\/uploads\/2023\/08\/FT-Drame-a-chicago-600x266.png 600w, https:\/\/francemurder.com\/wp-content\/uploads\/2023\/08\/FT-Drame-a-chicago.png 2048w\" sizes=\"auto, (max-width: 1024px) 100vw, 1024px\" \/><\/figure>\n\n\n\n<div class=\"wp-block-buttons is-layout-flex wp-block-buttons-is-layout-flex\">\n<div class=\"wp-block-button\"><a class=\"wp-block-button__link has-white-color has-text-color has-background\" href=\"https:\/\/francemurder.com\/?product=drame-a-chicago\" style=\"background-color:#ff0000\" target=\"_blank\" rel=\"noreferrer noopener\">Acheter le jeu 36 \u20ac<\/a><\/div>\n\n\n\n<div class=\"wp-block-button\"><a class=\"wp-block-button__link has-white-color has-text-color has-background\" href=\"https:\/\/francemurder.com\/wp-content\/uploads\/2023\/08\/Drame-a-Chicago-www.francemurder.com-v.13.08.2023.pdf\" style=\"background-color:#0404ff\" target=\"_blank\" rel=\"noreferrer noopener\">T\u00e9l\u00e9charger le descriptif<\/a><\/div>\n<\/div>\n\n\n\n<p><\/p>\n\n\n<p><!-- \/wp:column --><\/p>\n<p><!-- \/wp:columns --><\/p>\n<p><!-- wp:heading {\"level\":4} --><\/p>\n<h4><span style=\"color: #ffffff;\">.<\/span><br \/>Le Sc\u00e9nario de <em>Drame \u00e0 Chicago<\/em><\/h4>\n<p><!-- \/wp:heading --><\/p>\n<p><!-- wp:paragraph {\"align\":\"left\",\"style\":{\"typography\":{\"fontSize\":15}}} --><\/p>\n<p><!-- \/wp:paragraph --><\/p>\n<p><!-- wp:paragraph --><\/p>\n<p align=\"justify\"><strong><span lang=\"fr-FR\">D<\/span><span lang=\"fr-FR\">rame<\/span> <span lang=\"fr-FR\">\u00e0<\/span><span lang=\"fr-FR\"> Chicago <\/span><\/strong><span lang=\"fr-FR\">se d\u00e9roule dans le \u00ab\u00a0<\/span><span lang=\"fr-FR\">Speakeasy\u00a0\u00bb <\/span><span lang=\"fr-FR\">bar clandestin dirig\u00e9 par Stan <\/span><span lang=\"fr-FR\">Bellucci <\/span><span lang=\"fr-FR\">durant la p\u00e9riode de la Prohibition et tous les truands de la ville s\u2019y sont donn\u00e9s rendez-vous pour profiter de son ambiance in\u00e9galable. Lola et ses \u00ab\u00a0filles\u00a0\u00bb <\/span><span lang=\"fr-FR\">proposent toujours un spectacle de chant et de danse \u00e9blouissant alors que, derri\u00e8re le bar, l\u2019\u00e9quipe de Tony concocte des cocktails explosifs.<\/span><\/p>\n<p align=\"justify\"><span lang=\"fr-FR\">H\u00e9las pour lui, le pauvre Scarface Martin ne profitera plus de ce lieu de distraction : un voyou dissimul\u00e9 dans une longue cape noire a fait irruption dans la salle principale pendant l&#8217;entracte du show de Lola, et <\/span><span lang=\"fr-FR\">l\u2019a transperc\u00e9<\/span><span lang=\"fr-FR\"> de tant de balles <\/span><span lang=\"fr-FR\">\u00e0<\/span><span lang=\"fr-FR\"> la poitrine <\/span><span lang=\"fr-FR\">qu&#8217;il ressemblait \u00e0 un <\/span><span lang=\"fr-FR\">morceau de gruy\u00e8re<\/span><span lang=\"fr-FR\">.<\/span><\/p>\n<p align=\"justify\"><span lang=\"fr-FR\">L<\/span><span lang=\"fr-FR\">e seul acc\u00e8s au <\/span><span lang=\"fr-FR\">cabaret<\/span><span lang=\"fr-FR\"> est la porte <\/span><span lang=\"fr-FR\">secr\u00e8te<\/span><span lang=\"fr-FR\"> donnant dans la r\u00e9serve de la boutique de v\u00eatements de Dora et le garde en faction devant la porte jure que personne n\u2019est entr\u00e9 ni sorti depuis plus d\u2019une heure. <\/span><\/p>\n<p>Le meurtrier est donc une des personnes pr\u00e9sentes&#8230;<\/p>\n<p><!-- \/wp:paragraph --><\/p>\n<p><!-- wp:paragraph --><\/p>\n<p><!-- \/wp:paragraph --><\/p>\n<p><!-- wp:paragraph {\"align\":\"right\"} --><\/p>\n<p><!-- \/wp:paragraph --><\/p>\n<p><!-- wp:heading {\"level\":4} --><\/p>\n<h4>Le Casting de <em>Drame \u00e0 Chicago<\/em><\/h4>\n<p style=\"text-align: left;\" align=\"center\"><span style=\"font-family: Trebuchet MS, sans-serif;\"><span style=\"font-size: large;\"><b><br \/>La Direction du cabaret<br \/><\/b><\/span><\/span><span style=\"font-family: Trebuchet MS, sans-serif;\"><span style=\"font-size: medium;\"><u>Stan Bellucci<\/u><\/span><\/span><span style=\"font-family: Trebuchet MS, sans-serif;\"><span style=\"font-size: medium;\">\u00a0: Propri\u00e9taire<br \/><\/span><\/span><span style=\"font-family: Trebuchet MS, sans-serif;\"><span style=\"font-size: medium;\"><u>Florence Bellucci<\/u><\/span><\/span><span style=\"font-family: Trebuchet MS, sans-serif;\"><span style=\"font-size: medium;\">\u00a0: Femme de Stan<\/span><\/span><\/p>\n<p style=\"text-align: left;\" align=\"center\"><span style=\"font-family: Trebuchet MS, sans-serif;\"><span style=\"font-size: large;\"><b>Le personnel du cabaret<br \/><\/b><\/span><\/span><span style=\"font-family: Trebuchet MS, sans-serif;\"><span style=\"font-size: medium;\"><u>Al<\/u><\/span><\/span><span style=\"font-family: Trebuchet MS, sans-serif;\"><span style=\"font-size: medium;\">\u00a0: Le <\/span><\/span><span style=\"font-family: Trebuchet MS, sans-serif;\"><span style=\"font-size: medium;\">p<\/span><\/span><span style=\"font-family: Trebuchet MS, sans-serif;\"><span style=\"font-size: medium;\">ianiste<br \/><\/span><\/span><span style=\"font-family: Trebuchet MS, sans-serif;\"><span style=\"font-size: medium;\"><u>Lola<\/u><\/span><\/span><span style=\"font-family: Trebuchet MS, sans-serif;\"><span style=\"font-size: medium;\">\u00a0: La chanteuse<br \/><\/span><\/span><span style=\"font-family: Trebuchet MS, sans-serif;\"><span style=\"font-size: medium;\"><u>Misty<\/u><\/span><\/span><span style=\"font-family: Trebuchet MS, sans-serif;\"><span style=\"font-size: medium;\">\u00a0: La choriste<br \/><\/span><\/span><span style=\"font-family: Trebuchet MS, sans-serif;\"><span style=\"font-size: medium;\"><u>Pickles<\/u><\/span><\/span><span style=\"font-family: Trebuchet MS, sans-serif;\"><span style=\"font-size: medium;\">\u00a0: L\u2019homme \u00e0 tout faire<br \/><\/span><\/span><span style=\"font-family: Trebuchet MS, sans-serif;\"><span style=\"font-size: medium;\"><u>Sa<\/u><\/span><\/span><span style=\"font-family: Trebuchet MS, sans-serif;\"><span style=\"font-size: medium;\"><u>s<\/u><\/span><\/span><span style=\"font-family: Trebuchet MS, sans-serif;\"><span style=\"font-size: medium;\"><u>ha<\/u><\/span><\/span><span style=\"font-family: Trebuchet MS, sans-serif;\"><span style=\"font-size: medium;\">\u00a0: Le contrebassiste<br \/><\/span><\/span><span style=\"font-family: Trebuchet MS, sans-serif;\"><span style=\"font-size: medium;\"><u>Sammy<\/u><\/span><\/span><span style=\"font-family: Trebuchet MS, sans-serif;\"><span style=\"font-size: medium;\">\u00a0: Le croupier<br \/><\/span><\/span><span style=\"font-family: Trebuchet MS, sans-serif;\"><span style=\"font-size: medium;\"><u>Tillie<\/u><\/span><\/span><span style=\"font-family: Trebuchet MS, sans-serif;\"><span style=\"font-size: medium;\">\u00a0: La danseuse<br \/><\/span><\/span><span style=\"font-family: Trebuchet MS, sans-serif;\"><span style=\"font-size: medium;\"><u>Tony<\/u><\/span><\/span><span style=\"font-family: Trebuchet MS, sans-serif;\"><span style=\"font-size: medium;\">\u00a0: Le <\/span><\/span><span style=\"font-family: Trebuchet MS, sans-serif;\"><span style=\"font-size: medium;\">b<\/span><\/span><span style=\"font-family: Trebuchet MS, sans-serif;\"><span style=\"font-size: medium;\">arman<br \/><\/span><\/span><\/p>\n<p style=\"text-align: left;\" align=\"center\"><span style=\"font-family: Trebuchet MS, sans-serif;\"><span style=\"font-size: large;\"><b>Les clients du cabaret<\/b><\/span><\/span><\/p>\n<p style=\"text-align: left;\" align=\"center\"><span style=\"font-family: Trebuchet MS, sans-serif;\"><span style=\"font-size: medium;\"><u>Alfonso Linguini<\/u><\/span><\/span><span style=\"font-family: Trebuchet MS, sans-serif;\"><span style=\"font-size: medium;\">\u00a0: Gangster<br \/><\/span><\/span><span style=\"font-family: Trebuchet MS, sans-serif;\"><span style=\"font-size: medium;\"><u>Benny Johnson<\/u><\/span><\/span><span style=\"font-family: Trebuchet MS, sans-serif;\"><span style=\"font-size: medium;\">\u00a0: Gangster<br \/><\/span><\/span><span style=\"font-family: Trebuchet MS, sans-serif;\"><span style=\"font-size: medium;\"><u>John Trelaney<\/u><\/span><\/span><span style=\"font-family: Trebuchet MS, sans-serif;\"><span style=\"font-size: medium;\">\u00a0: Maire de <\/span><\/span><span style=\"font-family: Trebuchet MS, sans-serif;\"><span style=\"font-size: medium;\">C<\/span><\/span><span style=\"font-family: Trebuchet MS, sans-serif;\"><span style=\"font-size: medium;\">hicago<br \/><\/span><\/span><span style=\"font-family: Trebuchet MS, sans-serif;\"><span style=\"font-size: medium;\"><u>Kit James<\/u><\/span><\/span><span style=\"font-family: Trebuchet MS, sans-serif;\"><span style=\"font-size: medium;\"> : Secr\u00e9taire du Maire<br \/><\/span><\/span><span style=\"font-family: Trebuchet MS, sans-serif;\"><span style=\"font-size: medium;\"><u>Paul<\/u><\/span><\/span><u> <\/u><span style=\"font-family: Trebuchet MS, sans-serif;\"><span style=\"font-size: medium;\"><u>Pal<\/u><\/span><\/span><span style=\"font-family: Trebuchet MS, sans-serif;\"><span style=\"font-size: medium;\"><u>ington<\/u><\/span><\/span><span style=\"font-family: Trebuchet MS, sans-serif;\"><span style=\"font-size: medium;\"> : Policier <\/span><\/span><span style=\"font-family: Trebuchet MS, sans-serif;\"><span style=\"font-size: medium;\"><br \/><\/span><\/span><span style=\"font-family: Trebuchet MS, sans-serif;\"><span style=\"font-size: medium;\"><u>Oswald Murphy<\/u><\/span><\/span><span style=\"font-family: Trebuchet MS, sans-serif;\"><span style=\"font-size: medium;\"> : R\u00e9alisateur de cin\u00e9ma<br \/><\/span><\/span><span style=\"font-family: Trebuchet MS, sans-serif;\"><span style=\"font-size: medium;\"><u>Reno Edwards<\/u><\/span><\/span><span style=\"font-family: Trebuchet MS, sans-serif;\"><span style=\"font-size: medium;\"> : Client<br \/><\/span><\/span><span style=\"font-family: Trebuchet MS, sans-serif;\"><span style=\"font-size: medium;\"><u>Roxy Mc Douglas<\/u><\/span><\/span><span style=\"font-family: Trebuchet MS, sans-serif;\"><span style=\"font-size: medium;\">\u00a0: Riche propri\u00e9taire de magasin<br \/><\/span><\/span><span style=\"font-family: Trebuchet MS, sans-serif;\"><span style=\"font-size: medium;\"><u>Sofia Meers<\/u><\/span><\/span><span style=\"font-family: Trebuchet MS, sans-serif;\"><span style=\"font-size: medium;\"> : Cliente<br \/><\/span><\/span><span style=\"font-family: Trebuchet MS, sans-serif;\"><span style=\"font-size: medium;\"><u>Sugar Sands<\/u><\/span><\/span><span style=\"font-family: Trebuchet MS, sans-serif;\"><span style=\"font-size: medium;\"> : Cliente<br \/><\/span><\/span><span style=\"font-family: Trebuchet MS, sans-serif;\"><span style=\"font-size: medium;\"><u>Trilby Madison<\/u><\/span><\/span><span style=\"font-family: Trebuchet MS, sans-serif;\"><span style=\"font-size: medium;\"> : Client<br \/><\/span><\/span><span style=\"font-family: Trebuchet MS, sans-serif;\"><span style=\"font-size: medium;\"><u>Velma Dubois<\/u><\/span><\/span><span style=\"font-family: Trebuchet MS, sans-serif;\"><span style=\"font-size: medium;\">\u00a0: Entraineuse<\/span><\/span><\/p>\n<p><!-- \/wp:heading --><\/p>\n<p><!-- wp:list --><\/p>\n<p><!-- \/wp:list --><\/p>\n<p><!-- wp:heading {\"level\":4} --><\/p>\n<h4>\u00a0<\/h4>\n<p><!-- \/wp:heading --><\/p>\n<p><!-- wp:paragraph --><\/p>\n<p><!-- \/wp:paragraph --><\/p>\n<p><!-- wp:media-text {\"mediaId\":1116,\"mediaLink\":\"https:\/\/francemurder.com\/?attachment_id=1116\",\"mediaType\":\"image\",\"mediaWidth\":54} --><\/p>\n<p><!-- \/wp:media-text --><\/p>\n<p><!-- wp:heading {\"level\":4} --><\/p>\n<h4><strong>Comment fonctionne<\/strong>\u00a0<em>Drame \u00e0 Chicago <\/em>?<\/h4>\n<p><!-- \/wp:heading --><\/p>\n<p><!-- wp:paragraph --><\/p>\n<p>Le jeu <strong><em>Drame \u00e0 Chicago<\/em><\/strong> a \u00e9t\u00e9 con\u00e7u pour 15 \u00e0 22 joueurs. Une personne additionnelle (l\u2019h\u00f4te) doit coordonner et organiser (h\u00e9berger) le jeu. Cette personne sera aux yeux de tous le <strong><span class=\"has-inline-color\" style=\"color: #0404ff;\">Garde <\/span><\/strong>en faction devant l&#8217;entr\u00e9e du &#8220;Speakeasy&#8221;, le cabaret clandestin. Son r\u00f4le sera de faciliter la partie en connaissant tous ses rouages. Sa mission sera donc parall\u00e8le \u00e0 l\u2019activit\u00e9 ludique mais elle n\u2019en sera pas moins int\u00e9ressante, tous nos joueurs le confirment.<\/p>\n<p><!-- \/wp:paragraph --><\/p>\n<p><!-- wp:media-text {\"mediaId\":1118,\"mediaType\":\"image\"} --><\/p>\n<div class=\"wp-block-media-text alignwide is-stacked-on-mobile\">\n<figure class=\"wp-block-media-text__media\"><a href=\"https:\/\/francemurder.com\/wp-content\/uploads\/2021\/08\/SM-10.png\"><img loading=\"lazy\" decoding=\"async\" class=\"aligncenter wp-image-1518 size-full\" src=\"https:\/\/francemurder.com\/wp-content\/uploads\/2021\/08\/SM-10.png\" alt=\"\" width=\"400\" height=\"200\" srcset=\"https:\/\/francemurder.com\/wp-content\/uploads\/2021\/08\/SM-10.png 400w, https:\/\/francemurder.com\/wp-content\/uploads\/2021\/08\/SM-10-300x150.png 300w\" sizes=\"auto, (max-width: 400px) 100vw, 400px\" \/><\/a><\/figure>\n<div class=\"wp-block-media-text__content\"><!-- wp:paragraph {\"placeholder\":\"Contenu\u2026\",\"style\":{\"typography\":{\"fontSize\":15}}} -->\n<p>\u00a0<\/p>\n<p style=\"font-size: 15px;\"><em><strong>Drame \u00e0 Chicago<\/strong><\/em> dure en g\u00e9n\u00e9ral environ 3<sup>H<\/sup>00. Les participants seront r\u00e9unis dans une grande salle qui symbolisera le cabaret clandestin &#8220;le Speakeasy&#8221;.<\/p>\n<p><!-- \/wp:paragraph --><\/p>\n<\/div>\n<\/div>\n<p><!-- \/wp:media-text --><\/p>\n<p><!-- wp:heading {\"level\":4} --><\/p>\n<h4><strong>Qu&#8217;est-ce qui se passe dans<\/strong> <em>Drame \u00e0 Chicago <\/em>?<\/h4>\n<p><!-- \/wp:heading --><\/p>\n<p><!-- wp:paragraph --><\/p>\n<p>D\u2019apr\u00e8s le scenario, les personnages sont r\u00e9unis dans un cabaret clandestin \u00e0 Chicago durant la Prohibition. De nombreuses p\u00e9rip\u00e9ties les attendent car, outre la fusillade qui a cout\u00e9 la vie \u00e0 Scarface Martin, d&#8217;autres probl\u00e8mes surgiront durant la soir\u00e9e (Une course hippique truqu\u00e9e, des rivalit\u00e9s au poste de chanteuse vedette, des disparitions de bouteilles de whisky &#8230;) tout ceci va cr\u00e9er des oppositions entre les joueurs qui se r\u00e9soudront plus ou moins pacifiquement. De plus, chaque participant aura des objectifs secondaires d\u00e9finis par sa feuille de personnage qui l&#8217;occuperont en parall\u00e8le \u00e0 l&#8217;enqu\u00eate principale. Ces diverses missions annexes seront \u00e0 g\u00e9rer avec imagination et diplomatie face aux autres joueurs. <em><strong>Drame \u00e0 Chicago<\/strong><\/em> est une soir\u00e9e de rancunes r\u00e9siduelles du pass\u00e9, de rivalit\u00e9 entre gangs et de meurtre !<\/p>\n<p><span style=\"color: #ffffff;\">&#8230;<\/span><\/p>\n<p><!-- \/wp:paragraph --><\/p>\n<p><!-- wp:heading {\"level\":4} --><\/p>\n<h4><strong>Quelques \u00e9l\u00e9ments de jeu\u00a0<\/strong>de <em>Drame \u00e0 Chicago<\/em><\/h4>\n<p><span style=\"color: #ffffff;\">&#8230;<\/span><\/p>\n<p style=\"text-align: center;\">Des <span style=\"color: #0000ff;\"><strong>objets vari\u00e9s<\/strong><\/span> pr\u00e9sentant un int\u00e9r\u00eat pour les joueurs<\/p>\n<p><img loading=\"lazy\" decoding=\"async\" class=\"aligncenter size-large wp-image-3304\" src=\"https:\/\/francemurder.com\/wp-content\/uploads\/2023\/08\/DAC-exemples-1024x253.png\" alt=\"\" width=\"1024\" height=\"253\" srcset=\"https:\/\/francemurder.com\/wp-content\/uploads\/2023\/08\/DAC-exemples-1024x253.png 1024w, https:\/\/francemurder.com\/wp-content\/uploads\/2023\/08\/DAC-exemples-300x74.png 300w, https:\/\/francemurder.com\/wp-content\/uploads\/2023\/08\/DAC-exemples-768x190.png 768w, https:\/\/francemurder.com\/wp-content\/uploads\/2023\/08\/DAC-exemples-1536x380.png 1536w, https:\/\/francemurder.com\/wp-content\/uploads\/2023\/08\/DAC-exemples-2048x507.png 2048w, https:\/\/francemurder.com\/wp-content\/uploads\/2023\/08\/DAC-exemples-600x148.png 600w\" sizes=\"auto, (max-width: 1024px) 100vw, 1024px\" \/><\/p>\n<p><!-- wp:media-text {\"mediaId\":903,\"mediaLink\":\"https:\/\/francemurder.com\/?attachment_id=903\",\"mediaType\":\"image\"} --><\/p>\n<div class=\"wp-block-media-text alignwide is-stacked-on-mobile\">\n<figure><\/figure>\n<figure><\/figure>\n<figure><\/figure>\n<figure><\/figure>\n<figure><\/figure>\n<figure><\/figure>\n<figure class=\"wp-block-media-text__media\"><img loading=\"lazy\" decoding=\"async\" width=\"477\" height=\"192\" class=\"wp-image-903 size-full\" src=\"https:\/\/francemurder.com\/wp-content\/uploads\/2021\/04\/RM_Exemple-Competence2.png\" alt=\"\" srcset=\"https:\/\/francemurder.com\/wp-content\/uploads\/2021\/04\/RM_Exemple-Competence2.png 477w, https:\/\/francemurder.com\/wp-content\/uploads\/2021\/04\/RM_Exemple-Competence2-300x121.png 300w\" sizes=\"auto, (max-width: 477px) 100vw, 477px\" \/><\/figure>\n<div class=\"wp-block-media-text__content\"><!-- wp:paragraph {\"placeholder\":\"Contenu\u2026\"} -->\n<p>\u00a0<\/p>\n<p>La <strong><mark class=\"has-inline-color\" style=\"background-color: rgba(0, 0, 0, 0); color: #0404ff;\">comp\u00e9tence <\/mark><\/strong>d&#8217;un des joueurs, lui donnant un pouvoir de persuasion.<\/p>\n<p><!-- \/wp:paragraph --><\/p>\n<\/div>\n<\/div>\n<p><!-- \/wp:media-text --><\/p>\n<p><!-- wp:media-text {\"mediaId\":3237,\"mediaLink\":\"https:\/\/francemurder.com\/?attachment_id=3237\",\"mediaType\":\"image\"} --><\/p>\n<p><!-- \/wp:media-text --><\/p>\n<p><!-- \/wp:heading --><\/p>\n<p><!-- wp:columns --><\/p>\n<p><!-- wp:buttons --><\/p>\n<div class=\"wp-block-buttons\"><!-- wp:button {\"style\":{\"color\":{\"background\":\"#ff0000\"}},\"textColor\":\"white\"} -->\n<p>\u00a0<\/p>\n<div class=\"wp-block-button\"><a class=\"wp-block-button__link has-white-color has-text-color has-background\" style=\"background-color: #ff0000;\" href=\"https:\/\/francemurder.com\/?product=drame-a-chicago\">Acheter le jeu 36 \u20ac<\/a><!-- \/wp:button --><!-- wp:button {\"style\":{\"color\":{\"background\":\"#0404ff\"}},\"textColor\":\"white\"} --><\/div>\n<div class=\"wp-block-button\"><a class=\"wp-block-button__link has-white-color has-text-color has-background\" style=\"background-color: #0404ff;\" href=\"https:\/\/francemurder.com\/wp-content\/uploads\/2023\/08\/Drame-a-Chicago-www.francemurder.com-v.13.08.2023.pdf\" target=\"_blank\" rel=\"noreferrer noopener\">T\u00e9l\u00e9charger le descriptif<\/a><\/div>\n<p><!-- \/wp:button --><\/p>\n<\/div>\n<p><!-- wp:columns --><\/p>\n<p><!-- \/wp:paragraph --><\/p>\n<p><!-- wp:columns --><\/p>\n<p>\u00a0<\/p>\n<p><!-- \/wp:columns --><\/p>","protected":false},"excerpt":{"rendered":"<p>Drame \u00e0 Chicago . .Le Sc\u00e9nario de Drame \u00e0 Chicago Drame \u00e0 Chicago se d\u00e9roule dans le \u00ab\u00a0Speakeasy\u00a0\u00bb bar clandestin dirig\u00e9 par Stan Bellucci durant la p\u00e9riode de la Prohibition et tous les truands de la ville s\u2019y sont donn\u00e9s rendez-vous pour profiter de son ambiance in\u00e9galable. Lola et ses \u00ab\u00a0filles\u00a0\u00bb proposent toujours un spectacle [&hellip;]<\/p>\n","protected":false},"author":1,"featured_media":0,"parent":0,"menu_order":0,"comment_status":"closed","ping_status":"closed","template":"","meta":{"_glsr_average":0,"_glsr_ranking":0,"_glsr_reviews":0,"footnotes":""},"class_list":["post-1494","page","type-page","status-publish","hentry"],"_links":{"self":[{"href":"https:\/\/francemurder.com\/index.php?rest_route=\/wp\/v2\/pages\/1494","targetHints":{"allow":["GET"]}}],"collection":[{"href":"https:\/\/francemurder.com\/index.php?rest_route=\/wp\/v2\/pages"}],"about":[{"href":"https:\/\/francemurder.com\/index.php?rest_route=\/wp\/v2\/types\/page"}],"author":[{"embeddable":true,"href":"https:\/\/francemurder.com\/index.php?rest_route=\/wp\/v2\/users\/1"}],"replies":[{"embeddable":true,"href":"https:\/\/francemurder.com\/index.php?rest_route=%2Fwp%2Fv2%2Fcomments&post=1494"}],"version-history":[{"count":46,"href":"https:\/\/francemurder.com\/index.php?rest_route=\/wp\/v2\/pages\/1494\/revisions"}],"predecessor-version":[{"id":3398,"href":"https:\/\/francemurder.com\/index.php?rest_route=\/wp\/v2\/pages\/1494\/revisions\/3398"}],"wp:attachment":[{"href":"https:\/\/francemurder.com\/index.php?rest_route=%2Fwp%2Fv2%2Fmedia&parent=1494"}],"curies":[{"name":"wp","href":"https:\/\/api.w.org\/{rel}","templated":true}]}}