{"id":1411,"date":"2021-06-17T00:48:08","date_gmt":"2021-06-16T22:48:08","guid":{"rendered":"http:\/\/francemurder.com\/?page_id=1411"},"modified":"2023-10-19T00:47:33","modified_gmt":"2023-10-18T22:47:33","slug":"le-dernier-testament","status":"publish","type":"page","link":"https:\/\/francemurder.com\/?page_id=1411","title":{"rendered":"Le Dernier Testament"},"content":{"rendered":"\n<h1 class=\"wp-block-heading\">Le Dernier Testament<\/h1>\n\n\n\n<h3 class=\"wp-block-heading\"><mark style=\"background-color:rgba(0, 0, 0, 0)\" class=\"has-inline-color has-white-color\">(Niv. D\u00e9butants)<\/mark><\/h3>\n\n\n\n<figure class=\"wp-block-image size-large\"><img loading=\"lazy\" decoding=\"async\" width=\"1024\" height=\"455\" src=\"https:\/\/francemurder.com\/wp-content\/uploads\/2023\/08\/FT-Dernier-Testament-1024x455.png\" alt=\"\" class=\"wp-image-3402\" srcset=\"https:\/\/francemurder.com\/wp-content\/uploads\/2023\/08\/FT-Dernier-Testament-1024x455.png 1024w, https:\/\/francemurder.com\/wp-content\/uploads\/2023\/08\/FT-Dernier-Testament-300x133.png 300w, https:\/\/francemurder.com\/wp-content\/uploads\/2023\/08\/FT-Dernier-Testament-768x341.png 768w, https:\/\/francemurder.com\/wp-content\/uploads\/2023\/08\/FT-Dernier-Testament-1536x682.png 1536w, https:\/\/francemurder.com\/wp-content\/uploads\/2023\/08\/FT-Dernier-Testament-600x266.png 600w, https:\/\/francemurder.com\/wp-content\/uploads\/2023\/08\/FT-Dernier-Testament.png 2048w\" sizes=\"auto, (max-width: 1024px) 100vw, 1024px\" \/><\/figure>\n\n\n\n<div class=\"wp-block-columns is-layout-flex wp-container-core-columns-is-layout-1 wp-block-columns-is-layout-flex\">\n<div class=\"wp-block-column is-layout-flow wp-block-column-is-layout-flow\">\n<div class=\"wp-block-buttons is-layout-flex wp-block-buttons-is-layout-flex\">\n<div class=\"wp-block-button\"><a class=\"wp-block-button__link has-white-color has-text-color has-background\" href=\"https:\/\/francemurder.com\/?product=le-dernier-testament-pre-imprime\" style=\"background-color:#ff0000\" target=\"_blank\" rel=\"noreferrer noopener\">Acheter le jeu 18 \u20ac<\/a><\/div>\n\n\n\n<div class=\"wp-block-button\"><a class=\"wp-block-button__link has-white-color has-text-color has-background\" href=\"https:\/\/francemurder.com\/wp-content\/uploads\/2023\/08\/Le-Dernier-Testament-v3.29.08.2023.pdf\" style=\"background-color:#0404ff\" target=\"_blank\" rel=\"noreferrer noopener\">T\u00e9l\u00e9charger le descriptif<\/a><\/div>\n<\/div>\n\n\n\n<p><\/p>\n<\/div>\n<\/div>\n\n\n\n<h4 class=\"wp-block-heading\">Le Sc\u00e9nario du <em>Dernier Testament<\/em><\/h4>\n\n\n\n<p class=\"has-text-align-left\" style=\"font-size:15px\"><br><\/p>\n\n\n\n<p>L\u2019action se d\u00e9roule au Manoir de Albion House dans les environs de la petite ville de Hiltorpe en Angleterre dans les ann\u00e9es 1930. Roy O\u2019Leary le propri\u00e9taire du domaine a \u00e9t\u00e9 assassin\u00e9 cet apr\u00e8s-midi. Roy \u00e9tait un homme \u00e2g\u00e9 et puissant, et plusieurs personnes peuvent pr\u00e9tendre \u00e0 h\u00e9riter de sa fortune.<\/p>\n\n\n\n<p>Il est maintenant 21<sup>H<\/sup>00 et son notaire vous a propos\u00e9 de vous r\u00e9unir pour proc\u00e9der \u00e0 la lecture de son testament. La Police qui suspecte l\u2019un de vous d\u2019\u00eatre le meurtrier sera aussi l\u00e0. Tout le monde \u00e9coute religieusement la lecture de ce document controvers\u00e9.<\/p>\n\n\n\n<p>Roy avait certainement une pr\u00e9monition de son triste destin, car la premi\u00e8re clause stipule ceci&nbsp;: \u00ab&nbsp;La totalit\u00e9 de ma richesse ira \u00e0 celui qui d\u00e9couvrira le nom de mon assassin &#8230;&nbsp;\u00bb<br><span class=\"has-inline-color has-white-color\">&#8230;<\/span><\/p>\n\n\n\n<p class=\"has-text-align-right\" style=\"font-size:17px\"><\/p>\n\n\n\n<h4 class=\"wp-block-heading\">Le Casting du <em>Dernier Testament<\/em><\/h4>\n\n\n\n<ul class=\"wp-block-list\"><li><strong>Janice O&#8217;Leary:<\/strong> Veuve de Roy O&#8217;Leary. Ancienne actrice et Top-Mod\u00e8le.<\/li><li><strong>Gillian Trode:<\/strong> Fille de Roy O&#8217;Leary. Artiste sculpteuse.<\/li><li><strong>Alan Trode:<\/strong> Mari de Gillian. Propri\u00e9taire d&#8217;un magasin de motos.<\/li><li><strong>Regina Khan:<\/strong> Fille de Roy O&#8217;Leary. Auteure de romans policiers.<\/li><li><strong>Cornelius Khan:<\/strong> Mari de Regina. Expert comptable.<\/li><li><strong>Cort O&#8217;Leary:<\/strong> Plus jeune enfant de Roy O&#8217;Leary. \u00c9tudiant(e)<\/li><li><strong>Atkins<\/strong>: Employ\u00e9 de Roy O&#8217;Leary. Majordome<\/li><li><strong>Docteur Barker:<\/strong> Ami de Roy O&#8217;Leary. M\u00e9decin<\/li><li><strong>Inspecteur Harris:<\/strong> Chef de la Police locale de Hiltorpe<\/li><\/ul>\n\n\n\n<h4 class=\"wp-block-heading\"><br><strong>Comment fonctionne<\/strong> <em>Le Dernier Testament <\/em>?<\/h4>\n\n\n\n<p><br>Le jeu <strong><em>Le dernier Testament<\/em><\/strong> a \u00e9t\u00e9 con\u00e7u pour 6 \u00e0 9 joueurs. Une personne additionnelle (l\u2019h\u00f4te) doit coordonner et organiser (h\u00e9berger) le jeu. Cette personne sera aux yeux de tous le <strong><mark style=\"background-color:rgba(0, 0, 0, 0);color:#0404ff\" class=\"has-inline-color\">Notaire de Hiltorpe<\/mark><\/strong> en charge des int\u00e9r\u00eats de Roy O&#8217;Leary. Son r\u00f4le sera de faciliter la partie en connaissant tous ses rouages. Sa mission sera donc parall\u00e8le \u00e0 l\u2019activit\u00e9 ludique mais elle n\u2019en sera pas moins int\u00e9ressante, tous nos joueurs le confirment.<\/p>\n\n\n\n<p><em><strong>Le dernier Testament<\/strong><\/em> dure en g\u00e9n\u00e9ral environ 2<sup>H<\/sup>30. Les participants sont regroup\u00e9s dans une grande pi\u00e8ce commune o\u00f9 ils peuvent jouer tout en partageant un repas de style \u2018<em>Buffet<\/em>\u2019<\/p>\n\n\n\n<h4 class=\"wp-block-heading\"><strong>Qu&#8217;est-ce qui se passe dans<\/strong> <em>Le Dernier Testament <\/em>?<\/h4>\n\n\n\n<p><br>D\u2019apr\u00e8s le scenario, les personnages sont tous confin\u00e9s dans le Manoir de Albion house, et tentent d&#8217;identifier le meurtrier de Roy O&#8217;Leary. De plus, ils ont des objectifs secondaires d\u00e9finis par leur feuille de personnage qui rendent le jeu tr\u00e8s dynamique. La mani\u00e8re qu\u2019ils choisiront pour r\u00e9ussir l&#8217;enqu\u00eate principale et ces missions annexes sera le fruit de  leur imagination et de leur diplomatie face aux autres joueurs. <em><strong>Le dernier Testament<\/strong><\/em> est une soir\u00e9e de rancunes r\u00e9siduelles du pass\u00e9, de rivalit\u00e9 actuelle et de meurtre !<\/p>\n\n\n\n<h4 class=\"wp-block-heading\"><strong>Quelques \u00e9l\u00e9ments du jeu<\/strong> <em>Le Dernier Testament <\/em>?<\/h4>\n\n\n\n<div class=\"wp-block-columns is-layout-flex wp-container-core-columns-is-layout-2 wp-block-columns-is-layout-flex\">\n<div class=\"wp-block-column is-layout-flow wp-block-column-is-layout-flow\">\n<figure class=\"wp-block-image size-large\"><a href=\"https:\/\/francemurder.com\/wp-content\/uploads\/2021\/08\/La-Gazette-de-Hiltorpe.png\"><img loading=\"lazy\" decoding=\"async\" width=\"724\" height=\"1024\" src=\"https:\/\/francemurder.com\/wp-content\/uploads\/2021\/08\/La-Gazette-de-Hiltorpe-724x1024.png\" alt=\"\" class=\"wp-image-1479\" srcset=\"https:\/\/francemurder.com\/wp-content\/uploads\/2021\/08\/La-Gazette-de-Hiltorpe-724x1024.png 724w, https:\/\/francemurder.com\/wp-content\/uploads\/2021\/08\/La-Gazette-de-Hiltorpe-212x300.png 212w, https:\/\/francemurder.com\/wp-content\/uploads\/2021\/08\/La-Gazette-de-Hiltorpe-768x1086.png 768w, https:\/\/francemurder.com\/wp-content\/uploads\/2021\/08\/La-Gazette-de-Hiltorpe-1086x1536.png 1086w, https:\/\/francemurder.com\/wp-content\/uploads\/2021\/08\/La-Gazette-de-Hiltorpe-1448x2048.png 1448w, https:\/\/francemurder.com\/wp-content\/uploads\/2021\/08\/La-Gazette-de-Hiltorpe-300x424.png 300w, https:\/\/francemurder.com\/wp-content\/uploads\/2021\/08\/La-Gazette-de-Hiltorpe-600x849.png 600w\" sizes=\"auto, (max-width: 724px) 100vw, 724px\" \/><\/a><\/figure>\n<\/div>\n\n\n\n<div class=\"wp-block-column is-layout-flow wp-block-column-is-layout-flow\">\n<p><br>Un <span style=\"color:#0404ff\" class=\"has-inline-color\"><strong>extrait du journal<\/strong><\/span> de Hiltorpe que les joueurs ne manqueront pas d&#8217;\u00e9tudier !<\/p>\n\n\n\n<hr class=\"wp-block-separator has-css-opacity\"\/>\n\n\n\n<p>Ainsi que la <strong><span style=\"color:#0404ff\" class=\"has-inline-color\">comp\u00e9tence &#8220;Sp\u00e9ciale&#8221;<\/span><\/strong> d&#8217;un des joueurs, lui donnant un pouvoir de persuasion.<\/p>\n\n\n\n<div class=\"wp-block-group\"><div class=\"wp-block-group__inner-container is-layout-flow wp-block-group-is-layout-flow\">\n<figure class=\"wp-block-image size-large\"><img loading=\"lazy\" decoding=\"async\" width=\"546\" height=\"219\" src=\"https:\/\/francemurder.com\/wp-content\/uploads\/2021\/04\/RM_Exemple-Competence.png\" alt=\"\" class=\"wp-image-750\" srcset=\"https:\/\/francemurder.com\/wp-content\/uploads\/2021\/04\/RM_Exemple-Competence.png 546w, https:\/\/francemurder.com\/wp-content\/uploads\/2021\/04\/RM_Exemple-Competence-300x120.png 300w\" sizes=\"auto, (max-width: 546px) 100vw, 546px\" \/><\/figure>\n\n\n\n<p>et celle d&#8217;un de ses adversaires &#8230;<\/p>\n\n\n\n<figure class=\"wp-block-image size-large\"><img loading=\"lazy\" decoding=\"async\" width=\"1024\" height=\"450\" src=\"https:\/\/francemurder.com\/wp-content\/uploads\/2023\/08\/Observation-1024x450.jpg\" alt=\"\" class=\"wp-image-3237\" srcset=\"https:\/\/francemurder.com\/wp-content\/uploads\/2023\/08\/Observation-1024x450.jpg 1024w, https:\/\/francemurder.com\/wp-content\/uploads\/2023\/08\/Observation-300x132.jpg 300w, https:\/\/francemurder.com\/wp-content\/uploads\/2023\/08\/Observation-768x338.jpg 768w, https:\/\/francemurder.com\/wp-content\/uploads\/2023\/08\/Observation-600x264.jpg 600w, https:\/\/francemurder.com\/wp-content\/uploads\/2023\/08\/Observation.jpg 1035w\" sizes=\"auto, (max-width: 1024px) 100vw, 1024px\" \/><\/figure>\n<\/div><\/div>\n<\/div>\n<\/div>\n\n\n\n<div class=\"wp-block-buttons is-layout-flex wp-block-buttons-is-layout-flex\">\n<div class=\"wp-block-button\"><a class=\"wp-block-button__link has-white-color has-text-color has-background\" href=\"https:\/\/francemurder.com\/?product=le-dernier-testament-pre-imprime\" style=\"background-color:#ff0000\" target=\"_blank\" rel=\"noreferrer noopener\">Acheter le jeu 18 \u20ac<\/a><\/div>\n\n\n\n<div class=\"wp-block-button\"><a class=\"wp-block-button__link has-white-color has-text-color has-background\" href=\"https:\/\/francemurder.com\/wp-content\/uploads\/2023\/08\/Le-Dernier-Testament-v3.29.08.2023.pdf\" style=\"background-color:#0404ff\" target=\"_blank\" rel=\"noreferrer noopener\">T\u00e9l\u00e9charger le descriptif<\/a><\/div>\n<\/div>\n\n\n\n<p><\/p>\n","protected":false},"excerpt":{"rendered":"<p>Le Dernier Testament (Niv. D\u00e9butants) Le Sc\u00e9nario du Dernier Testament L\u2019action se d\u00e9roule au Manoir de Albion House dans les environs de la petite ville de Hiltorpe en Angleterre dans les ann\u00e9es 1930. Roy O\u2019Leary le propri\u00e9taire du domaine a \u00e9t\u00e9 assassin\u00e9 cet apr\u00e8s-midi. Roy \u00e9tait un homme \u00e2g\u00e9 et puissant, et plusieurs personnes peuvent [&hellip;]<\/p>\n","protected":false},"author":1,"featured_media":0,"parent":0,"menu_order":0,"comment_status":"closed","ping_status":"closed","template":"","meta":{"_glsr_average":0,"_glsr_ranking":0,"_glsr_reviews":0,"footnotes":""},"class_list":["post-1411","page","type-page","status-publish","hentry"],"_links":{"self":[{"href":"https:\/\/francemurder.com\/index.php?rest_route=\/wp\/v2\/pages\/1411","targetHints":{"allow":["GET"]}}],"collection":[{"href":"https:\/\/francemurder.com\/index.php?rest_route=\/wp\/v2\/pages"}],"about":[{"href":"https:\/\/francemurder.com\/index.php?rest_route=\/wp\/v2\/types\/page"}],"author":[{"embeddable":true,"href":"https:\/\/francemurder.com\/index.php?rest_route=\/wp\/v2\/users\/1"}],"replies":[{"embeddable":true,"href":"https:\/\/francemurder.com\/index.php?rest_route=%2Fwp%2Fv2%2Fcomments&post=1411"}],"version-history":[{"count":20,"href":"https:\/\/francemurder.com\/index.php?rest_route=\/wp\/v2\/pages\/1411\/revisions"}],"predecessor-version":[{"id":3710,"href":"https:\/\/francemurder.com\/index.php?rest_route=\/wp\/v2\/pages\/1411\/revisions\/3710"}],"wp:attachment":[{"href":"https:\/\/francemurder.com\/index.php?rest_route=%2Fwp%2Fv2%2Fmedia&parent=1411"}],"curies":[{"name":"wp","href":"https:\/\/api.w.org\/{rel}","templated":true}]}}