{"id":1303,"date":"2021-05-19T23:55:01","date_gmt":"2021-05-19T21:55:01","guid":{"rendered":"http:\/\/francemurder.com\/?page_id=1303"},"modified":"2023-08-24T13:52:59","modified_gmt":"2023-08-24T11:52:59","slug":"le-tresor-du-pirate","status":"publish","type":"page","link":"https:\/\/francemurder.com\/?page_id=1303","title":{"rendered":"Le tr\u00e9sor du pirate"},"content":{"rendered":"\n<h1 class=\"wp-block-heading\">Le tr\u00e9sor du pirate<\/h1>\n\n\n\n<h3 class=\"wp-block-heading\"><mark style=\"background-color:rgba(0, 0, 0, 0)\" class=\"has-inline-color has-white-color\">(Niv. Joueurs Confirm\u00e9s)<\/mark><\/h3>\n\n\n\n<figure class=\"wp-block-image size-large\"><img loading=\"lazy\" decoding=\"async\" width=\"1024\" height=\"455\" src=\"https:\/\/francemurder.com\/wp-content\/uploads\/2023\/08\/FT-Le-Tresor-du-Pirate-1024x455.png\" alt=\"\" class=\"wp-image-3432\" srcset=\"https:\/\/francemurder.com\/wp-content\/uploads\/2023\/08\/FT-Le-Tresor-du-Pirate-1024x455.png 1024w, https:\/\/francemurder.com\/wp-content\/uploads\/2023\/08\/FT-Le-Tresor-du-Pirate-300x133.png 300w, https:\/\/francemurder.com\/wp-content\/uploads\/2023\/08\/FT-Le-Tresor-du-Pirate-768x341.png 768w, https:\/\/francemurder.com\/wp-content\/uploads\/2023\/08\/FT-Le-Tresor-du-Pirate-1536x682.png 1536w, https:\/\/francemurder.com\/wp-content\/uploads\/2023\/08\/FT-Le-Tresor-du-Pirate-600x266.png 600w, https:\/\/francemurder.com\/wp-content\/uploads\/2023\/08\/FT-Le-Tresor-du-Pirate.png 2048w\" sizes=\"auto, (max-width: 1024px) 100vw, 1024px\" \/><\/figure>\n\n\n\n<div class=\"wp-block-buttons is-layout-flex wp-block-buttons-is-layout-flex\">\n<div class=\"wp-block-button\"><a class=\"wp-block-button__link has-white-color has-text-color has-background\" href=\"https:\/\/francemurder.com\/?product=le-tresor-du-pirate\" style=\"background-color:#ff0000\" target=\"_blank\" rel=\"noreferrer noopener\">Acheter le jeu 24 \u20ac<\/a><\/div>\n\n\n\n<div class=\"wp-block-button\"><a class=\"wp-block-button__link has-white-color has-text-color has-background\" href=\"https:\/\/francemurder.com\/wp-content\/uploads\/2022\/06\/Le-Tresor-du-Pirate-www.francemurder.com-v.12.06.2022.pdf\" style=\"background-color:#0404ff\">T\u00e9l\u00e9charger le descriptif<\/a><\/div>\n<\/div>\n\n\n\n<p><\/p>\n\n\n<p><!-- \/wp:column --><\/p>\n<p><!-- \/wp:columns --><\/p>\n<p><!-- wp:heading {\"level\":4} --><\/p>\n<h4>Le Sc\u00e9nario du <em>Tr\u00e9sor du pirate<\/em><\/h4>\n<p><!-- \/wp:heading --><\/p>\n<p><!-- wp:paragraph {\"align\":\"left\",\"style\":{\"typography\":{\"fontSize\":15}}} --><\/p>\n<p><!-- \/wp:paragraph --><\/p>\n<p><!-- wp:paragraph --><\/p>\n<p>Nous sommes en 1785 et les Cara\u00efbes sont une r\u00e9gion tr\u00e8s troubl\u00e9e, \u00e0 la fois convoit\u00e9e par les grandes forces maritimes (France, Angleterre, Espagne) mais \u00e9galement sillonn\u00e9e par de nombreux Pirates tr\u00e8s puissants. L\u2019ile de Tortuga, o\u00f9 d\u00e9bute l\u2019action, abrite de simples cultures de bananes et de canne \u00e0 sucre, mais c\u2019est aussi un rep\u00e8re connu pour les voleurs, les aventuriers, les pillards et surtout une escale traditionnelle des pirates.<br \/>Vous venez d\u2019embarquer \u00e0 bord du \u00ab Libra \u00bb pour une travers\u00e9e de deux jours qui vous am\u00e8nera jusqu\u2019\u00e0 St Augustine en Floride. Vous esp\u00e9rez qu\u2019aucun incident maritime ne viendra g\u00e2cher ce parcours.<br \/>Le port de Tortuga City s\u2019\u00e9loigne peu \u00e0 peu et un tintement de cloche sur le pont vous invite \u00e0 vous regrouper : un homme d\u2019\u00e9quipage s\u2019appr\u00eate visiblement \u00e0 vous faire une annonce officielle &#8230;.<\/p>\n<p><!-- \/wp:paragraph --><\/p>\n<p><!-- wp:paragraph --><\/p>\n<p><!-- \/wp:paragraph --><\/p>\n<p><!-- wp:paragraph {\"align\":\"right\"} --><\/p>\n<p><!-- \/wp:paragraph --><\/p>\n<p><!-- wp:heading {\"level\":4} --><\/p>\n<h4>Le Casting du <em>Tr\u00e9sor du Pirate<\/em><\/h4>\n<p><!-- \/wp:heading --><\/p>\n<p><!-- wp:list --><\/p>\n<ul>\n<li><strong>Capitaine Hargrave<\/strong> : L\u2019Officier en chef du vaisseau de transport \u00ab Le Libra \u00bb<\/li>\n<li><strong>Lieutenant Cook<\/strong> : Le second du Capitaine Hargrave<\/li>\n<li><strong>Soeur Ursuline<\/strong> : Une religieuse<\/li>\n<li><strong>Maggie Brown<\/strong> : Une jeune femme originaire de l\u2019\u00eele de Tortuga.<\/li>\n<li><strong>Bowlegged Bill<\/strong> : Un ancien soldat de la Marine Britannique.<\/li>\n<li><strong>Jean La Croix<\/strong> : Un officier de Marine fran\u00e7ais \u00e0 la retraite.<\/li>\n<li><strong>Dirty Dan(a)<\/strong> : Un(e) n\u00e9gociant(e) en opium.<\/li>\n<li><strong>Esmeralda<\/strong> : Une diseuse de bonne aventure.<\/li>\n<li><strong>Mambo Faith<\/strong> : Une femme pauvre originaire de l\u2019\u00eele de Tortuga.<\/li>\n<li><strong>Ike Turner<\/strong> : Un marin.<\/li>\n<li><strong>Shanks Mc Caffee<\/strong> : Un cuisinier originaire de l\u2019\u00eele de Tortuga.<\/li>\n<li><strong>Rusty Mike<\/strong> : Un chasseur de prime portant un cache-oeil.<\/li>\n<li><strong>Slippery Pete<\/strong> : Un ex-pirate aux tempes grisonnantes.<\/li>\n<li><strong>Darrell Sims<\/strong> : Un propri\u00e9taire de plantation.<\/li>\n<li><strong>Ginger Roberts<\/strong> : Une journaliste de la St Augustine Gazette.<\/li>\n<li><strong>Saucy Sue<\/strong> : Une jeune femme originaire de l\u2019\u00eele de Tortuga.<\/li>\n<li><strong>Drunken Willie<\/strong> : Un homme saoul originaire de l\u2019\u00eele de Tortuga.<\/li>\n<\/ul>\n<p><!-- \/wp:list --><\/p>\n<p><!-- wp:heading {\"level\":4} --><\/p>\n<p><!-- \/wp:heading --><\/p>\n<p><!-- wp:paragraph --><\/p>\n<p>\u00a0<\/p>\n<p><!-- \/wp:paragraph --><\/p>\n<p><!-- wp:media-text {\"mediaId\":1116,\"mediaLink\":\"https:\/\/francemurder.com\/?attachment_id=1116\",\"mediaType\":\"image\",\"mediaWidth\":54} --><\/p>\n<p><!-- \/wp:media-text --><\/p>\n<p><!-- wp:heading {\"level\":4} --><\/p>\n<h4><strong>Comment fonctionne<\/strong> <em>Le tr\u00e9sor du pirate <\/em>?<\/h4>\n<p><!-- \/wp:heading --><\/p>\n<p><!-- wp:paragraph --><\/p>\n<p>Le jeu <strong><em>Le tr\u00e9sor du pirate<\/em><\/strong> a \u00e9t\u00e9 con\u00e7u pour 10 \u00e0 17 joueurs. Une personne additionnelle (l\u2019h\u00f4te) doit coordonner et organiser (h\u00e9berger) le jeu. Cette personne sera aux yeux de tous un <strong><span class=\"has-inline-color\" style=\"color: #0404ff;\">matelot<\/span><\/strong> du bateau &#8220;Le Libra&#8221;. Son r\u00f4le sera de faciliter la partie en connaissant tous ses rouages. Sa mission sera donc parall\u00e8le \u00e0 l\u2019activit\u00e9 ludique mais elle n\u2019en sera pas moins int\u00e9ressante, tous nos joueurs le confirment.<\/p>\n<p><!-- \/wp:paragraph --><\/p>\n<p><!-- wp:media-text {\"mediaId\":1118,\"mediaType\":\"image\"} --><\/p>\n<div class=\"wp-block-media-text alignwide is-stacked-on-mobile\">\n<figure class=\"wp-block-media-text__media\"><img loading=\"lazy\" decoding=\"async\" class=\"aligncenter wp-image-1331 size-full\" src=\"https:\/\/francemurder.com\/wp-content\/uploads\/2021\/05\/ADMC-09.jpg\" alt=\"\" width=\"400\" height=\"200\" srcset=\"https:\/\/francemurder.com\/wp-content\/uploads\/2021\/05\/ADMC-09.jpg 400w, https:\/\/francemurder.com\/wp-content\/uploads\/2021\/05\/ADMC-09-300x150.jpg 300w\" sizes=\"auto, (max-width: 400px) 100vw, 400px\" \/><\/figure>\n<div class=\"wp-block-media-text__content\"><!-- wp:paragraph {\"placeholder\":\"Contenu\u2026\",\"style\":{\"typography\":{\"fontSize\":15}}} -->\n<p>\u00a0<\/p>\n<p style=\"font-size: 15px;\"><em><strong>Le tr\u00e9sor du pirate<\/strong><\/em> dure en g\u00e9n\u00e9ral environ 3<sup>H<\/sup>30. Les participants seront r\u00e9unis dans une grande salle qui symbolisera le bateau de transport &#8220;le Libra&#8221;.<\/p>\n<p><!-- \/wp:paragraph --><\/p>\n<\/div>\n<\/div>\n<p><!-- \/wp:media-text --><\/p>\n<p><!-- wp:heading {\"level\":4} --><\/p>\n<h4><strong>Qu&#8217;est-ce qui se passe dans<\/strong> <em>Le tr\u00e9sor du pirate <\/em>?<\/h4>\n<p><!-- \/wp:heading --><\/p>\n<p><!-- wp:paragraph --><\/p>\n<p>D\u2019apr\u00e8s le scenario, les personnages sont r\u00e9unis \u00e0 bord d&#8217;un bateau qui les conduira de l&#8217;Ile de Tortuga jusqu&#8217;en Floride mais de nombreuses p\u00e9rip\u00e9ties les attendent car l&#8217;ex\u00e9cution du pirate &#8220;Blackheart&#8221; deux jours auparavant va rapidement cr\u00e9er des oppositions entre les passagers qui se r\u00e9soudront plus ou moins pacifiquement. De plus, ils auront des objectifs secondaires d\u00e9finis par leur feuille de personnage qui les occuperont en parral\u00e8le et la mani\u00e8re qu\u2019ils choisiront pour r\u00e9ussir l&#8217;enqu\u00eate principale et ces missions annexes sera le fruit de leur imagination et de leur diplomatie face aux autres joueurs. <em><strong>Le tr\u00e9sor du pirate<\/strong><\/em> est une soir\u00e9e de rancunes r\u00e9siduelles du pass\u00e9, de rivalit\u00e9 actuelle et de meurtre !<br \/><span style=\"color: #ffffff;\">&#8230;<\/span><\/p>\n<p><!-- \/wp:paragraph --><\/p>\n<p><!-- wp:heading {\"level\":4} --><\/p>\n<h4><strong>Quelques \u00e9l\u00e9ments de jeu du<\/strong> <em>Tr\u00e9sor du pirate <\/em><br \/><span class=\"has-inline-color has-white-color\">&#8230;<\/span><\/h4>\n<p><!-- \/wp:heading --><\/p>\n<p><!-- wp:columns --><\/p>\n<div class=\"wp-block-columns\"><!-- wp:column -->\n<p>\u00a0<\/p>\n<div class=\"wp-block-column\"><!-- wp:image {\"id\":1126,\"sizeSlug\":\"large\"} -->\n<p>\u00a0<\/p>\n<figure class=\"wp-block-image size-large\"><a href=\"https:\/\/francemurder.com\/wp-content\/uploads\/2021\/08\/La-Gazette-de-Tortuga.png\"><img loading=\"lazy\" decoding=\"async\" class=\"aligncenter wp-image-1490 size-large\" src=\"https:\/\/francemurder.com\/wp-content\/uploads\/2021\/08\/La-Gazette-de-Tortuga-724x1024.png\" alt=\"\" width=\"724\" height=\"1024\" srcset=\"https:\/\/francemurder.com\/wp-content\/uploads\/2021\/08\/La-Gazette-de-Tortuga-724x1024.png 724w, https:\/\/francemurder.com\/wp-content\/uploads\/2021\/08\/La-Gazette-de-Tortuga-212x300.png 212w, https:\/\/francemurder.com\/wp-content\/uploads\/2021\/08\/La-Gazette-de-Tortuga-768x1086.png 768w, https:\/\/francemurder.com\/wp-content\/uploads\/2021\/08\/La-Gazette-de-Tortuga-1086x1536.png 1086w, https:\/\/francemurder.com\/wp-content\/uploads\/2021\/08\/La-Gazette-de-Tortuga-1448x2048.png 1448w, https:\/\/francemurder.com\/wp-content\/uploads\/2021\/08\/La-Gazette-de-Tortuga-300x424.png 300w, https:\/\/francemurder.com\/wp-content\/uploads\/2021\/08\/La-Gazette-de-Tortuga-600x849.png 600w\" sizes=\"auto, (max-width: 724px) 100vw, 724px\" \/><\/a><\/figure>\n<p><!-- \/wp:image --><\/p>\n<\/div>\n<p><!-- \/wp:column --><\/p>\n<p><!-- wp:column --><\/p>\n<div class=\"wp-block-column\"><!-- wp:paragraph -->\n<p>\u00a0<\/p>\n<p>Un <span class=\"has-inline-color\" style=\"color: #0404ff;\"><strong>extrait du journal<\/strong><\/span> de la Gazette de Tortuga que les joueurs ne manqueront pas d&#8217;\u00e9tudier !<\/p>\n<p><!-- \/wp:paragraph --><\/p>\n<p><!-- wp:separator --><\/p>\n<hr class=\"wp-block-separator\" \/><!-- \/wp:separator -->\n<p>\u00a0<\/p>\n<p><!-- wp:paragraph --><\/p>\n<p>Ainsi que la <strong><span class=\"has-inline-color\" style=\"color: #0404ff;\">comp\u00e9tence &#8220;Sp\u00e9ciale&#8221;<\/span><\/strong> d&#8217;un des joueurs, lui donnant un pouvoir de persuasion.<\/p>\n<p><!-- \/wp:paragraph --><\/p>\n<p><!-- wp:group --><\/p>\n<div class=\"wp-block-group\">\n<div class=\"wp-block-group__inner-container\"><!-- wp:image {\"id\":750,\"sizeSlug\":\"large\"} -->\n<p>\u00a0<\/p>\n<figure class=\"wp-block-image size-large\"><img loading=\"lazy\" decoding=\"async\" width=\"546\" height=\"219\" class=\"wp-image-750\" src=\"https:\/\/francemurder.com\/wp-content\/uploads\/2021\/04\/RM_Exemple-Competence.png\" alt=\"\" srcset=\"https:\/\/francemurder.com\/wp-content\/uploads\/2021\/04\/RM_Exemple-Competence.png 546w, https:\/\/francemurder.com\/wp-content\/uploads\/2021\/04\/RM_Exemple-Competence-300x120.png 300w\" sizes=\"auto, (max-width: 546px) 100vw, 546px\" \/><\/figure>\n<p><!-- \/wp:image --><\/p>\n<p><!-- wp:paragraph --><\/p>\n<p>et celle d&#8217;un de ses adversaires &#8230;<\/p>\n<p><!-- \/wp:paragraph --><\/p>\n<p><!-- wp:image {\"id\":903,\"sizeSlug\":\"large\"} --><\/p>\n<figure class=\"wp-block-image size-large\"><img loading=\"lazy\" decoding=\"async\" class=\"aligncenter wp-image-3237 size-large\" src=\"https:\/\/francemurder.com\/wp-content\/uploads\/2023\/08\/Observation-1024x450.jpg\" alt=\"\" width=\"1024\" height=\"450\" srcset=\"https:\/\/francemurder.com\/wp-content\/uploads\/2023\/08\/Observation-1024x450.jpg 1024w, https:\/\/francemurder.com\/wp-content\/uploads\/2023\/08\/Observation-300x132.jpg 300w, https:\/\/francemurder.com\/wp-content\/uploads\/2023\/08\/Observation-768x338.jpg 768w, https:\/\/francemurder.com\/wp-content\/uploads\/2023\/08\/Observation-600x264.jpg 600w, https:\/\/francemurder.com\/wp-content\/uploads\/2023\/08\/Observation.jpg 1035w\" sizes=\"auto, (max-width: 1024px) 100vw, 1024px\" \/><\/figure>\n<p><!-- \/wp:image --><\/p>\n<\/div>\n<\/div>\n<p><!-- \/wp:group --><\/p>\n<\/div>\n<p><!-- \/wp:column --><\/p>\n<\/div>\n<p><!-- wp:buttons --><\/p>\n<div class=\"wp-block-buttons\"><!-- wp:button {\"style\":{\"color\":{\"background\":\"#ff0000\"}},\"textColor\":\"white\"} -->\n<p>\u00a0<\/p>\n<div class=\"wp-block-button\"><a class=\"wp-block-button__link has-white-color has-text-color has-background\" style=\"background-color: #ff0000;\" href=\"https:\/\/francemurder.com\/?product=le-tresor-du-pirate\" target=\"_blank\" rel=\"noopener\">Acheter le jeu 24 \u20ac<\/a><!-- \/wp:button --><!-- wp:button {\"style\":{\"color\":{\"background\":\"#0404ff\"}},\"textColor\":\"white\"} --><\/div>\n<div class=\"wp-block-button\"><a class=\"wp-block-button__link has-white-color has-text-color has-background\" style=\"background-color: #0404ff;\" href=\"https:\/\/francemurder.com\/wp-content\/uploads\/2022\/06\/Le-Tresor-du-Pirate-www.francemurder.com-v.12.06.2022.pdf\" target=\"_blank\" rel=\"noreferrer noopener\">T\u00e9l\u00e9charger le descriptif<\/a><\/div>\n<p><!-- \/wp:button --><\/p>\n<\/div>\n<p><!-- \/wp:buttons --><\/p>\n<p><!-- wp:paragraph --><\/p>\n<p><!-- \/wp:paragraph --><\/p>\n<p><!-- wp:paragraph --><\/p>\n<p><!-- \/wp:paragraph --><\/p>","protected":false},"excerpt":{"rendered":"<p>Le tr\u00e9sor du pirate (Niv. Joueurs Confirm\u00e9s) Le Sc\u00e9nario du Tr\u00e9sor du pirate Nous sommes en 1785 et les Cara\u00efbes sont une r\u00e9gion tr\u00e8s troubl\u00e9e, \u00e0 la fois convoit\u00e9e par les grandes forces maritimes (France, Angleterre, Espagne) mais \u00e9galement sillonn\u00e9e par de nombreux Pirates tr\u00e8s puissants. L\u2019ile de Tortuga, o\u00f9 d\u00e9bute l\u2019action, abrite de simples [&hellip;]<\/p>\n","protected":false},"author":1,"featured_media":0,"parent":0,"menu_order":0,"comment_status":"closed","ping_status":"closed","template":"","meta":{"_glsr_average":0,"_glsr_ranking":0,"_glsr_reviews":0,"footnotes":""},"class_list":["post-1303","page","type-page","status-publish","hentry"],"_links":{"self":[{"href":"https:\/\/francemurder.com\/index.php?rest_route=\/wp\/v2\/pages\/1303","targetHints":{"allow":["GET"]}}],"collection":[{"href":"https:\/\/francemurder.com\/index.php?rest_route=\/wp\/v2\/pages"}],"about":[{"href":"https:\/\/francemurder.com\/index.php?rest_route=\/wp\/v2\/types\/page"}],"author":[{"embeddable":true,"href":"https:\/\/francemurder.com\/index.php?rest_route=\/wp\/v2\/users\/1"}],"replies":[{"embeddable":true,"href":"https:\/\/francemurder.com\/index.php?rest_route=%2Fwp%2Fv2%2Fcomments&post=1303"}],"version-history":[{"count":48,"href":"https:\/\/francemurder.com\/index.php?rest_route=\/wp\/v2\/pages\/1303\/revisions"}],"predecessor-version":[{"id":3434,"href":"https:\/\/francemurder.com\/index.php?rest_route=\/wp\/v2\/pages\/1303\/revisions\/3434"}],"wp:attachment":[{"href":"https:\/\/francemurder.com\/index.php?rest_route=%2Fwp%2Fv2%2Fmedia&parent=1303"}],"curies":[{"name":"wp","href":"https:\/\/api.w.org\/{rel}","templated":true}]}}