{"id":1101,"date":"2021-04-30T20:35:46","date_gmt":"2021-04-30T18:35:46","guid":{"rendered":"http:\/\/francemurder.com\/?page_id=1101"},"modified":"2023-08-24T13:40:39","modified_gmt":"2023-08-24T11:40:39","slug":"la-ruee-vers-le-tresors","status":"publish","type":"page","link":"https:\/\/francemurder.com\/?page_id=1101","title":{"rendered":"La ru\u00e9e vers Cactusville"},"content":{"rendered":"\n<h1 class=\"wp-block-heading\">La ru\u00e9e vers Cactusville<\/h1>\n\n\n\n<h3 class=\"wp-block-heading\"><mark style=\"background-color:rgba(0, 0, 0, 0)\" class=\"has-inline-color has-white-color\">(Version Standard)<\/mark><\/h3>\n\n\n\n<figure class=\"wp-block-image size-large\"><img loading=\"lazy\" decoding=\"async\" width=\"1024\" height=\"455\" src=\"https:\/\/francemurder.com\/wp-content\/uploads\/2023\/08\/FT-Cactusville-1024x455.png\" alt=\"\" class=\"wp-image-3429\" srcset=\"https:\/\/francemurder.com\/wp-content\/uploads\/2023\/08\/FT-Cactusville-1024x455.png 1024w, https:\/\/francemurder.com\/wp-content\/uploads\/2023\/08\/FT-Cactusville-300x133.png 300w, https:\/\/francemurder.com\/wp-content\/uploads\/2023\/08\/FT-Cactusville-768x341.png 768w, https:\/\/francemurder.com\/wp-content\/uploads\/2023\/08\/FT-Cactusville-1536x682.png 1536w, https:\/\/francemurder.com\/wp-content\/uploads\/2023\/08\/FT-Cactusville-600x266.png 600w, https:\/\/francemurder.com\/wp-content\/uploads\/2023\/08\/FT-Cactusville.png 2048w\" sizes=\"auto, (max-width: 1024px) 100vw, 1024px\" \/><\/figure>\n\n\n\n<div class=\"wp-block-columns is-layout-flex wp-container-core-columns-is-layout-1 wp-block-columns-is-layout-flex\">\n<div class=\"wp-block-column is-layout-flow wp-block-column-is-layout-flow\">\n<div class=\"wp-block-buttons is-layout-flex wp-block-buttons-is-layout-flex\">\n<div class=\"wp-block-button\"><a class=\"wp-block-button__link has-white-color has-text-color has-background\" href=\"https:\/\/francemurder.com\/?product=ruee-vers-cactusville\" style=\"background-color:#ff0000\">Acheter le jeu 24 \u20ac<\/a><\/div>\n\n\n\n<div class=\"wp-block-button\"><a class=\"wp-block-button__link has-white-color has-text-color has-background\" href=\"https:\/\/francemurder.com\/wp-content\/uploads\/2022\/06\/La-ruee-vers-Cactusville-www.francemurder.com-v.10.06.2022.pdf\" style=\"background-color:#0404ff\">T\u00e9l\u00e9charger le descriptif<\/a><\/div>\n<\/div>\n\n\n\n<p><\/p>\n<\/div>\n<\/div>\n\n\n\n<h4 class=\"wp-block-heading\">Le Sc\u00e9nario de <em>La ru\u00e9e vers Cactusville<\/em><\/h4>\n\n\n\n<p class=\"has-text-align-left\" style=\"font-size:15px\"><br><\/p>\n\n\n\n<p>1884, Dans l\u2019ouest am\u00e9ricain, Cactusville v\u00e9g\u00e8te depuis 20 ans avec quelques ranchs, quelques chercheurs d\u2019or et un petit saloon. A l\u2019initiative d\u2019une de ses habitantes, Wanda Jeopardy, la ville a souhait\u00e9 c\u00e9l\u00e9brer cet anniversaire en mettant \u00e0 l\u2019honneur son pionnier et fondateur Zork Cornwall lors d\u2019une grande f\u00eate au Maxwell&#8217;s Saloon. Tout s\u2019annon\u00e7ait pour le mieux gr\u00e2ce \u00e0 la normalisation des rapports avec les indiens et la promesse de la construction d\u2019une ligne de chemin de fer que deux compagnies venaient proposer mais &#8230;<\/p>\n\n\n\n<p>\u2026 Les embrouilles sont apparues lors d\u2019une partie de poker qui a fait changer de main les terrains o\u00f9 est pr\u00e9vu le passage des rails et se sont amplifi\u00e9es lorsqu\u2019on a appris que les indiens semblaient aussi avoir un mot \u00e0 dire sur ce sujet&nbsp;! Le whisky \u00e9tant gratuit ce soir, toute la population est l\u00e0 du sh\u00e9rif au t\u00e9l\u00e9graphiste en passant par l\u2019institutrice et un trappeur. On compte m\u00eame quelques invit\u00e9s surprise (un pr\u00e9dicateur, un \u00e9picier ambulant, etc \u2026) mais la f\u00eate pourra-t-elle se d\u00e9rouler normalement ?<\/p>\n\n\n\n<p class=\"has-text-align-right\"><\/p>\n\n\n\n<h4 class=\"wp-block-heading\">Le Casting de <em>La ru\u00e9e vers Cactusville<\/em><\/h4>\n\n\n\n<h5 class=\"has-vivid-red-color has-text-color wp-block-heading\"><br><span style=\"color:#0404ff\" class=\"has-inline-color\">Locaux, habitants de Cactusville<\/span><\/h5>\n\n\n\n<ul class=\"wp-block-list\"><li><strong>Arthur Bannel:<\/strong> Sh\u00e9rif de Cactusville.<\/li><li><strong>Betty Sellman:<\/strong> Propri\u00e9taire du Maxwell&#8217;s Saloon.<\/li><li><strong>Cerf V\u00e9loce:<\/strong> Indienne assimil\u00e9e aux villageois.<\/li><li><strong>Dave Feartimes:<\/strong> Assistant-Sh\u00e9riff de Cactusville.<\/li><li><strong>Doctor Frogg:<\/strong> Toubib de la ville.<\/li><li><strong>Ely Jackson:<\/strong> Institutrice.<\/li><li><strong>Jack Pooler:<\/strong> Juge.<\/li><li><strong>Kate Calamity:<\/strong> Serveuse du saloon.<\/li><li><strong>Lola Cornwall:<\/strong> Fille du fondateur de la ville.<\/li><li><strong>Sean O&#8217;Flaherty:<\/strong> Ouvrier agricole.<\/li><li><strong>Wanda Jeopardy<\/strong>: Sans emploi.<\/li><\/ul>\n\n\n\n<h5 class=\"has-vivid-red-color has-text-color wp-block-heading\"><mark style=\"background-color:rgba(0, 0, 0, 0);color:#0404ff\" class=\"has-inline-color\"><strong>Les visiteurs et les voisins<\/strong><\/mark><\/h5>\n\n\n\n<ul class=\"wp-block-list\"><li><strong>Chris Mavin:<\/strong> Epicier ambulant.<\/li><li><strong>Clay Paradise:<\/strong> Repr\u00e9sentant(e) du Pacific Railways.<\/li><li><strong>Elmer Entsiffley:<\/strong> Pr\u00e9dicateur missionnaire.<\/li><li><strong>Ginger Roberts:<\/strong> Journaliste reporter.<\/li><li><strong>Mo Easter:<\/strong> Repr\u00e9sentant(e) de Atlantic Railways.<\/li><li><strong>Old Bran:<\/strong> Trappeur.<\/li><li><strong>Quatre Plumes:<\/strong> Shaman indien.<\/li><\/ul>\n\n\n\n<h4 class=\"wp-block-heading\"><br><strong>Comment fonctionne<\/strong> <em>La ru\u00e9e vers Cactusville <\/em>?<\/h4>\n\n\n\n<p><br>Le jeu <strong><em>La ru\u00e9e vers Cactusville<\/em><\/strong> a \u00e9t\u00e9 con\u00e7u pour 12 \u00e0 18 joueurs. Une personne (l\u2019h\u00f4te) doit coordonner et organiser (h\u00e9berger) le jeu. Cette personne (additionnelle) sera aux yeux de tous le <strong><mark style=\"background-color:rgba(0, 0, 0, 0);color:#0404ff\" class=\"has-inline-color\">T\u00e9l\u00e9graphiste<\/mark><\/strong> de Cactusville. Son r\u00f4le sera de faciliter la partie en connaissant tous ses rouages. Sa mission sera donc parall\u00e8le \u00e0 l\u2019activit\u00e9 ludique mais elle n\u2019en sera pas moins int\u00e9ressante, tous nos joueurs le confirment.<\/p>\n\n\n\n<div class=\"wp-block-media-text alignwide is-stacked-on-mobile\"><figure class=\"wp-block-media-text__media\"><img loading=\"lazy\" decoding=\"async\" width=\"600\" height=\"212\" src=\"https:\/\/francemurder.com\/wp-content\/uploads\/2021\/05\/Saloon_Maxwell_1864.jpg\" alt=\"\" class=\"wp-image-1118 size-full\" srcset=\"https:\/\/francemurder.com\/wp-content\/uploads\/2021\/05\/Saloon_Maxwell_1864.jpg 600w, https:\/\/francemurder.com\/wp-content\/uploads\/2021\/05\/Saloon_Maxwell_1864-300x106.jpg 300w\" sizes=\"auto, (max-width: 600px) 100vw, 600px\" \/><\/figure><div class=\"wp-block-media-text__content\">\n<p style=\"font-size:15px\"><em><strong>La ru\u00e9e vers Cactusville<\/strong><\/em> dure en g\u00e9n\u00e9ral environ 3<sup>H<\/sup>30. Les participants seront r\u00e9unis dans une grande salle qui symbolisera le Maxwell&#8217;s Saloon de Cactusville.<\/p>\n<\/div><\/div>\n\n\n\n<h4 class=\"wp-block-heading\"><br><strong>Qu&#8217;est-ce qui se passe dans<\/strong> <em>La ru\u00e9e vers Cactusville <\/em>?<\/h4>\n\n\n\n<p><br>D\u2019apr\u00e8s le scenario, les personnages sont r\u00e9unis dans le saloon et se pr\u00e9parent \u00e0 une grande f\u00eate mais celle-ci sera g\u00e2ch\u00e9e par un \u00e9v\u00e8nement ind\u00e9sirables pour lequel ils devront trouver une solution. De plus, ils ont des objectifs secondaires d\u00e9finis par leur feuille de personnage qui rendent le jeu tr\u00e8s dynamique. La mani\u00e8re qu\u2019ils choisiront pour r\u00e9ussir l&#8217;enqu\u00eate principale et ces missions annexes sera le fruit de  leur imagination et de leur diplomatie face aux autres joueurs. <em><strong>La ru\u00e9e vers Cactusville<\/strong><\/em> est une soir\u00e9e de rancunes r\u00e9siduelles du pass\u00e9, de rivalit\u00e9 actuelle et de meurtre !<\/p>\n\n\n\n<h4 class=\"wp-block-heading\"><br><strong>Quelques \u00e9l\u00e9ments de jeu de<\/strong> <em>La ru\u00e9e vers Cactusville <\/em>?<br><span class=\"has-inline-color has-white-color\">&#8230;<\/span><\/h4>\n\n\n\n<div class=\"wp-block-columns is-layout-flex wp-container-core-columns-is-layout-2 wp-block-columns-is-layout-flex\">\n<div class=\"wp-block-column is-layout-flow wp-block-column-is-layout-flow\">\n<figure class=\"wp-block-image size-large\"><a href=\"https:\/\/francemurder.com\/wp-content\/uploads\/2021\/08\/La-Gazette-de-Cactusville-scaled.jpg\"><img loading=\"lazy\" decoding=\"async\" width=\"724\" height=\"1024\" src=\"https:\/\/francemurder.com\/wp-content\/uploads\/2021\/08\/La-Gazette-de-Cactusville-724x1024.jpg\" alt=\"\" class=\"wp-image-1487\" srcset=\"https:\/\/francemurder.com\/wp-content\/uploads\/2021\/08\/La-Gazette-de-Cactusville-724x1024.jpg 724w, https:\/\/francemurder.com\/wp-content\/uploads\/2021\/08\/La-Gazette-de-Cactusville-212x300.jpg 212w, https:\/\/francemurder.com\/wp-content\/uploads\/2021\/08\/La-Gazette-de-Cactusville-768x1086.jpg 768w, https:\/\/francemurder.com\/wp-content\/uploads\/2021\/08\/La-Gazette-de-Cactusville-1086x1536.jpg 1086w, https:\/\/francemurder.com\/wp-content\/uploads\/2021\/08\/La-Gazette-de-Cactusville-1448x2048.jpg 1448w, https:\/\/francemurder.com\/wp-content\/uploads\/2021\/08\/La-Gazette-de-Cactusville-300x424.jpg 300w, https:\/\/francemurder.com\/wp-content\/uploads\/2021\/08\/La-Gazette-de-Cactusville-600x849.jpg 600w, https:\/\/francemurder.com\/wp-content\/uploads\/2021\/08\/La-Gazette-de-Cactusville-scaled.jpg 1810w\" sizes=\"auto, (max-width: 724px) 100vw, 724px\" \/><\/a><\/figure>\n<\/div>\n\n\n\n<div class=\"wp-block-column is-layout-flow wp-block-column-is-layout-flow\">\n<p><br>Un <span style=\"color:#0404ff\" class=\"has-inline-color\"><strong>extrait du journal<\/strong><\/span> de la Gazette de Cactusville que les joueurs ne manqueront pas d&#8217;\u00e9tudier !<\/p>\n\n\n\n<hr class=\"wp-block-separator has-css-opacity\"\/>\n\n\n\n<p>Ainsi que la <strong><span style=\"color:#0404ff\" class=\"has-inline-color\">comp\u00e9tence &#8220;Sp\u00e9ciale&#8221;<\/span><\/strong> d&#8217;un des joueurs, lui donnant un pouvoir de persuasion.<\/p>\n\n\n\n<div class=\"wp-block-group\"><div class=\"wp-block-group__inner-container is-layout-flow wp-block-group-is-layout-flow\">\n<figure class=\"wp-block-image size-large\"><img loading=\"lazy\" decoding=\"async\" width=\"546\" height=\"219\" src=\"https:\/\/francemurder.com\/wp-content\/uploads\/2021\/04\/RM_Exemple-Competence.png\" alt=\"\" class=\"wp-image-750\" srcset=\"https:\/\/francemurder.com\/wp-content\/uploads\/2021\/04\/RM_Exemple-Competence.png 546w, https:\/\/francemurder.com\/wp-content\/uploads\/2021\/04\/RM_Exemple-Competence-300x120.png 300w\" sizes=\"auto, (max-width: 546px) 100vw, 546px\" \/><\/figure>\n\n\n\n<p>et celle d&#8217;un de ses adversaires &#8230;<\/p>\n\n\n\n<figure class=\"wp-block-image size-large\"><img loading=\"lazy\" decoding=\"async\" width=\"1024\" height=\"450\" src=\"https:\/\/francemurder.com\/wp-content\/uploads\/2023\/08\/Observation-1024x450.jpg\" alt=\"\" class=\"wp-image-3237\" srcset=\"https:\/\/francemurder.com\/wp-content\/uploads\/2023\/08\/Observation-1024x450.jpg 1024w, https:\/\/francemurder.com\/wp-content\/uploads\/2023\/08\/Observation-300x132.jpg 300w, https:\/\/francemurder.com\/wp-content\/uploads\/2023\/08\/Observation-768x338.jpg 768w, https:\/\/francemurder.com\/wp-content\/uploads\/2023\/08\/Observation-600x264.jpg 600w, https:\/\/francemurder.com\/wp-content\/uploads\/2023\/08\/Observation.jpg 1035w\" sizes=\"auto, (max-width: 1024px) 100vw, 1024px\" \/><\/figure>\n<\/div><\/div>\n<\/div>\n<\/div>\n\n\n\n<div class=\"wp-block-buttons is-layout-flex wp-block-buttons-is-layout-flex\">\n<div class=\"wp-block-button\"><a class=\"wp-block-button__link has-white-color has-text-color has-background\" href=\"https:\/\/francemurder.com\/?product=ruee-vers-cactusville\" style=\"background-color:#ff0000\">Acheter le jeu 24 \u20ac<\/a><\/div>\n\n\n\n<div class=\"wp-block-button\"><a class=\"wp-block-button__link has-white-color has-text-color has-background\" href=\"https:\/\/francemurder.com\/wp-content\/uploads\/2022\/06\/La-ruee-vers-Cactusville-www.francemurder.com-v.10.06.2022.pdf\" style=\"background-color:#0404ff\">T\u00e9l\u00e9charger le descriptif<\/a><\/div>\n<\/div>\n","protected":false},"excerpt":{"rendered":"<p>La ru\u00e9e vers Cactusville (Version Standard) Le Sc\u00e9nario de La ru\u00e9e vers Cactusville 1884, Dans l\u2019ouest am\u00e9ricain, Cactusville v\u00e9g\u00e8te depuis 20 ans avec quelques ranchs, quelques chercheurs d\u2019or et un petit saloon. A l\u2019initiative d\u2019une de ses habitantes, Wanda Jeopardy, la ville a souhait\u00e9 c\u00e9l\u00e9brer cet anniversaire en mettant \u00e0 l\u2019honneur son pionnier et fondateur [&hellip;]<\/p>\n","protected":false},"author":1,"featured_media":0,"parent":0,"menu_order":0,"comment_status":"closed","ping_status":"closed","template":"","meta":{"_glsr_average":0,"_glsr_ranking":0,"_glsr_reviews":0,"footnotes":""},"class_list":["post-1101","page","type-page","status-publish","hentry"],"_links":{"self":[{"href":"https:\/\/francemurder.com\/index.php?rest_route=\/wp\/v2\/pages\/1101","targetHints":{"allow":["GET"]}}],"collection":[{"href":"https:\/\/francemurder.com\/index.php?rest_route=\/wp\/v2\/pages"}],"about":[{"href":"https:\/\/francemurder.com\/index.php?rest_route=\/wp\/v2\/types\/page"}],"author":[{"embeddable":true,"href":"https:\/\/francemurder.com\/index.php?rest_route=\/wp\/v2\/users\/1"}],"replies":[{"embeddable":true,"href":"https:\/\/francemurder.com\/index.php?rest_route=%2Fwp%2Fv2%2Fcomments&post=1101"}],"version-history":[{"count":42,"href":"https:\/\/francemurder.com\/index.php?rest_route=\/wp\/v2\/pages\/1101\/revisions"}],"predecessor-version":[{"id":3431,"href":"https:\/\/francemurder.com\/index.php?rest_route=\/wp\/v2\/pages\/1101\/revisions\/3431"}],"wp:attachment":[{"href":"https:\/\/francemurder.com\/index.php?rest_route=%2Fwp%2Fv2%2Fmedia&parent=1101"}],"curies":[{"name":"wp","href":"https:\/\/api.w.org\/{rel}","templated":true}]}}